{"id":9930797,"date":"2025-07-18T10:03:03","date_gmt":"2025-07-18T09:03:03","guid":{"rendered":"https:\/\/bio.design\/realisations\/"},"modified":"2025-09-16T11:19:25","modified_gmt":"2025-09-16T10:19:25","slug":"realisations-2","status":"publish","type":"page","link":"https:\/\/bio.design\/fr\/realisations-2\/","title":{"rendered":"R\u00e9alisations"},"content":{"rendered":"<p>[vc_row full_width=&#8221;stretch_row_content_no_spaces&#8221;][vc_column]<span class=\"subtitle dash-true style-dark text-center\">Biodesign<\/span>[vc_column_text]<\/p>\n<h2 style=\"text-align: center;\"><strong data-start=\"217\" data-end=\"237\">Piscines Priv\u00e9es<\/strong><\/h2>\n<p>[\/vc_column_text]<div class=\"vls-gf-gallery vls-gf-20 vls-gf-style-light vls-gf-style-none\" data-vls-gf-layout='{\"layout_type\":\"masonry-v\",\"column_count\":4,\"column_count_xs\":1,\"aspect_ratio\":1,\"horizontal_spacing\":0,\"vertical_spacing\":0,\"align_bottom\":true,\"pagination_type\":\"none\",\"page_size\":0}' data-vls-gf-settings='{\"pagination_type\":\"none\"}'><style type=\"text\/css\">.vls-gf-20 figure a.vls-gf-main{display:block;position:absolute;top:0;bottom:0;left:0;right:0;opacity:0;z-index:90;}.vls-gf-20 figure .vls-gf-overlay{position:absolute;background-color:rgba(255, 255, 255, 0.3);left:0;right:0;top:0;bottom:0;opacity:0;z-index:10;transition:opacity 600ms ease;}.vls-gf-20 figure:hover .vls-gf-overlay{opacity:1;}<\/style><div class=\"vls-gf-container\"><figure class=\"vls-gf-27 vls-gf-init vls-gf-lazy\" data-vls-gf-thumbnail-width=\"800\" data-vls-gf-thumbnail-height=\"600\"><a class=\"vls-gf-main\" href=\"https:\/\/bio.design\/wp-content\/gf-uploads\/2019\/03\/piscina-naturale-biodesign-117-1.jpg\" data-caption=\"piscina-naturale-biodesign-117-1\" data-description=\"\"><\/a><div class=\"vls-gf-img\"><img data-src=\"https:\/\/bio.design\/wp-content\/gf-uploads\/2019\/03\/preview-m\/piscina-naturale-biodesign-117-1-0.jpg?t=1626871632\" title=\"piscina-naturale-biodesign-117-1\"\/><\/div><div class=\"vls-gf-overlay\"><\/div><\/figure><figure class=\"vls-gf-21 vls-gf-init vls-gf-lazy\" data-vls-gf-thumbnail-width=\"800\" data-vls-gf-thumbnail-height=\"600\"><a class=\"vls-gf-main\" href=\"https:\/\/bio.design\/wp-content\/gf-uploads\/2019\/03\/piscina-naturale-biodesign-004-1.jpg\" data-caption=\"piscina-naturale-biodesign-004-1\" data-description=\"\"><\/a><div class=\"vls-gf-img\"><img data-src=\"https:\/\/bio.design\/wp-content\/gf-uploads\/2019\/03\/preview-m\/piscina-naturale-biodesign-004-1-0.jpg?t=1626871623\" title=\"piscina-naturale-biodesign-004-1\"\/><\/div><div class=\"vls-gf-overlay\"><\/div><\/figure><figure class=\"vls-gf-23 vls-gf-init vls-gf-lazy\" data-vls-gf-thumbnail-width=\"800\" data-vls-gf-thumbnail-height=\"535\"><a class=\"vls-gf-main\" href=\"https:\/\/bio.design\/wp-content\/gf-uploads\/2019\/03\/piscina-naturale-biodesign-033-1.jpg\" data-caption=\"piscina-naturale-biodesign-033-1\" data-description=\"\"><\/a><div class=\"vls-gf-img\"><img data-src=\"https:\/\/bio.design\/wp-content\/gf-uploads\/2019\/03\/preview-m\/piscina-naturale-biodesign-033-1-0.jpg?t=1626871628\" title=\"piscina-naturale-biodesign-033-1\"\/><\/div><div class=\"vls-gf-overlay\"><\/div><\/figure><figure class=\"vls-gf-39 vls-gf-init vls-gf-lazy\" data-vls-gf-thumbnail-width=\"800\" data-vls-gf-thumbnail-height=\"533\"><a class=\"vls-gf-main\" href=\"https:\/\/bio.design\/wp-content\/gf-uploads\/2019\/07\/Biodesign-Pools-Croazia.jpg\" data-caption=\"Biodesign-Pools-Croazia\" data-description=\"\"><\/a><div class=\"vls-gf-img\"><img data-src=\"https:\/\/bio.design\/wp-content\/gf-uploads\/2019\/07\/preview-m\/Biodesign-Pools-Croazia-0.jpg?t=1626871656\" title=\"Biodesign-Pools-Croazia\"\/><\/div><div class=\"vls-gf-overlay\"><\/div><\/figure><figure class=\"vls-gf-24 vls-gf-init vls-gf-lazy\" data-vls-gf-thumbnail-width=\"800\" data-vls-gf-thumbnail-height=\"530\"><a class=\"vls-gf-main\" href=\"https:\/\/bio.design\/wp-content\/gf-uploads\/2019\/03\/piscina-naturale-biodesign-076-1.jpg\" data-caption=\"piscina-naturale-biodesign-076-1\" data-description=\"\"><\/a><div class=\"vls-gf-img\"><img data-src=\"https:\/\/bio.design\/wp-content\/gf-uploads\/2019\/03\/preview-m\/piscina-naturale-biodesign-076-1-24.jpg?t=1626871629\" title=\"piscina-naturale-biodesign-076-1\"\/><\/div><div class=\"vls-gf-overlay\"><\/div><\/figure><figure class=\"vls-gf-38 vls-gf-init vls-gf-lazy\" data-vls-gf-thumbnail-width=\"800\" data-vls-gf-thumbnail-height=\"533\"><a class=\"vls-gf-main\" href=\"https:\/\/bio.design\/wp-content\/gf-uploads\/2019\/07\/Biodesign-Pools-Germany.jpg\" data-caption=\"Biodesign-Pools-Germany\" data-description=\"\"><\/a><div class=\"vls-gf-img\"><img data-src=\"https:\/\/bio.design\/wp-content\/gf-uploads\/2019\/07\/preview-m\/Biodesign-Pools-Germany-0.jpg?t=1626871652\" title=\"Biodesign-Pools-Germany\"\/><\/div><div class=\"vls-gf-overlay\"><\/div><\/figure><figure class=\"vls-gf-40 vls-gf-init vls-gf-lazy\" data-vls-gf-thumbnail-width=\"800\" data-vls-gf-thumbnail-height=\"600\"><a class=\"vls-gf-main\" href=\"https:\/\/bio.design\/wp-content\/gf-uploads\/2019\/07\/Piscina-Naturale-Biodesign.jpg\" data-caption=\"Piscina-Naturale-Biodesign\" data-description=\"\"><\/a><div class=\"vls-gf-img\"><img data-src=\"https:\/\/bio.design\/wp-content\/gf-uploads\/2019\/07\/preview-m\/Piscina-Naturale-Biodesign-0.jpg?t=1626871657\" title=\"Piscina-Naturale-Biodesign\"\/><\/div><div class=\"vls-gf-overlay\"><\/div><\/figure><figure class=\"vls-gf-41 vls-gf-init vls-gf-lazy\" data-vls-gf-thumbnail-width=\"800\" data-vls-gf-thumbnail-height=\"600\"><a class=\"vls-gf-main\" href=\"https:\/\/bio.design\/wp-content\/gf-uploads\/2019\/07\/biodesign-pools-svizzera.jpg\" data-caption=\"biodesign-pools-svizzera\" data-description=\"\"><\/a><div class=\"vls-gf-img\"><img data-src=\"https:\/\/bio.design\/wp-content\/gf-uploads\/2019\/07\/preview-m\/biodesign-pools-svizzera-0.jpg?t=1626871661\" title=\"biodesign-pools-svizzera\"\/><\/div><div class=\"vls-gf-overlay\"><\/div><\/figure><\/div><\/div>[\/vc_column][\/vc_row][vc_row full_width=&#8221;stretch_row_content_no_spaces&#8221; css=&#8221;.vc_custom_1552484154335{padding-top: 60px !important;}&#8221;][vc_column]<span class=\"subtitle dash-true style-dark text-center\">Biodesign<\/span>[vc_column_text]<\/p>\n<h2 style=\"text-align: center;\"><strong data-start=\"240\" data-end=\"262\">Piscines Publiques<\/strong><\/h2>\n<p>[\/vc_column_text]<div class=\"vls-gf-gallery vls-gf-29 vls-gf-style-light vls-gf-style-none\" data-vls-gf-layout='{\"layout_type\":\"masonry-v\",\"column_count\":4,\"column_count_xs\":1,\"aspect_ratio\":1,\"horizontal_spacing\":0,\"vertical_spacing\":0,\"align_bottom\":false,\"pagination_type\":\"none\",\"page_size\":0}' data-vls-gf-settings='{\"pagination_type\":\"none\"}'><style type=\"text\/css\">.vls-gf-29 figure a.vls-gf-main{display:block;position:absolute;top:0;bottom:0;left:0;right:0;opacity:0;z-index:90;}.vls-gf-29 figure .vls-gf-overlay{position:absolute;background-color:rgba(255, 255, 255, 0.3);left:0;right:0;top:0;bottom:0;opacity:0;z-index:10;transition:opacity 600ms ease;}.vls-gf-29 figure:hover .vls-gf-overlay{opacity:1;}<\/style><div class=\"vls-gf-container\"><figure class=\"vls-gf-31 vls-gf-init vls-gf-lazy\" data-vls-gf-thumbnail-width=\"800\" data-vls-gf-thumbnail-height=\"463\"><a class=\"vls-gf-main\" href=\"https:\/\/bio.design\/wp-content\/gf-uploads\/2019\/03\/piscina-naturale-biodesign-036-1.jpg\" data-caption=\"piscina-naturale-biodesign-036-1\" data-description=\"\"><\/a><div class=\"vls-gf-img\"><img data-src=\"https:\/\/bio.design\/wp-content\/gf-uploads\/2019\/03\/preview-m\/piscina-naturale-biodesign-036-1-31.jpg?t=1626871638\" title=\"piscina-naturale-biodesign-036-1\"\/><\/div><div class=\"vls-gf-overlay\"><\/div><\/figure><figure class=\"vls-gf-34 vls-gf-init vls-gf-lazy\" data-vls-gf-thumbnail-width=\"800\" data-vls-gf-thumbnail-height=\"463\"><a class=\"vls-gf-main\" href=\"https:\/\/bio.design\/wp-content\/gf-uploads\/2019\/03\/piscina-naturale-biodesign-127-1.jpg\" data-caption=\"piscina-naturale-biodesign-127-1\" data-description=\"\"><\/a><div class=\"vls-gf-img\"><img data-src=\"https:\/\/bio.design\/wp-content\/gf-uploads\/2019\/03\/preview-m\/piscina-naturale-biodesign-127-1-34.jpg?t=1626871644\" title=\"piscina-naturale-biodesign-127-1\"\/><\/div><div class=\"vls-gf-overlay\"><\/div><\/figure><figure class=\"vls-gf-52 vls-gf-init vls-gf-lazy\" data-vls-gf-thumbnail-width=\"800\" data-vls-gf-thumbnail-height=\"462\"><a class=\"vls-gf-main\" href=\"https:\/\/bio.design\/wp-content\/gf-uploads\/2020\/02\/piscina-naturale.jpg\" data-caption=\"piscina-naturale\" data-description=\"\"><\/a><div class=\"vls-gf-img\"><img data-src=\"https:\/\/bio.design\/wp-content\/gf-uploads\/2020\/02\/preview-m\/piscina-naturale-52.jpg?t=1626871688\" title=\"piscina-naturale\"\/><\/div><div class=\"vls-gf-overlay\"><\/div><\/figure><figure class=\"vls-gf-44 vls-gf-init vls-gf-lazy\" data-vls-gf-thumbnail-width=\"800\" data-vls-gf-thumbnail-height=\"463\" data-vls-gf-alt-thumbnail-width=\"800\" data-vls-gf-alt-thumbnail-height=\"534\"><a class=\"vls-gf-main\" href=\"https:\/\/bio.design\/wp-content\/gf-uploads\/2019\/07\/cayo-blanco-sottomarina.jpg\" data-caption=\"biodesign cayo blanco\" data-description=\"biodesign cayo blanco\"><\/a><div class=\"vls-gf-img\"><img data-src=\"https:\/\/bio.design\/wp-content\/gf-uploads\/2019\/07\/preview-m\/cayo-blanco-sottomarina-44.jpg?t=1626871670\" alt=\"biodesign cayo blanco\" title=\"biodesign cayo blanco\"\/><\/div><div class=\"vls-gf-overlay\"><\/div><\/figure><figure class=\"vls-gf-45 vls-gf-init vls-gf-lazy\" data-vls-gf-thumbnail-width=\"800\" data-vls-gf-thumbnail-height=\"461\" data-vls-gf-alt-thumbnail-width=\"800\" data-vls-gf-alt-thumbnail-height=\"534\"><a class=\"vls-gf-main\" href=\"https:\/\/bio.design\/wp-content\/gf-uploads\/2019\/07\/a.roma-lifestyle-hotel.jpg\" data-caption=\"biodesign pools roma\" data-description=\"biodesign pools roma\"><\/a><div class=\"vls-gf-img\"><img data-src=\"https:\/\/bio.design\/wp-content\/gf-uploads\/2019\/07\/preview-m\/a.roma-lifestyle-hotel-45.jpg?t=1626871672\" alt=\"biodesign pools roma\" title=\"biodesign pools roma\"\/><\/div><div class=\"vls-gf-overlay\"><\/div><\/figure><figure class=\"vls-gf-46 vls-gf-init vls-gf-lazy\" data-vls-gf-thumbnail-width=\"800\" data-vls-gf-thumbnail-height=\"460\" data-vls-gf-alt-thumbnail-width=\"758\" data-vls-gf-alt-thumbnail-height=\"460\"><a class=\"vls-gf-main\" href=\"https:\/\/bio.design\/wp-content\/gf-uploads\/2019\/07\/miramonti-invio.jpg\" data-caption=\"biodesign pools miramonti\" data-description=\"biodesign pools miramonti\"><\/a><div class=\"vls-gf-img\"><img data-src=\"https:\/\/bio.design\/wp-content\/gf-uploads\/2019\/07\/preview-m\/miramonti-invio-46.jpg?t=1626871674\" alt=\"biodesign pools miramonti\" title=\"biodesign pools miramonti\"\/><\/div><div class=\"vls-gf-overlay\"><\/div><\/figure><figure class=\"vls-gf-47 vls-gf-init vls-gf-lazy\" data-vls-gf-thumbnail-width=\"758\" data-vls-gf-thumbnail-height=\"437\"><a class=\"vls-gf-main\" href=\"https:\/\/bio.design\/wp-content\/gf-uploads\/2019\/07\/Vietnam-FL.jpg\" data-caption=\"Biodesign Pools Vietnam\" data-description=\"Biodesign Pools Vietnam\"><\/a><div class=\"vls-gf-img\"><img data-src=\"https:\/\/bio.design\/wp-content\/gf-uploads\/2019\/07\/preview-m\/Vietnam-FL-47.jpg?t=1626871675\" alt=\"Biodesign Pools Vietnam\" title=\"Biodesign Pools Vietnam\"\/><\/div><div class=\"vls-gf-overlay\"><\/div><\/figure><figure class=\"vls-gf-53 vls-gf-init vls-gf-lazy\" data-vls-gf-thumbnail-width=\"800\" data-vls-gf-thumbnail-height=\"460\"><a class=\"vls-gf-main\" href=\"https:\/\/bio.design\/wp-content\/gf-uploads\/2020\/02\/piscina-naturale-mauritius.jpg\" data-caption=\"piscina-naturale-mauritius\" data-description=\"\"><\/a><div class=\"vls-gf-img\"><img data-src=\"https:\/\/bio.design\/wp-content\/gf-uploads\/2020\/02\/preview-m\/piscina-naturale-mauritius-53.jpg?t=1626871689\" title=\"piscina-naturale-mauritius\"\/><\/div><div class=\"vls-gf-overlay\"><\/div><\/figure><figure class=\"vls-gf-48 vls-gf-init vls-gf-lazy\" data-vls-gf-thumbnail-width=\"800\" data-vls-gf-thumbnail-height=\"533\"><a class=\"vls-gf-main\" href=\"https:\/\/bio.design\/wp-content\/gf-uploads\/2019\/08\/Biodesign-Pools-Le-Esperidi.jpg\" data-caption=\"Biodesign-Pools-Le-Esperidi\" data-description=\"Biodesign Pools Le Esperidi\"><\/a><div class=\"vls-gf-img\"><img data-src=\"https:\/\/bio.design\/wp-content\/gf-uploads\/2019\/08\/preview-m\/Biodesign-Pools-Le-Esperidi-48.jpg?t=1626871676\" alt=\"Biodesign Pools Le Esperidi\" title=\"Biodesign-Pools-Le-Esperidi\"\/><\/div><div class=\"vls-gf-overlay\"><\/div><\/figure><figure class=\"vls-gf-54 vls-gf-init vls-gf-lazy\" data-vls-gf-thumbnail-width=\"800\" data-vls-gf-thumbnail-height=\"533\"><a class=\"vls-gf-main\" href=\"https:\/\/bio.design\/wp-content\/gf-uploads\/2020\/02\/piscina-naturale-hotel.jpg\" data-caption=\"piscina-naturale-hotel\" data-description=\"\"><\/a><div class=\"vls-gf-img\"><img data-src=\"https:\/\/bio.design\/wp-content\/gf-uploads\/2020\/02\/preview-m\/piscina-naturale-hotel-0.jpg?t=1626871693\" title=\"piscina-naturale-hotel\"\/><\/div><div class=\"vls-gf-overlay\"><\/div><\/figure><figure class=\"vls-gf-55 vls-gf-init vls-gf-lazy\" data-vls-gf-thumbnail-width=\"800\" data-vls-gf-thumbnail-height=\"533\"><a class=\"vls-gf-main\" href=\"https:\/\/bio.design\/wp-content\/gf-uploads\/2020\/02\/piscina-naturale-hotel-2.jpg\" data-caption=\"piscina-naturale-hotel-2\" data-description=\"\"><\/a><div class=\"vls-gf-img\"><img data-src=\"https:\/\/bio.design\/wp-content\/gf-uploads\/2020\/02\/preview-m\/piscina-naturale-hotel-2-0.jpg?t=1626871694\" title=\"piscina-naturale-hotel-2\"\/><\/div><div class=\"vls-gf-overlay\"><\/div><\/figure><figure class=\"vls-gf-51 vls-gf-init vls-gf-lazy\" data-vls-gf-thumbnail-width=\"800\" data-vls-gf-thumbnail-height=\"533\"><a class=\"vls-gf-main\" href=\"https:\/\/bio.design\/wp-content\/gf-uploads\/2019\/08\/biodesign-pools-misano.jpg\" data-caption=\"biodesign-pools-misano\" data-description=\"\"><\/a><div class=\"vls-gf-img\"><img data-src=\"https:\/\/bio.design\/wp-content\/gf-uploads\/2019\/08\/preview-m\/biodesign-pools-misano-0.jpg?t=1626871685\" title=\"biodesign-pools-misano\"\/><\/div><div class=\"vls-gf-overlay\"><\/div><\/figure><\/div><\/div>[\/vc_column][\/vc_row][vc_row full_width=&#8221;stretch_row&#8221; equal_height=&#8221;yes&#8221; content_placement=&#8221;middle&#8221; css=&#8221;.vc_custom_1559740243966{padding-top: 100px !important;padding-bottom: 100px !important;background-color: #f5f5f5 !important;}&#8221; el_class=&#8221;mobile-full&#8221;][vc_column width=&#8221;2\/3&#8243; css=&#8221;.vc_custom_1559740035747{margin-bottom: 0px !important;padding-top: 0px !important;padding-right: 0px !important;}&#8221; el_class=&#8221;min-height-100&#8243;][vc_column_text css=&#8221;.vc_custom_1559740148997{margin-bottom: 0px !important;}&#8221;]<\/p>\n<h2><strong>Vous \u00eates int\u00e9ress\u00e9 par une piscine Biodesign ?<\/strong><\/h2>\n<h2><span style=\"font-weight: 200;\">N\u2019attendez plus. Contactez-nous d\u00e8s maintenant !<\/span><\/h2>\n<p>[\/vc_column_text][\/vc_column][vc_column width=&#8221;1\/3&#8243;]<a href=\"https:\/\/bio.design\/fr\/demandez-votre-devis-gratuit\/\" class=\"btn btn-primary arrow-right\"><span>CONTACTEZ-NOUS <\/span><\/a>[\/vc_column][\/vc_row]<\/p>\n","protected":false},"excerpt":{"rendered":"<p>[vc_row full_width=&#8221;stretch_row_content_no_spaces&#8221;][vc_column][vc_column_text] Piscines Priv\u00e9es [\/vc_column_text][\/vc_column][\/vc_row][vc_row full_width=&#8221;stretch_row_content_no_spaces&#8221; css=&#8221;.vc_custom_1552484154335{padding-top: 60px !important;}&#8221;][vc_column][vc_column_text] Piscines Publiques [\/vc_column_text][\/vc_column][\/vc_row][vc_row full_width=&#8221;stretch_row&#8221; equal_height=&#8221;yes&#8221; content_placement=&#8221;middle&#8221; css=&#8221;.vc_custom_1559740243966{padding-top: 100px !important;padding-bottom: 100px !important;background-color: #f5f5f5 !important;}&#8221; el_class=&#8221;mobile-full&#8221;][vc_column width=&#8221;2\/3&#8243; css=&#8221;.vc_custom_1559740035747{margin-bottom: 0px !important;padding-top: 0px !important;padding-right: 0px !important;}&#8221; el_class=&#8221;min-height-100&#8243;][vc_column_text css=&#8221;.vc_custom_1559740148997{margin-bottom: 0px !important;}&#8221;] Vous \u00eates int\u00e9ress\u00e9 par une piscine Biodesign ? N\u2019attendez plus. Contactez-nous d\u00e8s maintenant ! [\/vc_column_text][\/vc_column][vc_column width=&#8221;1\/3&#8243;][\/vc_column][\/vc_row]<\/p>\n","protected":false},"author":3,"featured_media":0,"parent":0,"menu_order":0,"comment_status":"closed","ping_status":"closed","template":"","meta":{"footnotes":""},"class_list":["post-9930797","page","type-page","status-publish","hentry"],"yoast_head":"<!-- This site is optimized with the Yoast SEO plugin v27.3 - https:\/\/yoast.com\/product\/yoast-seo-wordpress\/ -->\n<title>R\u00e9alisations | Biodesign Pools<\/title>\n<meta name=\"description\" content=\"Galerie d\u2019Images des r\u00e9alisations de piscines publiques et priv\u00e9es, \u00e9tangs artificiels, biopiscines, piscines lagon\" \/>\n<meta name=\"robots\" content=\"index, follow, max-snippet:-1, max-image-preview:large, max-video-preview:-1\" \/>\n<link rel=\"canonical\" href=\"https:\/\/bio.design\/fr\/realisations-2\/\" \/>\n<meta property=\"og:locale\" content=\"fr_FR\" \/>\n<meta property=\"og:type\" content=\"article\" \/>\n<meta property=\"og:title\" content=\"R\u00e9alisations | Biodesign Pools\" \/>\n<meta property=\"og:description\" content=\"Galerie d\u2019Images des r\u00e9alisations de piscines publiques et priv\u00e9es, \u00e9tangs artificiels, biopiscines, piscines lagon\" \/>\n<meta property=\"og:url\" content=\"https:\/\/bio.design\/fr\/realisations-2\/\" \/>\n<meta property=\"og:site_name\" content=\"Biodesign Pools\" \/>\n<meta property=\"article:publisher\" content=\"https:\/\/www.facebook.com\/PiscineBiodesign\/\" \/>\n<meta property=\"article:modified_time\" content=\"2025-09-16T10:19:25+00:00\" \/>\n<meta name=\"twitter:card\" content=\"summary_large_image\" \/>\n<meta name=\"twitter:site\" content=\"@BIODESIGNPOOLS\" \/>\n<meta name=\"twitter:label1\" content=\"Dur\u00e9e de lecture estim\u00e9e\" \/>\n\t<meta name=\"twitter:data1\" content=\"1 minute\" \/>\n<script type=\"application\/ld+json\" class=\"yoast-schema-graph\">{\"@context\":\"https:\\\/\\\/schema.org\",\"@graph\":[{\"@type\":\"WebPage\",\"@id\":\"https:\\\/\\\/bio.design\\\/fr\\\/realisations-2\\\/\",\"url\":\"https:\\\/\\\/bio.design\\\/fr\\\/realisations-2\\\/\",\"name\":\"R\u00e9alisations | Biodesign Pools\",\"isPartOf\":{\"@id\":\"https:\\\/\\\/bio.design\\\/#website\"},\"datePublished\":\"2025-07-18T09:03:03+00:00\",\"dateModified\":\"2025-09-16T10:19:25+00:00\",\"description\":\"Galerie d\u2019Images des r\u00e9alisations de piscines publiques et priv\u00e9es, \u00e9tangs artificiels, biopiscines, piscines lagon\",\"breadcrumb\":{\"@id\":\"https:\\\/\\\/bio.design\\\/fr\\\/realisations-2\\\/#breadcrumb\"},\"inLanguage\":\"fr-FR\",\"potentialAction\":[{\"@type\":\"ReadAction\",\"target\":[\"https:\\\/\\\/bio.design\\\/fr\\\/realisations-2\\\/\"]}]},{\"@type\":\"BreadcrumbList\",\"@id\":\"https:\\\/\\\/bio.design\\\/fr\\\/realisations-2\\\/#breadcrumb\",\"itemListElement\":[{\"@type\":\"ListItem\",\"position\":1,\"name\":\"Home\",\"item\":\"https:\\\/\\\/bio.design\\\/fr\\\/biodesign-pools\\\/\"},{\"@type\":\"ListItem\",\"position\":2,\"name\":\"R\u00e9alisations\"}]},{\"@type\":\"WebSite\",\"@id\":\"https:\\\/\\\/bio.design\\\/#website\",\"url\":\"https:\\\/\\\/bio.design\\\/\",\"name\":\"Biodesign Pools\",\"description\":\"The Living Pool - Natural Pools\",\"publisher\":{\"@id\":\"https:\\\/\\\/bio.design\\\/#organization\"},\"potentialAction\":[{\"@type\":\"SearchAction\",\"target\":{\"@type\":\"EntryPoint\",\"urlTemplate\":\"https:\\\/\\\/bio.design\\\/?s={search_term_string}\"},\"query-input\":{\"@type\":\"PropertyValueSpecification\",\"valueRequired\":true,\"valueName\":\"search_term_string\"}}],\"inLanguage\":\"fr-FR\"},{\"@type\":\"Organization\",\"@id\":\"https:\\\/\\\/bio.design\\\/#organization\",\"name\":\"Biodesign Pools\",\"url\":\"https:\\\/\\\/bio.design\\\/\",\"logo\":{\"@type\":\"ImageObject\",\"inLanguage\":\"fr-FR\",\"@id\":\"https:\\\/\\\/bio.design\\\/#\\\/schema\\\/logo\\\/image\\\/\",\"url\":\"https:\\\/\\\/bio.design\\\/wp-content\\\/uploads\\\/2021\\\/02\\\/Bio.design-New-Logo-Fb.jpg\",\"contentUrl\":\"https:\\\/\\\/bio.design\\\/wp-content\\\/uploads\\\/2021\\\/02\\\/Bio.design-New-Logo-Fb.jpg\",\"width\":2048,\"height\":1042,\"caption\":\"Biodesign Pools\"},\"image\":{\"@id\":\"https:\\\/\\\/bio.design\\\/#\\\/schema\\\/logo\\\/image\\\/\"},\"sameAs\":[\"https:\\\/\\\/www.facebook.com\\\/PiscineBiodesign\\\/\",\"https:\\\/\\\/x.com\\\/BIODESIGNPOOLS\",\"https:\\\/\\\/www.linkedin.com\\\/company\\\/biodesignpools\\\/\",\"https:\\\/\\\/www.youtube.com\\\/user\\\/BiodesignpoolsIT\"]}]}<\/script>\n<!-- \/ Yoast SEO plugin. -->","yoast_head_json":{"title":"R\u00e9alisations | Biodesign Pools","description":"Galerie d\u2019Images des r\u00e9alisations de piscines publiques et priv\u00e9es, \u00e9tangs artificiels, biopiscines, piscines lagon","robots":{"index":"index","follow":"follow","max-snippet":"max-snippet:-1","max-image-preview":"max-image-preview:large","max-video-preview":"max-video-preview:-1"},"canonical":"https:\/\/bio.design\/fr\/realisations-2\/","og_locale":"fr_FR","og_type":"article","og_title":"R\u00e9alisations | Biodesign Pools","og_description":"Galerie d\u2019Images des r\u00e9alisations de piscines publiques et priv\u00e9es, \u00e9tangs artificiels, biopiscines, piscines lagon","og_url":"https:\/\/bio.design\/fr\/realisations-2\/","og_site_name":"Biodesign Pools","article_publisher":"https:\/\/www.facebook.com\/PiscineBiodesign\/","article_modified_time":"2025-09-16T10:19:25+00:00","twitter_card":"summary_large_image","twitter_site":"@BIODESIGNPOOLS","twitter_misc":{"Dur\u00e9e de lecture estim\u00e9e":"1 minute"},"schema":{"@context":"https:\/\/schema.org","@graph":[{"@type":"WebPage","@id":"https:\/\/bio.design\/fr\/realisations-2\/","url":"https:\/\/bio.design\/fr\/realisations-2\/","name":"R\u00e9alisations | Biodesign Pools","isPartOf":{"@id":"https:\/\/bio.design\/#website"},"datePublished":"2025-07-18T09:03:03+00:00","dateModified":"2025-09-16T10:19:25+00:00","description":"Galerie d\u2019Images des r\u00e9alisations de piscines publiques et priv\u00e9es, \u00e9tangs artificiels, biopiscines, piscines lagon","breadcrumb":{"@id":"https:\/\/bio.design\/fr\/realisations-2\/#breadcrumb"},"inLanguage":"fr-FR","potentialAction":[{"@type":"ReadAction","target":["https:\/\/bio.design\/fr\/realisations-2\/"]}]},{"@type":"BreadcrumbList","@id":"https:\/\/bio.design\/fr\/realisations-2\/#breadcrumb","itemListElement":[{"@type":"ListItem","position":1,"name":"Home","item":"https:\/\/bio.design\/fr\/biodesign-pools\/"},{"@type":"ListItem","position":2,"name":"R\u00e9alisations"}]},{"@type":"WebSite","@id":"https:\/\/bio.design\/#website","url":"https:\/\/bio.design\/","name":"Biodesign Pools","description":"The Living Pool - Natural Pools","publisher":{"@id":"https:\/\/bio.design\/#organization"},"potentialAction":[{"@type":"SearchAction","target":{"@type":"EntryPoint","urlTemplate":"https:\/\/bio.design\/?s={search_term_string}"},"query-input":{"@type":"PropertyValueSpecification","valueRequired":true,"valueName":"search_term_string"}}],"inLanguage":"fr-FR"},{"@type":"Organization","@id":"https:\/\/bio.design\/#organization","name":"Biodesign Pools","url":"https:\/\/bio.design\/","logo":{"@type":"ImageObject","inLanguage":"fr-FR","@id":"https:\/\/bio.design\/#\/schema\/logo\/image\/","url":"https:\/\/bio.design\/wp-content\/uploads\/2021\/02\/Bio.design-New-Logo-Fb.jpg","contentUrl":"https:\/\/bio.design\/wp-content\/uploads\/2021\/02\/Bio.design-New-Logo-Fb.jpg","width":2048,"height":1042,"caption":"Biodesign Pools"},"image":{"@id":"https:\/\/bio.design\/#\/schema\/logo\/image\/"},"sameAs":["https:\/\/www.facebook.com\/PiscineBiodesign\/","https:\/\/x.com\/BIODESIGNPOOLS","https:\/\/www.linkedin.com\/company\/biodesignpools\/","https:\/\/www.youtube.com\/user\/BiodesignpoolsIT"]}]}},"_links":{"self":[{"href":"https:\/\/bio.design\/fr\/wp-json\/wp\/v2\/pages\/9930797","targetHints":{"allow":["GET"]}}],"collection":[{"href":"https:\/\/bio.design\/fr\/wp-json\/wp\/v2\/pages"}],"about":[{"href":"https:\/\/bio.design\/fr\/wp-json\/wp\/v2\/types\/page"}],"author":[{"embeddable":true,"href":"https:\/\/bio.design\/fr\/wp-json\/wp\/v2\/users\/3"}],"replies":[{"embeddable":true,"href":"https:\/\/bio.design\/fr\/wp-json\/wp\/v2\/comments?post=9930797"}],"version-history":[{"count":2,"href":"https:\/\/bio.design\/fr\/wp-json\/wp\/v2\/pages\/9930797\/revisions"}],"predecessor-version":[{"id":9930799,"href":"https:\/\/bio.design\/fr\/wp-json\/wp\/v2\/pages\/9930797\/revisions\/9930799"}],"wp:attachment":[{"href":"https:\/\/bio.design\/fr\/wp-json\/wp\/v2\/media?parent=9930797"}],"curies":[{"name":"wp","href":"https:\/\/api.w.org\/{rel}","templated":true}]}}