{"id":9920173,"date":"2022-12-15T16:19:45","date_gmt":"2022-12-15T15:19:45","guid":{"rendered":"https:\/\/bio.design\/biodesign-news-copy\/"},"modified":"2022-12-15T17:15:16","modified_gmt":"2022-12-15T16:15:16","slug":"biodesign-news","status":"publish","type":"page","link":"https:\/\/bio.design\/fr\/biodesign-news\/","title":{"rendered":"Biodesign News"},"content":{"rendered":"<p>[vc_row full_width=&#8221;stretch_row&#8221; video_bg=&#8221;yes&#8221; video_bg_url=&#8221;https:\/\/www.youtube.com\/watch?v=5IbMAuMGWTg&#8221;][vc_column width=&#8221;1\/2&#8243;][vc_single_image image=&#8221;9920146&#8243; img_size=&#8221;large&#8221; alignment=&#8221;right&#8221; css=&#8221;.vc_custom_1671120910291{margin-top: 30px !important;}&#8221;][\/vc_column][vc_column width=&#8221;1\/2&#8243;][vc_row_inner equal_height=&#8221;yes&#8221; el_class=&#8221;overlap-left&#8221;][vc_column_inner][vc_cta h2=&#8221;Les derni\u00e8res nouvelles du monde Biodesign !&#8221; h4=&#8221;#thelivingpool&#8221; shape=&#8221;round&#8221; style=&#8221;custom&#8221; el_class=&#8221;overlap-left&#8221; custom_background=&#8221;#f2f2f2&#8243; custom_text=&#8221;#cec2ab&#8221;]<\/p>\n<h3>Soyez inform\u00e9 des derni\u00e8res nouvelles du monde Biodesign !<\/h3>\n<p>Vous trouverez de nombreux nouveaux contenus dans la section <strong>Biodesign News<\/strong>:<\/p>\n<ul>\n<li>Nouvelles r\u00e9alisations.<\/li>\n<li>Nouveaut\u00e9s dans les produits Biodesign.<\/li>\n<li>Objectifs atteints et \u00e0 atteindre.<\/li>\n<li>Nouveaut\u00e9s au sein de l\u2019entreprise.<\/li>\n<li>Et bien d\u2019autres informations!<\/li>\n<\/ul>\n<p>[\/vc_cta][\/vc_column_inner][\/vc_row_inner][\/vc_column][\/vc_row][vc_row][vc_column][vc_empty_space height=&#8221;120px&#8221;][\/vc_column][\/vc_row][vc_row full_width=&#8221;stretch_row_content&#8221;][vc_column width=&#8221;1\/4&#8243;][vc_single_image image=&#8221;9920111&#8243; alignment=&#8221;center&#8221; style=&#8221;vc_box_rounded&#8221; css=&#8221;.vc_custom_1667472578755{border-radius: 15px !important;}&#8221;][\/vc_column][vc_column width=&#8221;1\/4&#8243;][vc_row_inner el_class=&#8221;overlap-left&#8221;][vc_column_inner][vc_cta h2=&#8221;Biodesign &#8211; Piscine Global 2022&#8243; h4=&#8221;Venez nous rendre visite!&#8221; shape=&#8221;round&#8221; color=&#8221;chino&#8221; add_button=&#8221;bottom&#8221; btn_title=&#8221;Demandez votre acc\u00e8s&#8221; btn_shape=&#8221;round&#8221; btn_color=&#8221;chino&#8221; btn_i_icon_fontawesome=&#8221;fas fa-chevron-circle-right&#8221; btn_add_icon=&#8221;true&#8221; btn_link=&#8221;url:https%3A%2F%2Fpass.piscine-global-europe.com%2Fvisiteur%2Fprofessionnel%2Fvos_informations.htm%3Futm_source%3Dsendinblue%26utm_medium%3Demail%26utm_campaign%3DCampagna%2BInviti%2BPiscine%2BGlobal%2B2022|target:_blank&#8221;]<strong>Piscine Global<\/strong> est l\u2019\u00e9v\u00e9nement de r\u00e9f\u00e9rence qui r\u00e9unit tous les acteurs du secteur de la piscine et du bien-\u00eatre.<\/p>\n<p>Cet \u00e9v\u00e9nement international et incontournable, \u00e0 la pointe de l\u2019innovation, est con\u00e7u pour anticiper les tendances, soutenir les d\u00e9veloppements, \u00e9largir le r\u00e9seau et stimuler les affaires.<\/p>\n<h3><span class=\"Y2IQFc\" lang=\"it\">Quand a-t-il lieu?\u00a0<\/span><\/h3>\n<p><span class=\"Y2IQFc\" lang=\"it\"><strong>15 novembre<\/strong>&#8211;<strong>18 novembre <\/strong><\/span><\/p>\n<h3><span class=\"Y2IQFc\" lang=\"it\">Ou a-t-il lieu?\u00a0<\/span><\/h3>\n<p><strong><span class=\"Y2IQFc\" lang=\"it\">Euroexpo, Lyon<\/span><\/strong><\/p>\n<p><span class=\"Y2IQFc\" lang=\"it\">Adresse: Boulevard de l&#8217;Europe, 69686 Chassieu <\/span><\/p>\n<p><strong><span class=\"Y2IQFc\" lang=\"it\">HALL 6, STAND A52<\/span><\/strong>[\/vc_cta][\/vc_column_inner][\/vc_row_inner][\/vc_column][vc_column width=&#8221;1\/4&#8243;][vc_single_image image=&#8221;9920125&#8243; style=&#8221;vc_box_rounded&#8221; css=&#8221;.vc_custom_1667474594653{border-radius: 15px !important;}&#8221;][\/vc_column][vc_column width=&#8221;1\/4&#8243;][vc_row_inner el_class=&#8221;overlap-left&#8221;][vc_column_inner][vc_cta h2=&#8221;Biodesign USA &#8211; PSP Deck Expo 2022&#8243; h4=&#8221;Las Vegas&#8221; shape=&#8221;round&#8221; color=&#8221;chino&#8221; add_button=&#8221;bottom&#8221; btn_title=&#8221;Enregistrez-vous&#8221; btn_shape=&#8221;round&#8221; btn_color=&#8221;chino&#8221; btn_i_icon_fontawesome=&#8221;fas fa-chevron-circle-right&#8221; btn_add_icon=&#8221;true&#8221; btn_link=&#8221;url:https%3A%2F%2Fwww.compusystems.com%2Fservlet%2Far%3Fevt_uid%3D303%26site%3D|target:_blank&#8221;]L\u2019<strong>International Pool | Spa | Patio Expo&#x2122;<\/strong>, co-localis\u00e9 avec le Deck Expo (PSP\/Deck Expo) est le salon professionnel o\u00f9 tous les acteurs de l\u2019industrie (piscine, spa, patio, decking, et vie en plein air) se r\u00e9unissent pour \u00eatre inform\u00e9s des tendances, des \u00e9volutions du march\u00e9 et des nouvelles technologies.<\/p>\n<p>L\u2019\u00e9v\u00e9nement offre aux professionnels du secteur un large choix de sessions de formation, un hall d\u2019exposition et diverses possibilit\u00e9s de r\u00e9seautage.<\/p>\n<h3>Quand a-t-il lieu?<\/h3>\n<p><strong>15-17 Novembre<\/strong><\/p>\n<h3>Ou a-t-il lieu?<\/h3>\n<p>Las Vegas Convention Center<\/p>\n<p><strong>STAND 7960<\/strong>[\/vc_cta][\/vc_column_inner][\/vc_row_inner][\/vc_column][\/vc_row][vc_row full_width=&#8221;stretch_row_content&#8221;][vc_column width=&#8221;1\/4&#8243;][vc_single_image image=&#8221;9919740&#8243; style=&#8221;vc_box_rounded&#8221; css=&#8221;.vc_custom_1663684349259{border-radius: 15px !important;}&#8221;][\/vc_column][vc_column width=&#8221;1\/4&#8243;][vc_row_inner el_class=&#8221;overlap-left&#8221;][vc_column_inner][vc_cta h2=&#8221;Nouvelle carte Biodesign en ligne&#8221; h4=&#8221;Trouvez votre concessionnaire&#8221; shape=&#8221;round&#8221; color=&#8221;chino&#8221; add_button=&#8221;bottom&#8221; btn_title=&#8221;Concessionnaires Biodesign&#8221; btn_shape=&#8221;round&#8221; btn_color=&#8221;chino&#8221; btn_i_icon_fontawesome=&#8221;fas fa-chevron-circle-right&#8221; btn_add_icon=&#8221;true&#8221; btn_link=&#8221;url:https%3A%2F%2Fbio.design%2Fmappa-biodesign%2F|target:_blank&#8221;]Biodesign a publi\u00e9 la <strong>carte des concessionnaires<\/strong> agr\u00e9\u00e9s pour l\u2019Italie.<\/p>\n<p>D\u00e9couvrez le <strong>pisciniste<\/strong> le plus pr\u00e8s de chez vous\u00a0![\/vc_cta][\/vc_column_inner][\/vc_row_inner][\/vc_column][vc_column width=&#8221;1\/4&#8243;][vc_single_image image=&#8221;9919666&#8243; style=&#8221;vc_box_rounded&#8221; css=&#8221;.vc_custom_1663157942451{border-radius: 15px !important;}&#8221;][\/vc_column][vc_column width=&#8221;1\/4&#8243;][vc_row_inner el_class=&#8221;overlap-left&#8221;][vc_column_inner][vc_cta h2=&#8221;Biodesign &#8211; GaLaBau 2022 Exhibition&#8221; h4=&#8221;Nuremberg&#8221; shape=&#8221;round&#8221; color=&#8221;chino&#8221; add_button=&#8221;bottom&#8221; btn_title=&#8221;Achetez votre acc\u00e8s&#8221; btn_shape=&#8221;round&#8221; btn_color=&#8221;chino&#8221; btn_i_icon_fontawesome=&#8221;fas fa-chevron-circle-right&#8221; btn_add_icon=&#8221;true&#8221; btn_link=&#8221;url:https%3A%2F%2Fwww.galabau-messe.com%2F|target:_blank&#8221;]Venez nous rendre visite au <strong>GaLaBau Exhibition<\/strong> \u00e0 Nuremberg (Allemagne) <strong>du 14 au 17 septembre<\/strong>. Vous pouvez nous retrouver au <strong>Hall 3A, stand 619<\/strong>.<\/p>\n<p>Biodesign vous attend\u00a0![\/vc_cta][\/vc_column_inner][\/vc_row_inner][\/vc_column][\/vc_row][vc_row full_width=&#8221;stretch_row_content&#8221;][vc_column width=&#8221;1\/4&#8243;][vc_single_image image=&#8221;9919764&#8243; img_size=&#8221;medium&#8221; alignment=&#8221;right&#8221;][\/vc_column][vc_column width=&#8221;1\/4&#8243;][vc_row_inner el_class=&#8221;overlap-left&#8221;][vc_column_inner][vc_cta h2=&#8221;Antonio Filippi &#8211; Nomm\u00e9 PDG de Biodesign S.p.A.&#8221; h4=&#8221;Rencontrez le nouveau PDG de Biodesign S.p.A.&#8221; shape=&#8221;round&#8221; color=&#8221;chino&#8221; add_button=&#8221;bottom&#8221; btn_title=&#8221;D\u00e9couvrez plus&#8221; btn_shape=&#8221;round&#8221; btn_color=&#8221;chino&#8221; btn_i_icon_fontawesome=&#8221;fas fa-chevron-circle-right&#8221; btn_add_icon=&#8221;true&#8221; btn_link=&#8221;url:http%3A%2F%2Flinkedin.com%2Fin%2Fantonio-filippi-3b39a81a|target:_blank&#8221; btn_el_class=&#8221;blu&#8221;]En juillet 2022, l\u2019<strong>ing\u00e9nieur<\/strong> <strong>Antonio Filippi<\/strong> a rejoint Biodesign en tant que <strong>PDG<\/strong>. Apr\u00e8s quinze ans d\u2019exp\u00e9rience chez DAB, il a d\u00e9cid\u00e9 de relever un nouveau d\u00e9fi et de \u00ab\u00a0plonger\u00a0\u00bb dans le monde des piscines, se pla\u00e7ant \u00e0 la t\u00eate de l\u2019une des entreprises les plus novatrices du secteur.<\/p>\n<p>Le PDG Antonio Filippi a d\u00e9clar\u00e9 qu\u2019il \u00e9tait extr\u00eamement enthousiaste \u00e0 l\u2019id\u00e9e de se lancer dans cette nouvelle aventure, tant personnelle que professionnelle. Il estime que Biodesign est une jeune entreprise aux perspectives de croissance rapide, porteuse d\u2019une <strong>exp\u00e9rience innovante en mati\u00e8re de piscine<\/strong>.<\/p>\n<p>M.Filippi a conclu en disant que Biodesign envisage l\u2019avenir avec optimisme, en s\u2019engageant \u00e0 se d\u00e9velopper outre-mer et en se consacrant \u00e0 l\u2019exportation de sa nouvelle vision de la piscine.[\/vc_cta][\/vc_column_inner][\/vc_row_inner][\/vc_column][vc_column width=&#8221;1\/4&#8243;][vc_single_image image=&#8221;9919755&#8243; style=&#8221;vc_box_rounded&#8221; css=&#8221;.vc_custom_1663689147127{border-radius: 15px !important;}&#8221;][\/vc_column][vc_column width=&#8221;1\/4&#8243;][vc_row_inner el_class=&#8221;overlap-left&#8221;][vc_column_inner][vc_cta h2=&#8221;Biodesign s\u2019agrandit!&#8221; h4=&#8221;Star Capital, fonds d\u2019investissement priv\u00e9, entre dans le capital de l\u2019entreprise&#8221; shape=&#8221;round&#8221; color=&#8221;chino&#8221; add_button=&#8221;bottom&#8221; btn_title=&#8221;D\u00e9couvrez plus&#8221; btn_shape=&#8221;round&#8221; btn_color=&#8221;chino&#8221; btn_i_icon_fontawesome=&#8221;fas fa-chevron-circle-right&#8221; btn_add_icon=&#8221;true&#8221; btn_link=&#8221;url:https%3A%2F%2Flegalcommunity.it%2Fstar-capital-api-italia-biodesign-studi%2F|target:_blank&#8221;]En 2021, <strong>Star Capital<\/strong>, un fonds d\u2019investissement priv\u00e9 bas\u00e9 \u00e0 Milan, a d\u00e9cid\u00e9 de reprendre la participation majoritaire du groupe A.p.i. Italia SRL, cr\u00e9ant ainsi <strong>Biodesign S.p.A<\/strong>.<\/p>\n<p>Gr\u00e2ce \u00e0 cette acquisition, Biodesign entrera sur le march\u00e9 mondial avec des investissements importants, renfor\u00e7ant ainsi sa pr\u00e9sence dans le secteur des piscines.[\/vc_cta][\/vc_column_inner][\/vc_row_inner][\/vc_column][\/vc_row][vc_row full_width=&#8221;stretch_row_content&#8221;][vc_column width=&#8221;1\/4&#8243;][vc_single_image image=&#8221;9914659&#8243; style=&#8221;vc_box_rounded&#8221; css=&#8221;.vc_custom_1663601039829{border-radius: 15px !important;}&#8221;][\/vc_column][vc_column width=&#8221;1\/4&#8243;][vc_row_inner el_class=&#8221;overlap-left&#8221;][vc_column_inner][vc_cta h2=&#8221;Une piscine Biodesign au c\u0153ur des collines eugan\u00e9ennes&#8221; h4=&#8221;H\u00f4tel Relilax &#8211; Montegrotto Terme&#8221; shape=&#8221;round&#8221; color=&#8221;chino&#8221; add_button=&#8221;bottom&#8221; btn_title=&#8221;D\u00e9couvrez plus&#8221; btn_shape=&#8221;round&#8221; btn_color=&#8221;chino&#8221; btn_i_icon_fontawesome=&#8221;fas fa-chevron-circle-right&#8221; btn_add_icon=&#8221;true&#8221; btn_link=&#8221;url:https%3A%2F%2Fwww.relilax.it%2Fp%2Fpiscina-allaperto-le-palme-unica-a-montegrotto-terme-ed-abano%2F|target:_blank&#8221; btn_el_class=&#8221;blu&#8221;]<strong>Relilax<\/strong> est la premi\u00e8re <em>beauty farm<\/em>, en termes d\u2019histoire et de taille, en Italie. Depuis 1982, elle est install\u00e9 dans l\u2019un des h\u00f4tels thermaux les plus r\u00e9put\u00e9s, l\u2019H\u00f4tel Terme Miramonti \u00e0 Montegrotto, sur les collines eugan\u00e9ennes, \u00e0 quinze kilom\u00e8tres de Padoue, g\u00e9r\u00e9 par la famille historique d\u2019h\u00f4teliers Braggion.<\/p>\n<p>Cet h\u00f4tel est devenu le meilleur endroit pour profiter d\u2019une piscine <strong>Biodesign ouverte 365 jours par an<\/strong>![\/vc_cta][\/vc_column_inner][\/vc_row_inner][\/vc_column][vc_column width=&#8221;1\/4&#8243;][vc_single_image image=&#8221;9919045&#8243; style=&#8221;vc_box_rounded&#8221; css=&#8221;.vc_custom_1663343584820{border-radius: 15px !important;}&#8221;][\/vc_column][vc_column width=&#8221;1\/4&#8243;][vc_row_inner el_class=&#8221;overlap-left&#8221;][vc_column_inner][vc_cta h2=&#8221;Nagez en toute s\u00e9curit\u00e9 et tranquillit\u00e9 avec Microban!&#8221; h4=&#8221;Biodesign et Microban\u00ae &#8211; R\u00e9sines antibact\u00e9riennes&#8221; shape=&#8221;round&#8221; color=&#8221;chino&#8221; add_button=&#8221;bottom&#8221; btn_title=&#8221;D\u00e9couvrez plus&#8221; btn_shape=&#8221;round&#8221; btn_color=&#8221;chino&#8221; btn_i_icon_fontawesome=&#8221;fas fa-chevron-circle-right&#8221; btn_add_icon=&#8221;true&#8221; btn_link=&#8221;url:https%3A%2F%2Fwww.microban.com%2Fit%2Fbiodesign-pools-antibacterial-resin-paving-system-swimming-pools|target:_blank&#8221;]Biodesign est partenaire de <strong>Microban International<\/strong> dans la cr\u00e9ation d\u2019un syst\u00e8me de rev\u00eatement structurel compos\u00e9 de <strong>r\u00e9sines antibact\u00e9riennes<\/strong>.<\/p>\n<p>La protection <strong>Microban\u00ae SilverShield\u00ae<\/strong> s\u2019ajoute \u00e0 la technologie Biodesign d\u00e8s la phase de production. Apr\u00e8s l\u2019application sur la piscine, la formule sp\u00e9ciale offre une protection continue aux surfaces <strong>contre la prolif\u00e9ration bact\u00e9rienne<\/strong> et la d\u00e9t\u00e9rioration ult\u00e9rieure des mat\u00e9riaux.[\/vc_cta][\/vc_column_inner][\/vc_row_inner][\/vc_column][\/vc_row]<\/p>\n","protected":false},"excerpt":{"rendered":"<p>[vc_row full_width=&#8221;stretch_row&#8221; video_bg=&#8221;yes&#8221; video_bg_url=&#8221;https:\/\/www.youtube.com\/watch?v=5IbMAuMGWTg&#8221;][vc_column width=&#8221;1\/2&#8243;][vc_single_image image=&#8221;9920146&#8243; img_size=&#8221;large&#8221; alignment=&#8221;right&#8221; css=&#8221;.vc_custom_1671120910291{margin-top: 30px !important;}&#8221;][\/vc_column][vc_column width=&#8221;1\/2&#8243;][vc_row_inner equal_height=&#8221;yes&#8221; el_class=&#8221;overlap-left&#8221;][vc_column_inner][vc_cta h2=&#8221;Les derni\u00e8res nouvelles du monde Biodesign !&#8221; h4=&#8221;#thelivingpool&#8221; shape=&#8221;round&#8221; style=&#8221;custom&#8221; el_class=&#8221;overlap-left&#8221; custom_background=&#8221;#f2f2f2&#8243; custom_text=&#8221;#cec2ab&#8221;] Soyez inform\u00e9 des derni\u00e8res nouvelles du monde Biodesign ! Vous trouverez de nombreux nouveaux contenus dans la section Biodesign News: Nouvelles r\u00e9alisations. Nouveaut\u00e9s dans les produits Biodesign. Objectifs [&hellip;]<\/p>\n","protected":false},"author":3,"featured_media":0,"parent":0,"menu_order":0,"comment_status":"closed","ping_status":"closed","template":"","meta":{"footnotes":""},"class_list":["post-9920173","page","type-page","status-publish","hentry"],"yoast_head":"<!-- This site is optimized with the Yoast SEO plugin v27.4 - https:\/\/yoast.com\/product\/yoast-seo-wordpress\/ -->\n<title>Biodesign News | Biodesign Pools<\/title>\n<meta name=\"robots\" content=\"index, follow, max-snippet:-1, max-image-preview:large, max-video-preview:-1\" \/>\n<link rel=\"canonical\" href=\"https:\/\/bio.design\/fr\/biodesign-news\/\" \/>\n<meta property=\"og:locale\" content=\"fr_FR\" \/>\n<meta property=\"og:type\" content=\"article\" \/>\n<meta property=\"og:title\" content=\"Biodesign News | Biodesign Pools\" \/>\n<meta property=\"og:description\" content=\"[vc_row full_width=&#8221;stretch_row&#8221; video_bg=&#8221;yes&#8221; video_bg_url=&#8221;https:\/\/www.youtube.com\/watch?v=5IbMAuMGWTg&#8221;][vc_column width=&#8221;1\/2&#8243;][vc_single_image image=&#8221;9920146&#8243; img_size=&#8221;large&#8221; alignment=&#8221;right&#8221; css=&#8221;.vc_custom_1671120910291{margin-top: 30px !important;}&#8221;][\/vc_column][vc_column width=&#8221;1\/2&#8243;][vc_row_inner equal_height=&#8221;yes&#8221; el_class=&#8221;overlap-left&#8221;][vc_column_inner][vc_cta h2=&#8221;Les derni\u00e8res nouvelles du monde Biodesign !&#8221; h4=&#8221;#thelivingpool&#8221; shape=&#8221;round&#8221; style=&#8221;custom&#8221; el_class=&#8221;overlap-left&#8221; custom_background=&#8221;#f2f2f2&#8243; custom_text=&#8221;#cec2ab&#8221;] Soyez inform\u00e9 des derni\u00e8res nouvelles du monde Biodesign ! Vous trouverez de nombreux nouveaux contenus dans la section Biodesign News: Nouvelles r\u00e9alisations. Nouveaut\u00e9s dans les produits Biodesign. Objectifs [&hellip;]\" \/>\n<meta property=\"og:url\" content=\"https:\/\/bio.design\/fr\/biodesign-news\/\" \/>\n<meta property=\"og:site_name\" content=\"Biodesign Pools\" \/>\n<meta property=\"article:publisher\" content=\"https:\/\/www.facebook.com\/PiscineBiodesign\/\" \/>\n<meta property=\"article:modified_time\" content=\"2022-12-15T16:15:16+00:00\" \/>\n<meta name=\"twitter:card\" content=\"summary_large_image\" \/>\n<meta name=\"twitter:site\" content=\"@BIODESIGNPOOLS\" \/>\n<meta name=\"twitter:label1\" content=\"Dur\u00e9e de lecture estim\u00e9e\" \/>\n\t<meta name=\"twitter:data1\" content=\"8 minutes\" \/>\n<script type=\"application\/ld+json\" class=\"yoast-schema-graph\">{\"@context\":\"https:\\\/\\\/schema.org\",\"@graph\":[{\"@type\":\"WebPage\",\"@id\":\"https:\\\/\\\/bio.design\\\/fr\\\/biodesign-news\\\/\",\"url\":\"https:\\\/\\\/bio.design\\\/fr\\\/biodesign-news\\\/\",\"name\":\"Biodesign News | Biodesign Pools\",\"isPartOf\":{\"@id\":\"https:\\\/\\\/bio.design\\\/#website\"},\"datePublished\":\"2022-12-15T15:19:45+00:00\",\"dateModified\":\"2022-12-15T16:15:16+00:00\",\"breadcrumb\":{\"@id\":\"https:\\\/\\\/bio.design\\\/fr\\\/biodesign-news\\\/#breadcrumb\"},\"inLanguage\":\"fr-FR\",\"potentialAction\":[{\"@type\":\"ReadAction\",\"target\":[\"https:\\\/\\\/bio.design\\\/fr\\\/biodesign-news\\\/\"]}]},{\"@type\":\"BreadcrumbList\",\"@id\":\"https:\\\/\\\/bio.design\\\/fr\\\/biodesign-news\\\/#breadcrumb\",\"itemListElement\":[{\"@type\":\"ListItem\",\"position\":1,\"name\":\"Home\",\"item\":\"https:\\\/\\\/bio.design\\\/fr\\\/biodesign-pools\\\/\"},{\"@type\":\"ListItem\",\"position\":2,\"name\":\"Biodesign News\"}]},{\"@type\":\"WebSite\",\"@id\":\"https:\\\/\\\/bio.design\\\/#website\",\"url\":\"https:\\\/\\\/bio.design\\\/\",\"name\":\"Biodesign Pools\",\"description\":\"The Living Pool - Natural Pools\",\"publisher\":{\"@id\":\"https:\\\/\\\/bio.design\\\/#organization\"},\"potentialAction\":[{\"@type\":\"SearchAction\",\"target\":{\"@type\":\"EntryPoint\",\"urlTemplate\":\"https:\\\/\\\/bio.design\\\/?s={search_term_string}\"},\"query-input\":{\"@type\":\"PropertyValueSpecification\",\"valueRequired\":true,\"valueName\":\"search_term_string\"}}],\"inLanguage\":\"fr-FR\"},{\"@type\":\"Organization\",\"@id\":\"https:\\\/\\\/bio.design\\\/#organization\",\"name\":\"Biodesign Pools\",\"url\":\"https:\\\/\\\/bio.design\\\/\",\"logo\":{\"@type\":\"ImageObject\",\"inLanguage\":\"fr-FR\",\"@id\":\"https:\\\/\\\/bio.design\\\/#\\\/schema\\\/logo\\\/image\\\/\",\"url\":\"https:\\\/\\\/bio.design\\\/wp-content\\\/uploads\\\/2021\\\/02\\\/Bio.design-New-Logo-Fb.jpg\",\"contentUrl\":\"https:\\\/\\\/bio.design\\\/wp-content\\\/uploads\\\/2021\\\/02\\\/Bio.design-New-Logo-Fb.jpg\",\"width\":2048,\"height\":1042,\"caption\":\"Biodesign Pools\"},\"image\":{\"@id\":\"https:\\\/\\\/bio.design\\\/#\\\/schema\\\/logo\\\/image\\\/\"},\"sameAs\":[\"https:\\\/\\\/www.facebook.com\\\/PiscineBiodesign\\\/\",\"https:\\\/\\\/x.com\\\/BIODESIGNPOOLS\",\"https:\\\/\\\/www.linkedin.com\\\/company\\\/biodesignpools\\\/\",\"https:\\\/\\\/www.youtube.com\\\/user\\\/BiodesignpoolsIT\"]}]}<\/script>\n<!-- \/ Yoast SEO plugin. -->","yoast_head_json":{"title":"Biodesign News | Biodesign Pools","robots":{"index":"index","follow":"follow","max-snippet":"max-snippet:-1","max-image-preview":"max-image-preview:large","max-video-preview":"max-video-preview:-1"},"canonical":"https:\/\/bio.design\/fr\/biodesign-news\/","og_locale":"fr_FR","og_type":"article","og_title":"Biodesign News | Biodesign Pools","og_description":"[vc_row full_width=&#8221;stretch_row&#8221; video_bg=&#8221;yes&#8221; video_bg_url=&#8221;https:\/\/www.youtube.com\/watch?v=5IbMAuMGWTg&#8221;][vc_column width=&#8221;1\/2&#8243;][vc_single_image image=&#8221;9920146&#8243; img_size=&#8221;large&#8221; alignment=&#8221;right&#8221; css=&#8221;.vc_custom_1671120910291{margin-top: 30px !important;}&#8221;][\/vc_column][vc_column width=&#8221;1\/2&#8243;][vc_row_inner equal_height=&#8221;yes&#8221; el_class=&#8221;overlap-left&#8221;][vc_column_inner][vc_cta h2=&#8221;Les derni\u00e8res nouvelles du monde Biodesign !&#8221; h4=&#8221;#thelivingpool&#8221; shape=&#8221;round&#8221; style=&#8221;custom&#8221; el_class=&#8221;overlap-left&#8221; custom_background=&#8221;#f2f2f2&#8243; custom_text=&#8221;#cec2ab&#8221;] Soyez inform\u00e9 des derni\u00e8res nouvelles du monde Biodesign ! Vous trouverez de nombreux nouveaux contenus dans la section Biodesign News: Nouvelles r\u00e9alisations. Nouveaut\u00e9s dans les produits Biodesign. Objectifs [&hellip;]","og_url":"https:\/\/bio.design\/fr\/biodesign-news\/","og_site_name":"Biodesign Pools","article_publisher":"https:\/\/www.facebook.com\/PiscineBiodesign\/","article_modified_time":"2022-12-15T16:15:16+00:00","twitter_card":"summary_large_image","twitter_site":"@BIODESIGNPOOLS","twitter_misc":{"Dur\u00e9e de lecture estim\u00e9e":"8 minutes"},"schema":{"@context":"https:\/\/schema.org","@graph":[{"@type":"WebPage","@id":"https:\/\/bio.design\/fr\/biodesign-news\/","url":"https:\/\/bio.design\/fr\/biodesign-news\/","name":"Biodesign News | Biodesign Pools","isPartOf":{"@id":"https:\/\/bio.design\/#website"},"datePublished":"2022-12-15T15:19:45+00:00","dateModified":"2022-12-15T16:15:16+00:00","breadcrumb":{"@id":"https:\/\/bio.design\/fr\/biodesign-news\/#breadcrumb"},"inLanguage":"fr-FR","potentialAction":[{"@type":"ReadAction","target":["https:\/\/bio.design\/fr\/biodesign-news\/"]}]},{"@type":"BreadcrumbList","@id":"https:\/\/bio.design\/fr\/biodesign-news\/#breadcrumb","itemListElement":[{"@type":"ListItem","position":1,"name":"Home","item":"https:\/\/bio.design\/fr\/biodesign-pools\/"},{"@type":"ListItem","position":2,"name":"Biodesign News"}]},{"@type":"WebSite","@id":"https:\/\/bio.design\/#website","url":"https:\/\/bio.design\/","name":"Biodesign Pools","description":"The Living Pool - Natural Pools","publisher":{"@id":"https:\/\/bio.design\/#organization"},"potentialAction":[{"@type":"SearchAction","target":{"@type":"EntryPoint","urlTemplate":"https:\/\/bio.design\/?s={search_term_string}"},"query-input":{"@type":"PropertyValueSpecification","valueRequired":true,"valueName":"search_term_string"}}],"inLanguage":"fr-FR"},{"@type":"Organization","@id":"https:\/\/bio.design\/#organization","name":"Biodesign Pools","url":"https:\/\/bio.design\/","logo":{"@type":"ImageObject","inLanguage":"fr-FR","@id":"https:\/\/bio.design\/#\/schema\/logo\/image\/","url":"https:\/\/bio.design\/wp-content\/uploads\/2021\/02\/Bio.design-New-Logo-Fb.jpg","contentUrl":"https:\/\/bio.design\/wp-content\/uploads\/2021\/02\/Bio.design-New-Logo-Fb.jpg","width":2048,"height":1042,"caption":"Biodesign Pools"},"image":{"@id":"https:\/\/bio.design\/#\/schema\/logo\/image\/"},"sameAs":["https:\/\/www.facebook.com\/PiscineBiodesign\/","https:\/\/x.com\/BIODESIGNPOOLS","https:\/\/www.linkedin.com\/company\/biodesignpools\/","https:\/\/www.youtube.com\/user\/BiodesignpoolsIT"]}]}},"_links":{"self":[{"href":"https:\/\/bio.design\/fr\/wp-json\/wp\/v2\/pages\/9920173","targetHints":{"allow":["GET"]}}],"collection":[{"href":"https:\/\/bio.design\/fr\/wp-json\/wp\/v2\/pages"}],"about":[{"href":"https:\/\/bio.design\/fr\/wp-json\/wp\/v2\/types\/page"}],"author":[{"embeddable":true,"href":"https:\/\/bio.design\/fr\/wp-json\/wp\/v2\/users\/3"}],"replies":[{"embeddable":true,"href":"https:\/\/bio.design\/fr\/wp-json\/wp\/v2\/comments?post=9920173"}],"version-history":[{"count":5,"href":"https:\/\/bio.design\/fr\/wp-json\/wp\/v2\/pages\/9920173\/revisions"}],"predecessor-version":[{"id":9920178,"href":"https:\/\/bio.design\/fr\/wp-json\/wp\/v2\/pages\/9920173\/revisions\/9920178"}],"wp:attachment":[{"href":"https:\/\/bio.design\/fr\/wp-json\/wp\/v2\/media?parent=9920173"}],"curies":[{"name":"wp","href":"https:\/\/api.w.org\/{rel}","templated":true}]}}