{"id":9915136,"date":"2019-04-09T12:43:19","date_gmt":"2019-04-09T11:43:19","guid":{"rendered":"https:\/\/bio.design\/?page_id=9915136"},"modified":"2025-05-19T11:58:20","modified_gmt":"2025-05-19T10:58:20","slug":"privacy-policy","status":"publish","type":"page","link":"https:\/\/bio.design\/fr\/privacy-policy\/","title":{"rendered":"Privacy Policy"},"content":{"rendered":"<p>[vc_row][vc_column][vc_column_text]<\/p>\n<h2 data-start=\"9546\" data-end=\"9583\">Politique de Confidentialit\u00e9<\/h2>\n<h3 data-start=\"9585\" data-end=\"9648\"><strong data-start=\"9585\" data-end=\"9648\">Information relative au traitement des donn\u00e9es personnelles<\/strong><\/h3>\n<p class=\"\" data-start=\"9650\" data-end=\"10149\">Cette page d\u00e9crit les modalit\u00e9s de gestion de ce site en ce qui concerne le traitement des donn\u00e9es personnelles des utilisateurs visiteurs. Il s\u2019agit d\u2019une information fournie conform\u00e9ment \u00e0 la r\u00e9glementation en vigueur sur la protection des donn\u00e9es personnelles pour les utilisateurs interagissant avec les services de ce site dans le cadre du R\u00e8glement UE 2016\/679. Cette information s\u2019applique uniquement \u00e0 ce site et non aux autres sites \u00e9ventuellement consult\u00e9s par l\u2019utilisateur via nos liens.<\/p>\n<p class=\"\" data-start=\"10151\" data-end=\"10508\">Dans cette information, nous indiquons les modalit\u00e9s selon lesquelles Biodesign S.p.A. collecte et traite les informations personnelles et non personnelles, collect\u00e9es lors de la visite du site web Bio.design, ainsi que les mesures de s\u00e9curit\u00e9 mises en place par Biodesign S.p.A. pour prot\u00e9ger et garantir la confidentialit\u00e9 des donn\u00e9es de ses utilisateurs.<\/p>\n<h3 data-start=\"10510\" data-end=\"10542\"><strong data-start=\"10510\" data-end=\"10542\">1. Responsable du traitement<\/strong><\/h3>\n<p class=\"\" data-start=\"10544\" data-end=\"11092\">Suite \u00e0 la consultation du site, des donn\u00e9es relatives \u00e0 des personnes identifi\u00e9es ou identifiables peuvent \u00eatre trait\u00e9es. Le \u00ab\u202fResponsable\u202f\u00bb de ces traitements est la soci\u00e9t\u00e9 Biodesign S.p.A. (C.F.\u202f:\u202f05842170150 \u2013 P.IVA\u202f:\u202f05842170150 \u2013 Cap.\u202fSoc. 140\u202f000\u202f\u20ac I.V. \u2013 Reg. Imp. BS n.\u202f05842170150 \u2013 T\u00e9l. +39.049.88.62.961 \/ T\u00e9l. +39.88.63.067 \u2013 Fax +39.049.88.69.414), dont le si\u00e8ge social est situ\u00e9 Galleria San Babila\u202f4\/B \u2013 20122 \u2013 Milan (MI). Le Responsable peut \u00eatre contact\u00e9 \u00e0 l\u2019adresse e-mail <a class=\"cursor-pointer\" rel=\"noopener\" data-start=\"11038\" data-end=\"11053\">info@bio.design<\/a> ou par t\u00e9l\u00e9phone au +39.049.88.62.961.<\/p>\n<h3 data-start=\"11094\" data-end=\"11131\"><strong data-start=\"11094\" data-end=\"11131\">2. Lieu de traitement des donn\u00e9es<\/strong><\/h3>\n<p class=\"\" data-start=\"11133\" data-end=\"11510\">Les traitements li\u00e9s aux services web sont assur\u00e9s exclusivement par le personnel technique du service en charge du traitement, ou par d\u2019\u00e9ventuels prestataires pour des op\u00e9rations de maintenance occasionnelles. Aucune donn\u00e9e r\u00e9sultant de l\u2019interaction sur le site Bio.design ne sera communiqu\u00e9e ou diffus\u00e9e en dehors des sujets mentionn\u00e9s au point\u202f8 de la pr\u00e9sente information.<\/p>\n<h3 data-start=\"11512\" data-end=\"11562\"><strong data-start=\"11512\" data-end=\"11562\">3. Finalit\u00e9s et bases juridiques du traitement<\/strong><\/h3>\n<p class=\"\" data-start=\"11564\" data-end=\"12051\">Les donn\u00e9es personnelles fournies par les utilisateurs soumettant des demandes ou souhaitant utiliser les services ou produits propos\u00e9s via le site, ainsi que recevoir des contenus sp\u00e9cifiques suppl\u00e9mentaires, sont utilis\u00e9es uniquement pour r\u00e9pondre aux demandes ou ex\u00e9cuter la prestation demand\u00e9e et ne sont communiqu\u00e9es \u00e0 des tiers que si cela est n\u00e9cessaire \u00e0 cette fin. La base juridique de ces traitements est l\u2019ex\u00e9cution des demandes des int\u00e9ress\u00e9s ou les accords conclus avec eux.<\/p>\n<p class=\"\" data-start=\"12053\" data-end=\"12308\">Avec le consentement expr\u00e8s de l\u2019utilisateur, les donn\u00e9es peuvent \u00eatre utilis\u00e9es \u00e0 des fins de communication commerciale concernant des offres de produits ou services suppl\u00e9mentaires du Responsable. La base juridique est le consentement librement exprim\u00e9.<\/p>\n<p class=\"\" data-start=\"12310\" data-end=\"12496\">En dehors de ces hypoth\u00e8ses, les donn\u00e9es de navigation sont conserv\u00e9es pour la dur\u00e9e strictement n\u00e9cessaire \u00e0 la gestion des activit\u00e9s de traitement, dans les limites pr\u00e9vues par la loi.<\/p>\n<p class=\"\" data-start=\"12498\" data-end=\"12680\">Biodesign S.p.A. utilisera les informations personnelles de l\u2019utilisateur afin de satisfaire la demande formul\u00e9e sur le site. Ces donn\u00e9es sont \u00e9galement trait\u00e9es aux fins suivantes\u202f:<\/p>\n<ul data-start=\"12682\" data-end=\"12901\">\n<li class=\"\" data-start=\"12682\" data-end=\"12847\">\n<p class=\"\" data-start=\"12684\" data-end=\"12847\"><strong data-start=\"12684\" data-end=\"12713\">Commerciales et marketing<\/strong>, par l\u2019envoi de courriers, e-mails ou messages concernant \u00e9v\u00e9nements, promotions et offres relatives aux piscines lagon Bio.design.<\/p>\n<\/li>\n<li class=\"\" data-start=\"12848\" data-end=\"12901\">\n<p class=\"\" data-start=\"12850\" data-end=\"12901\"><strong data-start=\"12850\" data-end=\"12901\">Respect des obligations fiscales et comptables.<\/strong><\/p>\n<\/li>\n<\/ul>\n<h3 data-start=\"12903\" data-end=\"12943\"><strong data-start=\"12903\" data-end=\"12943\">4. Mesures de protection des donn\u00e9es<\/strong><\/h3>\n<p class=\"\" data-start=\"12945\" data-end=\"13572\">Biodesign S.p.A. prot\u00e8ge toutes les informations re\u00e7ues en ligne \u00e0 l\u2019aide de syst\u00e8mes de s\u00e9curit\u00e9 d\u00e9di\u00e9s et adapt\u00e9s. Les informations personnelles sont trait\u00e9es \u00e0 l\u2019aide d\u2019outils technologiques pendant la dur\u00e9e n\u00e9cessaire pour atteindre les finalit\u00e9s du traitement. Toutefois, le Web n\u2019\u00e9tant pas un canal totalement s\u00fbr, Biodesign S.p.A., malgr\u00e9 l\u2019utilisation de mesures de protection appropri\u00e9es, peut faire l\u2019objet d\u2019attaques informatiques de la part de tiers\u202f; dans ce cas, Biodesign S.p.A., conform\u00e9ment au R\u00e8glement UE 679\/2016 (RGPD), s\u2019engage \u00e0 informer ses utilisateurs de toute violation de ses syst\u00e8mes (data breach).<\/p>\n<h3 data-start=\"13574\" data-end=\"13606\"><strong data-start=\"13574\" data-end=\"13606\">5. Types de donn\u00e9es trait\u00e9es<\/strong><\/h3>\n<h4 data-start=\"13608\" data-end=\"14696\"><strong data-start=\"13608\" data-end=\"13638\">5.1. Donn\u00e9es de navigation<\/strong><\/h4>\n<p class=\"\" data-start=\"13608\" data-end=\"14696\">Les syst\u00e8mes informatiques et proc\u00e9dures logicielles assurant le fonctionnement du site collectent, dans le cadre de leur fonctionnement normal, certaines donn\u00e9es personnelles dont la transmission est implicite dans l\u2019utilisation des protocoles de communication Internet. Il s\u2019agit d\u2019informations non collect\u00e9es pour \u00eatre associ\u00e9es \u00e0 des personnes identifi\u00e9es, mais qui pourraient, par agr\u00e9gation ou association \u00e0 des donn\u00e9es d\u00e9tenues par des tiers, permettre d\u2019identifier les utilisateurs. Entrent dans cette cat\u00e9gorie\u202f: adresses IP ou noms de domaine des ordinateurs des utilisateurs, adresses URI des ressources demand\u00e9es, date et heure de la requ\u00eate, m\u00e9thode utilis\u00e9e, taille du fichier obtenu, code num\u00e9rique de la r\u00e9ponse du serveur, param\u00e8tres relatifs au syst\u00e8me d\u2019exploitation et \u00e0 l\u2019environnement informatique. Ces donn\u00e9es sont utilis\u00e9es uniquement pour des statistiques anonymes et pour v\u00e9rifier le bon fonctionnement du site, puis supprim\u00e9es. Elles peuvent \u00eatre utilis\u00e9es pour d\u00e9terminer des responsabilit\u00e9s en cas d\u2019infractions informatiques.<\/p>\n<p class=\"\" data-start=\"14698\" data-end=\"14836\">Les donn\u00e9es utilis\u00e9es pour la personnalisation des annonces et les cookies peuvent \u00eatre exploit\u00e9es pour la publicit\u00e9 personnalis\u00e9e ou non.<\/p>\n<h4 data-start=\"14838\" data-end=\"15243\"><strong data-start=\"14838\" data-end=\"14896\">5.2. Donn\u00e9es fournies volontairement par l\u2019utilisateur<\/strong><\/h4>\n<p class=\"\" data-start=\"14838\" data-end=\"15243\">La transmission volontaire, explicite et facultative d\u2019e-mails aux adresses indiqu\u00e9es ou la compl\u00e9tion de formulaires (contact\/devis) entra\u00eene l\u2019acquisition de l\u2019adresse de l\u2019exp\u00e9diteur et de toute autre donn\u00e9e saisie. Des informations synth\u00e9tiques sp\u00e9cifiques seront progressivement affich\u00e9es sur les pages d\u00e9di\u00e9es \u00e0 des services particuliers.<\/p>\n<h4 data-start=\"15245\" data-end=\"15836\"><strong data-start=\"15245\" data-end=\"15261\">5.3. Cookies<\/strong><\/h4>\n<p class=\"\" data-start=\"15245\" data-end=\"15836\">Les cookies sont des fichiers texte d\u00e9pos\u00e9s sur le disque dur apr\u00e8s autorisation. Ils servent \u00e0 analyser le trafic ou \u00e0 signaler une visite sur un site sp\u00e9cifique et permettent aux applications web d\u2019envoyer des informations \u00e0 des utilisateurs individuels. Aucune donn\u00e9e personnelle n\u2019est collect\u00e9e \u00e0 ce titre. Aucun cookie persistant de suivi n\u2019est utilis\u00e9. Les cookies de session, strictement limit\u00e9s \u00e0 la transmission d\u2019identifiants de session al\u00e9atoires g\u00e9n\u00e9r\u00e9s par le serveur, garantissent une navigation s\u00e9curis\u00e9e et n\u2019acqui\u00e8rent aucune donn\u00e9e \u00e0 caract\u00e8re personnel.<\/p>\n<p class=\"\" data-start=\"15838\" data-end=\"16016\">L\u2019acceptation des cookies vaut consentement pour l\u2019utilisation de donn\u00e9es personnelles dans le cadre de publicit\u00e9s personnalis\u00e9es et l\u2019am\u00e9lioration de l\u2019exp\u00e9rience de navigation.<\/p>\n<h4 data-start=\"16018\" data-end=\"16281\"><strong data-start=\"16018\" data-end=\"16070\">6. Facultativit\u00e9 de la communication des donn\u00e9es<\/strong><\/h4>\n<p class=\"\" data-start=\"16018\" data-end=\"16281\">Hormis les donn\u00e9es de navigation, l\u2019utilisateur est libre de communiquer ses donn\u00e9es personnelles pour obtenir les services du Responsable. Leur absence peut rendre impossible la r\u00e9alisation de la prestation.<\/p>\n<h4 data-start=\"16283\" data-end=\"16678\"><strong data-start=\"16283\" data-end=\"16338\">7. Modalit\u00e9s de traitement et dur\u00e9e de conservation<\/strong><\/h4>\n<p class=\"\" data-start=\"16283\" data-end=\"16678\">Les donn\u00e9es sont trait\u00e9es par des moyens automatis\u00e9s le temps strictement n\u00e9cessaire \u00e0 l\u2019atteinte des finalit\u00e9s. Des mesures de s\u00e9curit\u00e9 sont appliqu\u00e9es pour pr\u00e9venir perte, usage illicite ou acc\u00e8s non autoris\u00e9. \u00c0 l\u2019issue de la conservation, les donn\u00e9es sont supprim\u00e9es, sauf en cas d\u2019obligations l\u00e9gales ou pour faire valoir des droits.<\/p>\n<h4 data-start=\"16680\" data-end=\"16769\"><strong data-start=\"16680\" data-end=\"16712\">8. Communication des donn\u00e9es<\/strong><\/h4>\n<p class=\"\" data-start=\"16680\" data-end=\"16769\">Vos donn\u00e9es personnelles peuvent \u00eatre communiqu\u00e9es \u00e0\u202f:<\/p>\n<ul data-start=\"16771\" data-end=\"17507\">\n<li class=\"\" data-start=\"16771\" data-end=\"16803\">\n<p class=\"\" data-start=\"16773\" data-end=\"16803\">Employ\u00e9s de Biodesign S.p.A.<\/p>\n<\/li>\n<li class=\"\" data-start=\"16804\" data-end=\"16820\">\n<p class=\"\" data-start=\"16806\" data-end=\"16820\">Int\u00e9rimaires<\/p>\n<\/li>\n<li class=\"\" data-start=\"16821\" data-end=\"16836\">\n<p class=\"\" data-start=\"16823\" data-end=\"16836\">Consultants<\/p>\n<\/li>\n<li class=\"\" data-start=\"16837\" data-end=\"16859\">\n<p class=\"\" data-start=\"16839\" data-end=\"16859\">Agents commerciaux<\/p>\n<\/li>\n<li class=\"\" data-start=\"16860\" data-end=\"16913\">\n<p class=\"\" data-start=\"16862\" data-end=\"16913\">Concessionnaires agr\u00e9\u00e9s Biodesign Pools et Mylago<\/p>\n<\/li>\n<li class=\"\" data-start=\"16914\" data-end=\"16939\">\n<p class=\"\" data-start=\"16916\" data-end=\"16939\">Soci\u00e9t\u00e9s de transport<\/p>\n<\/li>\n<li class=\"\" data-start=\"16940\" data-end=\"16960\">\n<p class=\"\" data-start=\"16942\" data-end=\"16960\">Services postaux<\/p>\n<\/li>\n<li class=\"\" data-start=\"16961\" data-end=\"17018\">\n<p class=\"\" data-start=\"16963\" data-end=\"17018\">Entit\u00e9s traitant des donn\u00e9es pour obligations l\u00e9gales<\/p>\n<\/li>\n<li class=\"\" data-start=\"17019\" data-end=\"17095\">\n<p class=\"\" data-start=\"17021\" data-end=\"17095\">Personnes physiques ou morales \u00e0 finalit\u00e9s commerciales ou informatiques<\/p>\n<\/li>\n<li class=\"\" data-start=\"17096\" data-end=\"17148\">\n<p class=\"\" data-start=\"17098\" data-end=\"17148\">Prestataires externes agissant pour notre compte<\/p>\n<\/li>\n<li class=\"\" data-start=\"17149\" data-end=\"17271\">\n<p class=\"\" data-start=\"17151\" data-end=\"17271\">Plateformes web pour marketing et r\u00e9seaux sociaux (Google, Facebook, Instagram, Twitter, Pinterest, LinkedIn, YouTube)<\/p>\n<\/li>\n<li class=\"\" data-start=\"17272\" data-end=\"17409\">\n<p class=\"\" data-start=\"17274\" data-end=\"17409\">La plateforme Google n\u2019utilise les donn\u00e9es qu\u2019avec consentement expr\u00e8s. Voir\u202f: <a class=\"\" href=\"https:\/\/policies.google.com\/technologies\/partner-sites\" target=\"_new\" rel=\"noopener\" data-start=\"17353\" data-end=\"17407\">https:\/\/policies.google.com\/technologies\/partner-sites<\/a><\/p>\n<\/li>\n<li class=\"\" data-start=\"17410\" data-end=\"17439\">\n<p class=\"\" data-start=\"17412\" data-end=\"17439\">Logiciel CRM \u201cTeamleader\u201d<\/p>\n<\/li>\n<li class=\"\" data-start=\"17440\" data-end=\"17507\">\n<p class=\"\" data-start=\"17442\" data-end=\"17507\">Autorit\u00e9s judiciaires ou administratives pour obligations l\u00e9gales<\/p>\n<\/li>\n<\/ul>\n<h4 data-start=\"17509\" data-end=\"17706\"><strong data-start=\"17509\" data-end=\"17538\">9. Profilage et diffusion<\/strong><\/h4>\n<p class=\"\" data-start=\"17509\" data-end=\"17706\">Vos donn\u00e9es peuvent \u00eatre trait\u00e9es manuellement ou automatiquement \u00e0 des fins de marketing et publicit\u00e9, afin d\u2019adapter votre exp\u00e9rience de navigation \u00e0 vos int\u00e9r\u00eats.<\/p>\n<h4 data-start=\"17708\" data-end=\"17814\"><strong data-start=\"17708\" data-end=\"17747\">10. Droits des personnes concern\u00e9es<\/strong><\/h4>\n<p class=\"\" data-start=\"17708\" data-end=\"17814\">Dans les limites de la loi, vous pouvez obtenir du Responsable\u202f:<\/p>\n<ol data-start=\"17816\" data-end=\"18554\">\n<li class=\"\" data-start=\"17816\" data-end=\"18282\">\n<p class=\"\" data-start=\"17819\" data-end=\"17870\">Confirmation du traitement et acc\u00e8s aux donn\u00e9es\u202f:<\/p>\n<ul data-start=\"17874\" data-end=\"18282\">\n<li class=\"\" data-start=\"17874\" data-end=\"17901\">\n<p class=\"\" data-start=\"17876\" data-end=\"17901\">Finalit\u00e9s du traitement<\/p>\n<\/li>\n<li class=\"\" data-start=\"17905\" data-end=\"17930\">\n<p class=\"\" data-start=\"17907\" data-end=\"17930\">Cat\u00e9gories de donn\u00e9es<\/p>\n<\/li>\n<li class=\"\" data-start=\"17934\" data-end=\"17982\">\n<p class=\"\" data-start=\"17936\" data-end=\"17982\">Destinataires ou cat\u00e9gories de destinataires<\/p>\n<\/li>\n<li class=\"\" data-start=\"17986\" data-end=\"18023\">\n<p class=\"\" data-start=\"17988\" data-end=\"18023\">Dur\u00e9e de conservation ou crit\u00e8res<\/p>\n<\/li>\n<li class=\"\" data-start=\"18027\" data-end=\"18089\">\n<p class=\"\" data-start=\"18029\" data-end=\"18089\">Droit de rectification, effacement, limitation, opposition<\/p>\n<\/li>\n<li class=\"\" data-start=\"18093\" data-end=\"18154\">\n<p class=\"\" data-start=\"18095\" data-end=\"18154\">Droit de porter plainte aupr\u00e8s d\u2019une autorit\u00e9 de contr\u00f4le<\/p>\n<\/li>\n<li class=\"\" data-start=\"18158\" data-end=\"18215\">\n<p class=\"\" data-start=\"18160\" data-end=\"18215\">Origine des donn\u00e9es, si non collect\u00e9es aupr\u00e8s de vous<\/p>\n<\/li>\n<li class=\"\" data-start=\"18219\" data-end=\"18282\">\n<p class=\"\" data-start=\"18221\" data-end=\"18282\">Existence de d\u00e9cisions automatis\u00e9es, y compris le profilage<\/p>\n<\/li>\n<\/ul>\n<\/li>\n<li class=\"\" data-start=\"18284\" data-end=\"18347\">\n<p class=\"\" data-start=\"18287\" data-end=\"18347\">Rectification des donn\u00e9es inexactes sans d\u00e9lai injustifi\u00e9.<\/p>\n<\/li>\n<li class=\"\" data-start=\"18348\" data-end=\"18417\">\n<p class=\"\" data-start=\"18351\" data-end=\"18417\">Effacement des donn\u00e9es (\u201cdroit \u00e0 l\u2019oubli\u201d) selon l\u2019art.\u202f17 RGPD.<\/p>\n<\/li>\n<li class=\"\" data-start=\"18418\" data-end=\"18469\">\n<p class=\"\" data-start=\"18421\" data-end=\"18469\">Limitation du traitement selon l\u2019art.\u202f18 RGPD.<\/p>\n<\/li>\n<li class=\"\" data-start=\"18470\" data-end=\"18554\">\n<p class=\"\" data-start=\"18473\" data-end=\"18554\">Portabilit\u00e9 des donn\u00e9es dans un format structur\u00e9 et lisible selon l\u2019art.\u202f20 RGPD.<\/p>\n<\/li>\n<\/ol>\n<p class=\"\" data-start=\"18556\" data-end=\"18608\">Pour exercer vos droits, contactez\u202f: <a class=\"cursor-pointer\" rel=\"noopener\" data-start=\"18593\" data-end=\"18608\">info@bio.design<\/a><\/p>\n<p class=\"\" data-start=\"18610\" data-end=\"18707\">La pr\u00e9sente version de la politique de confidentialit\u00e9 a \u00e9t\u00e9 mise \u00e0 jour le <strong data-start=\"18686\" data-end=\"18706\">30 d\u00e9cembre 2023<\/strong>.<\/p>\n<p>[\/vc_column_text][\/vc_column][\/vc_row]<\/p>\n","protected":false},"excerpt":{"rendered":"<p>[vc_row][vc_column][vc_column_text] Politique de Confidentialit\u00e9 Information relative au traitement des donn\u00e9es personnelles Cette page d\u00e9crit les modalit\u00e9s de gestion de ce site en ce qui concerne le traitement des donn\u00e9es personnelles des utilisateurs visiteurs. Il s\u2019agit d\u2019une information fournie conform\u00e9ment \u00e0 la r\u00e9glementation en vigueur sur la protection des donn\u00e9es personnelles pour les utilisateurs interagissant avec [&hellip;]<\/p>\n","protected":false},"author":3,"featured_media":0,"parent":0,"menu_order":0,"comment_status":"closed","ping_status":"open","template":"","meta":{"footnotes":""},"class_list":["post-9915136","page","type-page","status-publish","hentry"],"yoast_head":"<!-- This site is optimized with the Yoast SEO plugin v27.3 - https:\/\/yoast.com\/product\/yoast-seo-wordpress\/ -->\n<title>Privacy Policy | Biodesign Pools<\/title>\n<meta name=\"robots\" content=\"index, follow, max-snippet:-1, max-image-preview:large, max-video-preview:-1\" \/>\n<link rel=\"canonical\" href=\"https:\/\/bio.design\/fr\/privacy-policy\/\" \/>\n<meta property=\"og:locale\" content=\"fr_FR\" \/>\n<meta property=\"og:type\" content=\"article\" \/>\n<meta property=\"og:title\" content=\"Privacy Policy | Biodesign Pools\" \/>\n<meta property=\"og:description\" content=\"[vc_row][vc_column][vc_column_text] Politique de Confidentialit\u00e9 Information relative au traitement des donn\u00e9es personnelles Cette page d\u00e9crit les modalit\u00e9s de gestion de ce site en ce qui concerne le traitement des donn\u00e9es personnelles des utilisateurs visiteurs. Il s\u2019agit d\u2019une information fournie conform\u00e9ment \u00e0 la r\u00e9glementation en vigueur sur la protection des donn\u00e9es personnelles pour les utilisateurs interagissant avec [&hellip;]\" \/>\n<meta property=\"og:url\" content=\"https:\/\/bio.design\/fr\/privacy-policy\/\" \/>\n<meta property=\"og:site_name\" content=\"Biodesign Pools\" \/>\n<meta property=\"article:publisher\" content=\"https:\/\/www.facebook.com\/PiscineBiodesign\/\" \/>\n<meta property=\"article:modified_time\" content=\"2025-05-19T10:58:20+00:00\" \/>\n<meta name=\"twitter:card\" content=\"summary_large_image\" \/>\n<meta name=\"twitter:site\" content=\"@BIODESIGNPOOLS\" \/>\n<meta name=\"twitter:label1\" content=\"Dur\u00e9e de lecture estim\u00e9e\" \/>\n\t<meta name=\"twitter:data1\" content=\"7 minutes\" \/>\n<script type=\"application\/ld+json\" class=\"yoast-schema-graph\">{\"@context\":\"https:\\\/\\\/schema.org\",\"@graph\":[{\"@type\":\"WebPage\",\"@id\":\"https:\\\/\\\/bio.design\\\/fr\\\/privacy-policy\\\/\",\"url\":\"https:\\\/\\\/bio.design\\\/fr\\\/privacy-policy\\\/\",\"name\":\"Privacy Policy | Biodesign Pools\",\"isPartOf\":{\"@id\":\"https:\\\/\\\/bio.design\\\/#website\"},\"datePublished\":\"2019-04-09T11:43:19+00:00\",\"dateModified\":\"2025-05-19T10:58:20+00:00\",\"breadcrumb\":{\"@id\":\"https:\\\/\\\/bio.design\\\/fr\\\/privacy-policy\\\/#breadcrumb\"},\"inLanguage\":\"fr-FR\",\"potentialAction\":[{\"@type\":\"ReadAction\",\"target\":[\"https:\\\/\\\/bio.design\\\/fr\\\/privacy-policy\\\/\"]}]},{\"@type\":\"BreadcrumbList\",\"@id\":\"https:\\\/\\\/bio.design\\\/fr\\\/privacy-policy\\\/#breadcrumb\",\"itemListElement\":[{\"@type\":\"ListItem\",\"position\":1,\"name\":\"Home\",\"item\":\"https:\\\/\\\/bio.design\\\/fr\\\/biodesign-pools\\\/\"},{\"@type\":\"ListItem\",\"position\":2,\"name\":\"Privacy Policy\"}]},{\"@type\":\"WebSite\",\"@id\":\"https:\\\/\\\/bio.design\\\/#website\",\"url\":\"https:\\\/\\\/bio.design\\\/\",\"name\":\"Biodesign Pools\",\"description\":\"The Living Pool - Natural Pools\",\"publisher\":{\"@id\":\"https:\\\/\\\/bio.design\\\/#organization\"},\"potentialAction\":[{\"@type\":\"SearchAction\",\"target\":{\"@type\":\"EntryPoint\",\"urlTemplate\":\"https:\\\/\\\/bio.design\\\/?s={search_term_string}\"},\"query-input\":{\"@type\":\"PropertyValueSpecification\",\"valueRequired\":true,\"valueName\":\"search_term_string\"}}],\"inLanguage\":\"fr-FR\"},{\"@type\":\"Organization\",\"@id\":\"https:\\\/\\\/bio.design\\\/#organization\",\"name\":\"Biodesign Pools\",\"url\":\"https:\\\/\\\/bio.design\\\/\",\"logo\":{\"@type\":\"ImageObject\",\"inLanguage\":\"fr-FR\",\"@id\":\"https:\\\/\\\/bio.design\\\/#\\\/schema\\\/logo\\\/image\\\/\",\"url\":\"https:\\\/\\\/bio.design\\\/wp-content\\\/uploads\\\/2021\\\/02\\\/Bio.design-New-Logo-Fb.jpg\",\"contentUrl\":\"https:\\\/\\\/bio.design\\\/wp-content\\\/uploads\\\/2021\\\/02\\\/Bio.design-New-Logo-Fb.jpg\",\"width\":2048,\"height\":1042,\"caption\":\"Biodesign Pools\"},\"image\":{\"@id\":\"https:\\\/\\\/bio.design\\\/#\\\/schema\\\/logo\\\/image\\\/\"},\"sameAs\":[\"https:\\\/\\\/www.facebook.com\\\/PiscineBiodesign\\\/\",\"https:\\\/\\\/x.com\\\/BIODESIGNPOOLS\",\"https:\\\/\\\/www.linkedin.com\\\/company\\\/biodesignpools\\\/\",\"https:\\\/\\\/www.youtube.com\\\/user\\\/BiodesignpoolsIT\"]}]}<\/script>\n<!-- \/ Yoast SEO plugin. -->","yoast_head_json":{"title":"Privacy Policy | Biodesign Pools","robots":{"index":"index","follow":"follow","max-snippet":"max-snippet:-1","max-image-preview":"max-image-preview:large","max-video-preview":"max-video-preview:-1"},"canonical":"https:\/\/bio.design\/fr\/privacy-policy\/","og_locale":"fr_FR","og_type":"article","og_title":"Privacy Policy | Biodesign Pools","og_description":"[vc_row][vc_column][vc_column_text] Politique de Confidentialit\u00e9 Information relative au traitement des donn\u00e9es personnelles Cette page d\u00e9crit les modalit\u00e9s de gestion de ce site en ce qui concerne le traitement des donn\u00e9es personnelles des utilisateurs visiteurs. Il s\u2019agit d\u2019une information fournie conform\u00e9ment \u00e0 la r\u00e9glementation en vigueur sur la protection des donn\u00e9es personnelles pour les utilisateurs interagissant avec [&hellip;]","og_url":"https:\/\/bio.design\/fr\/privacy-policy\/","og_site_name":"Biodesign Pools","article_publisher":"https:\/\/www.facebook.com\/PiscineBiodesign\/","article_modified_time":"2025-05-19T10:58:20+00:00","twitter_card":"summary_large_image","twitter_site":"@BIODESIGNPOOLS","twitter_misc":{"Dur\u00e9e de lecture estim\u00e9e":"7 minutes"},"schema":{"@context":"https:\/\/schema.org","@graph":[{"@type":"WebPage","@id":"https:\/\/bio.design\/fr\/privacy-policy\/","url":"https:\/\/bio.design\/fr\/privacy-policy\/","name":"Privacy Policy | Biodesign Pools","isPartOf":{"@id":"https:\/\/bio.design\/#website"},"datePublished":"2019-04-09T11:43:19+00:00","dateModified":"2025-05-19T10:58:20+00:00","breadcrumb":{"@id":"https:\/\/bio.design\/fr\/privacy-policy\/#breadcrumb"},"inLanguage":"fr-FR","potentialAction":[{"@type":"ReadAction","target":["https:\/\/bio.design\/fr\/privacy-policy\/"]}]},{"@type":"BreadcrumbList","@id":"https:\/\/bio.design\/fr\/privacy-policy\/#breadcrumb","itemListElement":[{"@type":"ListItem","position":1,"name":"Home","item":"https:\/\/bio.design\/fr\/biodesign-pools\/"},{"@type":"ListItem","position":2,"name":"Privacy Policy"}]},{"@type":"WebSite","@id":"https:\/\/bio.design\/#website","url":"https:\/\/bio.design\/","name":"Biodesign Pools","description":"The Living Pool - Natural Pools","publisher":{"@id":"https:\/\/bio.design\/#organization"},"potentialAction":[{"@type":"SearchAction","target":{"@type":"EntryPoint","urlTemplate":"https:\/\/bio.design\/?s={search_term_string}"},"query-input":{"@type":"PropertyValueSpecification","valueRequired":true,"valueName":"search_term_string"}}],"inLanguage":"fr-FR"},{"@type":"Organization","@id":"https:\/\/bio.design\/#organization","name":"Biodesign Pools","url":"https:\/\/bio.design\/","logo":{"@type":"ImageObject","inLanguage":"fr-FR","@id":"https:\/\/bio.design\/#\/schema\/logo\/image\/","url":"https:\/\/bio.design\/wp-content\/uploads\/2021\/02\/Bio.design-New-Logo-Fb.jpg","contentUrl":"https:\/\/bio.design\/wp-content\/uploads\/2021\/02\/Bio.design-New-Logo-Fb.jpg","width":2048,"height":1042,"caption":"Biodesign Pools"},"image":{"@id":"https:\/\/bio.design\/#\/schema\/logo\/image\/"},"sameAs":["https:\/\/www.facebook.com\/PiscineBiodesign\/","https:\/\/x.com\/BIODESIGNPOOLS","https:\/\/www.linkedin.com\/company\/biodesignpools\/","https:\/\/www.youtube.com\/user\/BiodesignpoolsIT"]}]}},"_links":{"self":[{"href":"https:\/\/bio.design\/fr\/wp-json\/wp\/v2\/pages\/9915136","targetHints":{"allow":["GET"]}}],"collection":[{"href":"https:\/\/bio.design\/fr\/wp-json\/wp\/v2\/pages"}],"about":[{"href":"https:\/\/bio.design\/fr\/wp-json\/wp\/v2\/types\/page"}],"author":[{"embeddable":true,"href":"https:\/\/bio.design\/fr\/wp-json\/wp\/v2\/users\/3"}],"replies":[{"embeddable":true,"href":"https:\/\/bio.design\/fr\/wp-json\/wp\/v2\/comments?post=9915136"}],"version-history":[{"count":2,"href":"https:\/\/bio.design\/fr\/wp-json\/wp\/v2\/pages\/9915136\/revisions"}],"predecessor-version":[{"id":9930408,"href":"https:\/\/bio.design\/fr\/wp-json\/wp\/v2\/pages\/9915136\/revisions\/9930408"}],"wp:attachment":[{"href":"https:\/\/bio.design\/fr\/wp-json\/wp\/v2\/media?parent=9915136"}],"curies":[{"name":"wp","href":"https:\/\/api.w.org\/{rel}","templated":true}]}}