{"id":9914088,"date":"2019-03-12T15:24:38","date_gmt":"2019-03-12T15:24:38","guid":{"rendered":"https:\/\/bio.design\/diventa-rivenditore-biodesign\/"},"modified":"2020-01-14T10:57:38","modified_gmt":"2020-01-14T09:57:38","slug":"deviens-revendeur-biodesign","status":"publish","type":"page","link":"https:\/\/bio.design\/fr\/deviens-revendeur-biodesign\/","title":{"rendered":"Deviens Revendeur Biodesign"},"content":{"rendered":"<p>[vc_row css=&#8221;.vc_custom_1552312073757{padding-top: 60px !important;}&#8221;][vc_column]<span class=\"subtitle dash-false style-dark text-left\">POUR LES CONCESSIONNAIRES<\/span>[vc_column_text]<\/p>\n<h2>Le projet Biodesign<\/h2>\n<p>[\/vc_column_text]<div class=\"dash style-dark centered\"><\/div>[vc_row_inner][vc_column_inner width=&#8221;1\/3&#8243;][vc_column_text]Le projet Biodesign \u00e0 le but de favoriser un d\u00e9veloppement industriel \u00e0 grande \u00e9chelle pour diffuser dans le monde la technologie et la marque Biodesign. Gr\u00e2ce \u00e0 ces caract\u00e9ristiques, Biodesign est la seule technologie capable de abattre les limitation esth\u00e9tiques des piscines traditionnelles et d\u2019entrer <strong>dans tous les jardins<\/strong>.<\/p>\n<p>Biodesign cr\u00e9e un environnement aquatique unique dessin\u00e9 \u00e0 partir des exigence de l\u2019homme et en parfaite harmonie avec l\u2019environnement. Toutes les maisons, tous les jardins ou terrasses ont ainsi la possibilit\u00e9 de se transformer dans un nouvel espace viable en augmentant la valeur de l\u2019immeuble, en requalifiant le paysage environnant et am\u00e9liorant le bien\u00eatre du client.[\/vc_column_text][\/vc_column_inner][vc_column_inner width=&#8221;1\/3&#8243;][vc_column_text]L\u2019avantage comp\u00e9titif inh\u00e9rent \u00e0 la technologie Biodesign rende les piscines uniques, tr\u00e8s attractives et par cons\u00e9quence facile \u00e0 proposer. La strat\u00e9gie commerciale est de faire connaitre les avantages de Biodesign au march\u00e9. C\u2019est pour cette raison que nous avons commenc\u00e9 \u00e0 d\u00e9velopper et former un r\u00e9seau structur\u00e9 d\u2019entreprise qui s\u2019occupent de l\u2019entier proc\u00e8s de distribution, le montage et l\u2019entretien d\u2019une fa\u00e7on efficace et harmonique.<\/p>\n<p>Le r\u00e9seau est compos\u00e9 par de diff\u00e9rentes typologie de collaborations: Des Unit\u00e9s BD Professional et des Unit\u00e9s BD Basic. Les Unit\u00e9s BD (Professional ou Basic) ont le contact direct avec le client.[\/vc_column_text][\/vc_column_inner][vc_column_inner width=&#8221;1\/3&#8243;][vc_column_text]Les deux modalit\u00e9s de collaboration donnent la possibilit\u00e9 \u00e0 la marque d&#8217;\u00eatre pr\u00e9sent sur le march\u00e9 et assurent avec leurs gestion du chantier et montages la qualit\u00e9 de construction et la satisfaction du client. Cela est possible gr\u00e2ce \u00e0 ses activit\u00e9s de diffusion, promotion, commercialisation et vente.<\/p>\n<p>Le management a cr\u00e9e un mod\u00e8le avec lequel on abat les pertes de valeur li\u00e9es aux transports et stocks du magasin afin de cibler un proc\u00e8s de production soutenable, solide et durable.[\/vc_column_text][\/vc_column_inner][\/vc_row_inner][\/vc_column][\/vc_row][vc_row gap=&#8221;15&#8243; css=&#8221;.vc_custom_1536842181479{margin-bottom: 80px !important;}&#8221;][vc_column][vc_column_text]<\/p>\n<h2 style=\"text-align: center;\">D\u00c9T\u00c9TERMINATION DE LA VALEUR DU BUSINESS BIODESIGN<\/h2>\n<p>[\/vc_column_text][vc_column_text]Pour une <strong>unit\u00e9 Biodesign il est important de savoir quelles sont les activit\u00e9s<\/strong> principales afin d\u2019augmenter leurs marginalit\u00e9, en maintenant la m\u00eame valeur.[\/vc_column_text][vc_row_inner][vc_column_inner width=&#8221;1\/3&#8243;]<div class=\"feature-box icon-top-centered box-default spacing-30 spacing-mob-30\"><i class=\"fa fa-bullhorn\"><\/i><div class=\"content-wrapper\"><h3 class=\"feature-title\">Marketing<\/h3><p class=\"feature-text\">L\u2019aspect du marketing a une fonction tr\u00e8s importante et il doit \u00eatre planifi\u00e9, comme pourcentage sur la vente, afin d\u2019en contr\u00f4ler l\u2019impact du co\u00fbt sur le chiffre d\u2019affaires.<\/p><\/div><\/div>[\/vc_column_inner][vc_column_inner width=&#8221;1\/3&#8243;]<div class=\"feature-box icon-top-centered box-default spacing-30 spacing-mob-30\"><i class=\"fa fa-line-chart\"><\/i><div class=\"content-wrapper\"><h3 class=\"feature-title\">Achat \/ Vente<\/h3><p class=\"feature-text\">L\u2019activit\u00e9 d\u2019achat et revente des kits d\u2019une piscine traditionnelle donne peu de valeur \u00e0 l\u2019activit\u00e9 et ne permet pas d\u2019appliquer de rechargements tr\u00e8s \u00e9lev\u00e9s. Au contraire, Biodesign assure des marges de profit \u00e9lev\u00e9es avec un projet de business cibl\u00e9.<\/p><\/div><\/div>[\/vc_column_inner][vc_column_inner width=&#8221;1\/3&#8243;]<div class=\"feature-box icon-top-centered box-default spacing-30 spacing-mob-30\"><i class=\"fa fa-wrench\"><\/i><div class=\"content-wrapper\"><h3 class=\"feature-title\">Montage<\/h3><p class=\"feature-text\">Le montage d\u2019une piscine Biodesign est l\u2019activit\u00e9 que plus que toutes les autres va transf\u00e9rer de comp\u00e9tences et de la valeur au produit en permettant ainsi d\u2019augmenter les marges de l\u2019entreprise.<\/p><\/div><\/div>[\/vc_column_inner][\/vc_row_inner][\/vc_column][\/vc_row][vc_row][vc_column width=&#8221;1\/2&#8243;][vc_column_text]<\/p>\n<h2 class=\"articolo-title\" style=\"text-align: center;\">UNIT\u00c9 BD BASIC<\/h2>\n<p>L\u2019Unit\u00e9 BD Basic est responsable de la promotion, commercialisation, vente, montage (sous supervision de API Italia) et entretien des piscine Biodesign. Il s\u2019agit d\u2019un pr\u00e9curseur de l\u2019Unit\u00e9 BD Professional permettant \u00e0 l\u2019entreprise une entr\u00e9e plus facile dans la collaboration avec Biodesign.[\/vc_column_text]<a href=\"https:\/\/bio.design\/fr\/contact\/\" class=\"btn btn-primary arrow-right\"><span>Contactez-nous<\/span><\/a>[\/vc_column][vc_column width=&#8221;1\/2&#8243;][vc_column_text]<\/p>\n<h2 class=\"articolo-title\" style=\"text-align: center;\">UNIT\u00c9 BD PROFESSIONNELLES<\/h2>\n<p>L\u2019Unit\u00e9 BD Professional s\u2019occupe de la promotion, commercialisation, vente, montage et entretien des piscine Biodesign. Il s\u2019agit d\u2019un revendeur sp\u00e9cialis\u00e9. Son contrat donne \u00e0 l\u2019Unit\u00e9 BD Professional le temps n\u00e9cessaire, la s\u00e9curit\u00e9 de l\u2019investissement et la connaissance approfondie de la technologie.[\/vc_column_text]<a href=\"https:\/\/bio.design\/fr\/contact\/\" class=\"btn btn-primary arrow-right\"><span>Contactez-nous<\/span><\/a>[\/vc_column][\/vc_row]<\/p>\n","protected":false},"excerpt":{"rendered":"<p>[vc_row css=&#8221;.vc_custom_1552312073757{padding-top: 60px !important;}&#8221;][vc_column][vc_column_text] Le projet Biodesign [\/vc_column_text][vc_row_inner][vc_column_inner width=&#8221;1\/3&#8243;][vc_column_text]Le projet Biodesign \u00e0 le but de favoriser un d\u00e9veloppement industriel \u00e0 grande \u00e9chelle pour diffuser dans le monde la technologie et la marque Biodesign. Gr\u00e2ce \u00e0 ces caract\u00e9ristiques, Biodesign est la seule technologie capable de abattre les limitation esth\u00e9tiques des piscines traditionnelles et d\u2019entrer dans tous [&hellip;]<\/p>\n","protected":false},"author":3,"featured_media":0,"parent":0,"menu_order":0,"comment_status":"closed","ping_status":"closed","template":"","meta":{"footnotes":""},"class_list":["post-9914088","page","type-page","status-publish","hentry"],"yoast_head":"<!-- This site is optimized with the Yoast SEO plugin v27.4 - https:\/\/yoast.com\/product\/yoast-seo-wordpress\/ -->\n<title>Deviens Revendeur Biodesign | Biodesign Pools<\/title>\n<meta name=\"description\" content=\"Il progetto Biodesign ha come obiettivo lo sviluppo industriale su larga scala per diffondere nel mondo\u00a0la tecnologia ed il brand Biodesign.\u00a0\" \/>\n<meta name=\"robots\" content=\"index, follow, max-snippet:-1, max-image-preview:large, max-video-preview:-1\" \/>\n<link rel=\"canonical\" href=\"https:\/\/bio.design\/fr\/deviens-revendeur-biodesign\/\" \/>\n<meta property=\"og:locale\" content=\"fr_FR\" \/>\n<meta property=\"og:type\" content=\"article\" \/>\n<meta property=\"og:title\" content=\"Deviens Revendeur Biodesign | Biodesign Pools\" \/>\n<meta property=\"og:description\" content=\"Il progetto Biodesign ha come obiettivo lo sviluppo industriale su larga scala per diffondere nel mondo\u00a0la tecnologia ed il brand Biodesign.\u00a0\" \/>\n<meta property=\"og:url\" content=\"https:\/\/bio.design\/fr\/deviens-revendeur-biodesign\/\" \/>\n<meta property=\"og:site_name\" content=\"Biodesign Pools\" \/>\n<meta property=\"article:publisher\" content=\"https:\/\/www.facebook.com\/PiscineBiodesign\/\" \/>\n<meta property=\"article:modified_time\" content=\"2020-01-14T09:57:38+00:00\" \/>\n<meta name=\"twitter:card\" content=\"summary_large_image\" \/>\n<meta name=\"twitter:site\" content=\"@BIODESIGNPOOLS\" \/>\n<meta name=\"twitter:label1\" content=\"Dur\u00e9e de lecture estim\u00e9e\" \/>\n\t<meta name=\"twitter:data1\" content=\"4 minutes\" \/>\n<script type=\"application\/ld+json\" class=\"yoast-schema-graph\">{\"@context\":\"https:\\\/\\\/schema.org\",\"@graph\":[{\"@type\":\"WebPage\",\"@id\":\"https:\\\/\\\/bio.design\\\/fr\\\/deviens-revendeur-biodesign\\\/\",\"url\":\"https:\\\/\\\/bio.design\\\/fr\\\/deviens-revendeur-biodesign\\\/\",\"name\":\"Deviens Revendeur Biodesign | Biodesign Pools\",\"isPartOf\":{\"@id\":\"https:\\\/\\\/bio.design\\\/#website\"},\"datePublished\":\"2019-03-12T15:24:38+00:00\",\"dateModified\":\"2020-01-14T09:57:38+00:00\",\"description\":\"Il progetto Biodesign ha come obiettivo lo sviluppo industriale su larga scala per diffondere nel mondo\u00a0la tecnologia ed il brand Biodesign.\u00a0\",\"breadcrumb\":{\"@id\":\"https:\\\/\\\/bio.design\\\/fr\\\/deviens-revendeur-biodesign\\\/#breadcrumb\"},\"inLanguage\":\"fr-FR\",\"potentialAction\":[{\"@type\":\"ReadAction\",\"target\":[\"https:\\\/\\\/bio.design\\\/fr\\\/deviens-revendeur-biodesign\\\/\"]}]},{\"@type\":\"BreadcrumbList\",\"@id\":\"https:\\\/\\\/bio.design\\\/fr\\\/deviens-revendeur-biodesign\\\/#breadcrumb\",\"itemListElement\":[{\"@type\":\"ListItem\",\"position\":1,\"name\":\"Home\",\"item\":\"https:\\\/\\\/bio.design\\\/fr\\\/biodesign-pools\\\/\"},{\"@type\":\"ListItem\",\"position\":2,\"name\":\"Deviens Revendeur Biodesign\"}]},{\"@type\":\"WebSite\",\"@id\":\"https:\\\/\\\/bio.design\\\/#website\",\"url\":\"https:\\\/\\\/bio.design\\\/\",\"name\":\"Biodesign Pools\",\"description\":\"The Living Pool - Natural Pools\",\"publisher\":{\"@id\":\"https:\\\/\\\/bio.design\\\/#organization\"},\"potentialAction\":[{\"@type\":\"SearchAction\",\"target\":{\"@type\":\"EntryPoint\",\"urlTemplate\":\"https:\\\/\\\/bio.design\\\/?s={search_term_string}\"},\"query-input\":{\"@type\":\"PropertyValueSpecification\",\"valueRequired\":true,\"valueName\":\"search_term_string\"}}],\"inLanguage\":\"fr-FR\"},{\"@type\":\"Organization\",\"@id\":\"https:\\\/\\\/bio.design\\\/#organization\",\"name\":\"Biodesign Pools\",\"url\":\"https:\\\/\\\/bio.design\\\/\",\"logo\":{\"@type\":\"ImageObject\",\"inLanguage\":\"fr-FR\",\"@id\":\"https:\\\/\\\/bio.design\\\/#\\\/schema\\\/logo\\\/image\\\/\",\"url\":\"https:\\\/\\\/bio.design\\\/wp-content\\\/uploads\\\/2021\\\/02\\\/Bio.design-New-Logo-Fb.jpg\",\"contentUrl\":\"https:\\\/\\\/bio.design\\\/wp-content\\\/uploads\\\/2021\\\/02\\\/Bio.design-New-Logo-Fb.jpg\",\"width\":2048,\"height\":1042,\"caption\":\"Biodesign Pools\"},\"image\":{\"@id\":\"https:\\\/\\\/bio.design\\\/#\\\/schema\\\/logo\\\/image\\\/\"},\"sameAs\":[\"https:\\\/\\\/www.facebook.com\\\/PiscineBiodesign\\\/\",\"https:\\\/\\\/x.com\\\/BIODESIGNPOOLS\",\"https:\\\/\\\/www.linkedin.com\\\/company\\\/biodesignpools\\\/\",\"https:\\\/\\\/www.youtube.com\\\/user\\\/BiodesignpoolsIT\"]}]}<\/script>\n<!-- \/ Yoast SEO plugin. -->","yoast_head_json":{"title":"Deviens Revendeur Biodesign | Biodesign Pools","description":"Il progetto Biodesign ha come obiettivo lo sviluppo industriale su larga scala per diffondere nel mondo\u00a0la tecnologia ed il brand Biodesign.\u00a0","robots":{"index":"index","follow":"follow","max-snippet":"max-snippet:-1","max-image-preview":"max-image-preview:large","max-video-preview":"max-video-preview:-1"},"canonical":"https:\/\/bio.design\/fr\/deviens-revendeur-biodesign\/","og_locale":"fr_FR","og_type":"article","og_title":"Deviens Revendeur Biodesign | Biodesign Pools","og_description":"Il progetto Biodesign ha come obiettivo lo sviluppo industriale su larga scala per diffondere nel mondo\u00a0la tecnologia ed il brand Biodesign.\u00a0","og_url":"https:\/\/bio.design\/fr\/deviens-revendeur-biodesign\/","og_site_name":"Biodesign Pools","article_publisher":"https:\/\/www.facebook.com\/PiscineBiodesign\/","article_modified_time":"2020-01-14T09:57:38+00:00","twitter_card":"summary_large_image","twitter_site":"@BIODESIGNPOOLS","twitter_misc":{"Dur\u00e9e de lecture estim\u00e9e":"4 minutes"},"schema":{"@context":"https:\/\/schema.org","@graph":[{"@type":"WebPage","@id":"https:\/\/bio.design\/fr\/deviens-revendeur-biodesign\/","url":"https:\/\/bio.design\/fr\/deviens-revendeur-biodesign\/","name":"Deviens Revendeur Biodesign | Biodesign Pools","isPartOf":{"@id":"https:\/\/bio.design\/#website"},"datePublished":"2019-03-12T15:24:38+00:00","dateModified":"2020-01-14T09:57:38+00:00","description":"Il progetto Biodesign ha come obiettivo lo sviluppo industriale su larga scala per diffondere nel mondo\u00a0la tecnologia ed il brand Biodesign.\u00a0","breadcrumb":{"@id":"https:\/\/bio.design\/fr\/deviens-revendeur-biodesign\/#breadcrumb"},"inLanguage":"fr-FR","potentialAction":[{"@type":"ReadAction","target":["https:\/\/bio.design\/fr\/deviens-revendeur-biodesign\/"]}]},{"@type":"BreadcrumbList","@id":"https:\/\/bio.design\/fr\/deviens-revendeur-biodesign\/#breadcrumb","itemListElement":[{"@type":"ListItem","position":1,"name":"Home","item":"https:\/\/bio.design\/fr\/biodesign-pools\/"},{"@type":"ListItem","position":2,"name":"Deviens Revendeur Biodesign"}]},{"@type":"WebSite","@id":"https:\/\/bio.design\/#website","url":"https:\/\/bio.design\/","name":"Biodesign Pools","description":"The Living Pool - Natural Pools","publisher":{"@id":"https:\/\/bio.design\/#organization"},"potentialAction":[{"@type":"SearchAction","target":{"@type":"EntryPoint","urlTemplate":"https:\/\/bio.design\/?s={search_term_string}"},"query-input":{"@type":"PropertyValueSpecification","valueRequired":true,"valueName":"search_term_string"}}],"inLanguage":"fr-FR"},{"@type":"Organization","@id":"https:\/\/bio.design\/#organization","name":"Biodesign Pools","url":"https:\/\/bio.design\/","logo":{"@type":"ImageObject","inLanguage":"fr-FR","@id":"https:\/\/bio.design\/#\/schema\/logo\/image\/","url":"https:\/\/bio.design\/wp-content\/uploads\/2021\/02\/Bio.design-New-Logo-Fb.jpg","contentUrl":"https:\/\/bio.design\/wp-content\/uploads\/2021\/02\/Bio.design-New-Logo-Fb.jpg","width":2048,"height":1042,"caption":"Biodesign Pools"},"image":{"@id":"https:\/\/bio.design\/#\/schema\/logo\/image\/"},"sameAs":["https:\/\/www.facebook.com\/PiscineBiodesign\/","https:\/\/x.com\/BIODESIGNPOOLS","https:\/\/www.linkedin.com\/company\/biodesignpools\/","https:\/\/www.youtube.com\/user\/BiodesignpoolsIT"]}]}},"_links":{"self":[{"href":"https:\/\/bio.design\/fr\/wp-json\/wp\/v2\/pages\/9914088","targetHints":{"allow":["GET"]}}],"collection":[{"href":"https:\/\/bio.design\/fr\/wp-json\/wp\/v2\/pages"}],"about":[{"href":"https:\/\/bio.design\/fr\/wp-json\/wp\/v2\/types\/page"}],"author":[{"embeddable":true,"href":"https:\/\/bio.design\/fr\/wp-json\/wp\/v2\/users\/3"}],"replies":[{"embeddable":true,"href":"https:\/\/bio.design\/fr\/wp-json\/wp\/v2\/comments?post=9914088"}],"version-history":[{"count":0,"href":"https:\/\/bio.design\/fr\/wp-json\/wp\/v2\/pages\/9914088\/revisions"}],"wp:attachment":[{"href":"https:\/\/bio.design\/fr\/wp-json\/wp\/v2\/media?parent=9914088"}],"curies":[{"name":"wp","href":"https:\/\/api.w.org\/{rel}","templated":true}]}}