{"id":9914075,"date":"2019-03-12T10:28:52","date_gmt":"2019-03-12T10:28:52","guid":{"rendered":"https:\/\/bio.design\/piscina-eco-compatibile\/"},"modified":"2026-03-18T14:49:04","modified_gmt":"2026-03-18T13:49:04","slug":"une-piscine-eco-compatible","status":"publish","type":"page","link":"https:\/\/bio.design\/fr\/une-piscine-eco-compatible\/","title":{"rendered":"Une Piscine \u00c9co-Compatible"},"content":{"rendered":"<p>[vc_row css=&#8221;.vc_custom_1773841679934{margin-bottom: 60px !important;}&#8221;][vc_column][vc_column_text]<\/p>\n<h2><strong>Les piscines lagon : une tendance \u00e9co-responsable en pleine expansion\u00a0<\/strong><\/h2>\n<p><span style=\"font-weight: 400;\">Alors que tous les acteurs et tous les secteurs de la soci\u00e9t\u00e9 sont aujourd\u2019hui concern\u00e9s par les questions \u00e9cologiques, les professionnels de la piscine doivent int\u00e9grer de mani\u00e8re urgente \u00e0 leur d\u00e9veloppement les enjeux de durabilit\u00e9 et d\u2019\u00e9co-responsabilit\u00e9. Dans ce contexte, un bassin qui s\u2019int\u00e8gre avec plus d\u2019harmonie dans son environnement et qui respecte les paysages constitue un pas de plus vers un id\u00e9al de piscine \u00e9cologique. La piscine lagon doit son succ\u00e8s grandissant au fait qu\u2019elle r\u00e9ponde pleinement \u00e0 ces nouvelles attentes. En mati\u00e8re d\u2019\u00e9coresponsabilit\u00e9, le <a href=\"https:\/\/bio.design\/fr\/le-concept-biodesign\/\">concept Bio.design<\/a> va m\u00eame plus loin, en proposant une piscine \u00e0 faible impact de construction, \u00e0 consommation d\u2019eau r\u00e9duite et con\u00e7ue dans des mat\u00e9riaux plus respectueux de l\u2019environnement.<\/span><\/p>\n<h2><b>Les qualit\u00e9s \u00e9co-responsables de la piscine Bio.design<\/b><\/h2>\n<p><span style=\"font-weight: 400;\">La <a href=\"https:\/\/bio.design\/fr\/la-technique-biodesign\/\">technologie Bio.design<\/a> permet la cr\u00e9ation d\u2019une piscine \u00e9co-compatible, dont la construction peut se passer de b\u00e9ton arm\u00e9 et rester ainsi tr\u00e8s peu invasive pour l\u2019environnement. Les mat\u00e9riaux utilis\u00e9s, les techniques d\u2019imperm\u00e9abilisation et la l\u00e9g\u00e8ret\u00e9 de la structure forment un syst\u00e8me innovant qui permet de conjuguer luxe, bien-\u00eatre et \u00e9co-responsabilit\u00e9. Concept de piscine durable, le bassin lagon Bio.design est r\u00e9alis\u00e9 dans le respect du profil g\u00e9ologique du site, de mani\u00e8re \u00e0 ne pas exercer de poids majeur sur le terrain. Le mat\u00e9riau d\u2019\u00e9tanch\u00e9it\u00e9 respecte les pr\u00e9conisations de grandes associations environnementales comme Greenpeace. Il reste s\u00e9par\u00e9 du sol, sans aucun risque de contamination chimique. La profondeur d\u2019eau progressive, combin\u00e9e au rev\u00eatement en granulats de pierres naturelles, facilite le r\u00e9chauffement naturel de l\u2019eau, entra\u00eenant ainsi des r\u00e9ductions de consommation d\u2019\u00e9nergie. En dehors de la saison de baignade, la piscine lagon Bio.design se comporte comme un lac artificiel, se fondant de mani\u00e8re unique dans le paysage hivernal. Atout en faveur de la biodiversit\u00e9, les plages immerg\u00e9es prot\u00e8gent les petits animaux et insectes de la noyade. Les technologies Bio.design comprennent \u00e9galement des syst\u00e8mes de filtration et de min\u00e9ralisation de l\u2019eau innovants, qui permettent de se passer d\u2019une d\u00e9sinfection chimique et de privil\u00e9gier les techniques plus respectueuses de la sant\u00e9 et de la plan\u00e8te.<\/span><\/p>\n<h2><b>La piscine \u00e9co-responsable facilite l\u2019obtention des autorisations l\u00e9gales<\/b><\/h2>\n<p><span style=\"font-weight: 400;\">La construction d\u2019une piscine n\u00e9cessite de r\u00e9aliser une demande d\u2019autorisation de travaux. Les probl\u00e9matiques environnementales pesant de plus en plus lourd dans les d\u00e9cisions publiques, les particuliers font souvent face \u00e0 des refus lorsqu\u2019ils pr\u00e9sentent leur projet de construction de bassin priv\u00e9 <\/span><span style=\"font-weight: 400;\">en particulier sur des zones naturelles ou des collectivit\u00e9s engag\u00e9es<\/span><span style=\"font-weight: 400;\">.<\/span><span style=\"font-weight: 400;\"> Par son \u00e9co-compatibilit\u00e9, la piscine lagon pr\u00e9sente des avantages auxquels les collectivit\u00e9s sont sensibles : d\u2019un point de vue esth\u00e9tique, elles s\u2019int\u00e8grent harmonieusement \u00e0 leur environnement, sont discr\u00e8tes et d\u2019un rendu naturel en toutes saisons. Elles sont donc plus susceptibles d\u2019\u00eatre accept\u00e9es dans des p\u00e9rim\u00e8tres prot\u00e9g\u00e9s, notamment sous l\u2019autorit\u00e9 des B\u00e2timents de France. D\u2019un point de vue \u00e9cologique, les rapports techniques Bio.design soulignent les caract\u00e9ristiques \u00e9co-responsables de notre technologie, et permettent de convaincre les autorit\u00e9s comp\u00e9tentes de la durabilit\u00e9 de votre projet. La piscine lagon Bio.design vous facilite l\u2019obtention des autorisations l\u00e9gales de construction en ce qu\u2019elle s\u2019inscrit pleinement dans la tendance actuelle, vers plus d\u2019\u00e9co-compatibilit\u00e9, de durabilit\u00e9, de responsabilit\u00e9 soci\u00e9tale et environnementale.<\/span>[\/vc_column_text][\/vc_column][\/vc_row][vc_row full_width=&#8221;stretch_row&#8221; equal_height=&#8221;yes&#8221; content_placement=&#8221;middle&#8221; css=&#8221;.vc_custom_1559740243966{padding-top: 100px !important;padding-bottom: 100px !important;background-color: #f5f5f5 !important;}&#8221; el_class=&#8221;mobile-full&#8221;][vc_column width=&#8221;2\/3&#8243; css=&#8221;.vc_custom_1559740035747{margin-bottom: 0px !important;padding-top: 0px !important;padding-right: 0px !important;}&#8221; el_class=&#8221;min-height-100&#8243;][vc_column_text css=&#8221;.vc_custom_1773841429479{margin-bottom: 0px !important;}&#8221;]<\/p>\n<h2><span style=\"font-weight: 200;\">\u00cates-vous int\u00e9ress\u00e9 \u00e0 une piscine <strong>Bio.design<\/strong>?<\/span><\/h2>\n<h2><span style=\"font-weight: 200;\">N\u2019attendez plus. Contactez-nous maintenant!<\/span><\/h2>\n<p>[\/vc_column_text][\/vc_column][vc_column width=&#8221;1\/3&#8243;]<a href=\"https:\/\/bio.design\/fr\/demandez-votre-devis-gratuit\/\" class=\"btn btn-primary arrow-right purple\"><span>CONTACTEZ-NOUS<\/span><\/a>[\/vc_column][\/vc_row][vc_row gap=&#8221;15&#8243; css=&#8221;.vc_custom_1773841631762{margin-top: 80px !important;margin-bottom: 80px !important;}&#8221;][vc_column width=&#8221;1\/4&#8243;][vc_column_text]<\/p>\n<h2>Bio.design Pools a gagn\u00e9 le premier prix pour la durabilit\u00e9 au BCN (Piscina &amp; Wellness Barcelona).<\/h2>\n<p>[\/vc_column_text]<div class=\"dash style-dark default\"><\/div>[\/vc_column][vc_column width=&#8221;3\/4&#8243;][vc_row_inner][vc_column_inner width=&#8221;1\/3&#8243;][vc_column_text]Lors du BCN, Bio.design Pools a gagn\u00e9 le premier prix de durabilit\u00e9 assurant une utilisation efficaces des ressources (eau, \u00e9nergie, mati\u00e8res premi\u00e8res) et \u00e9tant respectueux de l\u2019environnement pendant tout son cycle de vie (production, mise en \u0153uvre, utilisation, d\u00e9mant\u00e8lement et recyclage). Un prix pour la durabilit\u00e9, l\u2019environnement, l\u2019\u00e9co-compatibilit\u00e9 et son essence biologique.[\/vc_column_text][\/vc_column_inner][vc_column_inner width=&#8221;1\/3&#8243;][vc_column_text]Pourquoi est-il si important? Lors qu\u2019on parle de environnement, on arrive toujours \u00e0 discuter des difficult\u00e9s pour recevoir les permissions ou les cas o\u00f9 on ne les re\u00e7oit pas. Il faut r\u00e9fl\u00e9chir si cette rigidit\u00e9 administrative est li\u00e9 \u00e0 notre insensibilit\u00e9.[\/vc_column_text][\/vc_column_inner][vc_column_inner width=&#8221;1\/3&#8243;][vc_column_text]Normalement quand on utilise ces mots on se r\u00e9f\u00e8re souvent \u00e0 un business, mais s\u00fbrement pas \u00e0 la sensibilit\u00e9 de l\u2019homme vers l\u2019environnement. Pendant nos cours, nous parlons souvent de ces th\u00e8mes en posant intentionnellement des questions ouvertes aux participants. Les r\u00e9ponses nous confirment cette sensation: on pourrait d\u00e9truire tout l\u2019environnement et personne ne s\u2019opposait.[\/vc_column_text][\/vc_column_inner][\/vc_row_inner][\/vc_column][\/vc_row][vc_row disable_element=&#8221;yes&#8221; css=&#8221;.vc_custom_1562151820149{border-bottom-width: 60px !important;padding-top: 60px !important;}&#8221;][vc_column][vc_row_inner][vc_column_inner width=&#8221;2\/3&#8243;][\/vc_column_inner][vc_column_inner width=&#8221;1\/3&#8243;][\/vc_column_inner][\/vc_row_inner][\/vc_column][vc_column][\/vc_column][vc_column][\/vc_column][\/vc_row][vc_row full_width=&#8221;stretch_row&#8221; css=&#8221;.vc_custom_1552387276149{background-image: url(https:\/\/bio.design\/wp-content\/uploads\/2019\/03\/eco-compatibile-1.jpg?id=13783) !important;background-position: 0 0 !important;background-repeat: repeat !important;}&#8221; el_class=&#8221;spaced&#8221;][vc_column width=&#8221;1\/2&#8243; css=&#8221;.vc_custom_1536750157525{margin-bottom: 20px !important;}&#8221;][vc_column_text]<\/p>\n<h2><span style=\"color: #f5f5f5;\"><strong>Sans B\u00e9ton<\/strong><\/span><\/h2>\n<p>[\/vc_column_text]<span class=\"subtitle dash-true style-light text-default\">\u00c9CO-COMPATIBLE<\/span>[\/vc_column][vc_column width=&#8221;1\/2&#8243;][vc_column_text]<\/p>\n<div class=\"textwidget\">\n<p><span style=\"color: #ffffff;\">L\u2019absence totale de b\u00e9ton, l\u2019\u00e9tanch\u00e9it\u00e9 conseill\u00e9e m\u00eame par Greenpeace, les rapports g\u00e9ologiques et les recherches sur les paysages d\u00e9montrent que Bio.design est une piscine unique.<\/span><\/p>\n<p><span style=\"color: #ffffff;\">En effet, le terrain ne doit pas faire face \u00e0 un poids majeur et la structure est parfaitement s\u00e9par\u00e9e du terrain.<\/span><\/p>\n<\/div>\n<p>[\/vc_column_text][\/vc_column][\/vc_row]<\/p>\n","protected":false},"excerpt":{"rendered":"<p>[vc_row css=&#8221;.vc_custom_1773841679934{margin-bottom: 60px !important;}&#8221;][vc_column][vc_column_text] Les piscines lagon : une tendance \u00e9co-responsable en pleine expansion\u00a0 Alors que tous les acteurs et tous les secteurs de la soci\u00e9t\u00e9 sont aujourd\u2019hui concern\u00e9s par les questions \u00e9cologiques, les professionnels de la piscine doivent int\u00e9grer de mani\u00e8re urgente \u00e0 leur d\u00e9veloppement les enjeux de durabilit\u00e9 et d\u2019\u00e9co-responsabilit\u00e9. Dans ce contexte, [&hellip;]<\/p>\n","protected":false},"author":3,"featured_media":0,"parent":0,"menu_order":0,"comment_status":"closed","ping_status":"closed","template":"","meta":{"footnotes":""},"class_list":["post-9914075","page","type-page","status-publish","hentry"],"yoast_head":"<!-- This site is optimized with the Yoast SEO plugin v27.3 - https:\/\/yoast.com\/product\/yoast-seo-wordpress\/ -->\n<title>Piscine Lagon \u00e9cologique et responsable | Bio.design Pools<\/title>\n<meta name=\"description\" content=\"La piscine Bio.design est une piscine sans b\u00e9ton, ce qui la rend plus \u00e9cologique et respectueuse de l&#039;environnement.\" \/>\n<meta name=\"robots\" content=\"index, follow, max-snippet:-1, max-image-preview:large, max-video-preview:-1\" \/>\n<link rel=\"canonical\" href=\"https:\/\/bio.design\/fr\/une-piscine-eco-compatible\/\" \/>\n<meta property=\"og:locale\" content=\"fr_FR\" \/>\n<meta property=\"og:type\" content=\"article\" \/>\n<meta property=\"og:title\" content=\"Piscine Lagon \u00e9cologique et responsable | Bio.design Pools\" \/>\n<meta property=\"og:description\" content=\"La piscine Bio.design est une piscine sans b\u00e9ton, ce qui la rend plus \u00e9cologique et respectueuse de l&#039;environnement.\" \/>\n<meta property=\"og:url\" content=\"https:\/\/bio.design\/fr\/une-piscine-eco-compatible\/\" \/>\n<meta property=\"og:site_name\" content=\"Biodesign Pools\" \/>\n<meta property=\"article:publisher\" content=\"https:\/\/www.facebook.com\/PiscineBiodesign\/\" \/>\n<meta property=\"article:modified_time\" content=\"2026-03-18T13:49:04+00:00\" \/>\n<meta name=\"twitter:card\" content=\"summary_large_image\" \/>\n<meta name=\"twitter:site\" content=\"@BIODESIGNPOOLS\" \/>\n<meta name=\"twitter:label1\" content=\"Dur\u00e9e de lecture estim\u00e9e\" \/>\n\t<meta name=\"twitter:data1\" content=\"6 minutes\" \/>\n<script type=\"application\/ld+json\" class=\"yoast-schema-graph\">{\"@context\":\"https:\\\/\\\/schema.org\",\"@graph\":[{\"@type\":\"WebPage\",\"@id\":\"https:\\\/\\\/bio.design\\\/fr\\\/une-piscine-eco-compatible\\\/\",\"url\":\"https:\\\/\\\/bio.design\\\/fr\\\/une-piscine-eco-compatible\\\/\",\"name\":\"Piscine Lagon \u00e9cologique et responsable | Bio.design Pools\",\"isPartOf\":{\"@id\":\"https:\\\/\\\/bio.design\\\/#website\"},\"datePublished\":\"2019-03-12T10:28:52+00:00\",\"dateModified\":\"2026-03-18T13:49:04+00:00\",\"description\":\"La piscine Bio.design est une piscine sans b\u00e9ton, ce qui la rend plus \u00e9cologique et respectueuse de l'environnement.\",\"breadcrumb\":{\"@id\":\"https:\\\/\\\/bio.design\\\/fr\\\/une-piscine-eco-compatible\\\/#breadcrumb\"},\"inLanguage\":\"fr-FR\",\"potentialAction\":[{\"@type\":\"ReadAction\",\"target\":[\"https:\\\/\\\/bio.design\\\/fr\\\/une-piscine-eco-compatible\\\/\"]}]},{\"@type\":\"BreadcrumbList\",\"@id\":\"https:\\\/\\\/bio.design\\\/fr\\\/une-piscine-eco-compatible\\\/#breadcrumb\",\"itemListElement\":[{\"@type\":\"ListItem\",\"position\":1,\"name\":\"Home\",\"item\":\"https:\\\/\\\/bio.design\\\/fr\\\/biodesign-pools\\\/\"},{\"@type\":\"ListItem\",\"position\":2,\"name\":\"Une Piscine \u00c9co-Compatible\"}]},{\"@type\":\"WebSite\",\"@id\":\"https:\\\/\\\/bio.design\\\/#website\",\"url\":\"https:\\\/\\\/bio.design\\\/\",\"name\":\"Biodesign Pools\",\"description\":\"The Living Pool - Natural Pools\",\"publisher\":{\"@id\":\"https:\\\/\\\/bio.design\\\/#organization\"},\"potentialAction\":[{\"@type\":\"SearchAction\",\"target\":{\"@type\":\"EntryPoint\",\"urlTemplate\":\"https:\\\/\\\/bio.design\\\/?s={search_term_string}\"},\"query-input\":{\"@type\":\"PropertyValueSpecification\",\"valueRequired\":true,\"valueName\":\"search_term_string\"}}],\"inLanguage\":\"fr-FR\"},{\"@type\":\"Organization\",\"@id\":\"https:\\\/\\\/bio.design\\\/#organization\",\"name\":\"Biodesign Pools\",\"url\":\"https:\\\/\\\/bio.design\\\/\",\"logo\":{\"@type\":\"ImageObject\",\"inLanguage\":\"fr-FR\",\"@id\":\"https:\\\/\\\/bio.design\\\/#\\\/schema\\\/logo\\\/image\\\/\",\"url\":\"https:\\\/\\\/bio.design\\\/wp-content\\\/uploads\\\/2021\\\/02\\\/Bio.design-New-Logo-Fb.jpg\",\"contentUrl\":\"https:\\\/\\\/bio.design\\\/wp-content\\\/uploads\\\/2021\\\/02\\\/Bio.design-New-Logo-Fb.jpg\",\"width\":2048,\"height\":1042,\"caption\":\"Biodesign Pools\"},\"image\":{\"@id\":\"https:\\\/\\\/bio.design\\\/#\\\/schema\\\/logo\\\/image\\\/\"},\"sameAs\":[\"https:\\\/\\\/www.facebook.com\\\/PiscineBiodesign\\\/\",\"https:\\\/\\\/x.com\\\/BIODESIGNPOOLS\",\"https:\\\/\\\/www.linkedin.com\\\/company\\\/biodesignpools\\\/\",\"https:\\\/\\\/www.youtube.com\\\/user\\\/BiodesignpoolsIT\"]}]}<\/script>\n<!-- \/ Yoast SEO plugin. -->","yoast_head_json":{"title":"Piscine Lagon \u00e9cologique et responsable | Bio.design Pools","description":"La piscine Bio.design est une piscine sans b\u00e9ton, ce qui la rend plus \u00e9cologique et respectueuse de l'environnement.","robots":{"index":"index","follow":"follow","max-snippet":"max-snippet:-1","max-image-preview":"max-image-preview:large","max-video-preview":"max-video-preview:-1"},"canonical":"https:\/\/bio.design\/fr\/une-piscine-eco-compatible\/","og_locale":"fr_FR","og_type":"article","og_title":"Piscine Lagon \u00e9cologique et responsable | Bio.design Pools","og_description":"La piscine Bio.design est une piscine sans b\u00e9ton, ce qui la rend plus \u00e9cologique et respectueuse de l'environnement.","og_url":"https:\/\/bio.design\/fr\/une-piscine-eco-compatible\/","og_site_name":"Biodesign Pools","article_publisher":"https:\/\/www.facebook.com\/PiscineBiodesign\/","article_modified_time":"2026-03-18T13:49:04+00:00","twitter_card":"summary_large_image","twitter_site":"@BIODESIGNPOOLS","twitter_misc":{"Dur\u00e9e de lecture estim\u00e9e":"6 minutes"},"schema":{"@context":"https:\/\/schema.org","@graph":[{"@type":"WebPage","@id":"https:\/\/bio.design\/fr\/une-piscine-eco-compatible\/","url":"https:\/\/bio.design\/fr\/une-piscine-eco-compatible\/","name":"Piscine Lagon \u00e9cologique et responsable | Bio.design Pools","isPartOf":{"@id":"https:\/\/bio.design\/#website"},"datePublished":"2019-03-12T10:28:52+00:00","dateModified":"2026-03-18T13:49:04+00:00","description":"La piscine Bio.design est une piscine sans b\u00e9ton, ce qui la rend plus \u00e9cologique et respectueuse de l'environnement.","breadcrumb":{"@id":"https:\/\/bio.design\/fr\/une-piscine-eco-compatible\/#breadcrumb"},"inLanguage":"fr-FR","potentialAction":[{"@type":"ReadAction","target":["https:\/\/bio.design\/fr\/une-piscine-eco-compatible\/"]}]},{"@type":"BreadcrumbList","@id":"https:\/\/bio.design\/fr\/une-piscine-eco-compatible\/#breadcrumb","itemListElement":[{"@type":"ListItem","position":1,"name":"Home","item":"https:\/\/bio.design\/fr\/biodesign-pools\/"},{"@type":"ListItem","position":2,"name":"Une Piscine \u00c9co-Compatible"}]},{"@type":"WebSite","@id":"https:\/\/bio.design\/#website","url":"https:\/\/bio.design\/","name":"Biodesign Pools","description":"The Living Pool - Natural Pools","publisher":{"@id":"https:\/\/bio.design\/#organization"},"potentialAction":[{"@type":"SearchAction","target":{"@type":"EntryPoint","urlTemplate":"https:\/\/bio.design\/?s={search_term_string}"},"query-input":{"@type":"PropertyValueSpecification","valueRequired":true,"valueName":"search_term_string"}}],"inLanguage":"fr-FR"},{"@type":"Organization","@id":"https:\/\/bio.design\/#organization","name":"Biodesign Pools","url":"https:\/\/bio.design\/","logo":{"@type":"ImageObject","inLanguage":"fr-FR","@id":"https:\/\/bio.design\/#\/schema\/logo\/image\/","url":"https:\/\/bio.design\/wp-content\/uploads\/2021\/02\/Bio.design-New-Logo-Fb.jpg","contentUrl":"https:\/\/bio.design\/wp-content\/uploads\/2021\/02\/Bio.design-New-Logo-Fb.jpg","width":2048,"height":1042,"caption":"Biodesign Pools"},"image":{"@id":"https:\/\/bio.design\/#\/schema\/logo\/image\/"},"sameAs":["https:\/\/www.facebook.com\/PiscineBiodesign\/","https:\/\/x.com\/BIODESIGNPOOLS","https:\/\/www.linkedin.com\/company\/biodesignpools\/","https:\/\/www.youtube.com\/user\/BiodesignpoolsIT"]}]}},"_links":{"self":[{"href":"https:\/\/bio.design\/fr\/wp-json\/wp\/v2\/pages\/9914075","targetHints":{"allow":["GET"]}}],"collection":[{"href":"https:\/\/bio.design\/fr\/wp-json\/wp\/v2\/pages"}],"about":[{"href":"https:\/\/bio.design\/fr\/wp-json\/wp\/v2\/types\/page"}],"author":[{"embeddable":true,"href":"https:\/\/bio.design\/fr\/wp-json\/wp\/v2\/users\/3"}],"replies":[{"embeddable":true,"href":"https:\/\/bio.design\/fr\/wp-json\/wp\/v2\/comments?post=9914075"}],"version-history":[{"count":13,"href":"https:\/\/bio.design\/fr\/wp-json\/wp\/v2\/pages\/9914075\/revisions"}],"predecessor-version":[{"id":9933471,"href":"https:\/\/bio.design\/fr\/wp-json\/wp\/v2\/pages\/9914075\/revisions\/9933471"}],"wp:attachment":[{"href":"https:\/\/bio.design\/fr\/wp-json\/wp\/v2\/media?parent=9914075"}],"curies":[{"name":"wp","href":"https:\/\/api.w.org\/{rel}","templated":true}]}}