{"id":9914068,"date":"2023-07-10T13:53:28","date_gmt":"2023-07-10T12:53:28","guid":{"rendered":"https:\/\/bio.design\/perche-scegliere-una-piscina-naturale-biodesign\/"},"modified":"2026-03-17T14:26:06","modified_gmt":"2026-03-17T13:26:06","slug":"pourquoi-choisir-une-piscine-naturelle-biodesign","status":"publish","type":"page","link":"https:\/\/bio.design\/fr\/pourquoi-choisir-une-piscine-naturelle-biodesign\/","title":{"rendered":"Pourquoi choisir une piscine Lagon Bio.design"},"content":{"rendered":"<p>[vc_row css=&#8221;.vc_custom_1559743558732{padding-top: 0px !important;}&#8221;][vc_column]<span class=\"subtitle dash-false style-dark text-center\">LES AVANTAGES<\/span>[vc_column_text]<\/p>\n<h2 style=\"text-align: center;\">La piscine Bio.design<\/h2>\n<p>[\/vc_column_text]<div class=\"dash style-dark centered\"><\/div>[vc_row_inner][vc_column_inner][vc_column_text]Il y a plusieurs caract\u00e9ristiques qui rendent les <a href=\"https:\/\/bio.design\/fr\/la-revolution-biodesign\/\">piscines Bio.design<\/a> innovantes, \u00e0 partir du caract\u00e8re invasif tr\u00e8s limit\u00e9 permettant \u00e0 la piscine de s\u2019ins\u00e9rer avec harmonie dans le contexte sans utiliser de b\u00e9ton. C\u2019est donc l\u2019environnement le premier b\u00e9n\u00e9ficiaire: les produits utilis\u00e9s, les \u00e9tanch\u00e9it\u00e9s, les poids de la structure sont une v\u00e9ritable innovation, un syst\u00e8me qui cr\u00e9e de luxe, bien-\u00eatre et ambiance au m\u00eame temps.[\/vc_column_text][\/vc_column_inner][\/vc_row_inner][\/vc_column][\/vc_row][vc_row css=&#8221;.vc_custom_1559743598692{padding-top: 60px !important;padding-bottom: 60px !important;}&#8221;][vc_column width=&#8221;1\/2&#8243;]<div class=\"content-box service-item alignment-centered service-box-default spacing-30\"><a href=\"https:\/\/bio.design\/fr\/pourquoi-choisir-une-piscine-naturelle-biodesign\/\"><div class=\"image-container\"><div class=\"vertical-number-box\"><span class=\"vertical-number\">Si\u00e8ge et Relaxation<\/span><\/div><div class=\"arrow-box\"><span class=\"icon-arrow-right\"><\/span><\/div><img decoding=\"async\" data-src=\"https:\/\/bio.design\/wp-content\/uploads\/2019\/07\/Particolari_Pagina_1.jpg\" alt=\"Si\u00e8ge et Relaxation\" src=\"data:image\/svg+xml;base64,PHN2ZyB3aWR0aD0iMSIgaGVpZ2h0PSIxIiB4bWxucz0iaHR0cDovL3d3dy53My5vcmcvMjAwMC9zdmciPjwvc3ZnPg==\" class=\"lazyload\" style=\"--smush-placeholder-width: 500px; --smush-placeholder-aspect-ratio: 500\/173;\"><\/div><div class=\"content-box-info\"><h4 class=\"box-heading\">Si\u00e8ge et Relaxation<\/h4><p>Id\u00e9al pour la d\u00e9tente et les bains de soleil immerg\u00e9s dans l&#039;eau. Excellent pour l&#039;h\u00e9bergement du bain \u00e0 remous pour accueillir le bain \u00e0 remous et l&#039;a\u00e9roth\u00e9rapie. S\u00fbr car il cr\u00e9e une petite terrasse de 30 \u00e0 35 cm de profondeur, \u00e0 travers laquelle l&#039;entr\u00e9e dans la piscine est progressive.<\/p><\/div><\/a><\/div>[\/vc_column][vc_column width=&#8221;1\/2&#8243;]<div class=\"content-box service-item alignment-centered service-box-default spacing-0\"><a href=\"https:\/\/bio.design\/fr\/pourquoi-choisir-une-piscine-naturelle-biodesign\/\"><div class=\"image-container\"><div class=\"vertical-number-box\"><span class=\"vertical-number\">Natation et Plonger<\/span><\/div><div class=\"arrow-box\"><span class=\"icon-arrow-right\"><\/span><\/div><img decoding=\"async\" data-src=\"https:\/\/bio.design\/wp-content\/uploads\/2019\/07\/Particolari_Pagina_2-1.jpg\" alt=\"Natation et Plonger\" src=\"data:image\/svg+xml;base64,PHN2ZyB3aWR0aD0iMSIgaGVpZ2h0PSIxIiB4bWxucz0iaHR0cDovL3d3dy53My5vcmcvMjAwMC9zdmciPjwvc3ZnPg==\" class=\"lazyload\" style=\"--smush-placeholder-width: 500px; --smush-placeholder-aspect-ratio: 500\/173;\"><\/div><div class=\"content-box-info\"><h4 class=\"box-heading\">Natation et Plonger<\/h4><p>Gr\u00e2ce \u00e0 la forme libre et aux parois en pente des piscines Bio.design, vous aurez plus d&#039;espace pour nager et plonger, le tout en toute s\u00e9curit\u00e9. Compar\u00e9 \u00e0 une piscine traditionnelle, l&#039;espace habitable d&#039;une piscine Biodesign, gr\u00e2ce \u00e0 sa structure particuli\u00e8re, est sans \u00e9gal!<\/p><\/div><\/a><\/div>[\/vc_column][\/vc_row][vc_row full_width=&#8221;stretch_row&#8221; equal_height=&#8221;yes&#8221; content_placement=&#8221;middle&#8221; css=&#8221;.vc_custom_1559740243966{padding-top: 100px !important;padding-bottom: 100px !important;background-color: #f5f5f5 !important;}&#8221; el_class=&#8221;mobile-full&#8221;][vc_column width=&#8221;2\/3&#8243; css=&#8221;.vc_custom_1559740035747{margin-bottom: 0px !important;padding-top: 0px !important;padding-right: 0px !important;}&#8221; el_class=&#8221;min-height-100&#8243;][vc_column_text css=&#8221;.vc_custom_1773753002478{margin-bottom: 0px !important;}&#8221;]<\/p>\n<h2><span style=\"font-weight: 200;\">\u00cates-vous int\u00e9ress\u00e9 \u00e0 une piscine <strong>Bio.design<\/strong>?<\/span><\/h2>\n<h2><span style=\"font-weight: 200;\">N\u2019attendez plus. Contactez-nous maintenant!<\/span><\/h2>\n<p>[\/vc_column_text][\/vc_column][vc_column width=&#8221;1\/3&#8243;]<a href=\"https:\/\/bio.design\/fr\/demandez-votre-devis-gratuit\/\" class=\"btn btn-primary arrow-right purple\"><span>CONTACTEZ-NOUS<\/span><\/a>[\/vc_column][\/vc_row][vc_row full_width=&#8221;stretch_row&#8221; css=&#8221;.vc_custom_1559743611395{padding-top: 60px !important;padding-bottom: 60px !important;background-color: #0f3c63 !important;}&#8221;][vc_column width=&#8221;1\/3&#8243;]<span class=\"subtitle dash-true style-light text-default\">TEMPS DE MONTAGE<\/span>[vc_column_text]<span style=\"color: #ffffff;\">Les temps de montage estim\u00e9s d\u2019une piscine de 60m2 avec une \u00e9quipe de 4 collaborateur.<\/span>[\/vc_column_text][\/vc_column][vc_column width=&#8221;2\/3&#8243;][vc_row_inner][vc_column_inner width=&#8221;1\/2&#8243;]<div class=\"number-box style-dark spacing-30\"><div class=\"number-box-number\">23 jours<\/div><div class=\"content-box\"><div class=\"content-box-info\"><h3>Piscine traditionnelle<\/h3><\/div><\/div><\/div>[\/vc_column_inner][vc_column_inner width=&#8221;1\/2&#8243;]<div class=\"number-box style-dark spacing-30\"><div class=\"number-box-number\">10 jours<\/div><div class=\"content-box\"><div class=\"content-box-info\"><h3>Piscine Bio.design<\/h3><\/div><\/div><\/div>[\/vc_column_inner][\/vc_row_inner][\/vc_column][\/vc_row][vc_row full_width=&#8221;stretch_row&#8221; equal_height=&#8221;yes&#8221; content_placement=&#8221;middle&#8221; css=&#8221;.vc_custom_1773753936129{margin-top: 60px !important;padding-bottom: 60px !important;}&#8221; el_id=&#8221;tasse&#8221;][vc_column width=&#8221;2\/3&#8243;][vc_single_image image=&#8221;9933328&#8243; onclick=&#8221;img_link_large&#8221; css=&#8221;.vc_custom_1773753176373{margin-bottom: 0px !important;}&#8221;][\/vc_column][vc_column width=&#8221;1\/3&#8243;][vc_row_inner el_class=&#8221;overlap-left&#8221;][vc_column_inner el_class=&#8221;shadow-box&#8221;]<span class=\"subtitle dash-true style-dark text-default\">AUCUNE TAXE SUR LA PISCINE<\/span>[vc_column_text]<\/p>\n<h2>Autorisations moins complexes et taxes r\u00e9duites!<\/h2>\n<p>Bio.design est une technologie non invasive, parfaitement certifi\u00e9e comme celle des lacs, sans l\u2019utilisation de b\u00e9ton ne provoquant pas de pollution de l\u2019environnement. C\u2019est pour toutes ces raisons qu\u2019il est beaucoup plus facile obtenir les autorisations et qu\u2019on ne risques pas d\u2019augmentations de la taxation de l\u2019immeuble.[\/vc_column_text][\/vc_column_inner][\/vc_row_inner][\/vc_column][\/vc_row][vc_row full_width=&#8221;stretch_row&#8221; equal_height=&#8221;yes&#8221; content_placement=&#8221;middle&#8221; el_class=&#8221;spaced&#8221; css=&#8221;.vc_custom_1552388307779{padding-bottom: 60px !important;}&#8221;][vc_column width=&#8221;4\/12&#8243;][vc_row_inner el_class=&#8221;overlap-right&#8221;][vc_column_inner el_class=&#8221;shadow-box&#8221;]<span class=\"subtitle dash-true style-dark text-default\">UNE BEAUT\u00c9 AUSSI PENDANT L\u2019HIVER<\/span>[vc_column_text]<\/p>\n<h2>Une piscine naturelle Bio.design est belle pendant toute l\u2019ann\u00e9e<\/h2>\n<p>Bio.design \u00e8 in tutte le stagioni, anche in quelle pi\u00f9 rigide, un elemento di arredo per il tuo giardino, non temendo il gelo.[\/vc_column_text][\/vc_column_inner][\/vc_row_inner][\/vc_column][vc_column width=&#8221;8\/12&#8243;][vc_single_image image=&#8221;9933321&#8243; onclick=&#8221;img_link_large&#8221; css=&#8221;.vc_custom_1773753383318{margin-bottom: 0px !important;}&#8221;][\/vc_column][\/vc_row][vc_row full_width=&#8221;stretch_row&#8221; equal_height=&#8221;yes&#8221; content_placement=&#8221;middle&#8221; css=&#8221;.vc_custom_1552389304306{margin-top: 0px !important;padding-bottom: 60px !important;}&#8221; el_id=&#8221;look&#8221;][vc_column width=&#8221;2\/3&#8243;][vc_single_image image=&#8221;9933335&#8243; onclick=&#8221;img_link_large&#8221; css=&#8221;.vc_custom_1773753668745{margin-bottom: 0px !important;}&#8221;][\/vc_column][vc_column width=&#8221;1\/3&#8243;][vc_row_inner el_class=&#8221;overlap-left&#8221;][vc_column_inner el_class=&#8221;shadow-box&#8221;]<span class=\"subtitle dash-true style-dark text-default\">UN LOOK ESTH\u00c9TIQUE MEILLEUR<\/span>[vc_column_text]<\/p>\n<h2>Parfaitement int\u00e9gr\u00e9e dans l\u2019environnement!<\/h2>\n<p><strong>Bio.design cr\u00e9e une nouvelle ambiance \u00e9tant parfaitement en harmonie avec le paysage et int\u00e9gr\u00e9e dans le jardin.<\/strong> Bio.design enrichit le jardin toujours.[\/vc_column_text][\/vc_column_inner][\/vc_row_inner][\/vc_column][\/vc_row][vc_row full_width=&#8221;stretch_row&#8221; equal_height=&#8221;yes&#8221; content_placement=&#8221;middle&#8221; el_class=&#8221;spaced&#8221; css=&#8221;.vc_custom_1552388328649{margin-top: 0px !important;padding-top: 0px !important;padding-bottom: 60px !important;}&#8221; el_id=&#8221;installazione&#8221;][vc_column width=&#8221;4\/12&#8243;][vc_row_inner el_class=&#8221;overlap-right&#8221;][vc_column_inner el_class=&#8221;shadow-box&#8221;]<span class=\"subtitle dash-true style-dark text-default\">MONTAGE RAPIDE<\/span>[vc_column_text]<\/p>\n<h2>Temps de montage rapides et des co\u00fbts r\u00e9duits<\/h2>\n<p><strong>Bio.design permet de r\u00e9aliser votre piscine avec des temps de montage tr\u00e8s rapides<\/strong>, avec un seul interlocuteur et surtout avec un impact de construction tr\u00e8s faible. Oubliez les travaux de construction complexes et extr\u00eamement invasifs.[\/vc_column_text][\/vc_column_inner][\/vc_row_inner][\/vc_column][vc_column width=&#8221;8\/12&#8243;][vc_single_image image=&#8221;9933342&#8243; onclick=&#8221;img_link_large&#8221; css=&#8221;.vc_custom_1773753683525{margin-bottom: 0px !important;}&#8221;][\/vc_column][\/vc_row][vc_row full_width=&#8221;stretch_row&#8221; equal_height=&#8221;yes&#8221; content_placement=&#8221;middle&#8221; css=&#8221;.vc_custom_1552389325677{margin-top: 0px !important;padding-bottom: 60px !important;}&#8221; el_id=&#8221;vivibilita&#8221;][vc_column width=&#8221;2\/3&#8243;][vc_single_image image=&#8221;9933349&#8243; onclick=&#8221;img_link_large&#8221; css=&#8221;.vc_custom_1773753720113{margin-bottom: 0px !important;}&#8221;][\/vc_column][vc_column width=&#8221;1\/3&#8243;][vc_row_inner el_class=&#8221;overlap-left&#8221;][vc_column_inner el_class=&#8221;shadow-box&#8221;]<span class=\"subtitle dash-true style-dark text-default\">DES SOLUTIONS ILLIMIT\u00c9ES<\/span>[vc_column_text]<\/p>\n<h2>La piscine Bio.design peut \u00eatre r\u00e9alis\u00e9e comme vous voulez<\/h2>\n<p>Bio.design peut \u00eatre meubl\u00e9e exactement comme un appartement pour garantir la meilleure exp\u00e9rience de natation. Les si\u00e8ges, les plages et zones de bien\u00eatre permettent de transformer votre piscine en un petit spa dans votre jardin.[\/vc_column_text][\/vc_column_inner][\/vc_row_inner][\/vc_column][\/vc_row][vc_row full_width=&#8221;stretch_row&#8221; equal_height=&#8221;yes&#8221; content_placement=&#8221;middle&#8221; el_class=&#8221;spaced&#8221; css=&#8221;.vc_custom_1552388307779{padding-bottom: 60px !important;}&#8221; el_id=&#8221;basso&#8221;][vc_column width=&#8221;4\/12&#8243;][vc_row_inner el_class=&#8221;overlap-right&#8221;][vc_column_inner el_class=&#8221;shadow-box&#8221;]<span class=\"subtitle dash-true style-dark text-default\">DES CO\u00dbTS D\u2019ENTRETIEN BAS<\/span>[vc_column_text]<\/p>\n<h2>Abaissez les co\u00fbts d\u2019entretien de votre piscine<\/h2>\n<p><strong>Les co\u00fbts d\u2019entretien <\/strong>d\u2019une piscine d\u00e9pendent de son utilisation. Le d\u00e9sagr\u00e9ment plus grand pour le client est donn\u00e9 par l\u2019entretien m\u00eame pendant la p\u00e9riode de non-utilisation. <strong>Au contraire, Bio.design peut rest\u00e9 dans la modalit\u00e9 lac pendant des saison enti\u00e8res et devenir une piscine lors qu\u2019on d\u00e9cide de l\u2019utiliser \u00e0 nouveau, sans g\u00e2ter le paysage environnant.<\/strong>[\/vc_column_text][\/vc_column_inner][\/vc_row_inner][\/vc_column][vc_column width=&#8221;8\/12&#8243;][vc_single_image image=&#8221;9933356&#8243; onclick=&#8221;img_link_large&#8221; css=&#8221;.vc_custom_1773753737453{margin-bottom: 0px !important;}&#8221;][\/vc_column][\/vc_row][vc_row full_width=&#8221;stretch_row&#8221; equal_height=&#8221;yes&#8221; content_placement=&#8221;middle&#8221; css=&#8221;.vc_custom_1559740243966{padding-top: 100px !important;padding-bottom: 100px !important;background-color: #f5f5f5 !important;}&#8221; el_class=&#8221;mobile-full&#8221;][vc_column width=&#8221;2\/3&#8243; css=&#8221;.vc_custom_1559740035747{margin-bottom: 0px !important;padding-top: 0px !important;padding-right: 0px !important;}&#8221; el_class=&#8221;min-height-100&#8243;][vc_column_text css=&#8221;.vc_custom_1773753121186{margin-bottom: 0px !important;}&#8221;]<\/p>\n<h2><span style=\"font-weight: 200;\">\u00cates-vous int\u00e9ress\u00e9 \u00e0 une piscine <strong>Bio.design<\/strong>?<\/span><\/h2>\n<h2><span style=\"font-weight: 200;\">N\u2019attendez plus. Contactez-nous maintenant!<\/span><\/h2>\n<p>[\/vc_column_text][\/vc_column][vc_column width=&#8221;1\/3&#8243;]<a href=\"https:\/\/bio.design\/fr\/demandez-votre-devis-gratuit\/\" class=\"btn btn-primary arrow-right purple\"><span>CONTACTEZ-NOUS<\/span><\/a>[\/vc_column][\/vc_row]<\/p>\n","protected":false},"excerpt":{"rendered":"<p>[vc_row css=&#8221;.vc_custom_1559743558732{padding-top: 0px !important;}&#8221;][vc_column][vc_column_text] La piscine Bio.design [\/vc_column_text][vc_row_inner][vc_column_inner][vc_column_text]Il y a plusieurs caract\u00e9ristiques qui rendent les piscines Bio.design innovantes, \u00e0 partir du caract\u00e8re invasif tr\u00e8s limit\u00e9 permettant \u00e0 la piscine de s\u2019ins\u00e9rer avec harmonie dans le contexte sans utiliser de b\u00e9ton. C\u2019est donc l\u2019environnement le premier b\u00e9n\u00e9ficiaire: les produits utilis\u00e9s, les \u00e9tanch\u00e9it\u00e9s, les poids de la [&hellip;]<\/p>\n","protected":false},"author":3,"featured_media":0,"parent":0,"menu_order":0,"comment_status":"closed","ping_status":"closed","template":"","meta":{"footnotes":""},"class_list":["post-9914068","page","type-page","status-publish","hentry"],"yoast_head":"<!-- This site is optimized with the Yoast SEO plugin v27.4 - https:\/\/yoast.com\/product\/yoast-seo-wordpress\/ -->\n<title>Pourquoi opter pour une piscine avec plage immerg\u00e9e | Bio.design<\/title>\n<meta name=\"description\" content=\"D\u00e9couvrez les nombreux atouts uniques d&#039;une piscine creus\u00e9e avec plage immerg\u00e9e par rapport \u00e0 une piscine traditionnelle en b\u00e9ton sur notre site.\" \/>\n<meta name=\"robots\" content=\"index, follow, max-snippet:-1, max-image-preview:large, max-video-preview:-1\" \/>\n<link rel=\"canonical\" href=\"https:\/\/bio.design\/fr\/pourquoi-choisir-une-piscine-naturelle-biodesign\/\" \/>\n<meta property=\"og:locale\" content=\"fr_FR\" \/>\n<meta property=\"og:type\" content=\"article\" \/>\n<meta property=\"og:title\" content=\"Pourquoi opter pour une piscine avec plage immerg\u00e9e | Bio.design\" \/>\n<meta property=\"og:description\" content=\"D\u00e9couvrez les nombreux atouts uniques d&#039;une piscine creus\u00e9e avec plage immerg\u00e9e par rapport \u00e0 une piscine traditionnelle en b\u00e9ton sur notre site.\" \/>\n<meta property=\"og:url\" content=\"https:\/\/bio.design\/fr\/pourquoi-choisir-une-piscine-naturelle-biodesign\/\" \/>\n<meta property=\"og:site_name\" content=\"Biodesign Pools\" \/>\n<meta property=\"article:publisher\" content=\"https:\/\/www.facebook.com\/PiscineBiodesign\/\" \/>\n<meta property=\"article:modified_time\" content=\"2026-03-17T13:26:06+00:00\" \/>\n<meta name=\"twitter:card\" content=\"summary_large_image\" \/>\n<meta name=\"twitter:site\" content=\"@BIODESIGNPOOLS\" \/>\n<meta name=\"twitter:label1\" content=\"Dur\u00e9e de lecture estim\u00e9e\" \/>\n\t<meta name=\"twitter:data1\" content=\"4 minutes\" \/>\n<script type=\"application\/ld+json\" class=\"yoast-schema-graph\">{\"@context\":\"https:\\\/\\\/schema.org\",\"@graph\":[{\"@type\":\"WebPage\",\"@id\":\"https:\\\/\\\/bio.design\\\/fr\\\/pourquoi-choisir-une-piscine-naturelle-biodesign\\\/\",\"url\":\"https:\\\/\\\/bio.design\\\/fr\\\/pourquoi-choisir-une-piscine-naturelle-biodesign\\\/\",\"name\":\"Pourquoi opter pour une piscine avec plage immerg\u00e9e | Bio.design\",\"isPartOf\":{\"@id\":\"https:\\\/\\\/bio.design\\\/#website\"},\"datePublished\":\"2023-07-10T12:53:28+00:00\",\"dateModified\":\"2026-03-17T13:26:06+00:00\",\"description\":\"D\u00e9couvrez les nombreux atouts uniques d'une piscine creus\u00e9e avec plage immerg\u00e9e par rapport \u00e0 une piscine traditionnelle en b\u00e9ton sur notre site.\",\"breadcrumb\":{\"@id\":\"https:\\\/\\\/bio.design\\\/fr\\\/pourquoi-choisir-une-piscine-naturelle-biodesign\\\/#breadcrumb\"},\"inLanguage\":\"fr-FR\",\"potentialAction\":[{\"@type\":\"ReadAction\",\"target\":[\"https:\\\/\\\/bio.design\\\/fr\\\/pourquoi-choisir-une-piscine-naturelle-biodesign\\\/\"]}]},{\"@type\":\"BreadcrumbList\",\"@id\":\"https:\\\/\\\/bio.design\\\/fr\\\/pourquoi-choisir-une-piscine-naturelle-biodesign\\\/#breadcrumb\",\"itemListElement\":[{\"@type\":\"ListItem\",\"position\":1,\"name\":\"Home\",\"item\":\"https:\\\/\\\/bio.design\\\/fr\\\/biodesign-pools\\\/\"},{\"@type\":\"ListItem\",\"position\":2,\"name\":\"Pourquoi choisir une piscine Lagon Bio.design\"}]},{\"@type\":\"WebSite\",\"@id\":\"https:\\\/\\\/bio.design\\\/#website\",\"url\":\"https:\\\/\\\/bio.design\\\/\",\"name\":\"Biodesign Pools\",\"description\":\"The Living Pool - Natural Pools\",\"publisher\":{\"@id\":\"https:\\\/\\\/bio.design\\\/#organization\"},\"potentialAction\":[{\"@type\":\"SearchAction\",\"target\":{\"@type\":\"EntryPoint\",\"urlTemplate\":\"https:\\\/\\\/bio.design\\\/?s={search_term_string}\"},\"query-input\":{\"@type\":\"PropertyValueSpecification\",\"valueRequired\":true,\"valueName\":\"search_term_string\"}}],\"inLanguage\":\"fr-FR\"},{\"@type\":\"Organization\",\"@id\":\"https:\\\/\\\/bio.design\\\/#organization\",\"name\":\"Biodesign Pools\",\"url\":\"https:\\\/\\\/bio.design\\\/\",\"logo\":{\"@type\":\"ImageObject\",\"inLanguage\":\"fr-FR\",\"@id\":\"https:\\\/\\\/bio.design\\\/#\\\/schema\\\/logo\\\/image\\\/\",\"url\":\"https:\\\/\\\/bio.design\\\/wp-content\\\/uploads\\\/2021\\\/02\\\/Bio.design-New-Logo-Fb.jpg\",\"contentUrl\":\"https:\\\/\\\/bio.design\\\/wp-content\\\/uploads\\\/2021\\\/02\\\/Bio.design-New-Logo-Fb.jpg\",\"width\":2048,\"height\":1042,\"caption\":\"Biodesign Pools\"},\"image\":{\"@id\":\"https:\\\/\\\/bio.design\\\/#\\\/schema\\\/logo\\\/image\\\/\"},\"sameAs\":[\"https:\\\/\\\/www.facebook.com\\\/PiscineBiodesign\\\/\",\"https:\\\/\\\/x.com\\\/BIODESIGNPOOLS\",\"https:\\\/\\\/www.linkedin.com\\\/company\\\/biodesignpools\\\/\",\"https:\\\/\\\/www.youtube.com\\\/user\\\/BiodesignpoolsIT\"]}]}<\/script>\n<!-- \/ Yoast SEO plugin. -->","yoast_head_json":{"title":"Pourquoi opter pour une piscine avec plage immerg\u00e9e | Bio.design","description":"D\u00e9couvrez les nombreux atouts uniques d'une piscine creus\u00e9e avec plage immerg\u00e9e par rapport \u00e0 une piscine traditionnelle en b\u00e9ton sur notre site.","robots":{"index":"index","follow":"follow","max-snippet":"max-snippet:-1","max-image-preview":"max-image-preview:large","max-video-preview":"max-video-preview:-1"},"canonical":"https:\/\/bio.design\/fr\/pourquoi-choisir-une-piscine-naturelle-biodesign\/","og_locale":"fr_FR","og_type":"article","og_title":"Pourquoi opter pour une piscine avec plage immerg\u00e9e | Bio.design","og_description":"D\u00e9couvrez les nombreux atouts uniques d'une piscine creus\u00e9e avec plage immerg\u00e9e par rapport \u00e0 une piscine traditionnelle en b\u00e9ton sur notre site.","og_url":"https:\/\/bio.design\/fr\/pourquoi-choisir-une-piscine-naturelle-biodesign\/","og_site_name":"Biodesign Pools","article_publisher":"https:\/\/www.facebook.com\/PiscineBiodesign\/","article_modified_time":"2026-03-17T13:26:06+00:00","twitter_card":"summary_large_image","twitter_site":"@BIODESIGNPOOLS","twitter_misc":{"Dur\u00e9e de lecture estim\u00e9e":"4 minutes"},"schema":{"@context":"https:\/\/schema.org","@graph":[{"@type":"WebPage","@id":"https:\/\/bio.design\/fr\/pourquoi-choisir-une-piscine-naturelle-biodesign\/","url":"https:\/\/bio.design\/fr\/pourquoi-choisir-une-piscine-naturelle-biodesign\/","name":"Pourquoi opter pour une piscine avec plage immerg\u00e9e | Bio.design","isPartOf":{"@id":"https:\/\/bio.design\/#website"},"datePublished":"2023-07-10T12:53:28+00:00","dateModified":"2026-03-17T13:26:06+00:00","description":"D\u00e9couvrez les nombreux atouts uniques d'une piscine creus\u00e9e avec plage immerg\u00e9e par rapport \u00e0 une piscine traditionnelle en b\u00e9ton sur notre site.","breadcrumb":{"@id":"https:\/\/bio.design\/fr\/pourquoi-choisir-une-piscine-naturelle-biodesign\/#breadcrumb"},"inLanguage":"fr-FR","potentialAction":[{"@type":"ReadAction","target":["https:\/\/bio.design\/fr\/pourquoi-choisir-une-piscine-naturelle-biodesign\/"]}]},{"@type":"BreadcrumbList","@id":"https:\/\/bio.design\/fr\/pourquoi-choisir-une-piscine-naturelle-biodesign\/#breadcrumb","itemListElement":[{"@type":"ListItem","position":1,"name":"Home","item":"https:\/\/bio.design\/fr\/biodesign-pools\/"},{"@type":"ListItem","position":2,"name":"Pourquoi choisir une piscine Lagon Bio.design"}]},{"@type":"WebSite","@id":"https:\/\/bio.design\/#website","url":"https:\/\/bio.design\/","name":"Biodesign Pools","description":"The Living Pool - Natural Pools","publisher":{"@id":"https:\/\/bio.design\/#organization"},"potentialAction":[{"@type":"SearchAction","target":{"@type":"EntryPoint","urlTemplate":"https:\/\/bio.design\/?s={search_term_string}"},"query-input":{"@type":"PropertyValueSpecification","valueRequired":true,"valueName":"search_term_string"}}],"inLanguage":"fr-FR"},{"@type":"Organization","@id":"https:\/\/bio.design\/#organization","name":"Biodesign Pools","url":"https:\/\/bio.design\/","logo":{"@type":"ImageObject","inLanguage":"fr-FR","@id":"https:\/\/bio.design\/#\/schema\/logo\/image\/","url":"https:\/\/bio.design\/wp-content\/uploads\/2021\/02\/Bio.design-New-Logo-Fb.jpg","contentUrl":"https:\/\/bio.design\/wp-content\/uploads\/2021\/02\/Bio.design-New-Logo-Fb.jpg","width":2048,"height":1042,"caption":"Biodesign Pools"},"image":{"@id":"https:\/\/bio.design\/#\/schema\/logo\/image\/"},"sameAs":["https:\/\/www.facebook.com\/PiscineBiodesign\/","https:\/\/x.com\/BIODESIGNPOOLS","https:\/\/www.linkedin.com\/company\/biodesignpools\/","https:\/\/www.youtube.com\/user\/BiodesignpoolsIT"]}]}},"_links":{"self":[{"href":"https:\/\/bio.design\/fr\/wp-json\/wp\/v2\/pages\/9914068","targetHints":{"allow":["GET"]}}],"collection":[{"href":"https:\/\/bio.design\/fr\/wp-json\/wp\/v2\/pages"}],"about":[{"href":"https:\/\/bio.design\/fr\/wp-json\/wp\/v2\/types\/page"}],"author":[{"embeddable":true,"href":"https:\/\/bio.design\/fr\/wp-json\/wp\/v2\/users\/3"}],"replies":[{"embeddable":true,"href":"https:\/\/bio.design\/fr\/wp-json\/wp\/v2\/comments?post=9914068"}],"version-history":[{"count":8,"href":"https:\/\/bio.design\/fr\/wp-json\/wp\/v2\/pages\/9914068\/revisions"}],"predecessor-version":[{"id":9933368,"href":"https:\/\/bio.design\/fr\/wp-json\/wp\/v2\/pages\/9914068\/revisions\/9933368"}],"wp:attachment":[{"href":"https:\/\/bio.design\/fr\/wp-json\/wp\/v2\/media?parent=9914068"}],"curies":[{"name":"wp","href":"https:\/\/api.w.org\/{rel}","templated":true}]}}