{"id":9914048,"date":"2018-10-03T06:44:29","date_gmt":"2018-10-03T06:44:29","guid":{"rendered":"https:\/\/bio.design\/chi-siamo\/"},"modified":"2026-03-19T15:25:06","modified_gmt":"2026-03-19T14:25:06","slug":"a-propos-de-nous","status":"publish","type":"page","link":"https:\/\/bio.design\/fr\/a-propos-de-nous\/","title":{"rendered":"\u00c0 Propos De Nous"},"content":{"rendered":"<p>[vc_row full_width=&#8221;stretch_row&#8221; gap=&#8221;15&#8243; css=&#8221;.vc_custom_1559744338414{padding-top: 80px !important;padding-bottom: 80px !important;background-color: #ffffff !important;background-position: 0 0 !important;background-repeat: repeat !important;}&#8221;][vc_column width=&#8221;1\/4&#8243;][vc_column_text]<\/p>\n<h2>Bio.design | More Than A Pool<\/h2>\n<p>[\/vc_column_text][\/vc_column][vc_column width=&#8221;3\/4&#8243;][vc_row_inner][vc_column_inner width=&#8221;1\/3&#8243;][vc_column_text]<\/p>\n<h2>EN BREF\u2026<\/h2>\n<p>Biodesign S.p.A. repr\u00e9sente l\u2019une des r\u00e9alit\u00e9s les plus innovantes sur la sc\u00e8ne internationale des piscines et des espaces outdoor.<\/p>\n<p>N\u00e9e en Italie avec l\u2019objectif de r\u00e9volutionner le concept traditionnel de piscine, l\u2019entreprise con\u00e7oit et r\u00e9alise des piscines lagon enterr\u00e9es, parfaitement int\u00e9gr\u00e9es dans le paysage, sans utilisation de b\u00e9ton ni de structures pr\u00e9fabriqu\u00e9es.<\/p>\n<p>\u00c0 la base de chaque r\u00e9alisation se trouve une vision claire : red\u00e9finir les espaces ext\u00e9rieurs en les transformant en oasis de beaut\u00e9, de bien-\u00eatre et d\u2019harmonie avec la nature.[\/vc_column_text][\/vc_column_inner][vc_column_inner width=&#8221;1\/3&#8243;][vc_column_text]<\/p>\n<h2>NOTRE VISION<\/h2>\n<p>Nous imaginons une nouvelle fa\u00e7on de vivre l\u2019eau et l\u2019outdoor, o\u00f9 chaque \u00e9l\u00e9ment dialogue avec l\u2019environnement qui l\u2019entoure.<\/p>\n<p>Les piscines lagon Bio.design ne sont pas de simples plans d\u2019eau, mais de v\u00e9ritables environnements immersifs o\u00f9 design et nature se fondent harmonieusement, en supprimant les fronti\u00e8res visuelles et en cr\u00e9ant des espaces fluides et continus, \u00e0 vivre chaque jour en toute libert\u00e9.<\/p>\n<p>Un \u00e9quilibre parfait entre esth\u00e9tique, fonctionnalit\u00e9 et durabilit\u00e9, pens\u00e9 pour valoriser chaque contexte architectural et paysager.[\/vc_column_text][\/vc_column_inner][vc_column_inner width=&#8221;1\/3&#8243;][vc_column_text]<\/p>\n<h2>LA TECHNOLOGIE BIO.DESIGN<\/h2>\n<p>Les piscines lagon Bio.design allient architecture et durabilit\u00e9 gr\u00e2ce \u00e0 une technologie brevet\u00e9e qui permet des formes libres et sinueuses, m\u00eame dans des contextes contraints, avec des chantiers rapides et peu invasifs.<\/p>\n<p>Le syst\u00e8me repose sur :<br \/>\n\u2013 une membrane d\u2019\u00e9tanch\u00e9it\u00e9 en EPDM, inerte et sans additifs nocifs<br \/>\n\u2013 du sable de quartz et de la r\u00e9sine<br \/>\n\u2013 des treillis de renforcement structurel<\/p>\n<p>Le r\u00e9sultat est une surface r\u00e9sistante et naturelle, parfaitement int\u00e9gr\u00e9e \u00e0 l\u2019environnement.[\/vc_column_text][\/vc_column_inner][\/vc_row_inner][\/vc_column][\/vc_row][vc_row full_width=&#8221;stretch_row&#8221; equal_height=&#8221;yes&#8221; content_placement=&#8221;middle&#8221; css=&#8221;.vc_custom_1559740243966{padding-top: 100px !important;padding-bottom: 100px !important;background-color: #f5f5f5 !important;}&#8221; el_class=&#8221;mobile-full&#8221;][vc_column width=&#8221;2\/3&#8243; css=&#8221;.vc_custom_1559740035747{margin-bottom: 0px !important;padding-top: 0px !important;padding-right: 0px !important;}&#8221; el_class=&#8221;min-height-100&#8243;][vc_column_text css=&#8221;.vc_custom_1773929435973{margin-bottom: 0px !important;}&#8221;]<\/p>\n<h2><span style=\"font-weight: 200;\">\u00cates-vous int\u00e9ress\u00e9 \u00e0 une piscine <strong>Bio.design<\/strong>?<\/span><\/h2>\n<h2><span style=\"font-weight: 200;\">N\u2019attendez plus. Contactez-nous maintenant!<\/span><\/h2>\n<p>[\/vc_column_text][\/vc_column][vc_column width=&#8221;1\/3&#8243;]<a href=\"https:\/\/bio.design\/fr\/demandez-votre-devis-gratuit\/\" class=\"btn btn-primary arrow-right purple\"><span>Contactez-nous<\/span><\/a>[\/vc_column][\/vc_row][vc_row full_width=&#8221;stretch_row&#8221; equal_height=&#8221;yes&#8221; content_placement=&#8221;middle&#8221; css=&#8221;.vc_custom_1711555608482{margin-top: 60px !important;margin-bottom: 60px !important;background-color: #ffffff !important;background-position: center !important;background-repeat: no-repeat !important;background-size: cover !important;}&#8221;][vc_column width=&#8221;2\/3&#8243;][vc_single_image image=&#8221;9932233&#8243;][\/vc_column][vc_column width=&#8221;1\/3&#8243; css=&#8221;.vc_custom_1711445978833{padding-right: 0px !important;padding-left: 0px !important;}&#8221;][vc_row_inner el_class=&#8221;overlap-left&#8221;][vc_column_inner el_class=&#8221;shadow-box&#8221;][vc_column_text]<\/p>\n<h2>HISTOIRE ET ENTREPRISE<\/h2>\n<p>Bio.design na\u00eet en Italie au sein d\u2019API Italia, une entreprise fond\u00e9e \u00e0 Milan en 1980 par Franco Milani et active depuis plus de 30 ans dans le secteur de la gestion de l\u2019eau pour des applications esth\u00e9tiques, r\u00e9cr\u00e9atives et d\u2019irrigation.<\/p>\n<p>D\u00e8s ses d\u00e9buts, API Italia se distingue par la conception de syst\u00e8mes d\u2019irrigation pour plus de 30 terrains de golf ainsi que pour les principaux parcs publics italiens, d\u00e9veloppant au fil du temps des comp\u00e9tences avanc\u00e9es dans la r\u00e9alisation de lacs artificiels, de fontaines monumentales et de syst\u00e8mes de traitement de l\u2019eau.<\/p>\n<p>Dans les ann\u00e9es 90, elle introduit en Italie des syst\u00e8mes de t\u00e9l\u00e9contr\u00f4le centralis\u00e9 pour la gestion des espaces verts urbains, en d\u00e9veloppant des programmateurs intelligents capables d\u2019int\u00e9grer irrigation, \u00e9clairage, fontaines et piscines. En 1995, elle obtient \u00e9galement la licence exclusive des produits OASE, leader dans le domaine des fontaines et des lacs ornementaux.[\/vc_column_text][\/vc_column_inner][\/vc_row_inner][\/vc_column][\/vc_row][vc_row content_placement=&#8221;middle&#8221; css=&#8221;.vc_custom_1773929461689{margin-top: 40px !important;margin-bottom: 40px !important;}&#8221;][vc_column width=&#8221;5\/12&#8243;][vc_row_inner el_class=&#8221;overlap-right&#8221;][vc_column_inner el_class=&#8221;shadow-box&#8221;][vc_column_text]<\/p>\n<h2>L\u2019ORIGINE DE LA TECHNOLOGIE BIO.DESIGN<\/h2>\n<p>L\u2019exp\u00e9rience acquise dans la r\u00e9alisation de lacs et de syst\u00e8mes de phytorem\u00e9diation conduit, en 2007, au d\u00e9veloppement d\u2019une technologie innovante : transf\u00e9rer les avantages environnementaux et esth\u00e9tiques des lacs naturels dans le monde de la piscine.<\/p>\n<p>C\u2019est ainsi qu\u2019est n\u00e9 le concept Bio.design : une nouvelle mani\u00e8re de concevoir des piscines lagon, orient\u00e9e vers la personnalisation, la durabilit\u00e9 et une meilleure exp\u00e9rience de baignade.<\/p>\n<p>En 2010, gr\u00e2ce \u00e0 deux brevets internationaux, les piscines Bio.design deviennent le c\u0153ur de m\u00e9tier d\u2019API Italia, en introduisant sur le march\u00e9 des solutions qui r\u00e9duisent l\u2019impact environnemental des techniques de construction et offrent des avantages concrets tant sur le plan technique qu\u2019\u00e9conomique.[\/vc_column_text][\/vc_column_inner][\/vc_row_inner][\/vc_column][vc_column width=&#8221;7\/12&#8243;][vc_single_image image=&#8221;9933483&#8243;][\/vc_column][\/vc_row][vc_row full_width=&#8221;stretch_row&#8221; equal_height=&#8221;yes&#8221; content_placement=&#8221;middle&#8221; css=&#8221;.vc_custom_1711555608482{margin-top: 60px !important;margin-bottom: 60px !important;background-color: #ffffff !important;background-position: center !important;background-repeat: no-repeat !important;background-size: cover !important;}&#8221;][vc_column width=&#8221;2\/3&#8243;][vc_single_image image=&#8221;9933490&#8243;][\/vc_column][vc_column width=&#8221;1\/3&#8243; css=&#8221;.vc_custom_1711445978833{padding-right: 0px !important;padding-left: 0px !important;}&#8221;][vc_row_inner el_class=&#8221;overlap-left&#8221;][vc_column_inner el_class=&#8221;shadow-box&#8221;][vc_column_text]<\/p>\n<h2 data-start=\"1779\" data-end=\"2090\"><strong data-start=\"1779\" data-end=\"1810\">D\u00c9VELOPPEMENT ET INNOVATION<\/strong><\/h2>\n<p data-start=\"1779\" data-end=\"2090\">Gr\u00e2ce \u00e0 son savoir-faire interne, \u00e0 une activit\u00e9 de recherche continue et au d\u00e9veloppement de technologies propri\u00e9taires, API Italia a conduit une v\u00e9ritable r\u00e9volution sur le march\u00e9 des piscines, jusque-l\u00e0 domin\u00e9 par des structures rigides en b\u00e9ton et des formes standardis\u00e9es.<\/p>\n<p data-start=\"2092\" data-end=\"2284\">La technologie Bio.design est reconnue \u00e0 l\u2019international : lors du Salon International de la Piscine de Barcelone, elle est r\u00e9compens\u00e9e comme le produit le plus durable et innovant du secteur.<\/p>\n<p data-start=\"2286\" data-end=\"2558\">Parall\u00e8lement, l\u2019entreprise d\u00e9veloppe des comp\u00e9tences avanc\u00e9es dans le traitement de l\u2019eau, en introduisant des syst\u00e8mes de st\u00e9rilisation innovants qui am\u00e9liorent le bien-\u00eatre des utilisateurs et r\u00e9duisent drastiquement l\u2019utilisation et l\u2019\u00e9limination du chlore industriel.<\/p>\n<p>[\/vc_column_text][\/vc_column_inner][\/vc_row_inner][\/vc_column][\/vc_row][vc_row content_placement=&#8221;middle&#8221; css=&#8221;.vc_custom_1773929461689{margin-top: 40px !important;margin-bottom: 40px !important;}&#8221;][vc_column width=&#8221;5\/12&#8243;][vc_row_inner el_class=&#8221;overlap-right&#8221;][vc_column_inner el_class=&#8221;shadow-box&#8221;][vc_column_text]<\/p>\n<h2>BIO.DESIGN AUJOURD\u2019HUI<\/h2>\n<p>Aujourd\u2019hui, Bio.design repr\u00e9sente une r\u00e9alit\u00e9 internationale en forte croissance.<\/p>\n<p>L\u2019entreprise compte environ 40 collaborateurs, un r\u00e9seau mondial d\u2019agents et de concessionnaires, et un march\u00e9 d\u00e9velopp\u00e9 \u00e0 l\u2019\u00e9chelle internationale.<\/p>\n<p>En 2022, Bio.design a \u00e9t\u00e9 acquise par un fonds d\u2019investissement, marquant le d\u00e9but d\u2019une nouvelle phase d\u2019expansion et de consolidation internationale.<\/p>\n<p>Depuis juillet 2022, l\u2019entreprise est dirig\u00e9e par le CEO Antonio Filippi.[\/vc_column_text][\/vc_column_inner][\/vc_row_inner][\/vc_column][vc_column width=&#8221;7\/12&#8243;][vc_single_image image=&#8221;9933497&#8243;][\/vc_column][\/vc_row][vc_row full_width=&#8221;stretch_row&#8221; equal_height=&#8221;yes&#8221; content_placement=&#8221;middle&#8221; css=&#8221;.vc_custom_1711555608482{margin-top: 60px !important;margin-bottom: 60px !important;background-color: #ffffff !important;background-position: center !important;background-repeat: no-repeat !important;background-size: cover !important;}&#8221;][vc_column width=&#8221;2\/3&#8243;][vc_single_image image=&#8221;9931261&#8243;][\/vc_column][vc_column width=&#8221;1\/3&#8243; css=&#8221;.vc_custom_1711445978833{padding-right: 0px !important;padding-left: 0px !important;}&#8221;][vc_row_inner el_class=&#8221;overlap-left&#8221;][vc_column_inner el_class=&#8221;shadow-box&#8221;][vc_column_text]<\/p>\n<h2 data-start=\"3061\" data-end=\"3238\"><strong data-start=\"3061\" data-end=\"3092\">UN MOD\u00c8LE INDUSTRIEL \u00c9VOLU\u00c9<\/strong><\/h2>\n<p data-start=\"3061\" data-end=\"3238\">Aujourd\u2019hui, Biodesign S.p.A. g\u00e8re en interne toutes les phases du d\u00e9veloppement d\u2019une piscine lagon, gr\u00e2ce \u00e0 une approche \u00ab global project \u00bb :<\/p>\n<p data-start=\"3240\" data-end=\"3398\">\u2013 conception graphique et technique de la piscine<br data-start=\"3289\" data-end=\"3292\" \/>\u2013 d\u00e9veloppement des plans d\u2019ex\u00e9cution<br data-start=\"3329\" data-end=\"3332\" \/>\u2013 accompagnement \u00e0 la r\u00e9alisation via des entreprises certifi\u00e9es<\/p>\n<p data-start=\"3400\" data-end=\"3679\">Chaque piscine lagon est d\u00e9velopp\u00e9e dans les moindres d\u00e9tails, des phases de terrassement aux installations techniques et \u00e0 l\u2019\u00e9clairage. Les composants sont organis\u00e9s en kits pr\u00e9assembl\u00e9s, r\u00e9duisant les d\u00e9lais de chantier, la complexit\u00e9 op\u00e9rationnelle et la dispersion de valeur.<\/p>\n<p>[\/vc_column_text][\/vc_column_inner][\/vc_row_inner][\/vc_column][\/vc_row][vc_row content_placement=&#8221;middle&#8221; css=&#8221;.vc_custom_1773929461689{margin-top: 40px !important;margin-bottom: 40px !important;}&#8221;][vc_column width=&#8221;5\/12&#8243;][vc_row_inner el_class=&#8221;overlap-right&#8221;][vc_column_inner el_class=&#8221;shadow-box&#8221;][vc_column_text]<\/p>\n<h2 data-start=\"3686\" data-end=\"3923\"><strong data-start=\"3686\" data-end=\"3718\">UNE NOUVELLE ID\u00c9E DE PISCINE<\/strong><\/h2>\n<p data-start=\"3686\" data-end=\"3923\">Gr\u00e2ce \u00e0 la technologie Bio.design, la piscine change compl\u00e8tement de visage : d\u2019une structure rigide, elle devient un espace fluide et naturel, con\u00e7u pour s\u2019adapter au contexte et aux besoins du client.<\/p>\n<p data-start=\"3925\" data-end=\"4036\">Chaque projet devient un environnement sur mesure, un espace exp\u00e9rientiel qui unit design, nature et bien-\u00eatre.<\/p>\n<p data-start=\"4038\" data-end=\"4120\">Par ailleurs, Bio.design est fortement engag\u00e9e dans la Recherche et D\u00e9veloppement.<\/p>\n<p data-start=\"4122\" data-end=\"4372\" data-is-last-node=\"\" data-is-only-node=\"\">Gr\u00e2ce \u00e0 une \u00e9quipe hautement qualifi\u00e9e et \u00e0 des investissements importants, l\u2019entreprise continue de d\u00e9velopper de nouvelles solutions technologiques destin\u00e9es \u00e0 \u00e9largir les possibilit\u00e9s du syst\u00e8me et \u00e0 red\u00e9finir encore davantage l\u2019avenir du secteur.<\/p>\n<p>[\/vc_column_text][\/vc_column_inner][\/vc_row_inner][\/vc_column][vc_column width=&#8221;7\/12&#8243;][vc_single_image image=&#8221;9933342&#8243;][\/vc_column][\/vc_row][vc_row full_width=&#8221;stretch_row&#8221; disable_element=&#8221;yes&#8221; css=&#8221;.vc_custom_1649234117889{background: #0f3f5a url(https:\/\/bio.design\/wp-content\/uploads\/2018\/03\/vertical-lines-3-1.png?id=9229) !important;background-position: 0 0 !important;background-repeat: repeat !important;}&#8221; el_class=&#8221;spaced&#8221;][vc_column]<span class=\"subtitle dash-false style-light text-center\">OBJECTIFS ATTEINTS<\/span>[vc_column_text]<\/p>\n<h2 style=\"text-align: center;\"><span style=\"color: #ffffff;\">Ce que nous avons r\u00e9alis\u00e9 ensemble<\/span><\/h2>\n<p>[\/vc_column_text]<div class=\"dash style-light centered\"><\/div>[vc_row_inner css=&#8221;.vc_custom_1538562399018{margin-top: 45px !important;}&#8221;][vc_column_inner width=&#8221;1\/4&#8243;]<div class=\"number-box style-dark spacing-0\"><div class=\"number-box-number\">64700<\/div><div class=\"content-box\"><div class=\"content-box-info\"><h3>Heading<\/h3><p class=\"number-box-content\">M2 SURFACE D\u2019EAU R\u00c9ALIS\u00c9<\/p><\/div><\/div><\/div>[\/vc_column_inner][vc_column_inner width=&#8221;1\/4&#8243;]<div class=\"number-box style-dark spacing-0\"><div class=\"number-box-number\">22<\/div><div class=\"content-box\"><div class=\"content-box-info\"><h3>Heading<\/h3><p class=\"number-box-content\">COLLABORATEURS INTERNES<\/p><\/div><\/div><\/div>[\/vc_column_inner][vc_column_inner width=&#8221;1\/4&#8243;]<div class=\"number-box style-dark spacing-0\"><div class=\"number-box-number\">410<\/div><div class=\"content-box\"><div class=\"content-box-info\"><h3>Heading<\/h3><p class=\"number-box-content\">COLLABORATEURS EXTERNES<\/p><\/div><\/div><\/div>[\/vc_column_inner][vc_column_inner width=&#8221;1\/4&#8243;]<div class=\"number-box style-dark spacing-0\"><div class=\"number-box-number\">31<\/div><div class=\"content-box\"><div class=\"content-box-info\"><h3>Heading<\/h3><p class=\"number-box-content\">PAYS REPR\u00c9SENT\u00c9S<\/p><\/div><\/div><\/div>[\/vc_column_inner][\/vc_row_inner][\/vc_column][\/vc_row][vc_row full_width=&#8221;stretch_row&#8221; equal_height=&#8221;yes&#8221; content_placement=&#8221;middle&#8221; el_class=&#8221;mobile-full&#8221; css=&#8221;.vc_custom_1773920163941{padding-top: 80px !important;padding-bottom: 80px !important;}&#8221;][vc_column width=&#8221;2\/3&#8243; el_class=&#8221;min-height-100&#8243; css=&#8221;.vc_custom_1593690068262{margin-bottom: 0px !important;padding-top: 0px !important;padding-right: 0px !important;}&#8221;][vc_column_text css=&#8221;.vc_custom_1773930106749{margin-bottom: 0px !important;}&#8221;]<\/p>\n<h2 style=\"text-align: left;\"><span style=\"font-weight: 200;\">Visitez le <strong>blog<\/strong> Bio.design et d\u00e9couvrez-en plus sur nos <strong>piscines lagon<\/strong>\u2026\u00a0\u00a0<\/span><\/h2>\n<p>[\/vc_column_text][\/vc_column][vc_column width=&#8221;1\/3&#8243;]<a href=\"https:\/\/bio.design\/fr\/blog-biodesign\/\" target=\"_blank\" class=\"btn btn-primary arrow-right blu\"><span>VISITER LE BLOG<\/span><\/a>[\/vc_column][\/vc_row]<\/p>\n","protected":false},"excerpt":{"rendered":"<p>[vc_row full_width=&#8221;stretch_row&#8221; gap=&#8221;15&#8243; css=&#8221;.vc_custom_1559744338414{padding-top: 80px !important;padding-bottom: 80px !important;background-color: #ffffff !important;background-position: 0 0 !important;background-repeat: repeat !important;}&#8221;][vc_column width=&#8221;1\/4&#8243;][vc_column_text] Bio.design | More Than A Pool [\/vc_column_text][\/vc_column][vc_column width=&#8221;3\/4&#8243;][vc_row_inner][vc_column_inner width=&#8221;1\/3&#8243;][vc_column_text] EN BREF\u2026 Biodesign S.p.A. repr\u00e9sente l\u2019une des r\u00e9alit\u00e9s les plus innovantes sur la sc\u00e8ne internationale des piscines et des espaces outdoor. N\u00e9e en Italie avec l\u2019objectif de r\u00e9volutionner le concept [&hellip;]<\/p>\n","protected":false},"author":3,"featured_media":0,"parent":0,"menu_order":0,"comment_status":"closed","ping_status":"closed","template":"","meta":{"footnotes":""},"class_list":["post-9914048","page","type-page","status-publish","hentry"],"yoast_head":"<!-- This site is optimized with the Yoast SEO plugin v27.3 - https:\/\/yoast.com\/product\/yoast-seo-wordpress\/ -->\n<title>Bio.design Pools : Piscines Lagon<\/title>\n<meta name=\"description\" content=\"D\u00e9couvrez Bio.design : entreprise italienne sp\u00e9cialis\u00e9e dans les piscines lagon sur mesure. Innovation, technologie brevet\u00e9e et design.\" \/>\n<meta name=\"robots\" content=\"index, follow, max-snippet:-1, max-image-preview:large, max-video-preview:-1\" \/>\n<link rel=\"canonical\" href=\"https:\/\/bio.design\/fr\/a-propos-de-nous\/\" \/>\n<meta property=\"og:locale\" content=\"fr_FR\" \/>\n<meta property=\"og:type\" content=\"article\" \/>\n<meta property=\"og:title\" content=\"Bio.design Pools : Piscines Lagon\" \/>\n<meta property=\"og:description\" content=\"D\u00e9couvrez Bio.design : entreprise italienne sp\u00e9cialis\u00e9e dans les piscines lagon sur mesure. Innovation, technologie brevet\u00e9e et design.\" \/>\n<meta property=\"og:url\" content=\"https:\/\/bio.design\/fr\/a-propos-de-nous\/\" \/>\n<meta property=\"og:site_name\" content=\"Biodesign Pools\" \/>\n<meta property=\"article:publisher\" content=\"https:\/\/www.facebook.com\/PiscineBiodesign\/\" \/>\n<meta property=\"article:modified_time\" content=\"2026-03-19T14:25:06+00:00\" \/>\n<meta name=\"twitter:card\" content=\"summary_large_image\" \/>\n<meta name=\"twitter:site\" content=\"@BIODESIGNPOOLS\" \/>\n<meta name=\"twitter:label1\" content=\"Dur\u00e9e de lecture estim\u00e9e\" \/>\n\t<meta name=\"twitter:data1\" content=\"6 minutes\" \/>\n<script type=\"application\/ld+json\" class=\"yoast-schema-graph\">{\"@context\":\"https:\\\/\\\/schema.org\",\"@graph\":[{\"@type\":\"WebPage\",\"@id\":\"https:\\\/\\\/bio.design\\\/fr\\\/a-propos-de-nous\\\/\",\"url\":\"https:\\\/\\\/bio.design\\\/fr\\\/a-propos-de-nous\\\/\",\"name\":\"Bio.design Pools : Piscines Lagon\",\"isPartOf\":{\"@id\":\"https:\\\/\\\/bio.design\\\/#website\"},\"datePublished\":\"2018-10-03T06:44:29+00:00\",\"dateModified\":\"2026-03-19T14:25:06+00:00\",\"description\":\"D\u00e9couvrez Bio.design : entreprise italienne sp\u00e9cialis\u00e9e dans les piscines lagon sur mesure. Innovation, technologie brevet\u00e9e et design.\",\"breadcrumb\":{\"@id\":\"https:\\\/\\\/bio.design\\\/fr\\\/a-propos-de-nous\\\/#breadcrumb\"},\"inLanguage\":\"fr-FR\",\"potentialAction\":[{\"@type\":\"ReadAction\",\"target\":[\"https:\\\/\\\/bio.design\\\/fr\\\/a-propos-de-nous\\\/\"]}]},{\"@type\":\"BreadcrumbList\",\"@id\":\"https:\\\/\\\/bio.design\\\/fr\\\/a-propos-de-nous\\\/#breadcrumb\",\"itemListElement\":[{\"@type\":\"ListItem\",\"position\":1,\"name\":\"Home\",\"item\":\"https:\\\/\\\/bio.design\\\/fr\\\/biodesign-pools\\\/\"},{\"@type\":\"ListItem\",\"position\":2,\"name\":\"\u00c0 Propos De Nous\"}]},{\"@type\":\"WebSite\",\"@id\":\"https:\\\/\\\/bio.design\\\/#website\",\"url\":\"https:\\\/\\\/bio.design\\\/\",\"name\":\"Biodesign Pools\",\"description\":\"The Living Pool - Natural Pools\",\"publisher\":{\"@id\":\"https:\\\/\\\/bio.design\\\/#organization\"},\"potentialAction\":[{\"@type\":\"SearchAction\",\"target\":{\"@type\":\"EntryPoint\",\"urlTemplate\":\"https:\\\/\\\/bio.design\\\/?s={search_term_string}\"},\"query-input\":{\"@type\":\"PropertyValueSpecification\",\"valueRequired\":true,\"valueName\":\"search_term_string\"}}],\"inLanguage\":\"fr-FR\"},{\"@type\":\"Organization\",\"@id\":\"https:\\\/\\\/bio.design\\\/#organization\",\"name\":\"Biodesign Pools\",\"url\":\"https:\\\/\\\/bio.design\\\/\",\"logo\":{\"@type\":\"ImageObject\",\"inLanguage\":\"fr-FR\",\"@id\":\"https:\\\/\\\/bio.design\\\/#\\\/schema\\\/logo\\\/image\\\/\",\"url\":\"https:\\\/\\\/bio.design\\\/wp-content\\\/uploads\\\/2021\\\/02\\\/Bio.design-New-Logo-Fb.jpg\",\"contentUrl\":\"https:\\\/\\\/bio.design\\\/wp-content\\\/uploads\\\/2021\\\/02\\\/Bio.design-New-Logo-Fb.jpg\",\"width\":2048,\"height\":1042,\"caption\":\"Biodesign Pools\"},\"image\":{\"@id\":\"https:\\\/\\\/bio.design\\\/#\\\/schema\\\/logo\\\/image\\\/\"},\"sameAs\":[\"https:\\\/\\\/www.facebook.com\\\/PiscineBiodesign\\\/\",\"https:\\\/\\\/x.com\\\/BIODESIGNPOOLS\",\"https:\\\/\\\/www.linkedin.com\\\/company\\\/biodesignpools\\\/\",\"https:\\\/\\\/www.youtube.com\\\/user\\\/BiodesignpoolsIT\"]}]}<\/script>\n<!-- \/ Yoast SEO plugin. -->","yoast_head_json":{"title":"Bio.design Pools : Piscines Lagon","description":"D\u00e9couvrez Bio.design : entreprise italienne sp\u00e9cialis\u00e9e dans les piscines lagon sur mesure. Innovation, technologie brevet\u00e9e et design.","robots":{"index":"index","follow":"follow","max-snippet":"max-snippet:-1","max-image-preview":"max-image-preview:large","max-video-preview":"max-video-preview:-1"},"canonical":"https:\/\/bio.design\/fr\/a-propos-de-nous\/","og_locale":"fr_FR","og_type":"article","og_title":"Bio.design Pools : Piscines Lagon","og_description":"D\u00e9couvrez Bio.design : entreprise italienne sp\u00e9cialis\u00e9e dans les piscines lagon sur mesure. Innovation, technologie brevet\u00e9e et design.","og_url":"https:\/\/bio.design\/fr\/a-propos-de-nous\/","og_site_name":"Biodesign Pools","article_publisher":"https:\/\/www.facebook.com\/PiscineBiodesign\/","article_modified_time":"2026-03-19T14:25:06+00:00","twitter_card":"summary_large_image","twitter_site":"@BIODESIGNPOOLS","twitter_misc":{"Dur\u00e9e de lecture estim\u00e9e":"6 minutes"},"schema":{"@context":"https:\/\/schema.org","@graph":[{"@type":"WebPage","@id":"https:\/\/bio.design\/fr\/a-propos-de-nous\/","url":"https:\/\/bio.design\/fr\/a-propos-de-nous\/","name":"Bio.design Pools : Piscines Lagon","isPartOf":{"@id":"https:\/\/bio.design\/#website"},"datePublished":"2018-10-03T06:44:29+00:00","dateModified":"2026-03-19T14:25:06+00:00","description":"D\u00e9couvrez Bio.design : entreprise italienne sp\u00e9cialis\u00e9e dans les piscines lagon sur mesure. Innovation, technologie brevet\u00e9e et design.","breadcrumb":{"@id":"https:\/\/bio.design\/fr\/a-propos-de-nous\/#breadcrumb"},"inLanguage":"fr-FR","potentialAction":[{"@type":"ReadAction","target":["https:\/\/bio.design\/fr\/a-propos-de-nous\/"]}]},{"@type":"BreadcrumbList","@id":"https:\/\/bio.design\/fr\/a-propos-de-nous\/#breadcrumb","itemListElement":[{"@type":"ListItem","position":1,"name":"Home","item":"https:\/\/bio.design\/fr\/biodesign-pools\/"},{"@type":"ListItem","position":2,"name":"\u00c0 Propos De Nous"}]},{"@type":"WebSite","@id":"https:\/\/bio.design\/#website","url":"https:\/\/bio.design\/","name":"Biodesign Pools","description":"The Living Pool - Natural Pools","publisher":{"@id":"https:\/\/bio.design\/#organization"},"potentialAction":[{"@type":"SearchAction","target":{"@type":"EntryPoint","urlTemplate":"https:\/\/bio.design\/?s={search_term_string}"},"query-input":{"@type":"PropertyValueSpecification","valueRequired":true,"valueName":"search_term_string"}}],"inLanguage":"fr-FR"},{"@type":"Organization","@id":"https:\/\/bio.design\/#organization","name":"Biodesign Pools","url":"https:\/\/bio.design\/","logo":{"@type":"ImageObject","inLanguage":"fr-FR","@id":"https:\/\/bio.design\/#\/schema\/logo\/image\/","url":"https:\/\/bio.design\/wp-content\/uploads\/2021\/02\/Bio.design-New-Logo-Fb.jpg","contentUrl":"https:\/\/bio.design\/wp-content\/uploads\/2021\/02\/Bio.design-New-Logo-Fb.jpg","width":2048,"height":1042,"caption":"Biodesign Pools"},"image":{"@id":"https:\/\/bio.design\/#\/schema\/logo\/image\/"},"sameAs":["https:\/\/www.facebook.com\/PiscineBiodesign\/","https:\/\/x.com\/BIODESIGNPOOLS","https:\/\/www.linkedin.com\/company\/biodesignpools\/","https:\/\/www.youtube.com\/user\/BiodesignpoolsIT"]}]}},"_links":{"self":[{"href":"https:\/\/bio.design\/fr\/wp-json\/wp\/v2\/pages\/9914048","targetHints":{"allow":["GET"]}}],"collection":[{"href":"https:\/\/bio.design\/fr\/wp-json\/wp\/v2\/pages"}],"about":[{"href":"https:\/\/bio.design\/fr\/wp-json\/wp\/v2\/types\/page"}],"author":[{"embeddable":true,"href":"https:\/\/bio.design\/fr\/wp-json\/wp\/v2\/users\/3"}],"replies":[{"embeddable":true,"href":"https:\/\/bio.design\/fr\/wp-json\/wp\/v2\/comments?post=9914048"}],"version-history":[{"count":10,"href":"https:\/\/bio.design\/fr\/wp-json\/wp\/v2\/pages\/9914048\/revisions"}],"predecessor-version":[{"id":9933513,"href":"https:\/\/bio.design\/fr\/wp-json\/wp\/v2\/pages\/9914048\/revisions\/9933513"}],"wp:attachment":[{"href":"https:\/\/bio.design\/fr\/wp-json\/wp\/v2\/media?parent=9914048"}],"curies":[{"name":"wp","href":"https:\/\/api.w.org\/{rel}","templated":true}]}}