{"id":9930005,"date":"2025-04-15T14:52:51","date_gmt":"2025-04-15T13:52:51","guid":{"rendered":"https:\/\/bio.design\/blog-biodesign-copy\/"},"modified":"2026-02-17T15:48:58","modified_gmt":"2026-02-17T14:48:58","slug":"blog-biodesign-esp","status":"publish","type":"page","link":"https:\/\/bio.design\/es\/blog-biodesign-esp\/","title":{"rendered":"Biodesign Blog &#8211; SPAGNOLO"},"content":{"rendered":"<p>[vc_section][vc_row full_width=&#8221;stretch_row_content&#8221; css=&#8221;.vc_custom_1712928335921{margin-top: 80px !important;padding-right: 80px !important;padding-left: 80px !important;}&#8221;][vc_column offset=&#8221;vc_hidden-xs&#8221;][vc_row_inner][vc_column_inner width=&#8221;1\/2&#8243; css=&#8221;.vc_custom_1713461138728{padding-bottom: 70px !important;}&#8221;][vc_single_image image=&#8221;9932765&#8243; style=&#8221;vc_box_rounded&#8221; onclick=&#8221;custom_link&#8221; img_link_target=&#8221;_blank&#8221; link=&#8221;https:\/\/bio.design\/es\/como-mantener-una-piscina-de-arena-bio-design\/&#8221; css=&#8221;.vc_custom_1771339297438{margin-bottom: 50px !important;}&#8221;]<span class=\"subtitle dash-true style-gray text-default\">La calidad de la piscina de arena a lo largo del tiempo<\/span>[vc_column_text]<\/p>\n<h2><a href=\"https:\/\/bio.design\/es\/como-mantener-una-piscina-de-arena-bio-design\/\" target=\"_blank\" rel=\"noopener\">C\u00f3mo mantener una piscina de arena Bio.design<\/a><b><\/b><\/h2>\n<p>[\/vc_column_text]<a href=\"https:\/\/bio.design\/es\/como-mantener-una-piscina-de-arena-bio-design\/\" target=\"_blank\" class=\"btn btn-primary arrow-right\"><span>Descubre m\u00e1s<\/span><\/a>[vc_separator color=&#8221;white&#8221; border_width=&#8221;7&#8243;][\/vc_column_inner][vc_column_inner width=&#8221;1\/2&#8243;][vc_single_image image=&#8221;9932967&#8243; style=&#8221;vc_box_rounded&#8221; onclick=&#8221;custom_link&#8221; img_link_target=&#8221;_blank&#8221; link=&#8221;https:\/\/bio.design\/es\/biodesign-carecraft-2026\/&#8221; css=&#8221;.vc_custom_1770807656646{margin-bottom: 50px !important;}&#8221;]<span class=\"subtitle dash-true style-gray text-default\">Carecraft meeting 2026<\/span>[vc_column_text]<\/p>\n<h2><a href=\"https:\/\/bio.design\/es\/biodesign-carecraft-2026\/\" target=\"_blank\" rel=\"noopener\">Bio.design<strong data-start=\"588\" data-end=\"667\"> en Carecraft Meeting 2026: outdoor living, piscinas e innovaci\u00f3n<\/strong><\/a><\/h2>\n<p>[\/vc_column_text]<a href=\"https:\/\/bio.design\/es\/biodesign-carecraft-2026\/\" target=\"_blank\" class=\"btn btn-primary arrow-right\"><span>Descubre m\u00e1s<\/span><\/a>[\/vc_column_inner][\/vc_row_inner][vc_row_inner][vc_column_inner width=&#8221;1\/2&#8243; css=&#8221;.vc_custom_1713461138728{padding-bottom: 70px !important;}&#8221;][\/vc_column_inner][vc_column_inner width=&#8221;1\/2&#8243;][\/vc_column_inner][\/vc_row_inner][\/vc_column][\/vc_row][vc_row][vc_column offset=&#8221;vc_hidden-lg&#8221;][vc_single_image image=&#8221;9932967&#8243; style=&#8221;vc_box_rounded&#8221; onclick=&#8221;custom_link&#8221; img_link_target=&#8221;_blank&#8221; link=&#8221;https:\/\/bio.design\/es\/biodesign-carecraft-2026\/&#8221; css=&#8221;.vc_custom_1770808179769{margin-bottom: 50px !important;}&#8221;]<span class=\"subtitle dash-true style-gray text-default\">carecraft meeting 2026<\/span>[vc_column_text]<\/p>\n<div class=\"#FFFFFF wpb_column vc_column_container vc_col-sm-4 vc_col-has-fill\">\n<div class=\"vc_column-inner vc_custom_1711547592241\">\n<div class=\"wpb_wrapper\">\n<div class=\"wpb_text_column wpb_content_element white\">\n<div class=\"wpb_wrapper\">\n<h2><a href=\"https:\/\/bio.design\/es\/biodesign-carecraft-2026\/\" target=\"_blank\" rel=\"noopener\"><strong data-start=\"588\" data-end=\"667\">Bio.design en Carecraft Meeting 2026: outdoor living, piscinas e innovaci\u00f3n<\/strong><\/a><\/h2>\n<\/div>\n<\/div>\n<\/div>\n<\/div>\n<\/div>\n<p>[\/vc_column_text]<a href=\"https:\/\/bio.design\/es\/biodesign-carecraft-2026\/\" target=\"_blank\" class=\"btn btn-primary arrow-right\"><span>Descubre m\u00e1s<\/span><\/a>[vc_empty_space][vc_single_image image=&#8221;9932765&#8243; style=&#8221;vc_box_rounded&#8221; onclick=&#8221;custom_link&#8221; img_link_target=&#8221;_blank&#8221; link=&#8221;https:\/\/bio.design\/es\/como-mantener-una-piscina-de-arena-bio-design\/&#8221; css=&#8221;.vc_custom_1771339601220{margin-bottom: 50px !important;}&#8221;]<span class=\"subtitle dash-true style-gray text-default\">La calidad de la piscina de arena a lo largo del tiempo<\/span>[vc_column_text]<\/p>\n<h2><a href=\"https:\/\/bio.design\/es\/como-mantener-una-piscina-de-arena-bio-design\/\" target=\"_blank\" rel=\"noopener\">C\u00f3mo mantener una piscina de arena Bio.design<\/a><b><\/b><\/h2>\n<p>[\/vc_column_text]<a href=\"https:\/\/bio.design\/es\/como-mantener-una-piscina-de-arena-bio-design\/\" target=\"_blank\" class=\"btn btn-primary arrow-right\"><span>Descubre m\u00e1s<\/span><\/a>[vc_separator color=&#8221;white&#8221; border_width=&#8221;7&#8243;][\/vc_column][\/vc_row][vc_row full_width=&#8221;stretch_row_content&#8221; css=&#8221;.vc_custom_1770810032717{margin-top: 100px !important;margin-bottom: 100px !important;border-bottom-width: 50px !important;padding-top: 50px !important;padding-right: 30px !important;padding-left: 30px !important;}&#8221;][vc_column][vc_separator color=&#8221;white&#8221;][vc_row_inner][vc_column_inner width=&#8221;1\/5&#8243;][vc_single_image image=&#8221;9933160&#8243; alignment=&#8221;center&#8221; style=&#8221;vc_box_rounded&#8221; onclick=&#8221;custom_link&#8221; img_link_target=&#8221;_blank&#8221; link=&#8221;https:\/\/bio.design\/es\/la-piscina-desbordante-se-vuelve-natural-elegancia-y-modernidad-en-el-diseno-de-piscinas\/&#8221;][vc_single_image image=&#8221;9932158&#8243; alignment=&#8221;center&#8221; style=&#8221;vc_box_rounded&#8221; onclick=&#8221;custom_link&#8221; img_link_target=&#8221;_blank&#8221; link=&#8221;https:\/\/bio.design\/es\/piscinas-bio-design-la-revolucion-de-las-piscinas-de-arena-2\/&#8221;][\/vc_column_inner][vc_column_inner width=&#8221;1\/5&#8243;][vc_single_image image=&#8221;9930043&#8243; alignment=&#8221;center&#8221; style=&#8221;vc_box_rounded&#8221; onclick=&#8221;custom_link&#8221; img_link_target=&#8221;_blank&#8221; link=&#8221;https:\/\/bio.design\/es\/ubicacion-perfecta-piscina-jardin\/&#8221;][\/vc_column_inner][vc_column_inner width=&#8221;1\/5&#8243;][vc_single_image image=&#8221;9930064&#8243; alignment=&#8221;center&#8221; style=&#8221;vc_box_rounded&#8221; onclick=&#8221;custom_link&#8221; img_link_target=&#8221;_blank&#8221; link=&#8221;https:\/\/bio.design\/es\/nada-con-seguridad-gracias-a-microban\/&#8221;][\/vc_column_inner][vc_column_inner width=&#8221;1\/5&#8243;][vc_single_image image=&#8221;9930071&#8243; alignment=&#8221;center&#8221; style=&#8221;vc_box_rounded&#8221; onclick=&#8221;custom_link&#8221; img_link_target=&#8221;_blank&#8221; link=&#8221;https:\/\/bio.design\/es\/antonio-filippi-ceo-de-bio-design-s-p-a\/&#8221;][\/vc_column_inner][vc_column_inner width=&#8221;1\/5&#8243;][vc_single_image image=&#8221;9930057&#8243; alignment=&#8221;center&#8221; style=&#8221;vc_box_rounded&#8221; onclick=&#8221;custom_link&#8221; img_link_target=&#8221;_blank&#8221; link=&#8221;https:\/\/bio.design\/es\/biodesign-feria-myplant\/&#8221;][\/vc_column_inner][\/vc_row_inner][vc_separator color=&#8221;white&#8221;][\/vc_column][\/vc_row][vc_row][vc_column offset=&#8221;vc_hidden-lg&#8221;][vc_empty_space][vc_separator color=&#8221;white&#8221; border_width=&#8221;7&#8243;][vc_single_image image=&#8221;9932982&#8243; style=&#8221;vc_box_rounded&#8221; onclick=&#8221;custom_link&#8221; img_link_target=&#8221;_blank&#8221; link=&#8221;https:\/\/bio.design\/es\/tendencias-diseno-de-piscinas-naturales\/&#8221; css=&#8221;.vc_custom_1770809348677{margin-bottom: 50px !important;}&#8221;]<span class=\"subtitle dash-true style-gray text-default\">LAS \u00faltimas TENDENCIAS<\/span>[vc_column_text]<\/p>\n<h2><a href=\"https:\/\/bio.design\/es\/tendencias-diseno-de-piscinas-naturales\/\" target=\"_blank\" rel=\"noopener\">Las \u00faltimas tendencias en el dise\u00f1o de piscinas: del paso de las formas geom\u00e9tricas a las piscinas naturales.<\/a><b><\/b><\/h2>\n<p>[\/vc_column_text]<a href=\"https:\/\/bio.design\/es\/tendencias-diseno-de-piscinas-naturales\/\" target=\"_blank\" class=\"btn btn-primary arrow-right\"><span>Descubre m\u00e1s<\/span><\/a>[vc_separator color=&#8221;white&#8221;][vc_single_image image=&#8221;9931976&#8243; style=&#8221;vc_box_rounded&#8221; onclick=&#8221;custom_link&#8221; img_link_target=&#8221;_blank&#8221; link=&#8221;https:\/\/bio.design\/es\/biodesign-feria-inout-2025\/&#8221; css=&#8221;.vc_custom_1770809911002{margin-top: 100px !important;margin-bottom: 50px !important;}&#8221;]<span class=\"subtitle dash-true style-gray text-default\">feria inout 2025<\/span>[vc_column_text]<\/p>\n<h2 data-start=\"244\" data-end=\"326\"><a href=\"https:\/\/bio.design\/es\/biodesign-feria-inout-2025\/\"><strong data-start=\"109\" data-end=\"205\">Bio.design en TTG\u2013InOut 2025: dise\u00f1o, naturaleza e innovaci\u00f3n en el centro de la experiencia<\/strong><\/a><\/h2>\n<p>[\/vc_column_text]<a href=\"https:\/\/bio.design\/es\/biodesign-feria-inout-2025\/\" target=\"_blank\" class=\"btn btn-primary arrow-right\"><span>Descubre m\u00e1s<\/span><\/a>[\/vc_column][\/vc_row][vc_row full_width=&#8221;stretch_row_content&#8221; css=&#8221;.vc_custom_1770809886578{margin-top: 120px !important;padding-right: 80px !important;padding-left: 80px !important;}&#8221;][vc_column offset=&#8221;vc_hidden-xs&#8221;][vc_separator color=&#8221;white&#8221;][vc_row_inner][vc_column_inner width=&#8221;1\/2&#8243; css=&#8221;.vc_custom_1713461138728{padding-bottom: 70px !important;}&#8221;][vc_single_image image=&#8221;9932982&#8243; style=&#8221;vc_box_rounded&#8221; onclick=&#8221;custom_link&#8221; img_link_target=&#8221;_blank&#8221; link=&#8221;https:\/\/bio.design\/es\/tendencias-diseno-de-piscinas-naturales\/&#8221; css=&#8221;.vc_custom_1770809348677{margin-bottom: 50px !important;}&#8221;]<span class=\"subtitle dash-true style-gray text-default\">LAS \u00faltimas TENDENCIAS<\/span>[vc_column_text]<\/p>\n<h2><a href=\"https:\/\/bio.design\/es\/tendencias-diseno-de-piscinas-naturales\/\" target=\"_blank\" rel=\"noopener\">Las \u00faltimas tendencias en el dise\u00f1o de piscinas: del paso de las formas geom\u00e9tricas a las piscinas naturales.<\/a><b><\/b><\/h2>\n<p>[\/vc_column_text]<a href=\"https:\/\/bio.design\/es\/tendencias-diseno-de-piscinas-naturales\/\" target=\"_blank\" class=\"btn btn-primary arrow-right\"><span>Descubre m\u00e1s<\/span><\/a>[\/vc_column_inner][vc_column_inner width=&#8221;1\/2&#8243; offset=&#8221;vc_hidden-xs&#8221;][vc_single_image image=&#8221;9931976&#8243; style=&#8221;vc_box_rounded&#8221; onclick=&#8221;custom_link&#8221; img_link_target=&#8221;_blank&#8221; link=&#8221;https:\/\/bio.design\/es\/biodesign-feria-inout-2025\/&#8221; css=&#8221;.vc_custom_1761836994897{margin-bottom: 50px !important;}&#8221;]<span class=\"subtitle dash-true style-gray text-default\">feria inout 2025<\/span>[vc_column_text]<\/p>\n<h2 data-start=\"244\" data-end=\"326\"><a href=\"https:\/\/bio.design\/es\/biodesign-feria-inout-2025\/\"><strong data-start=\"109\" data-end=\"205\">Bio.design en TTG\u2013InOut 2025: dise\u00f1o, naturaleza e innovaci\u00f3n en el centro de la experiencia<\/strong><\/a><\/h2>\n<p>[\/vc_column_text]<a href=\"https:\/\/bio.design\/es\/biodesign-feria-inout-2025\/\" target=\"_blank\" class=\"btn btn-primary arrow-right\"><span>Descubre m\u00e1s<\/span><\/a>[\/vc_column_inner][\/vc_row_inner][\/vc_column][\/vc_row][\/vc_section]<\/p>\n","protected":false},"excerpt":{"rendered":"<p>[vc_section][vc_row full_width=&#8221;stretch_row_content&#8221; css=&#8221;.vc_custom_1712928335921{margin-top: 80px !important;padding-right: 80px !important;padding-left: 80px !important;}&#8221;][vc_column offset=&#8221;vc_hidden-xs&#8221;][vc_row_inner][vc_column_inner width=&#8221;1\/2&#8243; css=&#8221;.vc_custom_1713461138728{padding-bottom: 70px !important;}&#8221;][vc_single_image image=&#8221;9932765&#8243; style=&#8221;vc_box_rounded&#8221; onclick=&#8221;custom_link&#8221; img_link_target=&#8221;_blank&#8221; link=&#8221;https:\/\/bio.design\/es\/como-mantener-una-piscina-de-arena-bio-design\/&#8221; css=&#8221;.vc_custom_1771339297438{margin-bottom: 50px !important;}&#8221;][vc_column_text] C\u00f3mo mantener una piscina de arena Bio.design [\/vc_column_text][vc_separator color=&#8221;white&#8221; border_width=&#8221;7&#8243;][\/vc_column_inner][vc_column_inner width=&#8221;1\/2&#8243;][vc_single_image image=&#8221;9932967&#8243; style=&#8221;vc_box_rounded&#8221; onclick=&#8221;custom_link&#8221; img_link_target=&#8221;_blank&#8221; link=&#8221;https:\/\/bio.design\/es\/biodesign-carecraft-2026\/&#8221; css=&#8221;.vc_custom_1770807656646{margin-bottom: 50px !important;}&#8221;][vc_column_text] Bio.design en Carecraft Meeting 2026: outdoor living, piscinas e innovaci\u00f3n [\/vc_column_text][\/vc_column_inner][\/vc_row_inner][vc_row_inner][vc_column_inner width=&#8221;1\/2&#8243; css=&#8221;.vc_custom_1713461138728{padding-bottom: 70px [&hellip;]<\/p>\n","protected":false},"author":803,"featured_media":0,"parent":0,"menu_order":0,"comment_status":"closed","ping_status":"closed","template":"","meta":{"footnotes":""},"class_list":["post-9930005","page","type-page","status-publish","hentry"],"yoast_head":"<!-- This site is optimized with the Yoast SEO plugin v27.3 - https:\/\/yoast.com\/product\/yoast-seo-wordpress\/ -->\n<title>Biodesign Pools | BLOG | Le Ultime Notizie Sulle Piscine Biodesign<\/title>\n<meta name=\"description\" content=\"BLOG | Las \u00faltimas noticias sobre las piscinas naturales Bio.design, novedades, an\u00e1lisis, nuevas instalaciones y eventos internacionales\" \/>\n<meta name=\"robots\" content=\"index, follow, max-snippet:-1, max-image-preview:large, max-video-preview:-1\" \/>\n<link rel=\"canonical\" href=\"https:\/\/bio.design\/es\/blog-biodesign-esp\/\" \/>\n<meta property=\"og:locale\" content=\"es_ES\" \/>\n<meta property=\"og:type\" content=\"article\" \/>\n<meta property=\"og:title\" content=\"Biodesign Pools | BLOG | Le Ultime Notizie Sulle Piscine Biodesign\" \/>\n<meta property=\"og:description\" content=\"BLOG | Las \u00faltimas noticias sobre las piscinas naturales Bio.design, novedades, an\u00e1lisis, nuevas instalaciones y eventos internacionales\" \/>\n<meta property=\"og:url\" content=\"https:\/\/bio.design\/es\/blog-biodesign-esp\/\" \/>\n<meta property=\"og:site_name\" content=\"Biodesign Pools\" \/>\n<meta property=\"article:publisher\" content=\"https:\/\/www.facebook.com\/PiscineBiodesign\/\" \/>\n<meta property=\"article:modified_time\" content=\"2026-02-17T14:48:58+00:00\" \/>\n<meta name=\"twitter:card\" content=\"summary_large_image\" \/>\n<meta name=\"twitter:site\" content=\"@BIODESIGNPOOLS\" \/>\n<meta name=\"twitter:label1\" content=\"Tiempo de lectura\" \/>\n\t<meta name=\"twitter:data1\" content=\"5 minutos\" \/>\n<script type=\"application\/ld+json\" class=\"yoast-schema-graph\">{\"@context\":\"https:\\\/\\\/schema.org\",\"@graph\":[{\"@type\":\"WebPage\",\"@id\":\"https:\\\/\\\/bio.design\\\/es\\\/blog-biodesign-esp\\\/\",\"url\":\"https:\\\/\\\/bio.design\\\/es\\\/blog-biodesign-esp\\\/\",\"name\":\"Biodesign Pools | BLOG | Le Ultime Notizie Sulle Piscine Biodesign\",\"isPartOf\":{\"@id\":\"https:\\\/\\\/bio.design\\\/#website\"},\"datePublished\":\"2025-04-15T13:52:51+00:00\",\"dateModified\":\"2026-02-17T14:48:58+00:00\",\"description\":\"BLOG | Las \u00faltimas noticias sobre las piscinas naturales Bio.design, novedades, an\u00e1lisis, nuevas instalaciones y eventos internacionales\",\"breadcrumb\":{\"@id\":\"https:\\\/\\\/bio.design\\\/es\\\/blog-biodesign-esp\\\/#breadcrumb\"},\"inLanguage\":\"es\",\"potentialAction\":[{\"@type\":\"ReadAction\",\"target\":[\"https:\\\/\\\/bio.design\\\/es\\\/blog-biodesign-esp\\\/\"]}]},{\"@type\":\"BreadcrumbList\",\"@id\":\"https:\\\/\\\/bio.design\\\/es\\\/blog-biodesign-esp\\\/#breadcrumb\",\"itemListElement\":[{\"@type\":\"ListItem\",\"position\":1,\"name\":\"Home\",\"item\":\"https:\\\/\\\/bio.design\\\/es\\\/piscinas-de-arena-biodesign\\\/\"},{\"@type\":\"ListItem\",\"position\":2,\"name\":\"Biodesign Blog &#8211; SPAGNOLO\"}]},{\"@type\":\"WebSite\",\"@id\":\"https:\\\/\\\/bio.design\\\/#website\",\"url\":\"https:\\\/\\\/bio.design\\\/\",\"name\":\"Biodesign Pools\",\"description\":\"The Living Pool - Natural Pools\",\"publisher\":{\"@id\":\"https:\\\/\\\/bio.design\\\/#organization\"},\"potentialAction\":[{\"@type\":\"SearchAction\",\"target\":{\"@type\":\"EntryPoint\",\"urlTemplate\":\"https:\\\/\\\/bio.design\\\/?s={search_term_string}\"},\"query-input\":{\"@type\":\"PropertyValueSpecification\",\"valueRequired\":true,\"valueName\":\"search_term_string\"}}],\"inLanguage\":\"es\"},{\"@type\":\"Organization\",\"@id\":\"https:\\\/\\\/bio.design\\\/#organization\",\"name\":\"Biodesign Pools\",\"url\":\"https:\\\/\\\/bio.design\\\/\",\"logo\":{\"@type\":\"ImageObject\",\"inLanguage\":\"es\",\"@id\":\"https:\\\/\\\/bio.design\\\/#\\\/schema\\\/logo\\\/image\\\/\",\"url\":\"https:\\\/\\\/bio.design\\\/wp-content\\\/uploads\\\/2021\\\/02\\\/Bio.design-New-Logo-Fb.jpg\",\"contentUrl\":\"https:\\\/\\\/bio.design\\\/wp-content\\\/uploads\\\/2021\\\/02\\\/Bio.design-New-Logo-Fb.jpg\",\"width\":2048,\"height\":1042,\"caption\":\"Biodesign Pools\"},\"image\":{\"@id\":\"https:\\\/\\\/bio.design\\\/#\\\/schema\\\/logo\\\/image\\\/\"},\"sameAs\":[\"https:\\\/\\\/www.facebook.com\\\/PiscineBiodesign\\\/\",\"https:\\\/\\\/x.com\\\/BIODESIGNPOOLS\",\"https:\\\/\\\/www.linkedin.com\\\/company\\\/biodesignpools\\\/\",\"https:\\\/\\\/www.youtube.com\\\/user\\\/BiodesignpoolsIT\"]}]}<\/script>\n<!-- \/ Yoast SEO plugin. -->","yoast_head_json":{"title":"Biodesign Pools | BLOG | Le Ultime Notizie Sulle Piscine Biodesign","description":"BLOG | Las \u00faltimas noticias sobre las piscinas naturales Bio.design, novedades, an\u00e1lisis, nuevas instalaciones y eventos internacionales","robots":{"index":"index","follow":"follow","max-snippet":"max-snippet:-1","max-image-preview":"max-image-preview:large","max-video-preview":"max-video-preview:-1"},"canonical":"https:\/\/bio.design\/es\/blog-biodesign-esp\/","og_locale":"es_ES","og_type":"article","og_title":"Biodesign Pools | BLOG | Le Ultime Notizie Sulle Piscine Biodesign","og_description":"BLOG | Las \u00faltimas noticias sobre las piscinas naturales Bio.design, novedades, an\u00e1lisis, nuevas instalaciones y eventos internacionales","og_url":"https:\/\/bio.design\/es\/blog-biodesign-esp\/","og_site_name":"Biodesign Pools","article_publisher":"https:\/\/www.facebook.com\/PiscineBiodesign\/","article_modified_time":"2026-02-17T14:48:58+00:00","twitter_card":"summary_large_image","twitter_site":"@BIODESIGNPOOLS","twitter_misc":{"Tiempo de lectura":"5 minutos"},"schema":{"@context":"https:\/\/schema.org","@graph":[{"@type":"WebPage","@id":"https:\/\/bio.design\/es\/blog-biodesign-esp\/","url":"https:\/\/bio.design\/es\/blog-biodesign-esp\/","name":"Biodesign Pools | BLOG | Le Ultime Notizie Sulle Piscine Biodesign","isPartOf":{"@id":"https:\/\/bio.design\/#website"},"datePublished":"2025-04-15T13:52:51+00:00","dateModified":"2026-02-17T14:48:58+00:00","description":"BLOG | Las \u00faltimas noticias sobre las piscinas naturales Bio.design, novedades, an\u00e1lisis, nuevas instalaciones y eventos internacionales","breadcrumb":{"@id":"https:\/\/bio.design\/es\/blog-biodesign-esp\/#breadcrumb"},"inLanguage":"es","potentialAction":[{"@type":"ReadAction","target":["https:\/\/bio.design\/es\/blog-biodesign-esp\/"]}]},{"@type":"BreadcrumbList","@id":"https:\/\/bio.design\/es\/blog-biodesign-esp\/#breadcrumb","itemListElement":[{"@type":"ListItem","position":1,"name":"Home","item":"https:\/\/bio.design\/es\/piscinas-de-arena-biodesign\/"},{"@type":"ListItem","position":2,"name":"Biodesign Blog &#8211; SPAGNOLO"}]},{"@type":"WebSite","@id":"https:\/\/bio.design\/#website","url":"https:\/\/bio.design\/","name":"Biodesign Pools","description":"The Living Pool - Natural Pools","publisher":{"@id":"https:\/\/bio.design\/#organization"},"potentialAction":[{"@type":"SearchAction","target":{"@type":"EntryPoint","urlTemplate":"https:\/\/bio.design\/?s={search_term_string}"},"query-input":{"@type":"PropertyValueSpecification","valueRequired":true,"valueName":"search_term_string"}}],"inLanguage":"es"},{"@type":"Organization","@id":"https:\/\/bio.design\/#organization","name":"Biodesign Pools","url":"https:\/\/bio.design\/","logo":{"@type":"ImageObject","inLanguage":"es","@id":"https:\/\/bio.design\/#\/schema\/logo\/image\/","url":"https:\/\/bio.design\/wp-content\/uploads\/2021\/02\/Bio.design-New-Logo-Fb.jpg","contentUrl":"https:\/\/bio.design\/wp-content\/uploads\/2021\/02\/Bio.design-New-Logo-Fb.jpg","width":2048,"height":1042,"caption":"Biodesign Pools"},"image":{"@id":"https:\/\/bio.design\/#\/schema\/logo\/image\/"},"sameAs":["https:\/\/www.facebook.com\/PiscineBiodesign\/","https:\/\/x.com\/BIODESIGNPOOLS","https:\/\/www.linkedin.com\/company\/biodesignpools\/","https:\/\/www.youtube.com\/user\/BiodesignpoolsIT"]}]}},"_links":{"self":[{"href":"https:\/\/bio.design\/es\/wp-json\/wp\/v2\/pages\/9930005","targetHints":{"allow":["GET"]}}],"collection":[{"href":"https:\/\/bio.design\/es\/wp-json\/wp\/v2\/pages"}],"about":[{"href":"https:\/\/bio.design\/es\/wp-json\/wp\/v2\/types\/page"}],"author":[{"embeddable":true,"href":"https:\/\/bio.design\/es\/wp-json\/wp\/v2\/users\/803"}],"replies":[{"embeddable":true,"href":"https:\/\/bio.design\/es\/wp-json\/wp\/v2\/comments?post=9930005"}],"version-history":[{"count":40,"href":"https:\/\/bio.design\/es\/wp-json\/wp\/v2\/pages\/9930005\/revisions"}],"predecessor-version":[{"id":9933168,"href":"https:\/\/bio.design\/es\/wp-json\/wp\/v2\/pages\/9930005\/revisions\/9933168"}],"wp:attachment":[{"href":"https:\/\/bio.design\/es\/wp-json\/wp\/v2\/media?parent=9930005"}],"curies":[{"name":"wp","href":"https:\/\/api.w.org\/{rel}","templated":true}]}}