{"id":9920180,"date":"2022-12-15T17:21:19","date_gmt":"2022-12-15T16:21:19","guid":{"rendered":"https:\/\/bio.design\/biodesign-news-copy\/"},"modified":"2022-12-16T12:37:20","modified_gmt":"2022-12-16T11:37:20","slug":"biodesign-news","status":"publish","type":"page","link":"https:\/\/bio.design\/es\/biodesign-news\/","title":{"rendered":"Biodesign News"},"content":{"rendered":"<p>[vc_row full_width=&#8221;stretch_row&#8221; video_bg=&#8221;yes&#8221; video_bg_url=&#8221;https:\/\/www.youtube.com\/watch?v=5IbMAuMGWTg&#8221;][vc_column width=&#8221;1\/2&#8243;][vc_single_image image=&#8221;9920150&#8243; img_size=&#8221;large&#8221; alignment=&#8221;right&#8221; css=&#8221;.vc_custom_1671190445050{margin-top: 30px !important;}&#8221;][\/vc_column][vc_column width=&#8221;1\/2&#8243;][vc_row_inner equal_height=&#8221;yes&#8221; el_class=&#8221;overlap-left&#8221;][vc_column_inner][vc_cta h2=&#8221;\u00a1Las \u00faltimas noticias del Mundo Biodesign!&#8221; h4=&#8221;#thelivingpool&#8221; shape=&#8221;round&#8221; style=&#8221;custom&#8221; el_class=&#8221;overlap-left&#8221; custom_background=&#8221;#f2f2f2&#8243; custom_text=&#8221;#cec2ab&#8221;]<\/p>\n<h3>\u00a1Permanece actualizado sobre las \u00faltimas noticias del mundo Biodesign!<\/h3>\n<p>En la secci\u00f3n <strong>Noticias Biodesign<\/strong>, tendr\u00e1s a tu disposici\u00f3n muchos contenidos nuevos<\/p>\n<ul>\n<li>Nuevos proyectos<\/li>\n<li>Novedades sobre los productos Biodesign.<\/li>\n<li>Objetivos alcanzados y para alcanzar.<\/li>\n<li>Novedades de la empresa.<\/li>\n<li>\u00a1Y muchas otras noticias!<\/li>\n<\/ul>\n<p>[\/vc_cta][\/vc_column_inner][\/vc_row_inner][\/vc_column][\/vc_row][vc_row][vc_column][vc_empty_space height=&#8221;120px&#8221;][\/vc_column][\/vc_row][vc_row full_width=&#8221;stretch_row_content&#8221;][vc_column width=&#8221;1\/4&#8243;][vc_single_image image=&#8221;9920117&#8243; alignment=&#8221;center&#8221; style=&#8221;vc_box_rounded&#8221; css=&#8221;.vc_custom_1667472578755{border-radius: 15px !important;}&#8221;][\/vc_column][vc_column width=&#8221;1\/4&#8243;][vc_row_inner el_class=&#8221;overlap-left&#8221;][vc_column_inner][vc_cta h2=&#8221;Biodesign &#8211; Piscine Global 2022&#8243; h4=&#8221;\u00a1Ven a vernos!&#8221; shape=&#8221;round&#8221; color=&#8221;chino&#8221; add_button=&#8221;bottom&#8221; btn_title=&#8221;Reserva Tu Entrada&#8221; btn_shape=&#8221;round&#8221; btn_color=&#8221;chino&#8221; btn_i_icon_fontawesome=&#8221;fas fa-chevron-circle-right&#8221; btn_add_icon=&#8221;true&#8221; btn_link=&#8221;url:https%3A%2F%2Fpass.piscine-global-europe.com%2Fvisiteur%2Fprofessionnel%2Fvos_informations.htm%3Futm_source%3Dsendinblue%26utm_medium%3Demail%26utm_campaign%3DCampagna%2BInviti%2BPiscine%2BGlobal%2B2022|target:_blank&#8221;]<strong>Piscine Global<\/strong> es el evento de referencia que re\u00fane a todos los actores del sector de las piscinas y del bienestar.<\/p>\n<p>Un evento internacional e imperdible, en la vanguardia de la innovaci\u00f3n, pensado para anticipar las tendencias, apoyar los desarrollos, expandir la red y potenciar el negocio.<\/p>\n<h3><strong>\u00bfCu\u00e1ndo?<\/strong><\/h3>\n<p><strong>15 noviembre\u201318 noviembre<\/strong><\/p>\n<h3><strong>\u00bfD\u00f3nde?<\/strong><\/h3>\n<p><strong>Euroexpo, Lyon<\/strong><\/p>\n<p>Direcci\u00f3n: Boulevard de l\u2019Europe, 69686 Chassieu<\/p>\n<p><strong>PABELL\u00d3N 6, STAND A52<\/strong>[\/vc_cta][\/vc_column_inner][\/vc_row_inner][\/vc_column][vc_column width=&#8221;1\/4&#8243;][vc_single_image image=&#8221;9920131&#8243; style=&#8221;vc_box_rounded&#8221; css=&#8221;.vc_custom_1667474594653{border-radius: 15px !important;}&#8221;][\/vc_column][vc_column width=&#8221;1\/4&#8243;][vc_row_inner el_class=&#8221;overlap-left&#8221;][vc_column_inner][vc_cta h2=&#8221;Biodesign USA &#8211; PSP Deck Expo 2022&#8243; h4=&#8221;Las Vegas&#8221; shape=&#8221;round&#8221; color=&#8221;chino&#8221; add_button=&#8221;bottom&#8221; btn_title=&#8221;Reserva Tu Entrada&#8221; btn_shape=&#8221;round&#8221; btn_color=&#8221;chino&#8221; btn_i_icon_fontawesome=&#8221;fas fa-chevron-circle-right&#8221; btn_add_icon=&#8221;true&#8221; btn_link=&#8221;url:https%3A%2F%2Fwww.compusystems.com%2Fservlet%2Far%3Fevt_uid%3D303%26site%3D|target:_blank&#8221;]La feria <strong>International Pool | Spa | Patio Expo&#x2122;<\/strong>, que se celebra con Deck Expo (PSP\/Deck Expo) es el evento donde todos los actores del sector (piscina, spa, patio, entarimado y <em>outdoor living<\/em>) se re\u00fane para permanecer informados sobre las tendencias, la evoluci\u00f3n del mercado y las nuevas tecnolog\u00edas.<\/p>\n<p>El evento ofrece a los profesionales de la industria una amplia selecci\u00f3n de sesiones de formaci\u00f3n, un pabell\u00f3n de exposici\u00f3n y varias oportunidades de networking.<\/p>\n<h3><strong>\u00bfCu\u00e1ndo?<\/strong><\/h3>\n<p><strong>15-17 Noviembre<\/strong><\/p>\n<h3><strong>\u00bfD\u00f3nde? <\/strong><\/h3>\n<p>Las Vegas Convention Center<\/p>\n<p><strong>STAND 7960<\/strong>[\/vc_cta][\/vc_column_inner][\/vc_row_inner][\/vc_column][\/vc_row][vc_row full_width=&#8221;stretch_row_content&#8221;][vc_column width=&#8221;1\/4&#8243;][vc_single_image image=&#8221;9919746&#8243; style=&#8221;vc_box_rounded&#8221; css=&#8221;.vc_custom_1663684349259{border-radius: 15px !important;}&#8221;][\/vc_column][vc_column width=&#8221;1\/4&#8243;][vc_row_inner el_class=&#8221;overlap-left&#8221;][vc_column_inner][vc_cta h2=&#8221;Online El nuevo mapa Biodesign&#8221; h4=&#8221;Busca tu concesionario&#8221; shape=&#8221;round&#8221; color=&#8221;chino&#8221; add_button=&#8221;bottom&#8221; btn_title=&#8221;Concesionarios Biodesign&#8221; btn_shape=&#8221;round&#8221; btn_color=&#8221;chino&#8221; btn_i_icon_fontawesome=&#8221;fas fa-chevron-circle-right&#8221; btn_add_icon=&#8221;true&#8221; btn_link=&#8221;url:https%3A%2F%2Fbio.design%2Fmappa-biodesign%2F|target:_blank&#8221;]Biodesign ha publicado el <strong>mapa de los concesionarios<\/strong> autorizados para Italia.<\/p>\n<p>Descubre el <strong>profesional de la piscina<\/strong> m\u00e1s cercano[\/vc_cta][\/vc_column_inner][\/vc_row_inner][\/vc_column][vc_column width=&#8221;1\/4&#8243;][vc_single_image image=&#8221;9919672&#8243; style=&#8221;vc_box_rounded&#8221; css=&#8221;.vc_custom_1663157942451{border-radius: 15px !important;}&#8221;][\/vc_column][vc_column width=&#8221;1\/4&#8243;][vc_row_inner el_class=&#8221;overlap-left&#8221;][vc_column_inner][vc_cta h2=&#8221;Biodesign &#8211; GaLaBau 2022 Exhibition&#8221; h4=&#8221;Norimberga&#8221; shape=&#8221;round&#8221; color=&#8221;chino&#8221; add_button=&#8221;bottom&#8221; btn_title=&#8221;Reserva Tu Entrada&#8221; btn_shape=&#8221;round&#8221; btn_color=&#8221;chino&#8221; btn_i_icon_fontawesome=&#8221;fas fa-chevron-circle-right&#8221; btn_add_icon=&#8221;true&#8221; btn_link=&#8221;url:https%3A%2F%2Fwww.galabau-messe.com%2F|target:_blank&#8221;]Ven a vernos a <strong>GaLaBau Exhibition<\/strong> en Nuremberg (Alemania) del <strong>14 al 17 de septiembre<\/strong>&#8230;Estamos en el <strong>Pabell\u00f3n 3A<\/strong>, <strong>Stand 619<\/strong>.<\/p>\n<p>\u00a1Biodesign te espera![\/vc_cta][\/vc_column_inner][\/vc_row_inner][\/vc_column][\/vc_row][vc_row full_width=&#8221;stretch_row_content&#8221;][vc_column width=&#8221;1\/4&#8243;][vc_single_image image=&#8221;9919770&#8243; img_size=&#8221;medium&#8221; alignment=&#8221;right&#8221;][\/vc_column][vc_column width=&#8221;1\/4&#8243;][vc_row_inner el_class=&#8221;overlap-left&#8221;][vc_column_inner][vc_cta h2=&#8221;Antonio Filippi &#8211; Nombrado CEO de Biodesign S.p.A.&#8221; h4=&#8221;Te presentamos el nuevo AD de Biodesign S.p.A.&#8221; shape=&#8221;round&#8221; color=&#8221;chino&#8221; add_button=&#8221;bottom&#8221; btn_title=&#8221;Descubre M\u00e1s&#8221; btn_shape=&#8221;round&#8221; btn_color=&#8221;chino&#8221; btn_i_icon_fontawesome=&#8221;fas fa-chevron-circle-right&#8221; btn_add_icon=&#8221;true&#8221; btn_link=&#8221;url:http%3A%2F%2Flinkedin.com%2Fin%2Fantonio-filippi-3b39a81a|target:_blank&#8221; btn_el_class=&#8221;blu&#8221;]En julio de 2022, el ingeniero <strong>Antonio Filippi<\/strong> entra a formar parte de Biodesign como <strong>CEO<\/strong>. Despu\u00e9s de quince a\u00f1os de experiencia en DAB, decide aprovechar un nuevo desaf\u00edo y \u00abzambullirse\u00bb en el mundo de las piscinas, poni\u00e9ndose al mando de una de las empresas m\u00e1s innovadoras del sector.<\/p>\n<p>El AD Antonio Filippi ha declarado que est\u00e1 muy emocionado por el inicio de esta nueva aventura, personal y profesional: considera que Biodesign es una empresa joven y con r\u00e1pidas perspectivas de crecimiento, portadora de una <strong>innovadora experiencia<\/strong> en este sector.<\/p>\n<p>El ingeniero Filippi concluye afirmando que Biodesign mira al futuro con optimismo, comprometi\u00e9ndose a crecer en el otro lado del oc\u00e9ano y dedic\u00e1ndose a exportar su nueva visi\u00f3n de piscina.[\/vc_cta][\/vc_column_inner][\/vc_row_inner][\/vc_column][vc_column width=&#8221;1\/4&#8243;][vc_single_image image=&#8221;9919761&#8243; style=&#8221;vc_box_rounded&#8221; css=&#8221;.vc_custom_1663689147127{border-radius: 15px !important;}&#8221;][\/vc_column][vc_column width=&#8221;1\/4&#8243;][vc_row_inner el_class=&#8221;overlap-left&#8221;][vc_column_inner][vc_cta h2=&#8221;\u00a1Biodesign se expande!&#8221; h4=&#8221;Star Capital, fondo de Private Equity entra en el capital de la empresa&#8221; shape=&#8221;round&#8221; color=&#8221;chino&#8221; add_button=&#8221;bottom&#8221; btn_title=&#8221;Descubre M\u00e1s&#8221; btn_shape=&#8221;round&#8221; btn_color=&#8221;chino&#8221; btn_i_icon_fontawesome=&#8221;fas fa-chevron-circle-right&#8221; btn_add_icon=&#8221;true&#8221; btn_link=&#8221;url:https%3A%2F%2Flegalcommunity.it%2Fstar-capital-api-italia-biodesign-studi%2F|target:_blank&#8221;]En el 2021, <strong>Star Capital<\/strong>, fondo de Private Equity con sede en Mil\u00e1n decide efectuar el relevo de las cuotas mayoritarias del grupo A.p.i. Italia SRL, dando vida a <strong>Biodesign S.p.A.<\/strong><\/p>\n<p>Gracias a esta adquisici\u00f3n, Biodesign entrar\u00e1 con grandes inversiones en el mercado global, haciendo m\u00e1s fuerte su presencia en el sector de la piscina.[\/vc_cta][\/vc_column_inner][\/vc_row_inner][\/vc_column][\/vc_row][vc_row full_width=&#8221;stretch_row_content&#8221;][vc_column width=&#8221;1\/4&#8243;][vc_single_image image=&#8221;9914663&#8243; style=&#8221;vc_box_rounded&#8221; css=&#8221;.vc_custom_1663601039829{border-radius: 15px !important;}&#8221;][\/vc_column][vc_column width=&#8221;1\/4&#8243;][vc_row_inner el_class=&#8221;overlap-left&#8221;][vc_column_inner][vc_cta h2=&#8221;Una Biodesign en el Coraz\u00f3n de las Colinas Euganeas&#8221; h4=&#8221;Hotel Relilax &#8211; Montegrotto Terme&#8221; shape=&#8221;round&#8221; color=&#8221;chino&#8221; add_button=&#8221;bottom&#8221; btn_title=&#8221;Descubre M\u00e1s&#8221; btn_shape=&#8221;round&#8221; btn_color=&#8221;chino&#8221; btn_i_icon_fontawesome=&#8221;fas fa-chevron-circle-right&#8221; btn_add_icon=&#8221;true&#8221; btn_link=&#8221;url:https%3A%2F%2Fwww.relilax.it%2Fp%2Fpiscina-allaperto-le-palme-unica-a-montegrotto-terme-ed-abano%2F|target:_blank&#8221; btn_el_class=&#8221;blu&#8221;]<strong>Relilax<\/strong> es el primer centro de belleza termal en Italia por historia y dimensiones. Desde 1982 se ubica uno de los hoteles termales m\u00e1s conocidos, el Hotel Terme Miramonti de Montegrotto, en las Colinas Euganeas, a quince kil\u00f3metros de Padua, gestionado por la hist\u00f3rica familia de hoteleros Braggion.<\/p>\n<p>Este hotel se ha convertido en el mejor lugar para saborear la emoci\u00f3n de un ba\u00f1o en una piscina <strong>Biodesign abierta 365 d\u00edas al a\u00f1o<\/strong>.[\/vc_cta][\/vc_column_inner][\/vc_row_inner][\/vc_column][vc_column width=&#8221;1\/4&#8243;][vc_single_image image=&#8221;9919051&#8243; style=&#8221;vc_box_rounded&#8221; css=&#8221;.vc_custom_1663343584820{border-radius: 15px !important;}&#8221;][\/vc_column][vc_column width=&#8221;1\/4&#8243;][vc_row_inner el_class=&#8221;overlap-left&#8221;][vc_column_inner][vc_cta h2=&#8221;\u00a1Nada con seguridad y tranquilidad con Microban!&#8221; h4=&#8221;Biodesign y Microban\u00ae \u2013 Resinas antibacterianas&#8221; shape=&#8221;round&#8221; color=&#8221;chino&#8221; add_button=&#8221;bottom&#8221; btn_title=&#8221;Descubre M\u00e1s&#8221; btn_shape=&#8221;round&#8221; btn_color=&#8221;chino&#8221; btn_i_icon_fontawesome=&#8221;fas fa-chevron-circle-right&#8221; btn_add_icon=&#8221;true&#8221; btn_link=&#8221;url:https%3A%2F%2Fwww.microban.com%2Fit%2Fbiodesign-pools-antibacterial-resin-paving-system-swimming-pools|target:_blank&#8221;]Biodesign es socio de <strong>Microban International<\/strong> en la creaci\u00f3n de un sistema de revestimiento estructural compuesto de <strong>resinas antibacterianas<\/strong>.<\/p>\n<p>La protecci\u00f3n <strong>Microban\u00ae SilverShield\u00ae<\/strong> se a\u00f1ade a la tecnolog\u00eda Biodesign ya en la fase de producci\u00f3n. Despu\u00e9s de la aplicaci\u00f3n en la piscina, la f\u00f3rmula especial ofrece en las superficies una protecci\u00f3n continua <strong>contra la proliferaci\u00f3n bacteriana<\/strong> y el consiguiente deterioro de los materiales[\/vc_cta][\/vc_column_inner][\/vc_row_inner][\/vc_column][\/vc_row]<\/p>\n","protected":false},"excerpt":{"rendered":"<p>[vc_row full_width=&#8221;stretch_row&#8221; video_bg=&#8221;yes&#8221; video_bg_url=&#8221;https:\/\/www.youtube.com\/watch?v=5IbMAuMGWTg&#8221;][vc_column width=&#8221;1\/2&#8243;][vc_single_image image=&#8221;9920150&#8243; img_size=&#8221;large&#8221; alignment=&#8221;right&#8221; css=&#8221;.vc_custom_1671190445050{margin-top: 30px !important;}&#8221;][\/vc_column][vc_column width=&#8221;1\/2&#8243;][vc_row_inner equal_height=&#8221;yes&#8221; el_class=&#8221;overlap-left&#8221;][vc_column_inner][vc_cta h2=&#8221;\u00a1Las \u00faltimas noticias del Mundo Biodesign!&#8221; h4=&#8221;#thelivingpool&#8221; shape=&#8221;round&#8221; style=&#8221;custom&#8221; el_class=&#8221;overlap-left&#8221; custom_background=&#8221;#f2f2f2&#8243; custom_text=&#8221;#cec2ab&#8221;] \u00a1Permanece actualizado sobre las \u00faltimas noticias del mundo Biodesign! En la secci\u00f3n Noticias Biodesign, tendr\u00e1s a tu disposici\u00f3n muchos contenidos nuevos Nuevos proyectos Novedades sobre los productos Biodesign. Objetivos [&hellip;]<\/p>\n","protected":false},"author":3,"featured_media":0,"parent":0,"menu_order":0,"comment_status":"closed","ping_status":"closed","template":"","meta":{"footnotes":""},"class_list":["post-9920180","page","type-page","status-publish","hentry"],"yoast_head":"<!-- This site is optimized with the Yoast SEO plugin v27.4 - https:\/\/yoast.com\/product\/yoast-seo-wordpress\/ -->\n<title>Biodesign News | Biodesign Pools<\/title>\n<meta name=\"robots\" content=\"index, follow, max-snippet:-1, max-image-preview:large, max-video-preview:-1\" \/>\n<link rel=\"canonical\" href=\"https:\/\/bio.design\/es\/biodesign-news\/\" \/>\n<meta property=\"og:locale\" content=\"es_ES\" \/>\n<meta property=\"og:type\" content=\"article\" \/>\n<meta property=\"og:title\" content=\"Biodesign News | Biodesign Pools\" \/>\n<meta property=\"og:description\" content=\"[vc_row full_width=&#8221;stretch_row&#8221; video_bg=&#8221;yes&#8221; video_bg_url=&#8221;https:\/\/www.youtube.com\/watch?v=5IbMAuMGWTg&#8221;][vc_column width=&#8221;1\/2&#8243;][vc_single_image image=&#8221;9920150&#8243; img_size=&#8221;large&#8221; alignment=&#8221;right&#8221; css=&#8221;.vc_custom_1671190445050{margin-top: 30px !important;}&#8221;][\/vc_column][vc_column width=&#8221;1\/2&#8243;][vc_row_inner equal_height=&#8221;yes&#8221; el_class=&#8221;overlap-left&#8221;][vc_column_inner][vc_cta h2=&#8221;\u00a1Las \u00faltimas noticias del Mundo Biodesign!&#8221; h4=&#8221;#thelivingpool&#8221; shape=&#8221;round&#8221; style=&#8221;custom&#8221; el_class=&#8221;overlap-left&#8221; custom_background=&#8221;#f2f2f2&#8243; custom_text=&#8221;#cec2ab&#8221;] \u00a1Permanece actualizado sobre las \u00faltimas noticias del mundo Biodesign! En la secci\u00f3n Noticias Biodesign, tendr\u00e1s a tu disposici\u00f3n muchos contenidos nuevos Nuevos proyectos Novedades sobre los productos Biodesign. Objetivos [&hellip;]\" \/>\n<meta property=\"og:url\" content=\"https:\/\/bio.design\/es\/biodesign-news\/\" \/>\n<meta property=\"og:site_name\" content=\"Biodesign Pools\" \/>\n<meta property=\"article:publisher\" content=\"https:\/\/www.facebook.com\/PiscineBiodesign\/\" \/>\n<meta property=\"article:modified_time\" content=\"2022-12-16T11:37:20+00:00\" \/>\n<meta name=\"twitter:card\" content=\"summary_large_image\" \/>\n<meta name=\"twitter:site\" content=\"@BIODESIGNPOOLS\" \/>\n<meta name=\"twitter:label1\" content=\"Tiempo de lectura\" \/>\n\t<meta name=\"twitter:data1\" content=\"8 minutos\" \/>\n<script type=\"application\/ld+json\" class=\"yoast-schema-graph\">{\"@context\":\"https:\\\/\\\/schema.org\",\"@graph\":[{\"@type\":\"WebPage\",\"@id\":\"https:\\\/\\\/bio.design\\\/es\\\/biodesign-news\\\/\",\"url\":\"https:\\\/\\\/bio.design\\\/es\\\/biodesign-news\\\/\",\"name\":\"Biodesign News | Biodesign Pools\",\"isPartOf\":{\"@id\":\"https:\\\/\\\/bio.design\\\/#website\"},\"datePublished\":\"2022-12-15T16:21:19+00:00\",\"dateModified\":\"2022-12-16T11:37:20+00:00\",\"breadcrumb\":{\"@id\":\"https:\\\/\\\/bio.design\\\/es\\\/biodesign-news\\\/#breadcrumb\"},\"inLanguage\":\"es\",\"potentialAction\":[{\"@type\":\"ReadAction\",\"target\":[\"https:\\\/\\\/bio.design\\\/es\\\/biodesign-news\\\/\"]}]},{\"@type\":\"BreadcrumbList\",\"@id\":\"https:\\\/\\\/bio.design\\\/es\\\/biodesign-news\\\/#breadcrumb\",\"itemListElement\":[{\"@type\":\"ListItem\",\"position\":1,\"name\":\"Home\",\"item\":\"https:\\\/\\\/bio.design\\\/es\\\/piscinas-de-arena-biodesign\\\/\"},{\"@type\":\"ListItem\",\"position\":2,\"name\":\"Biodesign News\"}]},{\"@type\":\"WebSite\",\"@id\":\"https:\\\/\\\/bio.design\\\/#website\",\"url\":\"https:\\\/\\\/bio.design\\\/\",\"name\":\"Biodesign Pools\",\"description\":\"The Living Pool - Natural Pools\",\"publisher\":{\"@id\":\"https:\\\/\\\/bio.design\\\/#organization\"},\"potentialAction\":[{\"@type\":\"SearchAction\",\"target\":{\"@type\":\"EntryPoint\",\"urlTemplate\":\"https:\\\/\\\/bio.design\\\/?s={search_term_string}\"},\"query-input\":{\"@type\":\"PropertyValueSpecification\",\"valueRequired\":true,\"valueName\":\"search_term_string\"}}],\"inLanguage\":\"es\"},{\"@type\":\"Organization\",\"@id\":\"https:\\\/\\\/bio.design\\\/#organization\",\"name\":\"Biodesign Pools\",\"url\":\"https:\\\/\\\/bio.design\\\/\",\"logo\":{\"@type\":\"ImageObject\",\"inLanguage\":\"es\",\"@id\":\"https:\\\/\\\/bio.design\\\/#\\\/schema\\\/logo\\\/image\\\/\",\"url\":\"https:\\\/\\\/bio.design\\\/wp-content\\\/uploads\\\/2021\\\/02\\\/Bio.design-New-Logo-Fb.jpg\",\"contentUrl\":\"https:\\\/\\\/bio.design\\\/wp-content\\\/uploads\\\/2021\\\/02\\\/Bio.design-New-Logo-Fb.jpg\",\"width\":2048,\"height\":1042,\"caption\":\"Biodesign Pools\"},\"image\":{\"@id\":\"https:\\\/\\\/bio.design\\\/#\\\/schema\\\/logo\\\/image\\\/\"},\"sameAs\":[\"https:\\\/\\\/www.facebook.com\\\/PiscineBiodesign\\\/\",\"https:\\\/\\\/x.com\\\/BIODESIGNPOOLS\",\"https:\\\/\\\/www.linkedin.com\\\/company\\\/biodesignpools\\\/\",\"https:\\\/\\\/www.youtube.com\\\/user\\\/BiodesignpoolsIT\"]}]}<\/script>\n<!-- \/ Yoast SEO plugin. -->","yoast_head_json":{"title":"Biodesign News | Biodesign Pools","robots":{"index":"index","follow":"follow","max-snippet":"max-snippet:-1","max-image-preview":"max-image-preview:large","max-video-preview":"max-video-preview:-1"},"canonical":"https:\/\/bio.design\/es\/biodesign-news\/","og_locale":"es_ES","og_type":"article","og_title":"Biodesign News | Biodesign Pools","og_description":"[vc_row full_width=&#8221;stretch_row&#8221; video_bg=&#8221;yes&#8221; video_bg_url=&#8221;https:\/\/www.youtube.com\/watch?v=5IbMAuMGWTg&#8221;][vc_column width=&#8221;1\/2&#8243;][vc_single_image image=&#8221;9920150&#8243; img_size=&#8221;large&#8221; alignment=&#8221;right&#8221; css=&#8221;.vc_custom_1671190445050{margin-top: 30px !important;}&#8221;][\/vc_column][vc_column width=&#8221;1\/2&#8243;][vc_row_inner equal_height=&#8221;yes&#8221; el_class=&#8221;overlap-left&#8221;][vc_column_inner][vc_cta h2=&#8221;\u00a1Las \u00faltimas noticias del Mundo Biodesign!&#8221; h4=&#8221;#thelivingpool&#8221; shape=&#8221;round&#8221; style=&#8221;custom&#8221; el_class=&#8221;overlap-left&#8221; custom_background=&#8221;#f2f2f2&#8243; custom_text=&#8221;#cec2ab&#8221;] \u00a1Permanece actualizado sobre las \u00faltimas noticias del mundo Biodesign! En la secci\u00f3n Noticias Biodesign, tendr\u00e1s a tu disposici\u00f3n muchos contenidos nuevos Nuevos proyectos Novedades sobre los productos Biodesign. Objetivos [&hellip;]","og_url":"https:\/\/bio.design\/es\/biodesign-news\/","og_site_name":"Biodesign Pools","article_publisher":"https:\/\/www.facebook.com\/PiscineBiodesign\/","article_modified_time":"2022-12-16T11:37:20+00:00","twitter_card":"summary_large_image","twitter_site":"@BIODESIGNPOOLS","twitter_misc":{"Tiempo de lectura":"8 minutos"},"schema":{"@context":"https:\/\/schema.org","@graph":[{"@type":"WebPage","@id":"https:\/\/bio.design\/es\/biodesign-news\/","url":"https:\/\/bio.design\/es\/biodesign-news\/","name":"Biodesign News | Biodesign Pools","isPartOf":{"@id":"https:\/\/bio.design\/#website"},"datePublished":"2022-12-15T16:21:19+00:00","dateModified":"2022-12-16T11:37:20+00:00","breadcrumb":{"@id":"https:\/\/bio.design\/es\/biodesign-news\/#breadcrumb"},"inLanguage":"es","potentialAction":[{"@type":"ReadAction","target":["https:\/\/bio.design\/es\/biodesign-news\/"]}]},{"@type":"BreadcrumbList","@id":"https:\/\/bio.design\/es\/biodesign-news\/#breadcrumb","itemListElement":[{"@type":"ListItem","position":1,"name":"Home","item":"https:\/\/bio.design\/es\/piscinas-de-arena-biodesign\/"},{"@type":"ListItem","position":2,"name":"Biodesign News"}]},{"@type":"WebSite","@id":"https:\/\/bio.design\/#website","url":"https:\/\/bio.design\/","name":"Biodesign Pools","description":"The Living Pool - Natural Pools","publisher":{"@id":"https:\/\/bio.design\/#organization"},"potentialAction":[{"@type":"SearchAction","target":{"@type":"EntryPoint","urlTemplate":"https:\/\/bio.design\/?s={search_term_string}"},"query-input":{"@type":"PropertyValueSpecification","valueRequired":true,"valueName":"search_term_string"}}],"inLanguage":"es"},{"@type":"Organization","@id":"https:\/\/bio.design\/#organization","name":"Biodesign Pools","url":"https:\/\/bio.design\/","logo":{"@type":"ImageObject","inLanguage":"es","@id":"https:\/\/bio.design\/#\/schema\/logo\/image\/","url":"https:\/\/bio.design\/wp-content\/uploads\/2021\/02\/Bio.design-New-Logo-Fb.jpg","contentUrl":"https:\/\/bio.design\/wp-content\/uploads\/2021\/02\/Bio.design-New-Logo-Fb.jpg","width":2048,"height":1042,"caption":"Biodesign Pools"},"image":{"@id":"https:\/\/bio.design\/#\/schema\/logo\/image\/"},"sameAs":["https:\/\/www.facebook.com\/PiscineBiodesign\/","https:\/\/x.com\/BIODESIGNPOOLS","https:\/\/www.linkedin.com\/company\/biodesignpools\/","https:\/\/www.youtube.com\/user\/BiodesignpoolsIT"]}]}},"_links":{"self":[{"href":"https:\/\/bio.design\/es\/wp-json\/wp\/v2\/pages\/9920180","targetHints":{"allow":["GET"]}}],"collection":[{"href":"https:\/\/bio.design\/es\/wp-json\/wp\/v2\/pages"}],"about":[{"href":"https:\/\/bio.design\/es\/wp-json\/wp\/v2\/types\/page"}],"author":[{"embeddable":true,"href":"https:\/\/bio.design\/es\/wp-json\/wp\/v2\/users\/3"}],"replies":[{"embeddable":true,"href":"https:\/\/bio.design\/es\/wp-json\/wp\/v2\/comments?post=9920180"}],"version-history":[{"count":7,"href":"https:\/\/bio.design\/es\/wp-json\/wp\/v2\/pages\/9920180\/revisions"}],"predecessor-version":[{"id":9920187,"href":"https:\/\/bio.design\/es\/wp-json\/wp\/v2\/pages\/9920180\/revisions\/9920187"}],"wp:attachment":[{"href":"https:\/\/bio.design\/es\/wp-json\/wp\/v2\/media?parent=9920180"}],"curies":[{"name":"wp","href":"https:\/\/api.w.org\/{rel}","templated":true}]}}