{"id":9916102,"date":"2020-06-10T10:36:07","date_gmt":"2020-06-10T09:36:07","guid":{"rendered":"https:\/\/bio.design\/?page_id=9916102"},"modified":"2026-03-26T10:39:30","modified_gmt":"2026-03-26T09:39:30","slug":"biodesign-pools-video","status":"publish","type":"page","link":"https:\/\/bio.design\/es\/biodesign-pools-video\/","title":{"rendered":"Bio.design Pools Video"},"content":{"rendered":"<p>[vc_section][vc_row][vc_column][vc_empty_space height=&#8221;130px&#8221;][vc_column_text]<\/p>\n<h1 style=\"text-align: center;\">GALER\u00cdA DE VIDEOS BIO.DESIGN<\/h1>\n<p>[\/vc_column_text][vc_column_text]<\/p>\n<h3 style=\"text-align: center;\" data-start=\"29\" data-end=\"96\">Descubre el mundo Bio.design a trav\u00e9s de nuestra galer\u00eda de videos.<\/h3>\n<p style=\"text-align: center;\" data-start=\"98\" data-end=\"229\">En esta secci\u00f3n puedes explorar nuestras realizaciones, los detalles constructivos y el efecto \u00fanico de nuestras piscinas de arena.<\/p>\n<p style=\"text-align: center;\" data-start=\"231\" data-end=\"465\">Cada video cuenta un proyecto, mostrando la libertad de las formas, la materialidad de las superficies y la armon\u00eda entre agua, arena y paisaje. Tambi\u00e9n encontrar\u00e1s video entrevistas a clientes que han elegido realizar una Bio.design.<\/p>\n<p style=\"text-align: center;\" data-start=\"467\" data-end=\"521\">D\u00e9jate inspirar e imagina tu oasis firmado Bio.design.<\/p>\n<p>[\/vc_column_text]<p class=\"text-center\"><a href=\"https:\/\/www.youtube.com\/@BiodesignpoolsIT\" target=\"_blank\" class=\"btn btn-primary arrow-right\"><span>VISITA NUESTRA P\u00c1GINA DE YOUTUBE<\/span><\/a><\/p>[vc_empty_space height=&#8221;20px&#8221;][\/vc_column][\/vc_row][vc_row][vc_column width=&#8221;1\/2&#8243;][vc_raw_html]JTNDdmlkZW8lMjBjb250cm9scyUyMGF1dG9wbGF5JTIwbXV0ZWQlMjBsb29wJTIwcGxheXNpbmxpbmUlMjBzdHlsZSUzRCUyMndpZHRoJTNBMTAwJTI1JTNCJTIwaGVpZ2h0JTNBYXV0byUzQiUyMiUzRSUwQSUyMCUyMCUzQ3NvdXJjZSUyMHNyYyUzRCUyMmh0dHBzJTNBJTJGJTJGYmlvLmRlc2lnbiUyRndwLWNvbnRlbnQlMkZ1cGxvYWRzJTJGMjAyNiUyRjAzJTJGcmVlbC1ob3RlbG1pbGFubzEubXA0JTIyJTIwdHlwZSUzRCUyMnZpZGVvJTJGbXA0JTIyJTNFJTBBJTIwJTIwSWwlMjB0dW8lMjBicm93c2VyJTIwbm9uJTIwc3VwcG9ydGElMjBpbCUyMHRhZyUyMHZpZGVvLiUwQSUzQyUyRnZpZGVvJTNF[\/vc_raw_html][\/vc_column][vc_column width=&#8221;1\/2&#8243;][vc_raw_html]JTNDdmlkZW8lMjBhdXRvcGxheSUyMG11dGVkJTIwbG9vcCUyMHBsYXlzaW5saW5lJTIwc3R5bGUlM0QlMjJ3aWR0aCUzQTEwMCUyNSUzQiUyMGhlaWdodCUzQWF1dG8lM0IlMjBvYmplY3QtZml0JTNBY292ZXIlM0IlMjIlM0UlMEElMjAlMjAlM0Nzb3VyY2UlMjBzcmMlM0QlMjJodHRwcyUzQSUyRiUyRmJpby5kZXNpZ24lMkZ3cC1jb250ZW50JTJGdXBsb2FkcyUyRjIwMjYlMkYwMyUyRjE2LTlfQ0VSVl9TSVRPLm1wNCUyMiUyMHR5cGUlM0QlMjJ2aWRlbyUyRm1wNCUyMiUzRSUwQSUzQyUyRnZpZGVvJTNF[\/vc_raw_html][vc_raw_html]JTNDdmlkZW8lMjBhdXRvcGxheSUyMG11dGVkJTIwbG9vcCUyMHBsYXlzaW5saW5lJTIwc3R5bGUlM0QlMjJ3aWR0aCUzQTEwMCUyNSUzQiUyMGhlaWdodCUzQWF1dG8lM0IlMjBvYmplY3QtZml0JTNBY292ZXIlM0IlMjIlM0UlMEElMjAlMjAlM0Nzb3VyY2UlMjBzcmMlM0QlMjJodHRwcyUzQSUyRiUyRmJpby5kZXNpZ24lMkZ3cC1jb250ZW50JTJGdXBsb2FkcyUyRjIwMjYlMkYwMyUyRnZpZGVvLW90dG9uZS1zaXRvLTE2XzkubXA0JTIyJTIwdHlwZSUzRCUyMnZpZGVvJTJGbXA0JTIyJTNFJTBBJTNDJTJGdmlkZW8lM0U=[\/vc_raw_html][vc_raw_html]JTNDdmlkZW8lMjBhdXRvcGxheSUyMG11dGVkJTIwbG9vcCUyMHBsYXlzaW5saW5lJTIwc3R5bGUlM0QlMjJ3aWR0aCUzQTEwMCUyNSUzQiUyMGhlaWdodCUzQWF1dG8lM0IlMjBvYmplY3QtZml0JTNBY292ZXIlM0IlMjIlM0UlMEElMjAlMjAlM0Nzb3VyY2UlMjBzcmMlM0QlMjJodHRwcyUzQSUyRiUyRmJpby5kZXNpZ24lMkZ3cC1jb250ZW50JTJGdXBsb2FkcyUyRjIwMjYlMkYwMyUyRnZpZGVvLWplc29sby1zaXRvLTE2XzkubXA0JTIyJTIwdHlwZSUzRCUyMnZpZGVvJTJGbXA0JTIyJTNFJTBBJTNDJTJGdmlkZW8lM0U=[\/vc_raw_html][\/vc_column][\/vc_row][\/vc_section][vc_row full_width=&#8221;stretch_row&#8221; equal_height=&#8221;yes&#8221; content_placement=&#8221;middle&#8221; el_class=&#8221;mobile-full&#8221; css=&#8221;.vc_custom_1592386136315{padding-top: 100px !important;padding-bottom: 100px !important;background-color: #f5f5f5 !important;}&#8221;][vc_column width=&#8221;1\/2&#8243;][vc_column_text]<\/p>\n<h2><span style=\"font-weight: 200;\">Est\u00e1s interesado en una piscina <strong>Bio.design<\/strong>?<\/span><\/h2>\n<h2><span style=\"font-weight: 200;\">No esperes m\u00e1s. Cont\u00e1ctanos ahora!<\/span><\/h2>\n<p>[\/vc_column_text][\/vc_column][vc_column width=&#8221;1\/2&#8243;]<p class=\"text-center\"><a href=\"https:\/\/bio.design\/es\/solecitud-de-presupuesto-gratuito\/\" target=\"_blank\" class=\"btn btn-primary arrow-right purple\"><span>CONTACTO<\/span><\/a><\/p>[\/vc_column][\/vc_row]<\/p>\n","protected":false},"excerpt":{"rendered":"<p>[vc_section][vc_row][vc_column][vc_empty_space height=&#8221;130px&#8221;][vc_column_text] GALER\u00cdA DE VIDEOS BIO.DESIGN [\/vc_column_text][vc_column_text] Descubre el mundo Bio.design a trav\u00e9s de nuestra galer\u00eda de videos. En esta secci\u00f3n puedes explorar nuestras realizaciones, los detalles constructivos y el efecto \u00fanico de nuestras piscinas de arena. Cada video cuenta un proyecto, mostrando la libertad de las formas, la materialidad de las superficies y la [&hellip;]<\/p>\n","protected":false},"author":3,"featured_media":0,"parent":0,"menu_order":0,"comment_status":"closed","ping_status":"closed","template":"page-slider.php","meta":{"footnotes":""},"class_list":["post-9916102","page","type-page","status-publish","hentry"],"yoast_head":"<!-- This site is optimized with the Yoast SEO plugin v27.3 - https:\/\/yoast.com\/product\/yoast-seo-wordpress\/ -->\n<title>Galer\u00eda de Videos Bio.design | Piscinas de Arena<\/title>\n<meta name=\"description\" content=\"Descubre la galer\u00eda de videos Bio.design: proyectos, detalles constructivos e inspiraci\u00f3n para crear tu piscina de arena a medida.\" \/>\n<meta name=\"robots\" content=\"index, follow, max-snippet:-1, max-image-preview:large, max-video-preview:-1\" \/>\n<link rel=\"canonical\" href=\"https:\/\/bio.design\/es\/biodesign-pools-video\/\" \/>\n<meta property=\"og:locale\" content=\"es_ES\" \/>\n<meta property=\"og:type\" content=\"article\" \/>\n<meta property=\"og:title\" content=\"Galer\u00eda de Videos Bio.design | Piscinas de Arena\" \/>\n<meta property=\"og:description\" content=\"Descubre la galer\u00eda de videos Bio.design: proyectos, detalles constructivos e inspiraci\u00f3n para crear tu piscina de arena a medida.\" \/>\n<meta property=\"og:url\" content=\"https:\/\/bio.design\/es\/biodesign-pools-video\/\" \/>\n<meta property=\"og:site_name\" content=\"Biodesign Pools\" \/>\n<meta property=\"article:publisher\" content=\"https:\/\/www.facebook.com\/PiscineBiodesign\/\" \/>\n<meta property=\"article:modified_time\" content=\"2026-03-26T09:39:30+00:00\" \/>\n<meta name=\"twitter:card\" content=\"summary_large_image\" \/>\n<meta name=\"twitter:site\" content=\"@BIODESIGNPOOLS\" \/>\n<meta name=\"twitter:label1\" content=\"Tiempo de lectura\" \/>\n\t<meta name=\"twitter:data1\" content=\"2 minutos\" \/>\n<script type=\"application\/ld+json\" class=\"yoast-schema-graph\">{\"@context\":\"https:\\\/\\\/schema.org\",\"@graph\":[{\"@type\":\"WebPage\",\"@id\":\"https:\\\/\\\/bio.design\\\/es\\\/biodesign-pools-video\\\/\",\"url\":\"https:\\\/\\\/bio.design\\\/es\\\/biodesign-pools-video\\\/\",\"name\":\"Galer\u00eda de Videos Bio.design | Piscinas de Arena\",\"isPartOf\":{\"@id\":\"https:\\\/\\\/bio.design\\\/#website\"},\"datePublished\":\"2020-06-10T09:36:07+00:00\",\"dateModified\":\"2026-03-26T09:39:30+00:00\",\"description\":\"Descubre la galer\u00eda de videos Bio.design: proyectos, detalles constructivos e inspiraci\u00f3n para crear tu piscina de arena a medida.\",\"breadcrumb\":{\"@id\":\"https:\\\/\\\/bio.design\\\/es\\\/biodesign-pools-video\\\/#breadcrumb\"},\"inLanguage\":\"es\",\"potentialAction\":[{\"@type\":\"ReadAction\",\"target\":[\"https:\\\/\\\/bio.design\\\/es\\\/biodesign-pools-video\\\/\"]}]},{\"@type\":\"BreadcrumbList\",\"@id\":\"https:\\\/\\\/bio.design\\\/es\\\/biodesign-pools-video\\\/#breadcrumb\",\"itemListElement\":[{\"@type\":\"ListItem\",\"position\":1,\"name\":\"Home\",\"item\":\"https:\\\/\\\/bio.design\\\/es\\\/piscinas-de-arena-biodesign\\\/\"},{\"@type\":\"ListItem\",\"position\":2,\"name\":\"Bio.design Pools Video\"}]},{\"@type\":\"WebSite\",\"@id\":\"https:\\\/\\\/bio.design\\\/#website\",\"url\":\"https:\\\/\\\/bio.design\\\/\",\"name\":\"Biodesign Pools\",\"description\":\"The Living Pool - Natural Pools\",\"publisher\":{\"@id\":\"https:\\\/\\\/bio.design\\\/#organization\"},\"potentialAction\":[{\"@type\":\"SearchAction\",\"target\":{\"@type\":\"EntryPoint\",\"urlTemplate\":\"https:\\\/\\\/bio.design\\\/?s={search_term_string}\"},\"query-input\":{\"@type\":\"PropertyValueSpecification\",\"valueRequired\":true,\"valueName\":\"search_term_string\"}}],\"inLanguage\":\"es\"},{\"@type\":\"Organization\",\"@id\":\"https:\\\/\\\/bio.design\\\/#organization\",\"name\":\"Biodesign Pools\",\"url\":\"https:\\\/\\\/bio.design\\\/\",\"logo\":{\"@type\":\"ImageObject\",\"inLanguage\":\"es\",\"@id\":\"https:\\\/\\\/bio.design\\\/#\\\/schema\\\/logo\\\/image\\\/\",\"url\":\"https:\\\/\\\/bio.design\\\/wp-content\\\/uploads\\\/2021\\\/02\\\/Bio.design-New-Logo-Fb.jpg\",\"contentUrl\":\"https:\\\/\\\/bio.design\\\/wp-content\\\/uploads\\\/2021\\\/02\\\/Bio.design-New-Logo-Fb.jpg\",\"width\":2048,\"height\":1042,\"caption\":\"Biodesign Pools\"},\"image\":{\"@id\":\"https:\\\/\\\/bio.design\\\/#\\\/schema\\\/logo\\\/image\\\/\"},\"sameAs\":[\"https:\\\/\\\/www.facebook.com\\\/PiscineBiodesign\\\/\",\"https:\\\/\\\/x.com\\\/BIODESIGNPOOLS\",\"https:\\\/\\\/www.linkedin.com\\\/company\\\/biodesignpools\\\/\",\"https:\\\/\\\/www.youtube.com\\\/user\\\/BiodesignpoolsIT\"]}]}<\/script>\n<!-- \/ Yoast SEO plugin. -->","yoast_head_json":{"title":"Galer\u00eda de Videos Bio.design | Piscinas de Arena","description":"Descubre la galer\u00eda de videos Bio.design: proyectos, detalles constructivos e inspiraci\u00f3n para crear tu piscina de arena a medida.","robots":{"index":"index","follow":"follow","max-snippet":"max-snippet:-1","max-image-preview":"max-image-preview:large","max-video-preview":"max-video-preview:-1"},"canonical":"https:\/\/bio.design\/es\/biodesign-pools-video\/","og_locale":"es_ES","og_type":"article","og_title":"Galer\u00eda de Videos Bio.design | Piscinas de Arena","og_description":"Descubre la galer\u00eda de videos Bio.design: proyectos, detalles constructivos e inspiraci\u00f3n para crear tu piscina de arena a medida.","og_url":"https:\/\/bio.design\/es\/biodesign-pools-video\/","og_site_name":"Biodesign Pools","article_publisher":"https:\/\/www.facebook.com\/PiscineBiodesign\/","article_modified_time":"2026-03-26T09:39:30+00:00","twitter_card":"summary_large_image","twitter_site":"@BIODESIGNPOOLS","twitter_misc":{"Tiempo de lectura":"2 minutos"},"schema":{"@context":"https:\/\/schema.org","@graph":[{"@type":"WebPage","@id":"https:\/\/bio.design\/es\/biodesign-pools-video\/","url":"https:\/\/bio.design\/es\/biodesign-pools-video\/","name":"Galer\u00eda de Videos Bio.design | Piscinas de Arena","isPartOf":{"@id":"https:\/\/bio.design\/#website"},"datePublished":"2020-06-10T09:36:07+00:00","dateModified":"2026-03-26T09:39:30+00:00","description":"Descubre la galer\u00eda de videos Bio.design: proyectos, detalles constructivos e inspiraci\u00f3n para crear tu piscina de arena a medida.","breadcrumb":{"@id":"https:\/\/bio.design\/es\/biodesign-pools-video\/#breadcrumb"},"inLanguage":"es","potentialAction":[{"@type":"ReadAction","target":["https:\/\/bio.design\/es\/biodesign-pools-video\/"]}]},{"@type":"BreadcrumbList","@id":"https:\/\/bio.design\/es\/biodesign-pools-video\/#breadcrumb","itemListElement":[{"@type":"ListItem","position":1,"name":"Home","item":"https:\/\/bio.design\/es\/piscinas-de-arena-biodesign\/"},{"@type":"ListItem","position":2,"name":"Bio.design Pools Video"}]},{"@type":"WebSite","@id":"https:\/\/bio.design\/#website","url":"https:\/\/bio.design\/","name":"Biodesign Pools","description":"The Living Pool - Natural Pools","publisher":{"@id":"https:\/\/bio.design\/#organization"},"potentialAction":[{"@type":"SearchAction","target":{"@type":"EntryPoint","urlTemplate":"https:\/\/bio.design\/?s={search_term_string}"},"query-input":{"@type":"PropertyValueSpecification","valueRequired":true,"valueName":"search_term_string"}}],"inLanguage":"es"},{"@type":"Organization","@id":"https:\/\/bio.design\/#organization","name":"Biodesign Pools","url":"https:\/\/bio.design\/","logo":{"@type":"ImageObject","inLanguage":"es","@id":"https:\/\/bio.design\/#\/schema\/logo\/image\/","url":"https:\/\/bio.design\/wp-content\/uploads\/2021\/02\/Bio.design-New-Logo-Fb.jpg","contentUrl":"https:\/\/bio.design\/wp-content\/uploads\/2021\/02\/Bio.design-New-Logo-Fb.jpg","width":2048,"height":1042,"caption":"Biodesign Pools"},"image":{"@id":"https:\/\/bio.design\/#\/schema\/logo\/image\/"},"sameAs":["https:\/\/www.facebook.com\/PiscineBiodesign\/","https:\/\/x.com\/BIODESIGNPOOLS","https:\/\/www.linkedin.com\/company\/biodesignpools\/","https:\/\/www.youtube.com\/user\/BiodesignpoolsIT"]}]}},"_links":{"self":[{"href":"https:\/\/bio.design\/es\/wp-json\/wp\/v2\/pages\/9916102","targetHints":{"allow":["GET"]}}],"collection":[{"href":"https:\/\/bio.design\/es\/wp-json\/wp\/v2\/pages"}],"about":[{"href":"https:\/\/bio.design\/es\/wp-json\/wp\/v2\/types\/page"}],"author":[{"embeddable":true,"href":"https:\/\/bio.design\/es\/wp-json\/wp\/v2\/users\/3"}],"replies":[{"embeddable":true,"href":"https:\/\/bio.design\/es\/wp-json\/wp\/v2\/comments?post=9916102"}],"version-history":[{"count":6,"href":"https:\/\/bio.design\/es\/wp-json\/wp\/v2\/pages\/9916102\/revisions"}],"predecessor-version":[{"id":9933625,"href":"https:\/\/bio.design\/es\/wp-json\/wp\/v2\/pages\/9916102\/revisions\/9933625"}],"wp:attachment":[{"href":"https:\/\/bio.design\/es\/wp-json\/wp\/v2\/media?parent=9916102"}],"curies":[{"name":"wp","href":"https:\/\/api.w.org\/{rel}","templated":true}]}}