{"id":9914089,"date":"2019-03-12T15:24:38","date_gmt":"2019-03-12T15:24:38","guid":{"rendered":"https:\/\/bio.design\/diventa-rivenditore-biodesign\/"},"modified":"2020-01-17T09:51:40","modified_gmt":"2020-01-17T08:51:40","slug":"conviertete-en-un-distribuidor-biodesign","status":"publish","type":"page","link":"https:\/\/bio.design\/es\/conviertete-en-un-distribuidor-biodesign\/","title":{"rendered":"Convi\u00e9rtete en un distribuidor Biodesign"},"content":{"rendered":"<p>[vc_row css=&#8221;.vc_custom_1552312073757{padding-top: 60px !important;}&#8221;][vc_column]<span class=\"subtitle dash-false style-dark text-left\">PARA DISTRIBUIDORES<\/span>[vc_column_text]<\/p>\n<h2>El proyecto Biodesign<\/h2>\n<p>[\/vc_column_text]<div class=\"dash style-dark centered\"><\/div>[vc_row_inner][vc_column_inner width=&#8221;1\/3&#8243;][vc_column_text]El proyecto Biodesign tiene como objetivo el desarrollo industrial a gran escala para difundir la tecnolog\u00eda y la marca Biodesign en todo el mundo. Gracias a sus caracter\u00edsticas, Biodesign es la \u00fanica tecnolog\u00eda capaz de romper los l\u00edmites est\u00e9ticos de las piscinas tradicionales y entrar <strong>en cualquier jard\u00edn.<\/strong><\/p>\n<p>Biodesign crea un ambiente acu\u00e1tico \u00fanico, modelado seg\u00fan las necesidades humanas y en perfecta armon\u00eda con el medio ambiente. Cada casa, cada jard\u00edn o terraza se puede transformar en un nuevo espacio habitable, aumentando el valor de la propiedad, reconstruyendo el paisaje y mejorando el bienestar del cliente.[\/vc_column_text][\/vc_column_inner][vc_column_inner width=&#8221;1\/3&#8243;][vc_column_text]La ventaja competitiva esencial a la tecnolog\u00eda BD hace que las piscinas sean \u00fanicas, altamente atractivas y, en consecuencia, f\u00e1ciles de proponer. La estrategia comercial es dar a conocer los beneficios de Biodesign al mercado. Por lo tanto, hemos empezado a desarrollar y formar una red estructurada de empresas que se ocupan de todos los procesos de distribuci\u00f3n, instalaci\u00f3n y mantenimiento de manera eficaz y armoniosa.<\/p>\n<p>La red constar\u00e1 de diferentes tipos de colaboraci\u00f3n: Unidad Profesional BD y Unidad B\u00e1sica BD. Las unidades BD (Professional o Basic) son la interfaz directa con el cliente.[\/vc_column_text][\/vc_column_inner][vc_column_inner width=&#8221;1\/3&#8243;][vc_column_text]Las dos colaboraciones permiten, con sus actividades de difusi\u00f3n, promoci\u00f3n, comercializaci\u00f3n y ventas, una presencia generalizada de la marca en el territorio y aseguran, con su gesti\u00f3n de construcci\u00f3n y ejecuci\u00f3n de los trabajos, la calidad del grupo BD y la satisfacci\u00f3n del cliente final.<\/p>\n<p>Con el fin de hacer que todo el proceso de producci\u00f3n y distribuci\u00f3n sea sostenible, s\u00f3lido y duradero, la Administraci\u00f3n ha dise\u00f1ado y creado un modelo en el que se reducen las p\u00e9rdidas de valor relacionadas con el transporte o los niveles de existencias.[\/vc_column_text][\/vc_column_inner][\/vc_row_inner][\/vc_column][\/vc_row][vc_row gap=&#8221;15&#8243; css=&#8221;.vc_custom_1536842181479{margin-bottom: 80px !important;}&#8221;][vc_column][vc_empty_space height=&#8221;70px&#8221;][vc_column_text]<\/p>\n<h2 style=\"text-align: center;\">DETERMINACI\u00d3N DEL VALOR DEL NEGOCIO DE BIODISIGN<\/h2>\n<p>[\/vc_column_text][vc_column_text]Es necesario que una <strong>Unidad de Biodesign sepa cu\u00e1les son las tres actividades<\/strong> principales y trate de aumentar la marginalidad de la misma mientras se mantiene el valor correspondiente.[\/vc_column_text][vc_row_inner][vc_column_inner width=&#8221;1\/3&#8243;]<div class=\"feature-box icon-top-centered box-default spacing-30 spacing-mob-30\"><i class=\"fa fa-bullhorn\"><\/i><div class=\"content-wrapper\"><h3 class=\"feature-title\">Marketing<\/h3><p class=\"feature-text\">El aspecto del marketing tiene una importancia significativa y debe planificarse tanto como sea posible, como un porcentaje de la venta, para controlar el impacto del coste en la facturaci\u00f3n.<\/p><\/div><\/div>[\/vc_column_inner][vc_column_inner width=&#8221;1\/3&#8243;]<div class=\"feature-box icon-top-centered box-default spacing-30 spacing-mob-30\"><i class=\"fa fa-line-chart\"><\/i><div class=\"content-wrapper\"><h3 class=\"feature-title\">Compra \/ Venta<\/h3><p class=\"feature-text\">La compra y venta de kits de piscinas tradicionales transmite poco valor al negocio y no permite recargas muy altas. El Biodesign, por otro lado, le garantiza grandes m\u00e1rgenes de beneficio con un proyecto empresarial espec\u00edfico.<\/p><\/div><\/div>[\/vc_column_inner][vc_column_inner width=&#8221;1\/3&#8243;]<div class=\"feature-box icon-top-centered box-default spacing-30 spacing-mob-30\"><i class=\"fa fa-wrench\"><\/i><div class=\"content-wrapper\"><h3 class=\"feature-title\">Instalaci\u00f3n<\/h3><p class=\"feature-text\">La instalaci\u00f3n de una piscina Biodesign es, en cambio, es la actividad que m\u00e1s que la de los dem\u00e1s transfiere habilidades y valor al producto, lo que permite aumentar la rentabilidad de la empresa.<\/p><\/div><\/div>[\/vc_column_inner][\/vc_row_inner][\/vc_column][\/vc_row][vc_row][vc_column width=&#8221;1\/2&#8243;][vc_column_text]<\/p>\n<h2 class=\"articolo-title\" style=\"text-align: center;\">BD BASIC UNIT<\/h2>\n<p>La Unidad B\u00e1sica de BD es responsable de la promoci\u00f3n, marketing, ventas, instalaci\u00f3n (s\u00f3lo bajo la supervisi\u00f3n de API italia) y el mantenimiento de las piscinas Biodesign. Es un precursor de la Unidad Profesional BD que permite a la empresa una entrada m\u00e1s f\u00e1cil en cooperaci\u00f3n con Biodesign.[\/vc_column_text]<p class=\"text-center\"><a href=\"https:\/\/bio.design\/es\/contactos\/\" class=\"btn btn-primary arrow-right\"><span>Contactos<\/span><\/a><\/p>[\/vc_column][vc_column width=&#8221;1\/2&#8243;][vc_column_text]<\/p>\n<h2 class=\"articolo-title\" style=\"text-align: center;\">BD PROFESSIONAL UNIT<\/h2>\n<p>La Unidad Profesional BD se ocupa de la promoci\u00f3n, comercializaci\u00f3n, venta, instalaci\u00f3n y mantenimiento de piscinas de Biodesign. Es un distribuidor especializado. El contrato relevante otorga a la Unidad Profesional de BD el tiempo necesario, la seguridad de la inversi\u00f3n y el conocimiento profundo de la tecnolog\u00eda.[\/vc_column_text]<p class=\"text-center\"><a href=\"https:\/\/bio.design\/es\/contactos\/\" class=\"btn btn-primary arrow-right\"><span>Contactos<\/span><\/a><\/p>[\/vc_column][\/vc_row]<\/p>\n","protected":false},"excerpt":{"rendered":"<p>[vc_row css=&#8221;.vc_custom_1552312073757{padding-top: 60px !important;}&#8221;][vc_column][vc_column_text] El proyecto Biodesign [\/vc_column_text][vc_row_inner][vc_column_inner width=&#8221;1\/3&#8243;][vc_column_text]El proyecto Biodesign tiene como objetivo el desarrollo industrial a gran escala para difundir la tecnolog\u00eda y la marca Biodesign en todo el mundo. Gracias a sus caracter\u00edsticas, Biodesign es la \u00fanica tecnolog\u00eda capaz de romper los l\u00edmites est\u00e9ticos de las piscinas tradicionales y entrar en cualquier [&hellip;]<\/p>\n","protected":false},"author":3,"featured_media":0,"parent":0,"menu_order":0,"comment_status":"closed","ping_status":"closed","template":"","meta":{"footnotes":""},"class_list":["post-9914089","page","type-page","status-publish","hentry"],"yoast_head":"<!-- This site is optimized with the Yoast SEO plugin v27.4 - https:\/\/yoast.com\/product\/yoast-seo-wordpress\/ -->\n<title>Convi\u00e9rtete en un distribuidor Biodesign | Biodesign Pools<\/title>\n<meta name=\"description\" content=\"Il progetto Biodesign ha come obiettivo lo sviluppo industriale su larga scala per diffondere nel mondo\u00a0la tecnologia ed il brand Biodesign.\u00a0\" \/>\n<meta name=\"robots\" content=\"index, follow, max-snippet:-1, max-image-preview:large, max-video-preview:-1\" \/>\n<link rel=\"canonical\" href=\"https:\/\/bio.design\/es\/conviertete-en-un-distribuidor-biodesign\/\" \/>\n<meta property=\"og:locale\" content=\"es_ES\" \/>\n<meta property=\"og:type\" content=\"article\" \/>\n<meta property=\"og:title\" content=\"Convi\u00e9rtete en un distribuidor Biodesign | Biodesign Pools\" \/>\n<meta property=\"og:description\" content=\"Il progetto Biodesign ha come obiettivo lo sviluppo industriale su larga scala per diffondere nel mondo\u00a0la tecnologia ed il brand Biodesign.\u00a0\" \/>\n<meta property=\"og:url\" content=\"https:\/\/bio.design\/es\/conviertete-en-un-distribuidor-biodesign\/\" \/>\n<meta property=\"og:site_name\" content=\"Biodesign Pools\" \/>\n<meta property=\"article:publisher\" content=\"https:\/\/www.facebook.com\/PiscineBiodesign\/\" \/>\n<meta property=\"article:modified_time\" content=\"2020-01-17T08:51:40+00:00\" \/>\n<meta name=\"twitter:card\" content=\"summary_large_image\" \/>\n<meta name=\"twitter:site\" content=\"@BIODESIGNPOOLS\" \/>\n<meta name=\"twitter:label1\" content=\"Tiempo de lectura\" \/>\n\t<meta name=\"twitter:data1\" content=\"4 minutos\" \/>\n<script type=\"application\/ld+json\" class=\"yoast-schema-graph\">{\"@context\":\"https:\\\/\\\/schema.org\",\"@graph\":[{\"@type\":\"WebPage\",\"@id\":\"https:\\\/\\\/bio.design\\\/es\\\/conviertete-en-un-distribuidor-biodesign\\\/\",\"url\":\"https:\\\/\\\/bio.design\\\/es\\\/conviertete-en-un-distribuidor-biodesign\\\/\",\"name\":\"Convi\u00e9rtete en un distribuidor Biodesign | Biodesign Pools\",\"isPartOf\":{\"@id\":\"https:\\\/\\\/bio.design\\\/#website\"},\"datePublished\":\"2019-03-12T15:24:38+00:00\",\"dateModified\":\"2020-01-17T08:51:40+00:00\",\"description\":\"Il progetto Biodesign ha come obiettivo lo sviluppo industriale su larga scala per diffondere nel mondo\u00a0la tecnologia ed il brand Biodesign.\u00a0\",\"breadcrumb\":{\"@id\":\"https:\\\/\\\/bio.design\\\/es\\\/conviertete-en-un-distribuidor-biodesign\\\/#breadcrumb\"},\"inLanguage\":\"es\",\"potentialAction\":[{\"@type\":\"ReadAction\",\"target\":[\"https:\\\/\\\/bio.design\\\/es\\\/conviertete-en-un-distribuidor-biodesign\\\/\"]}]},{\"@type\":\"BreadcrumbList\",\"@id\":\"https:\\\/\\\/bio.design\\\/es\\\/conviertete-en-un-distribuidor-biodesign\\\/#breadcrumb\",\"itemListElement\":[{\"@type\":\"ListItem\",\"position\":1,\"name\":\"Home\",\"item\":\"https:\\\/\\\/bio.design\\\/es\\\/piscinas-de-arena-biodesign\\\/\"},{\"@type\":\"ListItem\",\"position\":2,\"name\":\"Convi\u00e9rtete en un distribuidor Biodesign\"}]},{\"@type\":\"WebSite\",\"@id\":\"https:\\\/\\\/bio.design\\\/#website\",\"url\":\"https:\\\/\\\/bio.design\\\/\",\"name\":\"Biodesign Pools\",\"description\":\"The Living Pool - Natural Pools\",\"publisher\":{\"@id\":\"https:\\\/\\\/bio.design\\\/#organization\"},\"potentialAction\":[{\"@type\":\"SearchAction\",\"target\":{\"@type\":\"EntryPoint\",\"urlTemplate\":\"https:\\\/\\\/bio.design\\\/?s={search_term_string}\"},\"query-input\":{\"@type\":\"PropertyValueSpecification\",\"valueRequired\":true,\"valueName\":\"search_term_string\"}}],\"inLanguage\":\"es\"},{\"@type\":\"Organization\",\"@id\":\"https:\\\/\\\/bio.design\\\/#organization\",\"name\":\"Biodesign Pools\",\"url\":\"https:\\\/\\\/bio.design\\\/\",\"logo\":{\"@type\":\"ImageObject\",\"inLanguage\":\"es\",\"@id\":\"https:\\\/\\\/bio.design\\\/#\\\/schema\\\/logo\\\/image\\\/\",\"url\":\"https:\\\/\\\/bio.design\\\/wp-content\\\/uploads\\\/2021\\\/02\\\/Bio.design-New-Logo-Fb.jpg\",\"contentUrl\":\"https:\\\/\\\/bio.design\\\/wp-content\\\/uploads\\\/2021\\\/02\\\/Bio.design-New-Logo-Fb.jpg\",\"width\":2048,\"height\":1042,\"caption\":\"Biodesign Pools\"},\"image\":{\"@id\":\"https:\\\/\\\/bio.design\\\/#\\\/schema\\\/logo\\\/image\\\/\"},\"sameAs\":[\"https:\\\/\\\/www.facebook.com\\\/PiscineBiodesign\\\/\",\"https:\\\/\\\/x.com\\\/BIODESIGNPOOLS\",\"https:\\\/\\\/www.linkedin.com\\\/company\\\/biodesignpools\\\/\",\"https:\\\/\\\/www.youtube.com\\\/user\\\/BiodesignpoolsIT\"]}]}<\/script>\n<!-- \/ Yoast SEO plugin. -->","yoast_head_json":{"title":"Convi\u00e9rtete en un distribuidor Biodesign | Biodesign Pools","description":"Il progetto Biodesign ha come obiettivo lo sviluppo industriale su larga scala per diffondere nel mondo\u00a0la tecnologia ed il brand Biodesign.\u00a0","robots":{"index":"index","follow":"follow","max-snippet":"max-snippet:-1","max-image-preview":"max-image-preview:large","max-video-preview":"max-video-preview:-1"},"canonical":"https:\/\/bio.design\/es\/conviertete-en-un-distribuidor-biodesign\/","og_locale":"es_ES","og_type":"article","og_title":"Convi\u00e9rtete en un distribuidor Biodesign | Biodesign Pools","og_description":"Il progetto Biodesign ha come obiettivo lo sviluppo industriale su larga scala per diffondere nel mondo\u00a0la tecnologia ed il brand Biodesign.\u00a0","og_url":"https:\/\/bio.design\/es\/conviertete-en-un-distribuidor-biodesign\/","og_site_name":"Biodesign Pools","article_publisher":"https:\/\/www.facebook.com\/PiscineBiodesign\/","article_modified_time":"2020-01-17T08:51:40+00:00","twitter_card":"summary_large_image","twitter_site":"@BIODESIGNPOOLS","twitter_misc":{"Tiempo de lectura":"4 minutos"},"schema":{"@context":"https:\/\/schema.org","@graph":[{"@type":"WebPage","@id":"https:\/\/bio.design\/es\/conviertete-en-un-distribuidor-biodesign\/","url":"https:\/\/bio.design\/es\/conviertete-en-un-distribuidor-biodesign\/","name":"Convi\u00e9rtete en un distribuidor Biodesign | Biodesign Pools","isPartOf":{"@id":"https:\/\/bio.design\/#website"},"datePublished":"2019-03-12T15:24:38+00:00","dateModified":"2020-01-17T08:51:40+00:00","description":"Il progetto Biodesign ha come obiettivo lo sviluppo industriale su larga scala per diffondere nel mondo\u00a0la tecnologia ed il brand Biodesign.\u00a0","breadcrumb":{"@id":"https:\/\/bio.design\/es\/conviertete-en-un-distribuidor-biodesign\/#breadcrumb"},"inLanguage":"es","potentialAction":[{"@type":"ReadAction","target":["https:\/\/bio.design\/es\/conviertete-en-un-distribuidor-biodesign\/"]}]},{"@type":"BreadcrumbList","@id":"https:\/\/bio.design\/es\/conviertete-en-un-distribuidor-biodesign\/#breadcrumb","itemListElement":[{"@type":"ListItem","position":1,"name":"Home","item":"https:\/\/bio.design\/es\/piscinas-de-arena-biodesign\/"},{"@type":"ListItem","position":2,"name":"Convi\u00e9rtete en un distribuidor Biodesign"}]},{"@type":"WebSite","@id":"https:\/\/bio.design\/#website","url":"https:\/\/bio.design\/","name":"Biodesign Pools","description":"The Living Pool - Natural Pools","publisher":{"@id":"https:\/\/bio.design\/#organization"},"potentialAction":[{"@type":"SearchAction","target":{"@type":"EntryPoint","urlTemplate":"https:\/\/bio.design\/?s={search_term_string}"},"query-input":{"@type":"PropertyValueSpecification","valueRequired":true,"valueName":"search_term_string"}}],"inLanguage":"es"},{"@type":"Organization","@id":"https:\/\/bio.design\/#organization","name":"Biodesign Pools","url":"https:\/\/bio.design\/","logo":{"@type":"ImageObject","inLanguage":"es","@id":"https:\/\/bio.design\/#\/schema\/logo\/image\/","url":"https:\/\/bio.design\/wp-content\/uploads\/2021\/02\/Bio.design-New-Logo-Fb.jpg","contentUrl":"https:\/\/bio.design\/wp-content\/uploads\/2021\/02\/Bio.design-New-Logo-Fb.jpg","width":2048,"height":1042,"caption":"Biodesign Pools"},"image":{"@id":"https:\/\/bio.design\/#\/schema\/logo\/image\/"},"sameAs":["https:\/\/www.facebook.com\/PiscineBiodesign\/","https:\/\/x.com\/BIODESIGNPOOLS","https:\/\/www.linkedin.com\/company\/biodesignpools\/","https:\/\/www.youtube.com\/user\/BiodesignpoolsIT"]}]}},"_links":{"self":[{"href":"https:\/\/bio.design\/es\/wp-json\/wp\/v2\/pages\/9914089","targetHints":{"allow":["GET"]}}],"collection":[{"href":"https:\/\/bio.design\/es\/wp-json\/wp\/v2\/pages"}],"about":[{"href":"https:\/\/bio.design\/es\/wp-json\/wp\/v2\/types\/page"}],"author":[{"embeddable":true,"href":"https:\/\/bio.design\/es\/wp-json\/wp\/v2\/users\/3"}],"replies":[{"embeddable":true,"href":"https:\/\/bio.design\/es\/wp-json\/wp\/v2\/comments?post=9914089"}],"version-history":[{"count":0,"href":"https:\/\/bio.design\/es\/wp-json\/wp\/v2\/pages\/9914089\/revisions"}],"wp:attachment":[{"href":"https:\/\/bio.design\/es\/wp-json\/wp\/v2\/media?parent=9914089"}],"curies":[{"name":"wp","href":"https:\/\/api.w.org\/{rel}","templated":true}]}}