{"id":9914076,"date":"2019-03-12T10:28:52","date_gmt":"2019-03-12T10:28:52","guid":{"rendered":"https:\/\/bio.design\/piscina-eco-compatibile\/"},"modified":"2026-03-18T14:51:54","modified_gmt":"2026-03-18T13:51:54","slug":"piscina-ecologica","status":"publish","type":"page","link":"https:\/\/bio.design\/es\/piscina-ecologica\/","title":{"rendered":"Piscina Ecol\u00f3gica"},"content":{"rendered":"<p>[vc_row full_width=&#8221;stretch_row&#8221; equal_height=&#8221;yes&#8221; content_placement=&#8221;middle&#8221; css=&#8221;.vc_custom_1688642870664{padding-bottom: 60px !important;}&#8221;][vc_column width=&#8221;4\/12&#8243;][vc_row_inner el_class=&#8221;overlap-right&#8221;][vc_column_inner el_class=&#8221;shadow-box&#8221;][vc_column_text]<\/p>\n<h2>Premio a la sostenibilidad<br \/>\nPiscinas ecol\u00f3gicas Bio.design<\/h2>\n<p>[\/vc_column_text]<div class=\"dash style-dark default\"><\/div>[vc_column_text]Bio.design Pools gan\u00f3 el <strong>1er Premio BCN Pool<\/strong> (Piscina &amp; Wellness Barcelona) por la sostenibilidad del producto, que garantiza el uso eficiente de los recursos (agua, energ\u00eda, materias primas), y por el respeto del medio ambiente a lo largo de su ciclo de vida (producci\u00f3n, puesta en servicio, trabajo, uso, desmantelamiento y reciclaje). <strong>Un premio por la piscina ecol\u00f3gica por excelencia: sostenible, eco compatible y org\u00e1nica.<\/strong>[\/vc_column_text][\/vc_column_inner][\/vc_row_inner][\/vc_column][vc_column width=&#8221;8\/12&#8243;][vc_single_image image=&#8221;9932804&#8243; onclick=&#8221;img_link_large&#8221; css=&#8221;.vc_custom_1773841858818{margin-bottom: 0px !important;}&#8221;][\/vc_column][\/vc_row][vc_row full_width=&#8221;stretch_row&#8221; equal_height=&#8221;yes&#8221; content_placement=&#8221;middle&#8221; css=&#8221;.vc_custom_1559740243966{padding-top: 100px !important;padding-bottom: 100px !important;background-color: #f5f5f5 !important;}&#8221; el_class=&#8221;mobile-full&#8221;][vc_column width=&#8221;2\/3&#8243; css=&#8221;.vc_custom_1559740035747{margin-bottom: 0px !important;padding-top: 0px !important;padding-right: 0px !important;}&#8221; el_class=&#8221;min-height-100&#8243;][vc_column_text css=&#8221;.vc_custom_1773841869251{margin-bottom: 0px !important;}&#8221;]<\/p>\n<h3 class=\"h2-style\" style=\"font-size: 2.5em; letter-spacing: -1.2px; margin-bottom: 15px;\"><span style=\"font-weight: 200;\">Est\u00e1s interesado en una piscina ecol\u00f3gica <strong>Bio.design<\/strong>?<\/span><\/h3>\n<h3 class=\"h2-style\" style=\"font-size: 2.5em; letter-spacing: -1.2px; margin: 0px!important;\"><span style=\"font-weight: 200;\">No esperes m\u00e1s. \u00a1Cont\u00e1ctanos ahora!<\/span><\/h3>\n<p>[\/vc_column_text][\/vc_column][vc_column width=&#8221;1\/3&#8243;]<a href=\"https:\/\/bio.design\/es\/solecitud-de-presupuesto-gratuito\/\" class=\"btn btn-primary arrow-right purple\"><span>CONTACTO<\/span><\/a>[\/vc_column][\/vc_row][vc_row css=&#8221;.vc_custom_1687977113688{padding-top: 100px !important;padding-bottom: 100px !important;}&#8221;][vc_column][vc_row_inner][vc_column_inner width=&#8221;1\/2&#8243;][vc_column_text]<\/p>\n<h2>Contrucci\u00f3n de una piscina ecol\u00f3gica Bio.design<\/h2>\n<p>[\/vc_column_text]<div class=\"dash style-dark default\"><\/div>[vc_column_text]La tecnolog\u00eda de construcci\u00f3n Bio.design recuerda a la tecnolog\u00eda de construcci\u00f3n de los lagos artificiales tradicionales. No requiere sobreedificaci\u00f3n del subsuelo y los taludes respetan el \u00e1ngulo natural de rozamiento del terreno. Todo ello hace de Bio.design, una piscina ecol\u00f3gica y ecocompatible.<\/p>\n<p>La excavaci\u00f3n se realiza siguiendo un proyecto y dise\u00f1o totalmente personalizado para garantizar el ba\u00f1o y el relax de los ba\u00f1istas, gracias a la inclusi\u00f3n de playas, asientos y tumbonas sumergidas. Adem\u00e1s, la forma inclinada de los laterales a\u00f1ade caracter\u00edsticas de seguridad, permitiendo un acceso c\u00f3modo y seguro a las \u00e1reas de ba\u00f1o, y tambi\u00e9n una f\u00e1cil salida de la ba\u00f1era, especialmente para las mascotas.<\/p>\n<p>Una vez realizada la excavaci\u00f3n se coloca una l\u00e1mina impermeabilizante de EPDM el\u00e1stico, de forma que el agua de la piscina ecol\u00f3gica de arena queda totalmente independiente de las aguas subterr\u00e1neas. Gracias a esta tecnolog\u00eda, los eventuales asentamientos en el terreno no da\u00f1an la impermeabilizaci\u00f3n y por consiguiente tampoco provocan filtraciones de agua al subsuelo.[\/vc_column_text][\/vc_column_inner][vc_column_inner width=&#8221;1\/2&#8243;][vc_column_text]Finalmente, los materiales p\u00e9treos se colocan sobre un liner de protecci\u00f3n de la impermeabilizaci\u00f3n, en total armon\u00eda con los colores del paisaje. Arenas de varios tama\u00f1os de grano, en su mayor parte restos de otros procesos cuidadosamente seleccionados y procesados, que se bloquean con peque\u00f1as cantidades de resina, para que se mantengan estables y tengan una funci\u00f3n tanto est\u00e9tica como de confort para los ba\u00f1istas.<\/p>\n<p>Gracias a esta t\u00e9cnica constructiva, sin estructuras portantes, no se requieren c\u00e1lculos estructurales ni antis\u00edsmicos. Gracias a la elasticidad de la capa impermeable, el suelo puede moverse libremente sin generar filtraciones de agua, evitando as\u00ed cambios hidrogeol\u00f3gicos en el subsuelo.<\/p>\n<p>El agua de esta piscina ecol\u00f3gica se filtra y desinfecta. Los filtros instalados aseguran que el agua permanezca siempre limpia y libre de algas. La esterilizaci\u00f3n del agua se puede realizar con las tecnolog\u00edas tradicionales de piscinas o lagos, o bien con la que sugerimos en Bio.design: Ecosalt, por compatibilidad ambiental y calidad de agua cristalina. Se trata de un sistema de electr\u00f3lisis con muy baja salinidad, que hace que el agua sea inh\u00f3spita para las algas y las bacterias, pero al mismo tiempo apta para el riego de plantas o c\u00e9sped.<\/p>\n<p>La caracter\u00edstica de ser una piscina ecocompatible permite una completa integraci\u00f3n en el paisaje circundante. \u00a1Y el espectacular efecto final recuerda a una playa caribe\u00f1a con aguas completamente cristalinas![\/vc_column_text][\/vc_column_inner][\/vc_row_inner][\/vc_column][\/vc_row][vc_row full_width=&#8221;stretch_row&#8221; css=&#8221;.vc_custom_1627910945100{background-image: url(https:\/\/bio.design\/wp-content\/uploads\/2019\/03\/eco-compatibile-1.jpg?id=13787) !important;background-position: 0 0 !important;background-repeat: repeat !important;}&#8221; el_class=&#8221;spaced&#8221;][vc_column width=&#8221;1\/2&#8243; css=&#8221;.vc_custom_1536750157525{margin-bottom: 20px !important;}&#8221;][vc_column_text]<\/p>\n<h2><span style=\"color: #f5f5f5;\"><strong>Sin hormig\u00f3n armado<\/strong><\/span><\/h2>\n<p>[\/vc_column_text]<span class=\"subtitle dash-true style-light text-default\">PISCINAS DE ARENA ECOCOMPATIBLES<\/span>[\/vc_column][vc_column width=&#8221;1\/2&#8243;][vc_column_text]<\/p>\n<div class=\"textwidget\">\n<p><span style=\"color: #ffffff;\">La ausencia total de hormig\u00f3n armado, as\u00ed como el sistema de impermeabilizaci\u00f3n, recomendado por Green Peace como alternativa al PVC, hacen de Bio.design una piscina ecol\u00f3gica de arena natural \u00fanica. La piscina Bio.design terminada y llena completamente de agua pesa menos que el suelo excavado que se extrajo para albergarla.<\/span><\/p>\n<p><span style=\"color: #ffffff;\">Gracias a las caracter\u00edsticas \u00fanicas de compatibilidad ambiental de Bio.design, numerosas playas, parques y \u00e1reas protegidas por estrictas restricciones medioambientales, albergan a d\u00eda de hoy esta tecnolog\u00eda.<\/span><\/p>\n<\/div>\n<p>[\/vc_column_text][\/vc_column][\/vc_row]<\/p>\n","protected":false},"excerpt":{"rendered":"<p>[vc_row full_width=&#8221;stretch_row&#8221; equal_height=&#8221;yes&#8221; content_placement=&#8221;middle&#8221; css=&#8221;.vc_custom_1688642870664{padding-bottom: 60px !important;}&#8221;][vc_column width=&#8221;4\/12&#8243;][vc_row_inner el_class=&#8221;overlap-right&#8221;][vc_column_inner el_class=&#8221;shadow-box&#8221;][vc_column_text] Premio a la sostenibilidad Piscinas ecol\u00f3gicas Bio.design [\/vc_column_text][vc_column_text]Bio.design Pools gan\u00f3 el 1er Premio BCN Pool (Piscina &amp; Wellness Barcelona) por la sostenibilidad del producto, que garantiza el uso eficiente de los recursos (agua, energ\u00eda, materias primas), y por el respeto del medio ambiente a lo [&hellip;]<\/p>\n","protected":false},"author":3,"featured_media":0,"parent":0,"menu_order":0,"comment_status":"closed","ping_status":"closed","template":"","meta":{"footnotes":""},"class_list":["post-9914076","page","type-page","status-publish","hentry"],"yoast_head":"<!-- This site is optimized with the Yoast SEO plugin v27.3 - https:\/\/yoast.com\/product\/yoast-seo-wordpress\/ -->\n<title>Piscina Ecol\u00f3gica | Biodesign Pools<\/title>\n<meta name=\"description\" content=\"Bio.design es la piscina ecol\u00f3gica y ecocompatible. Con escasa invasividad medioambiental, sin hormig\u00f3n armado ni estructuras pesadas.\" \/>\n<meta name=\"robots\" content=\"index, follow, max-snippet:-1, max-image-preview:large, max-video-preview:-1\" \/>\n<link rel=\"canonical\" href=\"https:\/\/bio.design\/es\/piscina-ecologica\/\" \/>\n<meta property=\"og:locale\" content=\"es_ES\" \/>\n<meta property=\"og:type\" content=\"article\" \/>\n<meta property=\"og:title\" content=\"Piscina Ecol\u00f3gica | Biodesign Pools\" \/>\n<meta property=\"og:description\" content=\"Bio.design es la piscina ecol\u00f3gica y ecocompatible. Con escasa invasividad medioambiental, sin hormig\u00f3n armado ni estructuras pesadas.\" \/>\n<meta property=\"og:url\" content=\"https:\/\/bio.design\/es\/piscina-ecologica\/\" \/>\n<meta property=\"og:site_name\" content=\"Biodesign Pools\" \/>\n<meta property=\"article:publisher\" content=\"https:\/\/www.facebook.com\/PiscineBiodesign\/\" \/>\n<meta property=\"article:modified_time\" content=\"2026-03-18T13:51:54+00:00\" \/>\n<meta name=\"twitter:card\" content=\"summary_large_image\" \/>\n<meta name=\"twitter:site\" content=\"@BIODESIGNPOOLS\" \/>\n<meta name=\"twitter:label1\" content=\"Tiempo de lectura\" \/>\n\t<meta name=\"twitter:data1\" content=\"5 minutos\" \/>\n<script type=\"application\/ld+json\" class=\"yoast-schema-graph\">{\"@context\":\"https:\\\/\\\/schema.org\",\"@graph\":[{\"@type\":\"WebPage\",\"@id\":\"https:\\\/\\\/bio.design\\\/es\\\/piscina-ecologica\\\/\",\"url\":\"https:\\\/\\\/bio.design\\\/es\\\/piscina-ecologica\\\/\",\"name\":\"Piscina Ecol\u00f3gica | Biodesign Pools\",\"isPartOf\":{\"@id\":\"https:\\\/\\\/bio.design\\\/#website\"},\"datePublished\":\"2019-03-12T10:28:52+00:00\",\"dateModified\":\"2026-03-18T13:51:54+00:00\",\"description\":\"Bio.design es la piscina ecol\u00f3gica y ecocompatible. Con escasa invasividad medioambiental, sin hormig\u00f3n armado ni estructuras pesadas.\",\"breadcrumb\":{\"@id\":\"https:\\\/\\\/bio.design\\\/es\\\/piscina-ecologica\\\/#breadcrumb\"},\"inLanguage\":\"es\",\"potentialAction\":[{\"@type\":\"ReadAction\",\"target\":[\"https:\\\/\\\/bio.design\\\/es\\\/piscina-ecologica\\\/\"]}]},{\"@type\":\"BreadcrumbList\",\"@id\":\"https:\\\/\\\/bio.design\\\/es\\\/piscina-ecologica\\\/#breadcrumb\",\"itemListElement\":[{\"@type\":\"ListItem\",\"position\":1,\"name\":\"Home\",\"item\":\"https:\\\/\\\/bio.design\\\/es\\\/piscinas-de-arena-biodesign\\\/\"},{\"@type\":\"ListItem\",\"position\":2,\"name\":\"Piscina Ecol\u00f3gica\"}]},{\"@type\":\"WebSite\",\"@id\":\"https:\\\/\\\/bio.design\\\/#website\",\"url\":\"https:\\\/\\\/bio.design\\\/\",\"name\":\"Biodesign Pools\",\"description\":\"The Living Pool - Natural Pools\",\"publisher\":{\"@id\":\"https:\\\/\\\/bio.design\\\/#organization\"},\"potentialAction\":[{\"@type\":\"SearchAction\",\"target\":{\"@type\":\"EntryPoint\",\"urlTemplate\":\"https:\\\/\\\/bio.design\\\/?s={search_term_string}\"},\"query-input\":{\"@type\":\"PropertyValueSpecification\",\"valueRequired\":true,\"valueName\":\"search_term_string\"}}],\"inLanguage\":\"es\"},{\"@type\":\"Organization\",\"@id\":\"https:\\\/\\\/bio.design\\\/#organization\",\"name\":\"Biodesign Pools\",\"url\":\"https:\\\/\\\/bio.design\\\/\",\"logo\":{\"@type\":\"ImageObject\",\"inLanguage\":\"es\",\"@id\":\"https:\\\/\\\/bio.design\\\/#\\\/schema\\\/logo\\\/image\\\/\",\"url\":\"https:\\\/\\\/bio.design\\\/wp-content\\\/uploads\\\/2021\\\/02\\\/Bio.design-New-Logo-Fb.jpg\",\"contentUrl\":\"https:\\\/\\\/bio.design\\\/wp-content\\\/uploads\\\/2021\\\/02\\\/Bio.design-New-Logo-Fb.jpg\",\"width\":2048,\"height\":1042,\"caption\":\"Biodesign Pools\"},\"image\":{\"@id\":\"https:\\\/\\\/bio.design\\\/#\\\/schema\\\/logo\\\/image\\\/\"},\"sameAs\":[\"https:\\\/\\\/www.facebook.com\\\/PiscineBiodesign\\\/\",\"https:\\\/\\\/x.com\\\/BIODESIGNPOOLS\",\"https:\\\/\\\/www.linkedin.com\\\/company\\\/biodesignpools\\\/\",\"https:\\\/\\\/www.youtube.com\\\/user\\\/BiodesignpoolsIT\"]}]}<\/script>\n<!-- \/ Yoast SEO plugin. -->","yoast_head_json":{"title":"Piscina Ecol\u00f3gica | Biodesign Pools","description":"Bio.design es la piscina ecol\u00f3gica y ecocompatible. Con escasa invasividad medioambiental, sin hormig\u00f3n armado ni estructuras pesadas.","robots":{"index":"index","follow":"follow","max-snippet":"max-snippet:-1","max-image-preview":"max-image-preview:large","max-video-preview":"max-video-preview:-1"},"canonical":"https:\/\/bio.design\/es\/piscina-ecologica\/","og_locale":"es_ES","og_type":"article","og_title":"Piscina Ecol\u00f3gica | Biodesign Pools","og_description":"Bio.design es la piscina ecol\u00f3gica y ecocompatible. Con escasa invasividad medioambiental, sin hormig\u00f3n armado ni estructuras pesadas.","og_url":"https:\/\/bio.design\/es\/piscina-ecologica\/","og_site_name":"Biodesign Pools","article_publisher":"https:\/\/www.facebook.com\/PiscineBiodesign\/","article_modified_time":"2026-03-18T13:51:54+00:00","twitter_card":"summary_large_image","twitter_site":"@BIODESIGNPOOLS","twitter_misc":{"Tiempo de lectura":"5 minutos"},"schema":{"@context":"https:\/\/schema.org","@graph":[{"@type":"WebPage","@id":"https:\/\/bio.design\/es\/piscina-ecologica\/","url":"https:\/\/bio.design\/es\/piscina-ecologica\/","name":"Piscina Ecol\u00f3gica | Biodesign Pools","isPartOf":{"@id":"https:\/\/bio.design\/#website"},"datePublished":"2019-03-12T10:28:52+00:00","dateModified":"2026-03-18T13:51:54+00:00","description":"Bio.design es la piscina ecol\u00f3gica y ecocompatible. Con escasa invasividad medioambiental, sin hormig\u00f3n armado ni estructuras pesadas.","breadcrumb":{"@id":"https:\/\/bio.design\/es\/piscina-ecologica\/#breadcrumb"},"inLanguage":"es","potentialAction":[{"@type":"ReadAction","target":["https:\/\/bio.design\/es\/piscina-ecologica\/"]}]},{"@type":"BreadcrumbList","@id":"https:\/\/bio.design\/es\/piscina-ecologica\/#breadcrumb","itemListElement":[{"@type":"ListItem","position":1,"name":"Home","item":"https:\/\/bio.design\/es\/piscinas-de-arena-biodesign\/"},{"@type":"ListItem","position":2,"name":"Piscina Ecol\u00f3gica"}]},{"@type":"WebSite","@id":"https:\/\/bio.design\/#website","url":"https:\/\/bio.design\/","name":"Biodesign Pools","description":"The Living Pool - Natural Pools","publisher":{"@id":"https:\/\/bio.design\/#organization"},"potentialAction":[{"@type":"SearchAction","target":{"@type":"EntryPoint","urlTemplate":"https:\/\/bio.design\/?s={search_term_string}"},"query-input":{"@type":"PropertyValueSpecification","valueRequired":true,"valueName":"search_term_string"}}],"inLanguage":"es"},{"@type":"Organization","@id":"https:\/\/bio.design\/#organization","name":"Biodesign Pools","url":"https:\/\/bio.design\/","logo":{"@type":"ImageObject","inLanguage":"es","@id":"https:\/\/bio.design\/#\/schema\/logo\/image\/","url":"https:\/\/bio.design\/wp-content\/uploads\/2021\/02\/Bio.design-New-Logo-Fb.jpg","contentUrl":"https:\/\/bio.design\/wp-content\/uploads\/2021\/02\/Bio.design-New-Logo-Fb.jpg","width":2048,"height":1042,"caption":"Biodesign Pools"},"image":{"@id":"https:\/\/bio.design\/#\/schema\/logo\/image\/"},"sameAs":["https:\/\/www.facebook.com\/PiscineBiodesign\/","https:\/\/x.com\/BIODESIGNPOOLS","https:\/\/www.linkedin.com\/company\/biodesignpools\/","https:\/\/www.youtube.com\/user\/BiodesignpoolsIT"]}]}},"_links":{"self":[{"href":"https:\/\/bio.design\/es\/wp-json\/wp\/v2\/pages\/9914076","targetHints":{"allow":["GET"]}}],"collection":[{"href":"https:\/\/bio.design\/es\/wp-json\/wp\/v2\/pages"}],"about":[{"href":"https:\/\/bio.design\/es\/wp-json\/wp\/v2\/types\/page"}],"author":[{"embeddable":true,"href":"https:\/\/bio.design\/es\/wp-json\/wp\/v2\/users\/3"}],"replies":[{"embeddable":true,"href":"https:\/\/bio.design\/es\/wp-json\/wp\/v2\/comments?post=9914076"}],"version-history":[{"count":23,"href":"https:\/\/bio.design\/es\/wp-json\/wp\/v2\/pages\/9914076\/revisions"}],"predecessor-version":[{"id":9933473,"href":"https:\/\/bio.design\/es\/wp-json\/wp\/v2\/pages\/9914076\/revisions\/9933473"}],"wp:attachment":[{"href":"https:\/\/bio.design\/es\/wp-json\/wp\/v2\/media?parent=9914076"}],"curies":[{"name":"wp","href":"https:\/\/api.w.org\/{rel}","templated":true}]}}