{"id":9914069,"date":"2019-03-06T13:53:28","date_gmt":"2019-03-06T13:53:28","guid":{"rendered":"https:\/\/bio.design\/perche-scegliere-una-piscina-naturale-biodesign\/"},"modified":"2026-03-17T14:45:15","modified_gmt":"2026-03-17T13:45:15","slug":"piscina-playa","status":"publish","type":"page","link":"https:\/\/bio.design\/es\/piscina-playa\/","title":{"rendered":"\u00bfPor qu\u00e9 elegir una piscina playa Bio.design?"},"content":{"rendered":"<p>[vc_row css=&#8221;.vc_custom_1559743558732{padding-top: 0px !important;}&#8221;][vc_column]<span class=\"subtitle dash-false style-dark text-center\">BENEFICIOS<\/span>[vc_column_text]<\/p>\n<h2 style=\"text-align: center;\">La Piscina Bio.design<\/h2>\n<p>[\/vc_column_text][vc_row_inner][vc_column_inner][vc_column_text]Las <strong>piscinas de arena de Bio.design<\/strong>, tambi\u00e9n llamadas <strong>piscinas playa<\/strong>, cuentan con muchas caracter\u00edsticas innovadoras, comenzando por la limitada invasividad ambiental, que permite que la piscina encaje arm\u00f3nicamente en el entorno, y sin uso de hormig\u00f3n armado para su construcci\u00f3n. Por lo tanto, el medio ambiente es el primer beneficiario del sistema Bio.design, y es que tanto los productos utilizados, la impermeabilizaci\u00f3n, o el peso de la estructura son una verdadera innovaci\u00f3n. Un sistema para crear lujo y bienestar, respetando el medio ambiente al mismo tiempo.[\/vc_column_text][\/vc_column_inner][\/vc_row_inner]<div class=\"dash style-dark default\"><\/div>[\/vc_column][\/vc_row][vc_row css=&#8221;.vc_custom_1559743598692{padding-top: 60px !important;padding-bottom: 60px !important;}&#8221;][vc_column width=&#8221;1\/2&#8243;]<div class=\"content-box service-item alignment-centered service-box-default spacing-30\"><a href=\"#\"><div class=\"image-container\"><div class=\"vertical-number-box\"><span class=\"vertical-number\">Asientos y Relajaci\u00f3n<\/span><\/div><div class=\"arrow-box\"><span class=\"icon-arrow-right\"><\/span><\/div><img decoding=\"async\" data-src=\"https:\/\/bio.design\/wp-content\/uploads\/2019\/07\/Particolari_Pagina_1.jpg\" alt=\"Asientos y Relajaci\u00f3n\" src=\"data:image\/svg+xml;base64,PHN2ZyB3aWR0aD0iMSIgaGVpZ2h0PSIxIiB4bWxucz0iaHR0cDovL3d3dy53My5vcmcvMjAwMC9zdmciPjwvc3ZnPg==\" class=\"lazyload\" style=\"--smush-placeholder-width: 500px; --smush-placeholder-aspect-ratio: 500\/173;\"><\/div><div class=\"content-box-info\"><h4 class=\"box-heading\">Asientos y Relajaci\u00f3n<\/h4><p>Una piscina tipo playa Bio.design es ideal para relajarse y tomar el sol sumergido en el agua. Tambi\u00e9n es excelente para albergar hidromasaje y aeroterapia. Adem\u00e1s, es segura porque crea una peque\u00f1a terraza de 30-35 cm de profundidad, por la que la entrada a la piscina es gradual.<\/p><\/div><\/a><\/div>[\/vc_column][vc_column width=&#8221;1\/2&#8243;]<div class=\"content-box service-item alignment-centered service-box-default spacing-0\"><a href=\"#\"><div class=\"image-container\"><div class=\"vertical-number-box\"><span class=\"vertical-number\">Nadar y Zambullirse<\/span><\/div><div class=\"arrow-box\"><span class=\"icon-arrow-right\"><\/span><\/div><img decoding=\"async\" data-src=\"https:\/\/bio.design\/wp-content\/uploads\/2019\/07\/Particolari_Pagina_2-1.jpg\" alt=\"Nadar y Zambullirse\" src=\"data:image\/svg+xml;base64,PHN2ZyB3aWR0aD0iMSIgaGVpZ2h0PSIxIiB4bWxucz0iaHR0cDovL3d3dy53My5vcmcvMjAwMC9zdmciPjwvc3ZnPg==\" class=\"lazyload\" style=\"--smush-placeholder-width: 500px; --smush-placeholder-aspect-ratio: 500\/173;\"><\/div><div class=\"content-box-info\"><h4 class=\"box-heading\">Nadar y Zambullirse<\/h4><p>Gracias a la forma libre y las paredes inclinadas de una piscina playa Bio.design, tendr\u00e1s m\u00e1s espacio para nadar y bucear, todo con total seguridad. Respecto a una piscina tradicional, el espacio habitable de una piscina de arena Bio.design, gracias a su particular estructura, es incomparable.<\/p><\/div><\/a><\/div>[\/vc_column][\/vc_row][vc_row full_width=&#8221;stretch_row&#8221; equal_height=&#8221;yes&#8221; content_placement=&#8221;middle&#8221; css=&#8221;.vc_custom_1559740243966{padding-top: 100px !important;padding-bottom: 100px !important;background-color: #f5f5f5 !important;}&#8221; el_class=&#8221;mobile-full&#8221;][vc_column width=&#8221;2\/3&#8243; css=&#8221;.vc_custom_1559740035747{margin-bottom: 0px !important;padding-top: 0px !important;padding-right: 0px !important;}&#8221; el_class=&#8221;min-height-100&#8243;][vc_column_text css=&#8221;.vc_custom_1773754506217{margin-bottom: 0px !important;}&#8221;]<\/p>\n<h3 class=\"h2-style\" style=\"font-size: 2.5em; letter-spacing: -1.2px; margin-bottom: 15px;\"><span style=\"font-weight: 200;\">Est\u00e1s interesado en una piscina playa <strong>Bio.design<\/strong>?<\/span><\/h3>\n<h3 class=\"h2-style\" style=\"font-size: 2.5em; letter-spacing: -1.2px; margin: 0px!important;\"><span style=\"font-weight: 200;\">No esperes m\u00e1s. Cont\u00e1ctanos ahora!<\/span><\/h3>\n<p>[\/vc_column_text][\/vc_column][vc_column width=&#8221;1\/3&#8243;]<a href=\"https:\/\/bio.design\/es\/solecitud-de-presupuesto-gratuito\/\" class=\"btn btn-primary arrow-right purple\"><span>CONTACTO<\/span><\/a>[\/vc_column][\/vc_row][vc_row full_width=&#8221;stretch_row&#8221; css=&#8221;.vc_custom_1559743611395{padding-top: 60px !important;padding-bottom: 60px !important;background-color: #0f3c63 !important;}&#8221;][vc_column width=&#8221;1\/3&#8243;]<span class=\"subtitle dash-true style-light text-default\">RAPIDEZ Y COMODIDAD<\/span>[vc_column_text]<\/p>\n<h2><span style=\"color: #ffffff;\">Tiempo de instalaci\u00f3n<\/span><\/h2>\n<p><span style=\"color: #ffffff;\">Tiempos indicativos para la construcci\u00f3n de la misma piscina de 60m2 por 4 operadores profesionales.<\/span>[\/vc_column_text][\/vc_column][vc_column width=&#8221;2\/3&#8243;][vc_row_inner][vc_column_inner width=&#8221;1\/2&#8243;]<div class=\"number-box style-dark spacing-30\"><div class=\"number-box-number\">23 d\u00edas<\/div><div class=\"content-box\"><div class=\"content-box-info\"><h3>Piscina tradicional<\/h3><\/div><\/div><\/div>[\/vc_column_inner][vc_column_inner width=&#8221;1\/2&#8243;]<div class=\"number-box style-dark spacing-30\"><div class=\"number-box-number\">10 d\u00edas<\/div><div class=\"content-box\"><div class=\"content-box-info\"><h3>Piscina Bio.design<\/h3><\/div><\/div><\/div>[\/vc_column_inner][\/vc_row_inner][\/vc_column][\/vc_row][vc_row full_width=&#8221;stretch_row&#8221; equal_height=&#8221;yes&#8221; content_placement=&#8221;middle&#8221; css=&#8221;.vc_custom_1773755086976{margin-top: 60px !important;padding-bottom: 60px !important;}&#8221; el_id=&#8221;tasse&#8221;][vc_column width=&#8221;2\/3&#8243;][vc_single_image image=&#8221;9933331&#8243; onclick=&#8221;img_link_large&#8221; css=&#8221;.vc_custom_1773754641513{margin-bottom: 0px !important;}&#8221;][\/vc_column][vc_column width=&#8221;1\/3&#8243;][vc_row_inner el_class=&#8221;overlap-left&#8221;][vc_column_inner el_class=&#8221;shadow-box&#8221;]<span class=\"subtitle dash-true style-dark text-default\">SIN IMPUESTOS EN LA PISCINA<\/span>[vc_column_text]<\/p>\n<h2>\u00a1Autorizaciones menos complejas e impuestos reducidos!<\/h2>\n<p>Bio.design es una tecnolog\u00eda no invasiva, una tecnolog\u00eda como la de los estanques perfectamente certificada, sin hormig\u00f3n armado ni contaminaci\u00f3n ambiental, por lo que es mucho m\u00e1s f\u00e1cil obtener concesiones y no existe riesgo de aumento de impuestos para la propiedad.[\/vc_column_text][\/vc_column_inner][\/vc_row_inner][\/vc_column][\/vc_row][vc_row full_width=&#8221;stretch_row&#8221; equal_height=&#8221;yes&#8221; content_placement=&#8221;middle&#8221; el_class=&#8221;spaced&#8221; css=&#8221;.vc_custom_1622791749827{padding-bottom: 60px !important;}&#8221; el_id=&#8221;winterpool&#8221;][vc_column width=&#8221;4\/12&#8243;][vc_row_inner el_class=&#8221;overlap-right&#8221;][vc_column_inner el_class=&#8221;shadow-box&#8221;]<span class=\"subtitle dash-true style-dark text-default\">BELLA TAMBI\u00c9N EN INVIERNO<\/span>[vc_column_text]<\/p>\n<h2>Una piscina tipo playa Bio.design es hermosa durante todo el a\u00f1o<\/h2>\n<p>Las piscinas tipo playa Bio.design son, en todas las estaciones, incluso en las m\u00e1s duras, un bello elemento de decoraci\u00f3n para su jard\u00edn.[\/vc_column_text][\/vc_column_inner][\/vc_row_inner][\/vc_column][vc_column width=&#8221;8\/12&#8243;][vc_single_image image=&#8221;9933324&#8243; onclick=&#8221;img_link_large&#8221; css=&#8221;.vc_custom_1773754660621{margin-bottom: 0px !important;}&#8221;][\/vc_column][\/vc_row][vc_row full_width=&#8221;stretch_row&#8221; equal_height=&#8221;yes&#8221; content_placement=&#8221;middle&#8221; css=&#8221;.vc_custom_1552389304306{margin-top: 0px !important;padding-bottom: 60px !important;}&#8221; el_id=&#8221;look&#8221;][vc_column width=&#8221;2\/3&#8243;][vc_single_image image=&#8221;9933338&#8243; onclick=&#8221;img_link_large&#8221; css=&#8221;.vc_custom_1773754676285{margin-bottom: 0px !important;}&#8221;][\/vc_column][vc_column width=&#8221;1\/3&#8243;][vc_row_inner el_class=&#8221;overlap-left&#8221;][vc_column_inner el_class=&#8221;shadow-box&#8221;]<span class=\"subtitle dash-true style-dark text-default\">EST\u00c9TICA MEJORADA<\/span>[vc_column_text]<\/p>\n<h2>Perfectamente integrada en el entorno<\/h2>\n<p><strong>Bio.design crea un nuevo entorno en perfecta armon\u00eda con el paisaje, y perfectamente integrado con el jard\u00edn.<\/strong> Bio.design siempre mejora el jard\u00edn.[\/vc_column_text][\/vc_column_inner][\/vc_row_inner][\/vc_column][\/vc_row][vc_row full_width=&#8221;stretch_row&#8221; equal_height=&#8221;yes&#8221; content_placement=&#8221;middle&#8221; el_class=&#8221;spaced&#8221; css=&#8221;.vc_custom_1552388328649{margin-top: 0px !important;padding-top: 0px !important;padding-bottom: 60px !important;}&#8221; el_id=&#8221;installazione&#8221;][vc_column width=&#8221;4\/12&#8243;][vc_row_inner el_class=&#8221;overlap-right&#8221;][vc_column_inner el_class=&#8221;shadow-box&#8221;]<span class=\"subtitle dash-true style-dark text-default\">R\u00c1PIDA INSTALACI\u00d3N<\/span>[vc_column_text]<\/p>\n<h2>Tiempos de instalaci\u00f3n r\u00e1pidos y a costes reducidos<\/h2>\n<p><strong>Una piscina de arena tipo playa Bio.design permite tiempos de instalaci\u00f3n muy r\u00e1pidos<\/strong>, un solo interlocutor y, sobre todo, un impacto constructivo muy bajo. No m\u00e1s obras de construcci\u00f3n complejas y extremadamente invasivas.[\/vc_column_text][\/vc_column_inner][\/vc_row_inner][\/vc_column][vc_column width=&#8221;8\/12&#8243;][vc_single_image image=&#8221;9933345&#8243; onclick=&#8221;img_link_large&#8221; css=&#8221;.vc_custom_1773754691533{margin-bottom: 0px !important;}&#8221;][\/vc_column][\/vc_row][vc_row full_width=&#8221;stretch_row&#8221; equal_height=&#8221;yes&#8221; content_placement=&#8221;middle&#8221; css=&#8221;.vc_custom_1552389325677{margin-top: 0px !important;padding-bottom: 60px !important;}&#8221; el_id=&#8221;vivibilita&#8221;][vc_column width=&#8221;2\/3&#8243;][vc_single_image image=&#8221;9933352&#8243; onclick=&#8221;img_link_large&#8221; css=&#8221;.vc_custom_1773754726745{margin-bottom: 0px !important;}&#8221;][\/vc_column][vc_column width=&#8221;1\/3&#8243;][vc_row_inner el_class=&#8221;overlap-left&#8221;][vc_column_inner el_class=&#8221;shadow-box&#8221;]<span class=\"subtitle dash-true style-dark text-default\">HABITABILIDAD SIN L\u00cdMITES<\/span>[vc_column_text]<\/p>\n<h2>Amueble la piscina playa como desee<\/h2>\n<p>La piscina tipo playa de Bio.design se puede amueblar exactamente como una habitaci\u00f3n de la casa para ofrecer la m\u00e1xima habitabilidad. Los asientos, las playas y los espacios de bienestar le permiten transformar su piscina en un peque\u00f1o spa en el jard\u00edn.[\/vc_column_text][\/vc_column_inner][\/vc_row_inner][\/vc_column][\/vc_row][vc_row full_width=&#8221;stretch_row&#8221; equal_height=&#8221;yes&#8221; content_placement=&#8221;middle&#8221; el_class=&#8221;spaced&#8221; css=&#8221;.vc_custom_1552388307779{padding-bottom: 60px !important;}&#8221; el_id=&#8221;basso&#8221;][vc_column width=&#8221;4\/12&#8243;][vc_row_inner el_class=&#8221;overlap-right&#8221;][vc_column_inner el_class=&#8221;shadow-box&#8221;]<span class=\"subtitle dash-true style-dark text-default\">BAJOS COSTES DE MANTENIMIENTO<\/span>[vc_column_text]<\/p>\n<h2>Reduce los costes de mantenimiento de la piscina<\/h2>\n<p><strong>Los costes de mantenimiento<\/strong> de una piscina dependen del uso que se haga de ella. El mayor inconveniente para un propietario es el mantenimiento, incluso durante el per\u00edodo de inactividad. Las piscinas de arena tipo playa de <strong>Bio.design, en cambio, puede permanecer en modo lago durante temporadas enteras y luego convertirse en piscina cuando se decide reutilizarla, sin estropear nunca el paisaje que la rodea.<\/strong>[\/vc_column_text][\/vc_column_inner][\/vc_row_inner][\/vc_column][vc_column width=&#8221;8\/12&#8243;][vc_single_image image=&#8221;9933359&#8243; onclick=&#8221;img_link_large&#8221; css=&#8221;.vc_custom_1773754739313{margin-bottom: 0px !important;}&#8221;][\/vc_column][\/vc_row][vc_row full_width=&#8221;stretch_row&#8221; equal_height=&#8221;yes&#8221; content_placement=&#8221;middle&#8221; css=&#8221;.vc_custom_1559740243966{padding-top: 100px !important;padding-bottom: 100px !important;background-color: #f5f5f5 !important;}&#8221; el_class=&#8221;mobile-full&#8221;][vc_column width=&#8221;2\/3&#8243; css=&#8221;.vc_custom_1559740035747{margin-bottom: 0px !important;padding-top: 0px !important;padding-right: 0px !important;}&#8221; el_class=&#8221;min-height-100&#8243;][vc_column_text css=&#8221;.vc_custom_1773754593993{margin-bottom: 0px !important;}&#8221;]<\/p>\n<h3 class=\"h2-style\" style=\"font-size: 2.5em; letter-spacing: -1.2px; margin-bottom: 15px;\"><span style=\"font-weight: 200;\">Est\u00e1s interesado en una piscina <strong>Bio.design<\/strong>?<\/span><\/h3>\n<h3 class=\"h2-style\" style=\"font-size: 2.5em; letter-spacing: -1.2px; margin: 0px!important;\"><span style=\"font-weight: 200;\">No esperes m\u00e1s. Cont\u00e1ctanos ahora!<\/span><\/h3>\n<p>[\/vc_column_text][\/vc_column][vc_column width=&#8221;1\/3&#8243;]<a href=\"https:\/\/bio.design\/es\/solecitud-de-presupuesto-gratuito\/\" class=\"btn btn-primary arrow-right purple\"><span>CONTACTO<\/span><\/a>[\/vc_column][\/vc_row][vc_row full_width=&#8221;stretch_row&#8221; equal_height=&#8221;yes&#8221; content_placement=&#8221;middle&#8221; el_class=&#8221;spaced&#8221; css=&#8221;.vc_custom_1552389314146{margin-top: 0px !important;padding-top: 0px !important;padding-bottom: 60px !important;}&#8221; el_id=&#8221;inverno&#8221;][vc_column width=&#8221;4\/12&#8243;][\/vc_column][vc_column width=&#8221;8\/12&#8243;][\/vc_column][\/vc_row]<\/p>\n","protected":false},"excerpt":{"rendered":"<p>[vc_row css=&#8221;.vc_custom_1559743558732{padding-top: 0px !important;}&#8221;][vc_column][vc_column_text] La Piscina Bio.design [\/vc_column_text][vc_row_inner][vc_column_inner][vc_column_text]Las piscinas de arena de Bio.design, tambi\u00e9n llamadas piscinas playa, cuentan con muchas caracter\u00edsticas innovadoras, comenzando por la limitada invasividad ambiental, que permite que la piscina encaje arm\u00f3nicamente en el entorno, y sin uso de hormig\u00f3n armado para su construcci\u00f3n. Por lo tanto, el medio ambiente es el [&hellip;]<\/p>\n","protected":false},"author":3,"featured_media":0,"parent":0,"menu_order":0,"comment_status":"closed","ping_status":"closed","template":"","meta":{"footnotes":""},"class_list":["post-9914069","page","type-page","status-publish","hentry"],"yoast_head":"<!-- This site is optimized with the Yoast SEO plugin v27.4 - https:\/\/yoast.com\/product\/yoast-seo-wordpress\/ -->\n<title>Piscinas tipo playa de arena a medida | Biodesign Pools<\/title>\n<meta name=\"description\" content=\"Descubre los beneficios de la piscina playa con tecnolog\u00eda Bio.design, l\u00edder en dise\u00f1o y construcci\u00f3n de piscinas de arena tipo playa a medida.\" \/>\n<meta name=\"robots\" content=\"index, follow, max-snippet:-1, max-image-preview:large, max-video-preview:-1\" \/>\n<link rel=\"canonical\" href=\"https:\/\/bio.design\/es\/piscina-playa\/\" \/>\n<meta property=\"og:locale\" content=\"es_ES\" \/>\n<meta property=\"og:type\" content=\"article\" \/>\n<meta property=\"og:title\" content=\"Piscinas tipo playa de arena a medida | Biodesign Pools\" \/>\n<meta property=\"og:description\" content=\"Descubre los beneficios de la piscina playa con tecnolog\u00eda Bio.design, l\u00edder en dise\u00f1o y construcci\u00f3n de piscinas de arena tipo playa a medida.\" \/>\n<meta property=\"og:url\" content=\"https:\/\/bio.design\/es\/piscina-playa\/\" \/>\n<meta property=\"og:site_name\" content=\"Biodesign Pools\" \/>\n<meta property=\"article:publisher\" content=\"https:\/\/www.facebook.com\/PiscineBiodesign\/\" \/>\n<meta property=\"article:modified_time\" content=\"2026-03-17T13:45:15+00:00\" \/>\n<meta name=\"twitter:card\" content=\"summary_large_image\" \/>\n<meta name=\"twitter:site\" content=\"@BIODESIGNPOOLS\" \/>\n<meta name=\"twitter:label1\" content=\"Tiempo de lectura\" \/>\n\t<meta name=\"twitter:data1\" content=\"4 minutos\" \/>\n<script type=\"application\/ld+json\" class=\"yoast-schema-graph\">{\"@context\":\"https:\\\/\\\/schema.org\",\"@graph\":[{\"@type\":\"WebPage\",\"@id\":\"https:\\\/\\\/bio.design\\\/es\\\/piscina-playa\\\/\",\"url\":\"https:\\\/\\\/bio.design\\\/es\\\/piscina-playa\\\/\",\"name\":\"Piscinas tipo playa de arena a medida | Biodesign Pools\",\"isPartOf\":{\"@id\":\"https:\\\/\\\/bio.design\\\/#website\"},\"datePublished\":\"2019-03-06T13:53:28+00:00\",\"dateModified\":\"2026-03-17T13:45:15+00:00\",\"description\":\"Descubre los beneficios de la piscina playa con tecnolog\u00eda Bio.design, l\u00edder en dise\u00f1o y construcci\u00f3n de piscinas de arena tipo playa a medida.\",\"breadcrumb\":{\"@id\":\"https:\\\/\\\/bio.design\\\/es\\\/piscina-playa\\\/#breadcrumb\"},\"inLanguage\":\"es\",\"potentialAction\":[{\"@type\":\"ReadAction\",\"target\":[\"https:\\\/\\\/bio.design\\\/es\\\/piscina-playa\\\/\"]}]},{\"@type\":\"BreadcrumbList\",\"@id\":\"https:\\\/\\\/bio.design\\\/es\\\/piscina-playa\\\/#breadcrumb\",\"itemListElement\":[{\"@type\":\"ListItem\",\"position\":1,\"name\":\"Home\",\"item\":\"https:\\\/\\\/bio.design\\\/es\\\/piscinas-de-arena-biodesign\\\/\"},{\"@type\":\"ListItem\",\"position\":2,\"name\":\"\u00bfPor qu\u00e9 elegir una piscina playa Bio.design?\"}]},{\"@type\":\"WebSite\",\"@id\":\"https:\\\/\\\/bio.design\\\/#website\",\"url\":\"https:\\\/\\\/bio.design\\\/\",\"name\":\"Biodesign Pools\",\"description\":\"The Living Pool - Natural Pools\",\"publisher\":{\"@id\":\"https:\\\/\\\/bio.design\\\/#organization\"},\"potentialAction\":[{\"@type\":\"SearchAction\",\"target\":{\"@type\":\"EntryPoint\",\"urlTemplate\":\"https:\\\/\\\/bio.design\\\/?s={search_term_string}\"},\"query-input\":{\"@type\":\"PropertyValueSpecification\",\"valueRequired\":true,\"valueName\":\"search_term_string\"}}],\"inLanguage\":\"es\"},{\"@type\":\"Organization\",\"@id\":\"https:\\\/\\\/bio.design\\\/#organization\",\"name\":\"Biodesign Pools\",\"url\":\"https:\\\/\\\/bio.design\\\/\",\"logo\":{\"@type\":\"ImageObject\",\"inLanguage\":\"es\",\"@id\":\"https:\\\/\\\/bio.design\\\/#\\\/schema\\\/logo\\\/image\\\/\",\"url\":\"https:\\\/\\\/bio.design\\\/wp-content\\\/uploads\\\/2021\\\/02\\\/Bio.design-New-Logo-Fb.jpg\",\"contentUrl\":\"https:\\\/\\\/bio.design\\\/wp-content\\\/uploads\\\/2021\\\/02\\\/Bio.design-New-Logo-Fb.jpg\",\"width\":2048,\"height\":1042,\"caption\":\"Biodesign Pools\"},\"image\":{\"@id\":\"https:\\\/\\\/bio.design\\\/#\\\/schema\\\/logo\\\/image\\\/\"},\"sameAs\":[\"https:\\\/\\\/www.facebook.com\\\/PiscineBiodesign\\\/\",\"https:\\\/\\\/x.com\\\/BIODESIGNPOOLS\",\"https:\\\/\\\/www.linkedin.com\\\/company\\\/biodesignpools\\\/\",\"https:\\\/\\\/www.youtube.com\\\/user\\\/BiodesignpoolsIT\"]}]}<\/script>\n<!-- \/ Yoast SEO plugin. -->","yoast_head_json":{"title":"Piscinas tipo playa de arena a medida | Biodesign Pools","description":"Descubre los beneficios de la piscina playa con tecnolog\u00eda Bio.design, l\u00edder en dise\u00f1o y construcci\u00f3n de piscinas de arena tipo playa a medida.","robots":{"index":"index","follow":"follow","max-snippet":"max-snippet:-1","max-image-preview":"max-image-preview:large","max-video-preview":"max-video-preview:-1"},"canonical":"https:\/\/bio.design\/es\/piscina-playa\/","og_locale":"es_ES","og_type":"article","og_title":"Piscinas tipo playa de arena a medida | Biodesign Pools","og_description":"Descubre los beneficios de la piscina playa con tecnolog\u00eda Bio.design, l\u00edder en dise\u00f1o y construcci\u00f3n de piscinas de arena tipo playa a medida.","og_url":"https:\/\/bio.design\/es\/piscina-playa\/","og_site_name":"Biodesign Pools","article_publisher":"https:\/\/www.facebook.com\/PiscineBiodesign\/","article_modified_time":"2026-03-17T13:45:15+00:00","twitter_card":"summary_large_image","twitter_site":"@BIODESIGNPOOLS","twitter_misc":{"Tiempo de lectura":"4 minutos"},"schema":{"@context":"https:\/\/schema.org","@graph":[{"@type":"WebPage","@id":"https:\/\/bio.design\/es\/piscina-playa\/","url":"https:\/\/bio.design\/es\/piscina-playa\/","name":"Piscinas tipo playa de arena a medida | Biodesign Pools","isPartOf":{"@id":"https:\/\/bio.design\/#website"},"datePublished":"2019-03-06T13:53:28+00:00","dateModified":"2026-03-17T13:45:15+00:00","description":"Descubre los beneficios de la piscina playa con tecnolog\u00eda Bio.design, l\u00edder en dise\u00f1o y construcci\u00f3n de piscinas de arena tipo playa a medida.","breadcrumb":{"@id":"https:\/\/bio.design\/es\/piscina-playa\/#breadcrumb"},"inLanguage":"es","potentialAction":[{"@type":"ReadAction","target":["https:\/\/bio.design\/es\/piscina-playa\/"]}]},{"@type":"BreadcrumbList","@id":"https:\/\/bio.design\/es\/piscina-playa\/#breadcrumb","itemListElement":[{"@type":"ListItem","position":1,"name":"Home","item":"https:\/\/bio.design\/es\/piscinas-de-arena-biodesign\/"},{"@type":"ListItem","position":2,"name":"\u00bfPor qu\u00e9 elegir una piscina playa Bio.design?"}]},{"@type":"WebSite","@id":"https:\/\/bio.design\/#website","url":"https:\/\/bio.design\/","name":"Biodesign Pools","description":"The Living Pool - Natural Pools","publisher":{"@id":"https:\/\/bio.design\/#organization"},"potentialAction":[{"@type":"SearchAction","target":{"@type":"EntryPoint","urlTemplate":"https:\/\/bio.design\/?s={search_term_string}"},"query-input":{"@type":"PropertyValueSpecification","valueRequired":true,"valueName":"search_term_string"}}],"inLanguage":"es"},{"@type":"Organization","@id":"https:\/\/bio.design\/#organization","name":"Biodesign Pools","url":"https:\/\/bio.design\/","logo":{"@type":"ImageObject","inLanguage":"es","@id":"https:\/\/bio.design\/#\/schema\/logo\/image\/","url":"https:\/\/bio.design\/wp-content\/uploads\/2021\/02\/Bio.design-New-Logo-Fb.jpg","contentUrl":"https:\/\/bio.design\/wp-content\/uploads\/2021\/02\/Bio.design-New-Logo-Fb.jpg","width":2048,"height":1042,"caption":"Biodesign Pools"},"image":{"@id":"https:\/\/bio.design\/#\/schema\/logo\/image\/"},"sameAs":["https:\/\/www.facebook.com\/PiscineBiodesign\/","https:\/\/x.com\/BIODESIGNPOOLS","https:\/\/www.linkedin.com\/company\/biodesignpools\/","https:\/\/www.youtube.com\/user\/BiodesignpoolsIT"]}]}},"_links":{"self":[{"href":"https:\/\/bio.design\/es\/wp-json\/wp\/v2\/pages\/9914069","targetHints":{"allow":["GET"]}}],"collection":[{"href":"https:\/\/bio.design\/es\/wp-json\/wp\/v2\/pages"}],"about":[{"href":"https:\/\/bio.design\/es\/wp-json\/wp\/v2\/types\/page"}],"author":[{"embeddable":true,"href":"https:\/\/bio.design\/es\/wp-json\/wp\/v2\/users\/3"}],"replies":[{"embeddable":true,"href":"https:\/\/bio.design\/es\/wp-json\/wp\/v2\/comments?post=9914069"}],"version-history":[{"count":10,"href":"https:\/\/bio.design\/es\/wp-json\/wp\/v2\/pages\/9914069\/revisions"}],"predecessor-version":[{"id":9933371,"href":"https:\/\/bio.design\/es\/wp-json\/wp\/v2\/pages\/9914069\/revisions\/9933371"}],"wp:attachment":[{"href":"https:\/\/bio.design\/es\/wp-json\/wp\/v2\/media?parent=9914069"}],"curies":[{"name":"wp","href":"https:\/\/api.w.org\/{rel}","templated":true}]}}