{"id":9914049,"date":"2018-10-03T06:44:29","date_gmt":"2018-10-03T06:44:29","guid":{"rendered":"https:\/\/bio.design\/chi-siamo\/"},"modified":"2026-03-19T15:47:34","modified_gmt":"2026-03-19T14:47:34","slug":"quienes-somos","status":"publish","type":"page","link":"https:\/\/bio.design\/es\/quienes-somos\/","title":{"rendered":"Quienes somos"},"content":{"rendered":"<p>[vc_row full_width=&#8221;stretch_row&#8221; gap=&#8221;15&#8243; css=&#8221;.vc_custom_1559744338414{padding-top: 80px !important;padding-bottom: 80px !important;background-color: #ffffff !important;background-position: 0 0 !important;background-repeat: repeat !important;}&#8221;][vc_column width=&#8221;1\/4&#8243;][vc_column_text]<\/p>\n<h2>Bio.design | More Than A Pool<\/h2>\n<p>[\/vc_column_text][\/vc_column][vc_column width=&#8221;3\/4&#8243;][vc_row_inner][vc_column_inner width=&#8221;1\/3&#8243;][vc_column_text]<\/p>\n<h2 data-start=\"37\" data-end=\"187\"><strong data-start=\"37\" data-end=\"50\">EN BREVE\u2026<\/strong><\/h2>\n<p data-start=\"37\" data-end=\"187\">Biodesign S.p.A. representa una de las realidades m\u00e1s innovadoras en el panorama internacional de las piscinas y los espacios outdoor.<\/p>\n<p data-start=\"189\" data-end=\"426\">Nacida en Italia con el objetivo de revolucionar el concepto tradicional de piscina, la empresa dise\u00f1a y construye piscinas de arena enterradas, perfectamente integradas en el paisaje, sin el uso de hormig\u00f3n ni estructuras prefabricadas.<\/p>\n<p data-start=\"428\" data-end=\"588\">En la base de cada proyecto hay una visi\u00f3n clara: redefinir los espacios exteriores transform\u00e1ndolos en oasis de belleza, bienestar y armon\u00eda con la naturaleza.<\/p>\n<p>[\/vc_column_text][\/vc_column_inner][vc_column_inner width=&#8221;1\/3&#8243;][vc_column_text]<\/p>\n<h2 data-start=\"590\" data-end=\"725\"><strong data-start=\"590\" data-end=\"608\">NUESTRA VISI\u00d3N<\/strong><\/h2>\n<p data-start=\"590\" data-end=\"725\">Imaginamos una nueva forma de vivir el agua y el outdoor, donde cada elemento dialoga con el entorno que lo rodea.<\/p>\n<p data-start=\"727\" data-end=\"1001\">Las piscinas de arena Bio.design no son simples l\u00e1minas de agua, sino verdaderos entornos inmersivos donde dise\u00f1o y naturaleza se fusionan de manera armoniosa, eliminando los l\u00edmites visuales y creando espacios fluidos y continuos para disfrutar cada d\u00eda con total libertad.<\/p>\n<p data-start=\"1003\" data-end=\"1146\">Un equilibrio perfecto entre est\u00e9tica, funcionalidad y sostenibilidad, pensado para valorizar cualquier contexto arquitect\u00f3nico y paisaj\u00edstico.<\/p>\n<p>[\/vc_column_text][\/vc_column_inner][vc_column_inner width=&#8221;1\/3&#8243;][vc_column_text]<\/p>\n<h2 data-start=\"1148\" data-end=\"1391\"><strong data-start=\"1148\" data-end=\"1176\">LA TECNOLOG\u00cdA BIO.DESIGN<\/strong><\/h2>\n<p data-start=\"1148\" data-end=\"1391\">Las piscinas de arena Bio.design combinan arquitectura y sostenibilidad gracias a una tecnolog\u00eda patentada que permite formas libres y sinuosas, incluso en contextos complejos, con obras r\u00e1pidas y poco invasivas.<\/p>\n<p data-start=\"1393\" data-end=\"1550\">El sistema se basa en:<br data-start=\"1415\" data-end=\"1418\" \/>\u2013 membrana impermeabilizante en EPDM, inerte y sin aditivos nocivos<br data-start=\"1485\" data-end=\"1488\" \/>\u2013 arena de cuarzo y resina<br data-start=\"1514\" data-end=\"1517\" \/>\u2013 redes de refuerzo estructural<\/p>\n<p data-start=\"1552\" data-end=\"1643\" data-is-last-node=\"\" data-is-only-node=\"\">El resultado es una superficie resistente y natural, perfectamente integrada en el entorno.<\/p>\n<p>[\/vc_column_text][\/vc_column_inner][\/vc_row_inner][\/vc_column][\/vc_row][vc_row full_width=&#8221;stretch_row&#8221; equal_height=&#8221;yes&#8221; content_placement=&#8221;middle&#8221; css=&#8221;.vc_custom_1559740243966{padding-top: 100px !important;padding-bottom: 100px !important;background-color: #f5f5f5 !important;}&#8221; el_class=&#8221;mobile-full&#8221;][vc_column width=&#8221;2\/3&#8243; css=&#8221;.vc_custom_1559740035747{margin-bottom: 0px !important;padding-top: 0px !important;padding-right: 0px !important;}&#8221; el_class=&#8221;min-height-100&#8243;][vc_column_text css=&#8221;.vc_custom_1773930871920{margin-bottom: 0px !important;}&#8221;]<\/p>\n<h2><span style=\"font-weight: 200;\">\u00bfEst\u00e1s interesado en un <strong>Bio.design<\/strong> Pool?<\/span><\/h2>\n<h2><span style=\"font-weight: 200;\">No esperes m\u00e1s. Cont\u00e1ctanos ahora!<\/span><\/h2>\n<p>[\/vc_column_text][\/vc_column][vc_column width=&#8221;1\/3&#8243;]<a href=\"https:\/\/bio.design\/es\/solecitud-de-presupuesto-gratuito\/\" class=\"btn btn-primary arrow-right purple\"><span>Contacto<\/span><\/a>[\/vc_column][\/vc_row][vc_row full_width=&#8221;stretch_row&#8221; equal_height=&#8221;yes&#8221; content_placement=&#8221;middle&#8221; css=&#8221;.vc_custom_1773930931228{margin-top: 60px !important;margin-bottom: 60px !important;background-color: #ffffff !important;background-position: center !important;background-repeat: no-repeat !important;background-size: cover !important;}&#8221;][vc_column width=&#8221;2\/3&#8243;][vc_single_image image=&#8221;9932236&#8243;][\/vc_column][vc_column width=&#8221;1\/3&#8243; css=&#8221;.vc_custom_1711445978833{padding-right: 0px !important;padding-left: 0px !important;}&#8221;][vc_row_inner el_class=&#8221;overlap-left&#8221;][vc_column_inner el_class=&#8221;shadow-box&#8221;][vc_column_text]<\/p>\n<h2 data-start=\"0\" data-end=\"247\"><strong data-start=\"0\" data-end=\"22\">HISTORIA Y EMPRESA<\/strong><\/h2>\n<p data-start=\"0\" data-end=\"247\">Bio.design nace en Italia dentro de API Italia, empresa fundada en Mil\u00e1n en 1980 por Franco Milani y activa desde hace m\u00e1s de 30 a\u00f1os en el sector de la gesti\u00f3n del agua para aplicaciones est\u00e9ticas, recreativas y de riego.<\/p>\n<p data-start=\"249\" data-end=\"551\">Desde sus inicios, API Italia se distingue por el dise\u00f1o de sistemas de riego para m\u00e1s de 30 campos de golf y los principales parques p\u00fablicos italianos, desarrollando con el tiempo competencias avanzadas en la realizaci\u00f3n de lagos artificiales, fuentes monumentales y sistemas de tratamiento del agua.<\/p>\n<p data-start=\"553\" data-end=\"888\">En los a\u00f1os 90 introduce en Italia sistemas de telecontrol centralizado para la gesti\u00f3n de \u00e1reas verdes urbanas, desarrollando programadores inteligentes capaces de integrar riego, iluminaci\u00f3n, fuentes y piscinas. En 1995 obtiene adem\u00e1s la licencia exclusiva para los productos OASE, l\u00edder en el sector de fuentes y lagos ornamentales.<\/p>\n<p>[\/vc_column_text][\/vc_column_inner][\/vc_row_inner][\/vc_column][\/vc_row][vc_row content_placement=&#8221;middle&#8221; css=&#8221;.vc_custom_1773930918892{margin-top: 60px !important;margin-bottom: 60px !important;}&#8221;][vc_column width=&#8221;5\/12&#8243;][vc_row_inner el_class=&#8221;overlap-right&#8221;][vc_column_inner el_class=&#8221;shadow-box&#8221;][vc_column_text]<\/p>\n<h2 data-start=\"895\" data-end=\"1173\"><strong data-start=\"895\" data-end=\"936\">EL ORIGEN DE LA TECNOLOG\u00cdA BIO.DESIGN<\/strong><\/h2>\n<p data-start=\"895\" data-end=\"1173\">La experiencia adquirida en la realizaci\u00f3n de lagos y sistemas de fitodepuraci\u00f3n lleva, en 2007, al desarrollo de una tecnolog\u00eda innovadora: trasladar las ventajas ambientales y est\u00e9ticas de los lagos naturales al mundo de la piscina.<\/p>\n<p data-start=\"1175\" data-end=\"1336\">As\u00ed nace el concepto Bio.design: una nueva forma de dise\u00f1ar piscinas de arena, orientada a la personalizaci\u00f3n, la sostenibilidad y una mejor experiencia de ba\u00f1o.<\/p>\n<p data-start=\"1338\" data-end=\"1625\">En 2010, gracias a dos patentes internacionales, las Bio.design Pools se convierten en el core business de API Italia, introduciendo en el mercado soluciones que reducen el impacto ambiental de las t\u00e9cnicas constructivas y ofrecen ventajas concretas tanto a nivel t\u00e9cnico como econ\u00f3mico.<\/p>\n<p>[\/vc_column_text][\/vc_column_inner][\/vc_row_inner][\/vc_column][vc_column width=&#8221;7\/12&#8243;][vc_single_image image=&#8221;9933486&#8243;][\/vc_column][vc_column][\/vc_column][\/vc_row][vc_row full_width=&#8221;stretch_row&#8221; equal_height=&#8221;yes&#8221; content_placement=&#8221;middle&#8221; css=&#8221;.vc_custom_1773930931228{margin-top: 60px !important;margin-bottom: 60px !important;background-color: #ffffff !important;background-position: center !important;background-repeat: no-repeat !important;background-size: cover !important;}&#8221;][vc_column width=&#8221;2\/3&#8243;][vc_single_image image=&#8221;9933493&#8243;][\/vc_column][vc_column width=&#8221;1\/3&#8243; css=&#8221;.vc_custom_1711445978833{padding-right: 0px !important;padding-left: 0px !important;}&#8221;][vc_row_inner el_class=&#8221;overlap-left&#8221;][vc_column_inner el_class=&#8221;shadow-box&#8221;][vc_column_text]<\/p>\n<h2 data-start=\"1632\" data-end=\"1933\"><strong data-start=\"1632\" data-end=\"1659\">DESARROLLO E INNOVACI\u00d3N<\/strong><\/h2>\n<p data-start=\"1632\" data-end=\"1933\">Gracias a su know-how interno, a la continua actividad de investigaci\u00f3n y al desarrollo de tecnolog\u00edas propias, API Italia ha impulsado un verdadero cambio en el mercado de las piscinas, hasta entonces dominado por estructuras r\u00edgidas de hormig\u00f3n y formas estandarizadas.<\/p>\n<p data-start=\"1935\" data-end=\"2117\">La tecnolog\u00eda Bio.design es reconocida a nivel internacional: en la Feria Internacional de la Piscina de Barcelona es premiada como el producto m\u00e1s sostenible e innovador del sector.<\/p>\n<p data-start=\"2119\" data-end=\"2369\">Paralelamente, la empresa desarrolla competencias avanzadas en el tratamiento del agua, introduciendo sistemas innovadores de esterilizaci\u00f3n que mejoran el bienestar de los usuarios y reducen dr\u00e1sticamente el uso y la eliminaci\u00f3n de cloro industrial.<\/p>\n<p>[\/vc_column_text][\/vc_column_inner][\/vc_row_inner][\/vc_column][\/vc_row][vc_row content_placement=&#8221;middle&#8221; css=&#8221;.vc_custom_1773930918892{margin-top: 60px !important;margin-bottom: 60px !important;}&#8221;][vc_column width=&#8221;5\/12&#8243;][vc_row_inner el_class=&#8221;overlap-right&#8221;][vc_column_inner el_class=&#8221;shadow-box&#8221;][vc_column_text]<\/p>\n<h2 data-start=\"2376\" data-end=\"2480\"><strong data-start=\"2376\" data-end=\"2394\">BIO.DESIGN HOY<\/strong><\/h2>\n<p data-start=\"2376\" data-end=\"2480\">Hoy en d\u00eda, Bio.design representa una realidad internacional en fuerte crecimiento.<\/p>\n<p data-start=\"2482\" data-end=\"2620\">La empresa cuenta con aproximadamente 40 empleados, una red global de agentes y concesionarios y un mercado desarrollado en todo el mundo.<\/p>\n<p data-start=\"2622\" data-end=\"2763\">En 2022, Bio.design fue adquirida por un fondo de inversi\u00f3n, marcando el inicio de una nueva fase de expansi\u00f3n y consolidaci\u00f3n internacional.<\/p>\n<p data-start=\"2765\" data-end=\"2838\">Desde julio de 2022, la empresa est\u00e1 dirigida por el CEO Antonio Filippi.<\/p>\n<p>[\/vc_column_text][\/vc_column_inner][\/vc_row_inner][\/vc_column][vc_column width=&#8221;7\/12&#8243;][vc_single_image image=&#8221;9933500&#8243;][\/vc_column][vc_column][\/vc_column][\/vc_row][vc_row full_width=&#8221;stretch_row&#8221; equal_height=&#8221;yes&#8221; content_placement=&#8221;middle&#8221; css=&#8221;.vc_custom_1773930931228{margin-top: 60px !important;margin-bottom: 60px !important;background-color: #ffffff !important;background-position: center !important;background-repeat: no-repeat !important;background-size: cover !important;}&#8221;][vc_column width=&#8221;2\/3&#8243;][vc_single_image image=&#8221;9931264&#8243;][\/vc_column][vc_column width=&#8221;1\/3&#8243; css=&#8221;.vc_custom_1711445978833{padding-right: 0px !important;padding-left: 0px !important;}&#8221;][vc_row_inner el_class=&#8221;overlap-left&#8221;][vc_column_inner el_class=&#8221;shadow-box&#8221;][vc_column_text]<\/p>\n<h2 data-start=\"2845\" data-end=\"3026\"><strong data-start=\"2845\" data-end=\"2878\">UN MODELO INDUSTRIAL AVANZADO<\/strong><\/h2>\n<p data-start=\"2845\" data-end=\"3026\">Actualmente, Biodesign S.p.A. gestiona internamente todas las fases del desarrollo de una piscina de arena, mediante un enfoque \u201cglobal project\u201d:<\/p>\n<p data-start=\"3028\" data-end=\"3166\">\u2013 dise\u00f1o gr\u00e1fico y t\u00e9cnico de la piscina<br data-start=\"3068\" data-end=\"3071\" \/>\u2013 desarrollo de planos ejecutivos<br data-start=\"3104\" data-end=\"3107\" \/>\u2013 soporte a la realizaci\u00f3n mediante empresas certificadas<\/p>\n<p data-start=\"3168\" data-end=\"3434\">Cada piscina de arena se desarrolla en todos sus detalles, desde las fases de excavaci\u00f3n hasta las instalaciones y la iluminaci\u00f3n. Los componentes se organizan en kits preensamblados, reduciendo los tiempos de obra, la complejidad operativa y la dispersi\u00f3n de valor.<\/p>\n<p>[\/vc_column_text][\/vc_column_inner][\/vc_row_inner][\/vc_column][\/vc_row][vc_row content_placement=&#8221;middle&#8221; css=&#8221;.vc_custom_1773930918892{margin-top: 60px !important;margin-bottom: 60px !important;}&#8221;][vc_column width=&#8221;5\/12&#8243;][vc_row_inner el_class=&#8221;overlap-right&#8221;][vc_column_inner el_class=&#8221;shadow-box&#8221;][vc_column_text]<\/p>\n<h2 data-start=\"2376\" data-end=\"2480\"><strong data-start=\"2376\" data-end=\"2394\">BIO.DESIGN HOY<\/strong><\/h2>\n<p data-start=\"2376\" data-end=\"2480\">Hoy en d\u00eda, Bio.design representa una realidad internacional en fuerte crecimiento.<\/p>\n<p data-start=\"2482\" data-end=\"2620\">La empresa cuenta con aproximadamente 40 empleados, una red global de agentes y concesionarios y un mercado desarrollado en todo el mundo.<\/p>\n<p data-start=\"2622\" data-end=\"2763\">En 2022, Bio.design fue adquirida por un fondo de inversi\u00f3n, marcando el inicio de una nueva fase de expansi\u00f3n y consolidaci\u00f3n internacional.<\/p>\n<p data-start=\"2765\" data-end=\"2838\">Desde julio de 2022, la empresa est\u00e1 dirigida por el CEO Antonio Filippi.<\/p>\n<p>[\/vc_column_text][\/vc_column_inner][\/vc_row_inner][\/vc_column][vc_column width=&#8221;7\/12&#8243;][vc_single_image image=&#8221;9933345&#8243;][\/vc_column][vc_column][\/vc_column][\/vc_row][vc_row full_width=&#8221;stretch_row&#8221; disable_element=&#8221;yes&#8221; css=&#8221;.vc_custom_1649234348348{background: #0f3f5a url(https:\/\/bio.design\/wp-content\/uploads\/2018\/03\/vertical-lines-3-1.png?id=9229) !important;background-position: 0 0 !important;background-repeat: repeat !important;}&#8221; el_class=&#8221;spaced&#8221;][vc_column]<span class=\"subtitle dash-false style-light text-center\">OBJETIVOS LOGRADOS<\/span>[vc_column_text]<\/p>\n<h2 style=\"text-align: center;\"><span style=\"color: #ffffff;\">Cu\u00e1nto hemos logrado juntos<\/span><\/h2>\n<p>[\/vc_column_text]<div class=\"dash style-light centered\"><\/div>[vc_row_inner css=&#8221;.vc_custom_1538562399018{margin-top: 45px !important;}&#8221;][vc_column_inner width=&#8221;1\/4&#8243;]<div class=\"number-box style-dark spacing-0\"><div class=\"number-box-number\">64700<\/div><div class=\"content-box\"><div class=\"content-box-info\"><h3>Heading<\/h3><p class=\"number-box-content\">MQ. L\u00c1MINA DE AGUA HECHOS<\/p><\/div><\/div><\/div>[\/vc_column_inner][vc_column_inner width=&#8221;1\/4&#8243;]<div class=\"number-box style-dark spacing-0\"><div class=\"number-box-number\">22<\/div><div class=\"content-box\"><div class=\"content-box-info\"><h3>Heading<\/h3><p class=\"number-box-content\">EMPLEADOS DIRECTOS<\/p><\/div><\/div><\/div>[\/vc_column_inner][vc_column_inner width=&#8221;1\/4&#8243;]<div class=\"number-box style-dark spacing-0\"><div class=\"number-box-number\">410<\/div><div class=\"content-box\"><div class=\"content-box-info\"><h3>Heading<\/h3><p class=\"number-box-content\">COLABORADORES EXTERNOS<\/p><\/div><\/div><\/div>[\/vc_column_inner][vc_column_inner width=&#8221;1\/4&#8243;]<div class=\"number-box style-dark spacing-0\"><div class=\"number-box-number\">31<\/div><div class=\"content-box\"><div class=\"content-box-info\"><h3>Heading<\/h3><p class=\"number-box-content\">PAISES PRESENTES<\/p><\/div><\/div><\/div>[\/vc_column_inner][\/vc_row_inner][\/vc_column][\/vc_row][vc_row full_width=&#8221;stretch_row&#8221; equal_height=&#8221;yes&#8221; content_placement=&#8221;middle&#8221; el_class=&#8221;mobile-full&#8221; css=&#8221;.vc_custom_1773920163941{padding-top: 80px !important;padding-bottom: 80px !important;}&#8221;][vc_column width=&#8221;2\/3&#8243; el_class=&#8221;min-height-100&#8243; css=&#8221;.vc_custom_1593690068262{margin-bottom: 0px !important;padding-top: 0px !important;padding-right: 0px !important;}&#8221;][vc_column_text css=&#8221;.vc_custom_1773931486717{margin-bottom: 0px !important;}&#8221;]<\/p>\n<h2 style=\"text-align: left;\"><span style=\"font-weight: 200;\">Visita el <strong>blog<\/strong> de Bio.design y descubre m\u00e1s sobre nuestras <strong>piscinas de arena<\/strong>\u2026\u00a0<\/span><\/h2>\n<p>[\/vc_column_text][\/vc_column][vc_column width=&#8221;1\/3&#8243;]<a href=\"https:\/\/bio.design\/es\/blog-biodesign-esp\/\" target=\"_blank\" class=\"btn btn-primary arrow-right blu\"><span>VISITA EL BLOG<\/span><\/a>[\/vc_column][\/vc_row]<\/p>\n","protected":false},"excerpt":{"rendered":"<p>[vc_row full_width=&#8221;stretch_row&#8221; gap=&#8221;15&#8243; css=&#8221;.vc_custom_1559744338414{padding-top: 80px !important;padding-bottom: 80px !important;background-color: #ffffff !important;background-position: 0 0 !important;background-repeat: repeat !important;}&#8221;][vc_column width=&#8221;1\/4&#8243;][vc_column_text] Bio.design | More Than A Pool [\/vc_column_text][\/vc_column][vc_column width=&#8221;3\/4&#8243;][vc_row_inner][vc_column_inner width=&#8221;1\/3&#8243;][vc_column_text] EN BREVE\u2026 Biodesign S.p.A. representa una de las realidades m\u00e1s innovadoras en el panorama internacional de las piscinas y los espacios outdoor. Nacida en Italia con el objetivo de revolucionar [&hellip;]<\/p>\n","protected":false},"author":3,"featured_media":0,"parent":0,"menu_order":0,"comment_status":"closed","ping_status":"closed","template":"","meta":{"footnotes":""},"class_list":["post-9914049","page","type-page","status-publish","hentry"],"yoast_head":"<!-- This site is optimized with the Yoast SEO plugin v27.3 - https:\/\/yoast.com\/product\/yoast-seo-wordpress\/ -->\n<title>Piscina de arena Bio.design: descubre nuestra historia!<\/title>\n<meta name=\"description\" content=\"Bio.design es l\u00edder del mercado, presente desde hace m\u00e1s de 40 a\u00f1os en el campo de la gesti\u00f3n del agua y piscina sin hormig\u00f3n.\" \/>\n<meta name=\"robots\" content=\"index, follow, max-snippet:-1, max-image-preview:large, max-video-preview:-1\" \/>\n<link rel=\"canonical\" href=\"https:\/\/bio.design\/es\/quienes-somos\/\" \/>\n<meta property=\"og:locale\" content=\"es_ES\" \/>\n<meta property=\"og:type\" content=\"article\" \/>\n<meta property=\"og:title\" content=\"Piscina de arena Bio.design: descubre nuestra historia!\" \/>\n<meta property=\"og:description\" content=\"Bio.design es l\u00edder del mercado, presente desde hace m\u00e1s de 40 a\u00f1os en el campo de la gesti\u00f3n del agua y piscina sin hormig\u00f3n.\" \/>\n<meta property=\"og:url\" content=\"https:\/\/bio.design\/es\/quienes-somos\/\" \/>\n<meta property=\"og:site_name\" content=\"Biodesign Pools\" \/>\n<meta property=\"article:publisher\" content=\"https:\/\/www.facebook.com\/PiscineBiodesign\/\" \/>\n<meta property=\"article:modified_time\" content=\"2026-03-19T14:47:34+00:00\" \/>\n<meta name=\"twitter:card\" content=\"summary_large_image\" \/>\n<meta name=\"twitter:site\" content=\"@BIODESIGNPOOLS\" \/>\n<meta name=\"twitter:label1\" content=\"Tiempo de lectura\" \/>\n\t<meta name=\"twitter:data1\" content=\"6 minutos\" \/>\n<script type=\"application\/ld+json\" class=\"yoast-schema-graph\">{\"@context\":\"https:\\\/\\\/schema.org\",\"@graph\":[{\"@type\":\"WebPage\",\"@id\":\"https:\\\/\\\/bio.design\\\/es\\\/quienes-somos\\\/\",\"url\":\"https:\\\/\\\/bio.design\\\/es\\\/quienes-somos\\\/\",\"name\":\"Piscina de arena Bio.design: descubre nuestra historia!\",\"isPartOf\":{\"@id\":\"https:\\\/\\\/bio.design\\\/#website\"},\"datePublished\":\"2018-10-03T06:44:29+00:00\",\"dateModified\":\"2026-03-19T14:47:34+00:00\",\"description\":\"Bio.design es l\u00edder del mercado, presente desde hace m\u00e1s de 40 a\u00f1os en el campo de la gesti\u00f3n del agua y piscina sin hormig\u00f3n.\",\"breadcrumb\":{\"@id\":\"https:\\\/\\\/bio.design\\\/es\\\/quienes-somos\\\/#breadcrumb\"},\"inLanguage\":\"es\",\"potentialAction\":[{\"@type\":\"ReadAction\",\"target\":[\"https:\\\/\\\/bio.design\\\/es\\\/quienes-somos\\\/\"]}]},{\"@type\":\"BreadcrumbList\",\"@id\":\"https:\\\/\\\/bio.design\\\/es\\\/quienes-somos\\\/#breadcrumb\",\"itemListElement\":[{\"@type\":\"ListItem\",\"position\":1,\"name\":\"Home\",\"item\":\"https:\\\/\\\/bio.design\\\/es\\\/piscinas-de-arena-biodesign\\\/\"},{\"@type\":\"ListItem\",\"position\":2,\"name\":\"Quienes somos\"}]},{\"@type\":\"WebSite\",\"@id\":\"https:\\\/\\\/bio.design\\\/#website\",\"url\":\"https:\\\/\\\/bio.design\\\/\",\"name\":\"Biodesign Pools\",\"description\":\"The Living Pool - Natural Pools\",\"publisher\":{\"@id\":\"https:\\\/\\\/bio.design\\\/#organization\"},\"potentialAction\":[{\"@type\":\"SearchAction\",\"target\":{\"@type\":\"EntryPoint\",\"urlTemplate\":\"https:\\\/\\\/bio.design\\\/?s={search_term_string}\"},\"query-input\":{\"@type\":\"PropertyValueSpecification\",\"valueRequired\":true,\"valueName\":\"search_term_string\"}}],\"inLanguage\":\"es\"},{\"@type\":\"Organization\",\"@id\":\"https:\\\/\\\/bio.design\\\/#organization\",\"name\":\"Biodesign Pools\",\"url\":\"https:\\\/\\\/bio.design\\\/\",\"logo\":{\"@type\":\"ImageObject\",\"inLanguage\":\"es\",\"@id\":\"https:\\\/\\\/bio.design\\\/#\\\/schema\\\/logo\\\/image\\\/\",\"url\":\"https:\\\/\\\/bio.design\\\/wp-content\\\/uploads\\\/2021\\\/02\\\/Bio.design-New-Logo-Fb.jpg\",\"contentUrl\":\"https:\\\/\\\/bio.design\\\/wp-content\\\/uploads\\\/2021\\\/02\\\/Bio.design-New-Logo-Fb.jpg\",\"width\":2048,\"height\":1042,\"caption\":\"Biodesign Pools\"},\"image\":{\"@id\":\"https:\\\/\\\/bio.design\\\/#\\\/schema\\\/logo\\\/image\\\/\"},\"sameAs\":[\"https:\\\/\\\/www.facebook.com\\\/PiscineBiodesign\\\/\",\"https:\\\/\\\/x.com\\\/BIODESIGNPOOLS\",\"https:\\\/\\\/www.linkedin.com\\\/company\\\/biodesignpools\\\/\",\"https:\\\/\\\/www.youtube.com\\\/user\\\/BiodesignpoolsIT\"]}]}<\/script>\n<!-- \/ Yoast SEO plugin. -->","yoast_head_json":{"title":"Piscina de arena Bio.design: descubre nuestra historia!","description":"Bio.design es l\u00edder del mercado, presente desde hace m\u00e1s de 40 a\u00f1os en el campo de la gesti\u00f3n del agua y piscina sin hormig\u00f3n.","robots":{"index":"index","follow":"follow","max-snippet":"max-snippet:-1","max-image-preview":"max-image-preview:large","max-video-preview":"max-video-preview:-1"},"canonical":"https:\/\/bio.design\/es\/quienes-somos\/","og_locale":"es_ES","og_type":"article","og_title":"Piscina de arena Bio.design: descubre nuestra historia!","og_description":"Bio.design es l\u00edder del mercado, presente desde hace m\u00e1s de 40 a\u00f1os en el campo de la gesti\u00f3n del agua y piscina sin hormig\u00f3n.","og_url":"https:\/\/bio.design\/es\/quienes-somos\/","og_site_name":"Biodesign Pools","article_publisher":"https:\/\/www.facebook.com\/PiscineBiodesign\/","article_modified_time":"2026-03-19T14:47:34+00:00","twitter_card":"summary_large_image","twitter_site":"@BIODESIGNPOOLS","twitter_misc":{"Tiempo de lectura":"6 minutos"},"schema":{"@context":"https:\/\/schema.org","@graph":[{"@type":"WebPage","@id":"https:\/\/bio.design\/es\/quienes-somos\/","url":"https:\/\/bio.design\/es\/quienes-somos\/","name":"Piscina de arena Bio.design: descubre nuestra historia!","isPartOf":{"@id":"https:\/\/bio.design\/#website"},"datePublished":"2018-10-03T06:44:29+00:00","dateModified":"2026-03-19T14:47:34+00:00","description":"Bio.design es l\u00edder del mercado, presente desde hace m\u00e1s de 40 a\u00f1os en el campo de la gesti\u00f3n del agua y piscina sin hormig\u00f3n.","breadcrumb":{"@id":"https:\/\/bio.design\/es\/quienes-somos\/#breadcrumb"},"inLanguage":"es","potentialAction":[{"@type":"ReadAction","target":["https:\/\/bio.design\/es\/quienes-somos\/"]}]},{"@type":"BreadcrumbList","@id":"https:\/\/bio.design\/es\/quienes-somos\/#breadcrumb","itemListElement":[{"@type":"ListItem","position":1,"name":"Home","item":"https:\/\/bio.design\/es\/piscinas-de-arena-biodesign\/"},{"@type":"ListItem","position":2,"name":"Quienes somos"}]},{"@type":"WebSite","@id":"https:\/\/bio.design\/#website","url":"https:\/\/bio.design\/","name":"Biodesign Pools","description":"The Living Pool - Natural Pools","publisher":{"@id":"https:\/\/bio.design\/#organization"},"potentialAction":[{"@type":"SearchAction","target":{"@type":"EntryPoint","urlTemplate":"https:\/\/bio.design\/?s={search_term_string}"},"query-input":{"@type":"PropertyValueSpecification","valueRequired":true,"valueName":"search_term_string"}}],"inLanguage":"es"},{"@type":"Organization","@id":"https:\/\/bio.design\/#organization","name":"Biodesign Pools","url":"https:\/\/bio.design\/","logo":{"@type":"ImageObject","inLanguage":"es","@id":"https:\/\/bio.design\/#\/schema\/logo\/image\/","url":"https:\/\/bio.design\/wp-content\/uploads\/2021\/02\/Bio.design-New-Logo-Fb.jpg","contentUrl":"https:\/\/bio.design\/wp-content\/uploads\/2021\/02\/Bio.design-New-Logo-Fb.jpg","width":2048,"height":1042,"caption":"Biodesign Pools"},"image":{"@id":"https:\/\/bio.design\/#\/schema\/logo\/image\/"},"sameAs":["https:\/\/www.facebook.com\/PiscineBiodesign\/","https:\/\/x.com\/BIODESIGNPOOLS","https:\/\/www.linkedin.com\/company\/biodesignpools\/","https:\/\/www.youtube.com\/user\/BiodesignpoolsIT"]}]}},"_links":{"self":[{"href":"https:\/\/bio.design\/es\/wp-json\/wp\/v2\/pages\/9914049","targetHints":{"allow":["GET"]}}],"collection":[{"href":"https:\/\/bio.design\/es\/wp-json\/wp\/v2\/pages"}],"about":[{"href":"https:\/\/bio.design\/es\/wp-json\/wp\/v2\/types\/page"}],"author":[{"embeddable":true,"href":"https:\/\/bio.design\/es\/wp-json\/wp\/v2\/users\/3"}],"replies":[{"embeddable":true,"href":"https:\/\/bio.design\/es\/wp-json\/wp\/v2\/comments?post=9914049"}],"version-history":[{"count":10,"href":"https:\/\/bio.design\/es\/wp-json\/wp\/v2\/pages\/9914049\/revisions"}],"predecessor-version":[{"id":9917393,"href":"https:\/\/bio.design\/es\/wp-json\/wp\/v2\/pages\/9914049\/revisions\/9917393"}],"wp:attachment":[{"href":"https:\/\/bio.design\/es\/wp-json\/wp\/v2\/media?parent=9914049"}],"curies":[{"name":"wp","href":"https:\/\/api.w.org\/{rel}","templated":true}]}}