{"id":9922045,"date":"2024-03-26T14:36:52","date_gmt":"2024-03-26T13:36:52","guid":{"rendered":"https:\/\/bio.design\/innenpool-copy\/"},"modified":"2024-03-26T16:03:16","modified_gmt":"2024-03-26T15:03:16","slug":"pool-kaufen-schweiz","status":"publish","type":"page","link":"https:\/\/bio.design\/de\/pool-kaufen-schweiz\/","title":{"rendered":"Einen besonderen Pool kaufen in der Schweiz"},"content":{"rendered":"<p>[vc_row][vc_column][vc_column_text][\/vc_column_text][\/vc_column][\/vc_row][vc_row css=&#8221;.vc_custom_1559743558732{padding-top: 0px !important;}&#8221;][vc_column]<span class=\"subtitle dash-false style-dark text-center\">100% individuell, modern und langlebig<\/span>[vc_column_text]<\/p>\n<h2 style=\"text-align: center;\">Hochwertige Garten- und Indoor Pools vom Profi<\/h2>\n<p>[\/vc_column_text]<div class=\"dash style-dark centered\"><\/div>[vc_row_inner][vc_column_inner][vc_column_text]Viele Schweizer tr\u00e4umen von ihrem eigenen Pool im Garten oder im Spa-Bereich ihres Hauses. Einfach nach Hause kommen und im Swimmingpool ein paar Bahnen ziehen oder an heissen Tagen im Becken abk\u00fchlen, wann immer Ihnen danach ist. <strong>Wer einen Pool kaufen m\u00f6chte, hat in der Schweiz eine grosse Auswahl an Modellen und Anbietern.<\/strong> Wie w\u00e4re es anstatt eines klassischen Pools zum Aufstellen mit etwas Aussergew\u00f6hnlichem f\u00fcr Ihren Garten? Ein <a title=\"Erfahren Sie mehr \u00fcber unsere einzigartigen BIO.design Pools\" href=\"https:\/\/bio.design\/de\/\">Biodesign-Pool<\/a> besitzt ein einzigartiges Design und setzt auf eine Bautechnik, die neue Standards setzt. Erleben Sie das Urlaubsgef\u00fchl auf Ihrem eigenen Grundst\u00fcck: Mit einem individuell geplanten Pool von BIO.design.[\/vc_column_text][\/vc_column_inner][\/vc_row_inner][\/vc_column][\/vc_row][vc_row full_width=&#8221;stretch_row&#8221; equal_height=&#8221;yes&#8221; content_placement=&#8221;middle&#8221; css=&#8221;.vc_custom_1694184053889{margin-top: 50px !important;margin-bottom: 50px !important;padding-top: 100px !important;padding-bottom: 100px !important;background-color: #f5f5f5 !important;}&#8221; el_class=&#8221;mobile-full&#8221;][vc_column width=&#8221;2\/3&#8243; css=&#8221;.vc_custom_1559740035747{margin-bottom: 0px !important;padding-top: 0px !important;padding-right: 0px !important;}&#8221; el_class=&#8221;min-height-100&#8243;][vc_column_text css=&#8221;.vc_custom_1711460810382{margin-bottom: 0px !important;}&#8221;]<\/p>\n<h2>Wollen Sie mehr erfahren?<\/h2>\n<p>Kontaktieren Sie uns direkt und erf\u00fcllen Sie sich Ihren Traum vom Pool in der Schweiz.[\/vc_column_text][\/vc_column][vc_column width=&#8221;1\/3&#8243;]<a href=\"https:\/\/bio.design\/de\/kostenloses-preis-angebot-an-fordern\/\" class=\"btn btn-primary arrow-right purple\"><span>KONTAKTIEREN SIE UNS<\/span><\/a>[\/vc_column][\/vc_row][vc_row full_width=&#8221;stretch_row&#8221; equal_height=&#8221;yes&#8221; content_placement=&#8221;middle&#8221; css=&#8221;.vc_custom_1711465274725{margin-top: 0px !important;padding-bottom: 60px !important;}&#8221; el_class=&#8221;swap-on-mobile&#8221;][vc_column width=&#8221;4\/12&#8243;][vc_row_inner el_class=&#8221;overlap-right&#8221;][vc_column_inner el_class=&#8221;shadow-box&#8221;]<span class=\"subtitle dash-true style-dark text-default\">F\u00fcr alle, die das Besondere suchen<\/span>[vc_column_text]<\/p>\n<h2>Echtes Strandfeeling statt graues Bassin<\/h2>\n<p>Es gibt eine Vielzahl von Pool-Arten, mit denen Sie den Traum vom eigenen Gartenpool realisieren k\u00f6nnen. Viele denken zun\u00e4chst an Aufstellpools mit Stahl-, WPC- oder Holzw\u00e4nden sowie an aufblasbare Whirlpool-Varianten mit PVC-W\u00e4nden. Diese Pools sind eine schnelle Variante f\u00fcr den kurzfristigen Sommerspass, m\u00fcssen allerdings immer auf- und abgebaut werden und passen sich optisch nicht in Ihren Garten ein.<\/p>\n<p>Mit einem Einbaupool erschaffen Sie ein bleibendes Paradies in Ihrem Garten. Diese sind im Boden eingelassen und bieten deutlich mehr Platz zum Baden und Schwimmen. Auch hier gibt es eine Vielzahl an Pool-Arten \u2013 es kommt auf die Optik und die Materialien an. Ein Becken aus Beton, Styropor oder mit Stahl-Frame kann jedoch nicht \u00fcberzeugen, wenn Sie einen modernen und individuellen Pool kaufen wollen f\u00fcr Ihr Grundst\u00fcck in der Schweiz. <strong>Ein Biodesign-Pool bietet ein v\u00f6llig neues Konzept.<\/strong> Gestalten Sie einfach einen einzigartigen <a title=\"So nat\u00fcrlich f\u00fcgt sich ein Beach-Pool in Ihren Garten ein\" href=\"https:\/\/bio.design\/de\/warum-einen-biodesign-naturpool-waehlen\/\">Beach-Pool<\/a>, der harmonisch in Ihren Garten eingebettet wird und auf eine umweltfreundliche <a title=\"Erfahren Sie mehr \u00fcber die Biodesign-Pool-Technologie\" href=\"https:\/\/bio.design\/de\/die-biodesign-technik\/\">Pool-Technologie<\/a> setzt.[\/vc_column_text][\/vc_column_inner][\/vc_row_inner][\/vc_column][vc_column width=&#8221;8\/12&#8243;][vc_single_image source=&#8221;external_link&#8221; onclick=&#8221;img_link_large&#8221; css=&#8221;.vc_custom_1711461065485{margin-bottom: 0px !important;}&#8221; custom_src=&#8221;https:\/\/bio.design\/wp-content\/uploads\/2023\/06\/ecocompatibile-biodesign.jpg&#8221;][\/vc_column][\/vc_row][vc_row full_width=&#8221;stretch_row&#8221; equal_height=&#8221;yes&#8221; content_placement=&#8221;middle&#8221; el_class=&#8221;spaced&#8221; css=&#8221;.vc_custom_1687182284560{margin-top: 0px !important;padding-top: 40px !important;padding-bottom: 60px !important;}&#8221;][vc_column width=&#8221;8\/12&#8243;][vc_single_image source=&#8221;external_link&#8221; onclick=&#8221;img_link_large&#8221; css=&#8221;.vc_custom_1711461317337{margin-bottom: 0px !important;}&#8221; custom_src=&#8221;https:\/\/bio.design\/wp-content\/uploads\/2022\/07\/20210812_151945-scaled.jpg&#8221;][\/vc_column][vc_column width=&#8221;4\/12&#8243;][vc_row_inner el_class=&#8221;overlap-left&#8221;][vc_column_inner el_class=&#8221;shadow-box&#8221;]<span class=\"subtitle dash-true style-dark text-default\">Standort, Gr\u00f6sse und Budget<\/span>[vc_column_text]<\/p>\n<h2>Das ist vor dem Poolkauf wichtig<\/h2>\n<p>Bevor Sie Ihren neuen Pool kaufen, sollten Sie sich bereits Gedanken machen um den Standort, die Gr\u00f6sse und die Gestaltung des Poolbereichs. In der Schweiz m\u00fcssen Grundst\u00fccksbesitzer bei gr\u00f6sseren Pools immer eine Baubewilligung ihrer Gemeinde einholen sowie Vorgaben zum Standort des Pools beachten. Die Experten von BIO.design unterst\u00fctzen Sie gern bei der Planung Ihres individuellen Gartenpools. Entscheiden Sie, welche Gr\u00f6sse und Ausstattung Ihr neuer Pool besitzen soll und fordern Sie einfach einen unverbindlichen Kostenvoranschlag an. Jeder Pool ist ein Unikat, das ganz auf Ihre Bed\u00fcrfnisse und Ihr Budget zugeschnitten und fair kalkuliert wird.<\/p>\n<p><a style=\"color: #0f3c63;\" href=\"https:\/\/bio.design\/de\/kostenloses-preis-angebot-an-fordern\/\">Biodesign-Pool Preise anfragen \u2192<\/a>[\/vc_column_text][\/vc_column_inner][\/vc_row_inner][\/vc_column][\/vc_row][vc_row full_width=&#8221;stretch_row&#8221; equal_height=&#8221;yes&#8221; content_placement=&#8221;middle&#8221; el_class=&#8221;spaced, swap-on-mobile&#8221; css=&#8221;.vc_custom_1711465288216{margin-top: 0px !important;padding-top: 0px !important;padding-bottom: 60px !important;}&#8221; el_id=&#8221;installazione&#8221;][vc_column width=&#8221;4\/12&#8243;][vc_row_inner el_class=&#8221;overlap-right&#8221;][vc_column_inner el_class=&#8221;shadow-box&#8221;]<span class=\"subtitle dash-true style-dark text-default\">Unsere Pool-Favoriten<\/span>[vc_column_text]<\/p>\n<h2>F\u00fcr jeden Garten das richtige Modell<\/h2>\n<p>Ein Gartenpool ist zu jeder Jahreszeit das Highlight in Ihrem Garten. Nicht nur im Sommer geniessen Sie Ihre Bade- und Wellness-Oase, auch im Winter bereichert der Strandpool optisch Ihre Gartenlandschaft. M\u00f6chten Sie das Becken stimmungsvoll beleuchten? W\u00fcnschen Sie sich Massagesprudler? M\u00f6chten Sie gem\u00fctliche Sitzfl\u00e4chen und einen Einstiegsbereich, der auch f\u00fcr motorisch eingeschr\u00e4nkte Menschen leicht zu begehen ist? Wollen Sie im Pool schwimmen, w\u00e4hrend gleichzeitig Ihre Kinder sicher in einem flachen Bereich planschen? All das und noch vieles mehr ist m\u00f6glich mit Biodesign-Pools. Ihren Vorstellungen sind kaum Grenzen gesetzt. Zusammen mit unseren Poolbauern planen und gestalten Sie eine Pool-Landschaft exakt nach Ihren W\u00fcnschen. Beginnen Sie das Wohlf\u00fchlerlebnis bereits beim Kaufen Ihres Pools in der Schweiz \u2013 mit den Profis von BIO.design.[\/vc_column_text][\/vc_column_inner][\/vc_row_inner][vc_column_text][\/vc_column_text][\/vc_column][vc_column width=&#8221;8\/12&#8243;][vc_single_image source=&#8221;external_link&#8221; alignment=&#8221;right&#8221; onclick=&#8221;img_link_large&#8221; css=&#8221;.vc_custom_1711461405996{margin-bottom: 0px !important;}&#8221; custom_src=&#8221;https:\/\/bio.design\/wp-content\/uploads\/2019\/03\/2013-08-17-12.02.45.jpg&#8221;][\/vc_column][\/vc_row][vc_row full_width=&#8221;stretch_row&#8221; equal_height=&#8221;yes&#8221; content_placement=&#8221;middle&#8221; el_class=&#8221;spaced&#8221; css=&#8221;.vc_custom_1687182284560{margin-top: 0px !important;padding-top: 40px !important;padding-bottom: 60px !important;}&#8221;][vc_column width=&#8221;8\/12&#8243;][vc_single_image source=&#8221;external_link&#8221; onclick=&#8221;img_link_large&#8221; css=&#8221;.vc_custom_1711461584110{margin-bottom: 0px !important;}&#8221; custom_src=&#8221;https:\/\/bio.design\/wp-content\/uploads\/2019\/05\/biodesign-vivibilita.jpg&#8221;][\/vc_column][vc_column width=&#8221;4\/12&#8243;][vc_row_inner el_class=&#8221;overlap-left&#8221;][vc_column_inner el_class=&#8221;shadow-box&#8221;]<span class=\"subtitle dash-true style-dark text-default\">Auch als Indoor-Variante geeignet<\/span>[vc_column_text]<\/p>\n<h2>Ihr Pool als nat\u00fcrliche Wellness-Oase im Haus<\/h2>\n<p>Einen Biodesign-Pool gibt es nicht nur als <a title=\"Naturnahe Aussenpools entdecken\" href=\"https:\/\/bio.design\/de\/aussenpool\/\">Aussenpool<\/a>-Variante: Er l\u00e4sst sich auch als <a title=\"Wir bauen Ihren naturnahen Indoor-Pool\" href=\"https:\/\/bio.design\/de\/innenpool\/\">Indoor Pool bauen<\/a> und erg\u00e4nzt so wunderbar Ihren Wellness-Bereich im Haus. So werten Sie Ihren Wintergarten auf oder verleihen Ihrem Hallenbad einen neuen, nat\u00fcrlichen Touch. Ideal ist die Kombination mit einer Sauna oder einem Dampfbad. Denn was gibt es Sch\u00f6neres, als sich nach einem Saunagang im wundersch\u00f6nen eigenen Schwimmbad abzuk\u00fchlen? Mit Massagesprudlern verwandeln Sie einen Teil Ihres privaten Pools in einen Whirlpool. Damit ist Entspannung garantiert. Der besondere Vorteil: Ein Innenpool ist wartungs\u00e4rmer als ein Pool im Garten und l\u00e4sst sich ohne Mehraufwand ganzj\u00e4hrig nutzen \u2013 zum Schwimmen, Planschen und Relaxen.[\/vc_column_text][\/vc_column_inner][\/vc_row_inner][\/vc_column][\/vc_row][vc_row full_width=&#8221;stretch_row&#8221; equal_height=&#8221;yes&#8221; content_placement=&#8221;middle&#8221; css=&#8221;.vc_custom_1559740243966{padding-top: 100px !important;padding-bottom: 100px !important;background-color: #f5f5f5 !important;}&#8221; el_class=&#8221;mobile-full&#8221;][vc_column width=&#8221;2\/3&#8243; css=&#8221;.vc_custom_1559740035747{margin-bottom: 0px !important;padding-top: 0px !important;padding-right: 0px !important;}&#8221; el_class=&#8221;min-height-100&#8243;][vc_column_text css=&#8221;.vc_custom_1711461644663{margin-bottom: 0px !important;}&#8221;]<\/p>\n<h2>Sie wollen einen Pool f\u00fcr Ihr Grundst\u00fcck in der Schweiz kaufen?<\/h2>\n<p>Kontaktieren Sie uns noch heute und wir beginnen mit der Planung.<br \/>\nGerne beraten unsere Experten Sie vor dem Kauf und setzen Ihre individuellen W\u00fcnsche um.[\/vc_column_text][\/vc_column][vc_column width=&#8221;1\/3&#8243;]<a href=\"https:\/\/bio.design\/de\/kostenloses-preis-angebot-an-fordern\/\" class=\"btn btn-primary arrow-right purple\"><span>KONTAKTIEREN SIE UNS<\/span><\/a>[\/vc_column][\/vc_row][vc_row full_width=&#8221;stretch_row&#8221; equal_height=&#8221;yes&#8221; content_placement=&#8221;middle&#8221; el_class=&#8221;spaced, swap-on-mobile&#8221; css=&#8221;.vc_custom_1711465305708{margin-top: 0px !important;padding-top: 0px !important;padding-bottom: 60px !important;}&#8221;][vc_column width=&#8221;4\/12&#8243;][vc_row_inner el_class=&#8221;overlap-right&#8221;][vc_column_inner el_class=&#8221;shadow-box&#8221;]<span class=\"subtitle dash-true style-dark text-default\">Ein Ansprechpartner f\u00fcr alle Anliegen<\/span>[vc_column_text]<\/p>\n<h2>Planung und Bau aus einer Hand<\/h2>\n<p><strong>Unsere BIO.design-H\u00e4ndler sind an Ihrer Seite, wenn Sie einen Pool kaufen wollen f\u00fcr Ihr Haus oder Ihren Garten in der Schweiz.<\/strong> Von der ersten Beratung \u00fcber den Bau des Pools bis zur Inbetriebnahme deckt unser fachkundiges und engagiertes Team alle Projektschritte ab. Zudem erm\u00f6glicht unsere durchdachte, nachhaltige Pool-Technologie k\u00fcrzere Installationszeiten des Beckens und eine h\u00f6here Umweltvertr\u00e4glichkeit im Vergleich zu regul\u00e4ren Poolsystemen. So k\u00f6nnen wir in der gesamten Schweiz alle Projekte in einem engen Zeit- und Kosten-Rahmen realisieren. Zus\u00e4tzlich haben Sie nur einen Ansprechpartner f\u00fcr alle notwendigen Arbeitsschritte \u2013 die Abstimmung mehrerer Gewerke entf\u00e4llt.[\/vc_column_text][\/vc_column_inner][\/vc_row_inner][vc_column_text][\/vc_column_text][\/vc_column][vc_column width=&#8221;8\/12&#8243;][vc_single_image source=&#8221;external_link&#8221; alignment=&#8221;right&#8221; onclick=&#8221;img_link_large&#8221; css=&#8221;.vc_custom_1711461936118{margin-bottom: 0px !important;}&#8221; custom_src=&#8221;https:\/\/bio.design\/wp-content\/uploads\/2013\/09\/IMG_1500.jpg&#8221;][\/vc_column][\/vc_row][vc_row full_width=&#8221;stretch_row&#8221; css=&#8221;.vc_custom_1694185051490{margin-top: 50px !important;margin-bottom: 50px !important;padding-top: 60px !important;padding-bottom: 60px !important;background-color: #0f3c63 !important;}&#8221;][vc_column width=&#8221;1\/3&#8243;]<span class=\"subtitle dash-true style-light text-default\">Installationszeiten<\/span>[vc_column_text]<span style=\"color: #ffffff;\">Gesch\u00e4tzte Bau- und Installationszeiten f\u00fcr einen 60 m\u00b2-Pool durch vier professionelle Handwerker<\/span>[\/vc_column_text][\/vc_column][vc_column width=&#8221;2\/3&#8243;][vc_row_inner][vc_column_inner width=&#8221;1\/2&#8243;]<div class=\"number-box style-dark spacing-30\"><div class=\"number-box-number\">23 Tage<\/div><div class=\"content-box\"><div class=\"content-box-info\"><h3>Traditioneller Swimming Pool mit Materialien wie Beton und Kunststoff<\/h3><\/div><\/div><\/div>[\/vc_column_inner][vc_column_inner width=&#8221;1\/2&#8243;]<div class=\"number-box style-dark spacing-30\"><div class=\"number-box-number\">10 Tage<\/div><div class=\"content-box\"><div class=\"content-box-info\"><h3>Becken mit BIO.design-Pool-Technologie<\/h3><\/div><\/div><\/div>[\/vc_column_inner][\/vc_row_inner][\/vc_column][\/vc_row][vc_row css=&#8221;.vc_custom_1559743558732{padding-top: 0px !important;}&#8221;][vc_column]<span class=\"subtitle dash-false style-dark text-center\">Erfahrene Wassertechnik-Profis und lokale Poolbauer realisieren Ihr Projekt<\/span>[vc_column_text]<\/p>\n<h2 style=\"text-align: center;\">BIO.design: Ihr Ansprechpartner, wenn Sie einen aussergew\u00f6hnlichen Pool in der Schweiz kaufen wollen<\/h2>\n<p>[\/vc_column_text]<div class=\"dash style-dark centered\"><\/div>[vc_row_inner][vc_column_inner][vc_column_text]Der erste Schritt zu Ihrem Traumpool: Kontaktieren Sie uns! Gemeinsam mit Ihnen konzipieren unsere Expertenteams Ihre pers\u00f6nliche Pool-Landschaft, die sich nahtlos in Ihren Garten oder Ihren Indoor-Wellnessbereich einf\u00fcgt. Unser Unternehmen wurde 1980 in Mailand gegr\u00fcndet und ist heute Marktf\u00fchrer im Bereich Wassertechnik. Im Jahr 2007 revolutionierten wir die Poolwelt und das Badeerlebnis mit unserer neuen BIO.design-Technologie. Darin fliesst unsere gesamte Erfahrung in der Realisierung von Teichen und biologisch aufbereiteten Pools ein.<\/p>\n<p>Ob Z\u00fcrich oder Bern, Basel oder Zermatt, Genf oder St. Gallen, Lugano oder St. Moritz: Unsere Poolbauer sind f\u00fcr Sie da in der gesamten Schweiz. W\u00fcnschen Sie eine ausf\u00fchrliche Beratung, bevor Sie Ihren Pool kaufen? Kontaktieren Sie uns gern. Wir beantworten Ihre Fragen und unterst\u00fctzen Sie bei der Gestaltung und Ausstattung Ihres individuellen Pools. Machen Sie Ihren Garten oder Ihr Hallenbad zum Highlight. Mit einem naturnahen Pool von BIO.design.<\/p>\n<p style=\"text-align: center; color: #fff!important;\"><a class=\"btn btn-primary arrow-right purple\" href=\"https:\/\/bio.design\/de\/kostenloses-preis-angebot-an-fordern\/\">KONTAKTIEREN SIE UNS<\/a><\/p>\n<p>[\/vc_column_text][\/vc_column_inner][\/vc_row_inner][\/vc_column][\/vc_row]<\/p>\n","protected":false},"excerpt":{"rendered":"<p>[vc_row][vc_column][vc_column_text][\/vc_column_text][\/vc_column][\/vc_row][vc_row css=&#8221;.vc_custom_1559743558732{padding-top: 0px !important;}&#8221;][vc_column][vc_column_text] Hochwertige Garten- und Indoor Pools vom Profi [\/vc_column_text][vc_row_inner][vc_column_inner][vc_column_text]Viele Schweizer tr\u00e4umen von ihrem eigenen Pool im Garten oder im Spa-Bereich ihres Hauses. Einfach nach Hause kommen und im Swimmingpool ein paar Bahnen ziehen oder an heissen Tagen im Becken abk\u00fchlen, wann immer Ihnen danach ist. Wer einen Pool kaufen m\u00f6chte, hat in [&hellip;]<\/p>\n","protected":false},"author":627,"featured_media":0,"parent":0,"menu_order":0,"comment_status":"closed","ping_status":"closed","template":"","meta":{"footnotes":""},"class_list":["post-9922045","page","type-page","status-publish","hentry"],"yoast_head":"<!-- This site is optimized with the Yoast SEO plugin v27.3 - https:\/\/yoast.com\/product\/yoast-seo-wordpress\/ -->\n<title>Aussergew\u00f6hnlichen Pool kaufen | BIO.design Schweiz<\/title>\n<meta name=\"description\" content=\"Sie m\u00f6chten einen \u00e4sthetischen Pool kaufen f\u00fcr Ihr Haus in der Schweiz? Entdecken Sie Biodesign-Pools \u2713 100% individualisierbar \u2713 vielf\u00e4ltige Ausstattung\" \/>\n<meta name=\"robots\" content=\"index, follow, max-snippet:-1, max-image-preview:large, max-video-preview:-1\" \/>\n<link rel=\"canonical\" href=\"https:\/\/bio.design\/de\/pool-kaufen-schweiz\/\" \/>\n<meta property=\"og:locale\" content=\"de_DE\" \/>\n<meta property=\"og:type\" content=\"article\" \/>\n<meta property=\"og:title\" content=\"Aussergew\u00f6hnlichen Pool kaufen | BIO.design Schweiz\" \/>\n<meta property=\"og:description\" content=\"Sie m\u00f6chten einen \u00e4sthetischen Pool kaufen f\u00fcr Ihr Haus in der Schweiz? Entdecken Sie Biodesign-Pools \u2713 100% individualisierbar \u2713 vielf\u00e4ltige Ausstattung\" \/>\n<meta property=\"og:url\" content=\"https:\/\/bio.design\/de\/pool-kaufen-schweiz\/\" \/>\n<meta property=\"og:site_name\" content=\"Biodesign Pools\" \/>\n<meta property=\"article:publisher\" content=\"https:\/\/www.facebook.com\/PiscineBiodesign\/\" \/>\n<meta property=\"article:modified_time\" content=\"2024-03-26T15:03:16+00:00\" \/>\n<meta name=\"twitter:card\" content=\"summary_large_image\" \/>\n<meta name=\"twitter:site\" content=\"@BIODESIGNPOOLS\" \/>\n<meta name=\"twitter:label1\" content=\"Gesch\u00e4tzte Lesezeit\" \/>\n\t<meta name=\"twitter:data1\" content=\"9\u00a0Minuten\" \/>\n<script type=\"application\/ld+json\" class=\"yoast-schema-graph\">{\"@context\":\"https:\\\/\\\/schema.org\",\"@graph\":[{\"@type\":\"WebPage\",\"@id\":\"https:\\\/\\\/bio.design\\\/de\\\/pool-kaufen-schweiz\\\/\",\"url\":\"https:\\\/\\\/bio.design\\\/de\\\/pool-kaufen-schweiz\\\/\",\"name\":\"Aussergew\u00f6hnlichen Pool kaufen | BIO.design Schweiz\",\"isPartOf\":{\"@id\":\"https:\\\/\\\/bio.design\\\/#website\"},\"datePublished\":\"2024-03-26T13:36:52+00:00\",\"dateModified\":\"2024-03-26T15:03:16+00:00\",\"description\":\"Sie m\u00f6chten einen \u00e4sthetischen Pool kaufen f\u00fcr Ihr Haus in der Schweiz? Entdecken Sie Biodesign-Pools \u2713 100% individualisierbar \u2713 vielf\u00e4ltige Ausstattung\",\"breadcrumb\":{\"@id\":\"https:\\\/\\\/bio.design\\\/de\\\/pool-kaufen-schweiz\\\/#breadcrumb\"},\"inLanguage\":\"de\",\"potentialAction\":[{\"@type\":\"ReadAction\",\"target\":[\"https:\\\/\\\/bio.design\\\/de\\\/pool-kaufen-schweiz\\\/\"]}]},{\"@type\":\"BreadcrumbList\",\"@id\":\"https:\\\/\\\/bio.design\\\/de\\\/pool-kaufen-schweiz\\\/#breadcrumb\",\"itemListElement\":[{\"@type\":\"ListItem\",\"position\":1,\"name\":\"Home\",\"item\":\"https:\\\/\\\/bio.design\\\/de\\\/biodesign-pools\\\/\"},{\"@type\":\"ListItem\",\"position\":2,\"name\":\"Einen besonderen Pool kaufen in der Schweiz\"}]},{\"@type\":\"WebSite\",\"@id\":\"https:\\\/\\\/bio.design\\\/#website\",\"url\":\"https:\\\/\\\/bio.design\\\/\",\"name\":\"Biodesign Pools\",\"description\":\"The Living Pool - Natural Pools\",\"publisher\":{\"@id\":\"https:\\\/\\\/bio.design\\\/#organization\"},\"potentialAction\":[{\"@type\":\"SearchAction\",\"target\":{\"@type\":\"EntryPoint\",\"urlTemplate\":\"https:\\\/\\\/bio.design\\\/?s={search_term_string}\"},\"query-input\":{\"@type\":\"PropertyValueSpecification\",\"valueRequired\":true,\"valueName\":\"search_term_string\"}}],\"inLanguage\":\"de\"},{\"@type\":\"Organization\",\"@id\":\"https:\\\/\\\/bio.design\\\/#organization\",\"name\":\"Biodesign Pools\",\"url\":\"https:\\\/\\\/bio.design\\\/\",\"logo\":{\"@type\":\"ImageObject\",\"inLanguage\":\"de\",\"@id\":\"https:\\\/\\\/bio.design\\\/#\\\/schema\\\/logo\\\/image\\\/\",\"url\":\"https:\\\/\\\/bio.design\\\/wp-content\\\/uploads\\\/2021\\\/02\\\/Bio.design-New-Logo-Fb.jpg\",\"contentUrl\":\"https:\\\/\\\/bio.design\\\/wp-content\\\/uploads\\\/2021\\\/02\\\/Bio.design-New-Logo-Fb.jpg\",\"width\":2048,\"height\":1042,\"caption\":\"Biodesign Pools\"},\"image\":{\"@id\":\"https:\\\/\\\/bio.design\\\/#\\\/schema\\\/logo\\\/image\\\/\"},\"sameAs\":[\"https:\\\/\\\/www.facebook.com\\\/PiscineBiodesign\\\/\",\"https:\\\/\\\/x.com\\\/BIODESIGNPOOLS\",\"https:\\\/\\\/www.linkedin.com\\\/company\\\/biodesignpools\\\/\",\"https:\\\/\\\/www.youtube.com\\\/user\\\/BiodesignpoolsIT\"]}]}<\/script>\n<!-- \/ Yoast SEO plugin. -->","yoast_head_json":{"title":"Aussergew\u00f6hnlichen Pool kaufen | BIO.design Schweiz","description":"Sie m\u00f6chten einen \u00e4sthetischen Pool kaufen f\u00fcr Ihr Haus in der Schweiz? Entdecken Sie Biodesign-Pools \u2713 100% individualisierbar \u2713 vielf\u00e4ltige Ausstattung","robots":{"index":"index","follow":"follow","max-snippet":"max-snippet:-1","max-image-preview":"max-image-preview:large","max-video-preview":"max-video-preview:-1"},"canonical":"https:\/\/bio.design\/de\/pool-kaufen-schweiz\/","og_locale":"de_DE","og_type":"article","og_title":"Aussergew\u00f6hnlichen Pool kaufen | BIO.design Schweiz","og_description":"Sie m\u00f6chten einen \u00e4sthetischen Pool kaufen f\u00fcr Ihr Haus in der Schweiz? Entdecken Sie Biodesign-Pools \u2713 100% individualisierbar \u2713 vielf\u00e4ltige Ausstattung","og_url":"https:\/\/bio.design\/de\/pool-kaufen-schweiz\/","og_site_name":"Biodesign Pools","article_publisher":"https:\/\/www.facebook.com\/PiscineBiodesign\/","article_modified_time":"2024-03-26T15:03:16+00:00","twitter_card":"summary_large_image","twitter_site":"@BIODESIGNPOOLS","twitter_misc":{"Gesch\u00e4tzte Lesezeit":"9\u00a0Minuten"},"schema":{"@context":"https:\/\/schema.org","@graph":[{"@type":"WebPage","@id":"https:\/\/bio.design\/de\/pool-kaufen-schweiz\/","url":"https:\/\/bio.design\/de\/pool-kaufen-schweiz\/","name":"Aussergew\u00f6hnlichen Pool kaufen | BIO.design Schweiz","isPartOf":{"@id":"https:\/\/bio.design\/#website"},"datePublished":"2024-03-26T13:36:52+00:00","dateModified":"2024-03-26T15:03:16+00:00","description":"Sie m\u00f6chten einen \u00e4sthetischen Pool kaufen f\u00fcr Ihr Haus in der Schweiz? Entdecken Sie Biodesign-Pools \u2713 100% individualisierbar \u2713 vielf\u00e4ltige Ausstattung","breadcrumb":{"@id":"https:\/\/bio.design\/de\/pool-kaufen-schweiz\/#breadcrumb"},"inLanguage":"de","potentialAction":[{"@type":"ReadAction","target":["https:\/\/bio.design\/de\/pool-kaufen-schweiz\/"]}]},{"@type":"BreadcrumbList","@id":"https:\/\/bio.design\/de\/pool-kaufen-schweiz\/#breadcrumb","itemListElement":[{"@type":"ListItem","position":1,"name":"Home","item":"https:\/\/bio.design\/de\/biodesign-pools\/"},{"@type":"ListItem","position":2,"name":"Einen besonderen Pool kaufen in der Schweiz"}]},{"@type":"WebSite","@id":"https:\/\/bio.design\/#website","url":"https:\/\/bio.design\/","name":"Biodesign Pools","description":"The Living Pool - Natural Pools","publisher":{"@id":"https:\/\/bio.design\/#organization"},"potentialAction":[{"@type":"SearchAction","target":{"@type":"EntryPoint","urlTemplate":"https:\/\/bio.design\/?s={search_term_string}"},"query-input":{"@type":"PropertyValueSpecification","valueRequired":true,"valueName":"search_term_string"}}],"inLanguage":"de"},{"@type":"Organization","@id":"https:\/\/bio.design\/#organization","name":"Biodesign Pools","url":"https:\/\/bio.design\/","logo":{"@type":"ImageObject","inLanguage":"de","@id":"https:\/\/bio.design\/#\/schema\/logo\/image\/","url":"https:\/\/bio.design\/wp-content\/uploads\/2021\/02\/Bio.design-New-Logo-Fb.jpg","contentUrl":"https:\/\/bio.design\/wp-content\/uploads\/2021\/02\/Bio.design-New-Logo-Fb.jpg","width":2048,"height":1042,"caption":"Biodesign Pools"},"image":{"@id":"https:\/\/bio.design\/#\/schema\/logo\/image\/"},"sameAs":["https:\/\/www.facebook.com\/PiscineBiodesign\/","https:\/\/x.com\/BIODESIGNPOOLS","https:\/\/www.linkedin.com\/company\/biodesignpools\/","https:\/\/www.youtube.com\/user\/BiodesignpoolsIT"]}]}},"_links":{"self":[{"href":"https:\/\/bio.design\/de\/wp-json\/wp\/v2\/pages\/9922045","targetHints":{"allow":["GET"]}}],"collection":[{"href":"https:\/\/bio.design\/de\/wp-json\/wp\/v2\/pages"}],"about":[{"href":"https:\/\/bio.design\/de\/wp-json\/wp\/v2\/types\/page"}],"author":[{"embeddable":true,"href":"https:\/\/bio.design\/de\/wp-json\/wp\/v2\/users\/627"}],"replies":[{"embeddable":true,"href":"https:\/\/bio.design\/de\/wp-json\/wp\/v2\/comments?post=9922045"}],"version-history":[{"count":8,"href":"https:\/\/bio.design\/de\/wp-json\/wp\/v2\/pages\/9922045\/revisions"}],"predecessor-version":[{"id":9922056,"href":"https:\/\/bio.design\/de\/wp-json\/wp\/v2\/pages\/9922045\/revisions\/9922056"}],"wp:attachment":[{"href":"https:\/\/bio.design\/de\/wp-json\/wp\/v2\/media?parent=9922045"}],"curies":[{"name":"wp","href":"https:\/\/api.w.org\/{rel}","templated":true}]}}