{"id":9921224,"date":"2023-09-20T10:39:22","date_gmt":"2023-09-20T09:39:22","guid":{"rendered":"https:\/\/bio.design\/aussenpool-copy\/"},"modified":"2023-10-26T07:47:59","modified_gmt":"2023-10-26T06:47:59","slug":"innenpool","status":"publish","type":"page","link":"https:\/\/bio.design\/de\/innenpool\/","title":{"rendered":"Luxuri\u00f6se Innenpools: F\u00fcr das Beach-Gef\u00fchl Indoor"},"content":{"rendered":"<p>[vc_row][vc_column][vc_column_text][\/vc_column_text][\/vc_column][\/vc_row][vc_row css=&#8221;.vc_custom_1559743558732{padding-top: 0px !important;}&#8221;][vc_column]<span class=\"subtitle dash-false style-dark text-center\">Ihr pers\u00f6nliches Spa ihn Ihrem Zuhause<\/span>[vc_column_text]<\/p>\n<h2 style=\"text-align: center;\">Mit BIO.design Indoor-Pool bauen<\/h2>\n<p>[\/vc_column_text]<div class=\"dash style-dark centered\"><\/div>[vc_row_inner][vc_column_inner][vc_column_text]Sie wollen Ihrem Wintergarten oder alten Hallenbad den richtigen Touch geben? Mit einem einzigartigen <strong>Innenpool<\/strong> von BIO.design verwandeln Sie das Innere Ihres Geb\u00e4udes in Ihre ganz pers\u00f6nliche Wellness-Oase. Dank unserer einzigartigen Technik erh\u00e4lt jeder Innenpool den unverkennbaren Beach-Look, der die Erholung am Strand auch im Haus erm\u00f6glicht.<\/p>\n<p>Gemeinsam mit unseren Wassertechnik-Expert: innen sind Sie v\u00f6llig frei in Gestaltung und Planung Ihres Hallenbads. Lassen Sie sich einen <strong>Indoor-Pool bauen<\/strong>, der genau Ihren Vorstellungen in Gr\u00f6\u00dfe, Form und Funktionalit\u00e4t entspricht und sich ideal in Ihre Schwimmhalle oder Ihren Wintergarten integriert.[\/vc_column_text][\/vc_column_inner][\/vc_row_inner][\/vc_column][\/vc_row][vc_row full_width=&#8221;stretch_row&#8221; equal_height=&#8221;yes&#8221; content_placement=&#8221;middle&#8221; css=&#8221;.vc_custom_1694184053889{margin-top: 50px !important;margin-bottom: 50px !important;padding-top: 100px !important;padding-bottom: 100px !important;background-color: #f5f5f5 !important;}&#8221; el_class=&#8221;mobile-full&#8221;][vc_column width=&#8221;2\/3&#8243; css=&#8221;.vc_custom_1559740035747{margin-bottom: 0px !important;padding-top: 0px !important;padding-right: 0px !important;}&#8221; el_class=&#8221;min-height-100&#8243;][vc_column_text css=&#8221;.vc_custom_1698302632312{margin-bottom: 0px !important;}&#8221;]<\/p>\n<h2>Sind Sie an einem Innenpool von BIO.design interessiert?<\/h2>\n<p>Warten Sie nicht l\u00e4nger und kontaktieren Sie uns direkt![\/vc_column_text][\/vc_column][vc_column width=&#8221;1\/3&#8243;]<a href=\"https:\/\/bio.design\/de\/kostenloses-preis-angebot-an-fordern\/\" class=\"btn btn-primary arrow-right purple\"><span>KONTAKTIEREN SIE UNS<\/span><\/a>[\/vc_column][\/vc_row][vc_row css=&#8221;.vc_custom_1695204793823{margin-bottom: 50px !important;}&#8221;][vc_column width=&#8221;1\/3&#8243;]<span class=\"subtitle dash-true style-dark text-default\">Einzigartiges Design f\u00fcr Ihr privates Hallenbad<\/span>[vc_column_text]<\/p>\n<h2>Indoor-Schwimmbad f\u00fcr Ihr Zuhause<\/h2>\n<p>[\/vc_column_text][\/vc_column][vc_column width=&#8221;1\/3&#8243;][vc_column_text]Tauchen Sie ein in eine Welt der Entspannung und Erholung \u2013 der Innenpool, ein Ort der Tr\u00e4ume und des Wohlbefindens gibt einem Zuhause den perfekten Touch.<\/p>\n<p>Jeden Morgen im eigenen Indoor-Pool ein paar Bahnen ziehen oder am Wochenende mit der ganzen Familie im gesch\u00fctzten Raum Planschen: Mit BIO.design erm\u00f6glichen Sie sich ein Indoor-Schwimmbad Zuhause nach Ihren W\u00fcnschen \u2013 ob als Sportbecken oder kindgerechtes Schwimmbecken mit Sitzgelegenheiten.[\/vc_column_text][\/vc_column][vc_column width=&#8221;1\/3&#8243;][vc_column_text]Dank der patentierten BIO.design-Technik erhalten Sie ein Schwimmbad ohne Beton-Boden. Stattdessen wird ein Sand-Harz-Gemisch beim Becken-Bau verwendet, dass \u00e4sthetisch und nachhaltig zugleich ist.<\/p>\n<p>Bei der Gestaltung eines <a title=\"Ein Pool ohne Beton ist ein umweltvertr\u00e4glicher Pool\" href=\"https:\/\/bio.design\/de\/ein-umweltvertraeglicher-swimming-pool\/\">Pools ohne Beton<\/a> sind Ihnen bei uns keine Grenzen gesetzt. Vom ovalen Becken oder klassischen Viereck bis hin komplett freien Form. Unsere <strong>exklusiven Innenpools<\/strong> bieten neben \u00c4sthetik eine Vielfalt an Funktionalit\u00e4t, z.B. stimmungsvolles Licht \u2013 \u00fcberzeugen Sie sich selbst![\/vc_column_text][\/vc_column][\/vc_row][vc_row full_width=&#8221;stretch_row&#8221; equal_height=&#8221;yes&#8221; content_placement=&#8221;middle&#8221; el_class=&#8221;spaced&#8221; css=&#8221;.vc_custom_1687182284560{margin-top: 0px !important;padding-top: 40px !important;padding-bottom: 60px !important;}&#8221;][vc_column width=&#8221;8\/12&#8243;][vc_single_image source=&#8221;external_link&#8221; onclick=&#8221;img_link_large&#8221; css=&#8221;.vc_custom_1695205400434{margin-bottom: 0px !important;}&#8221; custom_src=&#8221;https:\/\/bio.design\/wp-content\/gf-uploads\/2020\/02\/piscina-naturale-hotel.jpg&#8221;][\/vc_column][vc_column width=&#8221;4\/12&#8243;][vc_row_inner el_class=&#8221;overlap-left&#8221;][vc_column_inner el_class=&#8221;shadow-box&#8221;]<span class=\"subtitle dash-true style-dark text-default\">Umweltschonende Technik<\/span>[vc_column_text]<\/p>\n<h2>Nachhaltiger Indoor-Pool im Wintergarten<\/h2>\n<p>Dank der einzigartigen, umweltvertr\u00e4glichen Technologie von BIO.design erhalten Sie einen nachhaltigen <a href=\"https:\/\/bio.design\/de\/warum-einen-biodesign-naturpool-waehlen\/\">Beach-Pool<\/a> als <strong>Innenpool<\/strong>: Die Abdichtung unserer Pools besteht aus EPDM, welches von Greenpeace als Alternative zu PVC empfohlen wird.<\/p>\n<p>Unsere Pool-Becken \u00fcberzeugen zudem durch ihr kristallklares Wasser, das zu erholsamen Stunden im Wintergarten oder der hauseigenen Schwimmhalle einl\u00e4dt. Mittels Pool-Technologie wird das Wasser gefiltert und hygienisiert \u2013 f\u00fcr einen langanhaltenden Badespa\u00df![\/vc_column_text][\/vc_column_inner][\/vc_row_inner][\/vc_column][\/vc_row][vc_row full_width=&#8221;stretch_row&#8221; equal_height=&#8221;yes&#8221; content_placement=&#8221;middle&#8221; css=&#8221;.vc_custom_1552388316934{margin-top: 0px !important;padding-bottom: 60px !important;}&#8221;][vc_column width=&#8221;4\/12&#8243;][vc_row_inner el_class=&#8221;overlap-right&#8221;][vc_column_inner el_class=&#8221;shadow-box&#8221;]<span class=\"subtitle dash-true style-dark text-default\">Au\u00dfergew\u00f6hnliche Poolanlagen<\/span>[vc_column_text]<\/p>\n<h2>Pools f\u00fcr Innen und Au\u00dfen<\/h2>\n<p>Ihr Wintergarten, Ihre private Schwimmhalle oder Ihr \u00f6ffentliches Geb\u00e4ude l\u00e4sst es zu, dass Sie Ihren Pool im Innen- und Au\u00dfen-Bereich miteinander kombinieren k\u00f6nnen? Sie w\u00fcnschen sich eine einzigartige Pool-Landschaft im Haus und Garten? Wir machen es m\u00f6glich! Einem <a title=\"Entdecken Sie unsere Biodesign Pools!\" href=\"https:\/\/bio.design\/de\/\">Biodesign-Pool<\/a> sind keine Grenzen gesetzt und gerne denken wir bei Planung und Gestaltung einen separaten, dennoch passenden <a title=\"Au\u00dfenpools f\u00fcr Ihrn Garten\" href=\"https:\/\/bio.design\/de\/aussenpool\/\">Au\u00dfenpool<\/a> mit.[\/vc_column_text][\/vc_column_inner][\/vc_row_inner][\/vc_column][vc_column width=&#8221;8\/12&#8243;][vc_single_image source=&#8221;external_link&#8221; onclick=&#8221;img_link_large&#8221; css=&#8221;.vc_custom_1695205305687{margin-bottom: 0px !important;}&#8221; custom_src=&#8221;https:\/\/bio.design\/wp-content\/gf-uploads\/2019\/07\/Biodesign-Pools-Croazia.jpg&#8221;][\/vc_column][\/vc_row][vc_row full_width=&#8221;stretch_row&#8221; equal_height=&#8221;yes&#8221; content_placement=&#8221;middle&#8221; el_class=&#8221;spaced&#8221; css=&#8221;.vc_custom_1687182284560{margin-top: 0px !important;padding-top: 40px !important;padding-bottom: 60px !important;}&#8221;][vc_column width=&#8221;8\/12&#8243;][vc_single_image image=&#8221;9921075&#8243; onclick=&#8221;img_link_large&#8221; css=&#8221;.vc_custom_1695204134463{margin-bottom: 0px !important;}&#8221;][\/vc_column][vc_column width=&#8221;4\/12&#8243;][vc_row_inner el_class=&#8221;overlap-left&#8221;][vc_column_inner el_class=&#8221;shadow-box&#8221;]<span class=\"subtitle dash-true style-dark text-default\">Unz\u00e4hlige M\u00f6glichkeiten<\/span>[vc_column_text]<\/p>\n<h2>Badespa\u00df innen: Pool-Gestaltung<\/h2>\n<p>Neben Sitzgelegenheiten unter Wasser, einem niedrigeren Wasserlevel f\u00fcr einen Kinderbereich und der Heizung des Wassers sind bei einem Innenpool von BIO.design viele weitere Konfigurationen m\u00f6glich. Hierzu geh\u00f6ren unter anderem:<\/p>\n<ul>\n<li>Geysire<\/li>\n<li>Becken-Reinigung<\/li>\n<li>Becken-Licht<\/li>\n<\/ul>\n<p>Mit unserem Konfigurator k\u00f6nnen Sie sich Ihr Traum-Becken zusammenstellen und sich von BIO.design den idealen <strong>Indoor-Pool bauen<\/strong>\u00a0lassen.[\/vc_column_text][\/vc_column_inner][\/vc_row_inner][\/vc_column][\/vc_row][vc_row full_width=&#8221;stretch_row&#8221; equal_height=&#8221;yes&#8221; content_placement=&#8221;middle&#8221; el_class=&#8221;spaced&#8221; css=&#8221;.vc_custom_1552388328649{margin-top: 0px !important;padding-top: 0px !important;padding-bottom: 60px !important;}&#8221; el_id=&#8221;installazione&#8221;][vc_column width=&#8221;4\/12&#8243;][vc_row_inner el_class=&#8221;overlap-right&#8221;][vc_column_inner el_class=&#8221;shadow-box&#8221;]<span class=\"subtitle dash-true style-dark text-default\">K\u00fcrzere Installationszeit<\/span>[vc_column_text]<\/p>\n<h2>Zeiteffizienter Pool-Bau<\/h2>\n<p>Im Vergleich zum herk\u00f6mmlichen Pool-Einbau \u2013 bei dem mit Beton, PVC, Edelstahl und anderen Material-Arten als Boden gearbeitet wird \u2013 \u00fcberzeugen <strong>Innenpools<\/strong> von BIO.design durch das vereinfachte Baumanagement und die kurzen Installationszeiten. Hinzu kommt, dass der Biodesign-Pool aus einer Hand gebaut werden kann und es somit nur einer Ansprechperson bedarf: Die Kosten f\u00fcr Planung, Baumanagement und den eigentlichen Bau halten sich so in engen Grenzen.[\/vc_column_text][\/vc_column_inner][\/vc_row_inner][vc_column_text][\/vc_column_text][\/vc_column][vc_column width=&#8221;8\/12&#8243;][vc_single_image image=&#8221;9915435&#8243; alignment=&#8221;right&#8221; onclick=&#8221;img_link_large&#8221; css=&#8221;.vc_custom_1695204242510{margin-bottom: 0px !important;}&#8221;][\/vc_column][\/vc_row][vc_row full_width=&#8221;stretch_row&#8221; css=&#8221;.vc_custom_1694185051490{margin-top: 50px !important;margin-bottom: 50px !important;padding-top: 60px !important;padding-bottom: 60px !important;background-color: #0f3c63 !important;}&#8221;][vc_column width=&#8221;1\/3&#8243;]<span class=\"subtitle dash-true style-light text-default\">Installationszeiten<\/span>[vc_column_text]<span style=\"color: #ffffff;\">Gesch\u00e4tzte Bau- und Installationszeiten f\u00fcr einen 60 m\u00b2-Pool durch vier professionelle Handwerker<\/span>[\/vc_column_text][\/vc_column][vc_column width=&#8221;2\/3&#8243;][vc_row_inner][vc_column_inner width=&#8221;1\/2&#8243;]<div class=\"number-box style-dark spacing-30\"><div class=\"number-box-number\">23 Tage<\/div><div class=\"content-box\"><div class=\"content-box-info\"><h3>Traditioneller Swimming Pool mit Materialien wie Beton und Kunststoff<\/h3><\/div><\/div><\/div>[\/vc_column_inner][vc_column_inner width=&#8221;1\/2&#8243;]<div class=\"number-box style-dark spacing-30\"><div class=\"number-box-number\">10 Tage<\/div><div class=\"content-box\"><div class=\"content-box-info\"><h3>Becken mit Biodesign-Pool-Technologie<\/h3><\/div><\/div><\/div>[\/vc_column_inner][\/vc_row_inner][\/vc_column][\/vc_row][vc_row css=&#8221;.vc_custom_1559743558732{padding-top: 0px !important;}&#8221;][vc_column]<span class=\"subtitle dash-false style-dark text-center\"><\/span>[vc_column_text]<\/p>\n<h3 style=\"text-align: center;\">Die Vorteile eines Innenpools<\/h3>\n<p>[\/vc_column_text]<div class=\"dash style-dark centered\"><\/div>[vc_row_inner][vc_column_inner][vc_column_text]Ein Innenpool l\u00e4dt ein zum Tr\u00e4umen und Erholen, zur sportlichen Bet\u00e4tigung und zu gemeinsamen Stunden mit Familie und Freunden. Ein privater Indoor-Pool bietet eine Vielzahl von Vorteilen, die den Badespa\u00df-Faktor noch erh\u00f6hen:<\/p>\n<ul>\n<li>Ganzj\u00e4hrige Nutzung: Ein Indoor-Pool erm\u00f6glicht Ihnen das Schwimmen und Entspannen unabh\u00e4ngig von den Wetterbedingungen. Sie sind nicht auf die warmen Monate beschr\u00e4nkt und k\u00f6nnen den Pool das ganze Jahr \u00fcber nutzen.<\/li>\n<li>Privatsph\u00e4re: Ein eigenes Schwimmbad im Haus bietet Ihnen die M\u00f6glichkeit, Ihre Zeit im Wasser in Ruhe und Privatsph\u00e4re zu genie\u00dfen. Sie m\u00fcssen sich keine Sorgen um neugierige Blicke von Nachbarn oder Passanten machen.<\/li>\n<li>Weniger Wartungsaufwand: Im Vergleich zu Au\u00dfenpools kann ein Innenpool weniger anf\u00e4llig f\u00fcr Verschmutzung sein. Im Geb\u00e4ude fallen weder Bl\u00e4tter, Pollen noch Schmutz in das Pool-Becken. Dies kann den Wartungsaufwand reduzieren und erm\u00f6glicht l\u00e4ngere Nutzung des kristallklaren Wassers.<\/li>\n<li>Sicherheit: Ein Innenpool kann sicherer sein, insbesondere wenn Sie kleine Kinder haben. Sie k\u00f6nnen Barrieren oder Zugangsbeschr\u00e4nkungen einf\u00fchren, um den Zugang zum Pool zu kontrollieren. Zudem haben Sie bei BIO.design die M\u00f6glichkeit des kindgerechten Beckens. Durch den flachen Einstieg in das Wasser bieten die Pools ebenfalls erh\u00f6hte Sicherheit f\u00fcr Haustiere, die problemlos aus dem Pool herauskommen.<\/li>\n<li>Fitness und Entspannung: Ein eigenes Hallenbad als Teil Ihrer Spa-Anlage erm\u00f6glicht es Ihnen, regelm\u00e4\u00dfig Schwimmen als Form der k\u00f6rperlichen Bet\u00e4tigung zu praktizieren, ohne sich um die Verf\u00fcgbarkeit von \u00f6ffentlichen Schwimmb\u00e4dern k\u00fcmmern zu m\u00fcssen. Gleichzeitig bietet er auch eine entspannende Umgebung f\u00fcr Wassergymnastik oder einfach nur zum Relaxen.<\/li>\n<li>Wertsteigerung der Immobilie: Lassen Sie einen Indoorpool bauen, kann dies den Wiederverkaufswert Ihrer Immobilie erh\u00f6hen, da er als Luxusmerkmal angesehen wird und bei potenziellen K\u00e4ufern attraktiv sein kann.<\/li>\n<\/ul>\n<p>Nat\u00fcrlich \u00fcbernimmt BIO.design gerne auch die Planung, Gestaltung und den Bau von \u00f6ffentlichen Poolanlagen wie beispielsweise in Hotels oder Spa- und Wellness-Anlagen. Entdecken Sie unsere <a title=\"Unsere Leistungen und bereits realisierte Pools\" href=\"https:\/\/bio.design\/de\/leistungen\/\">realisierten Pools<\/a> im Innen- und Au\u00dfenbereich wie G\u00e4rten f\u00fcr private sowie \u00f6ffentliche Geb\u00e4ude. Kontaktieren Sie uns mit Ihren individuellen Vorstellungen f\u00fcr Ihren <strong>Innenpool<\/strong>![\/vc_column_text][\/vc_column_inner][\/vc_row_inner][\/vc_column][\/vc_row][vc_row full_width=&#8221;stretch_row&#8221; equal_height=&#8221;yes&#8221; content_placement=&#8221;middle&#8221; css=&#8221;.vc_custom_1559740243966{padding-top: 100px !important;padding-bottom: 100px !important;background-color: #f5f5f5 !important;}&#8221; el_class=&#8221;mobile-full&#8221;][vc_column width=&#8221;2\/3&#8243; css=&#8221;.vc_custom_1559740035747{margin-bottom: 0px !important;padding-top: 0px !important;padding-right: 0px !important;}&#8221; el_class=&#8221;min-height-100&#8243;][vc_column_text css=&#8221;.vc_custom_1695217781442{margin-bottom: 0px !important;}&#8221;]<\/p>\n<h2>Sie wollen einen Indoor-Pool bauen?<\/h2>\n<p>Kontaktieren Sie uns noch heute und wir beginnen mit der Planung![\/vc_column_text][\/vc_column][vc_column width=&#8221;1\/3&#8243;]<a href=\"https:\/\/bio.design\/de\/kostenloses-preis-angebot-an-fordern\/\" class=\"btn btn-primary arrow-right purple\"><span>KONTAKTIEREN SIE UNS<\/span><\/a>[\/vc_column][\/vc_row][vc_row css=&#8221;.vc_custom_1695205593420{margin-top: 100px !important;margin-bottom: 100px !important;}&#8221;][vc_column]<span class=\"subtitle dash-false style-dark text-center\">Preisgekr\u00f6nte Pools von Ihrem Wassertechnik-Profi<\/span>[vc_column_text]<\/p>\n<h2 style=\"text-align: center;\">Pool-Projekte mit BIO.design realisieren<\/h2>\n<p>[\/vc_column_text]<div class=\"dash style-dark centered\"><\/div>[vc_row_inner][vc_column_inner][vc_column_text]BIO.design wurde 1980 in Mailand gegr\u00fcndet und hat sich seitdem als f\u00fchrender Akteur im Bereich der Wassertechnik etabliert. \u00dcber drei Jahrzehnte hinweg haben wir eine umfassende Expertise im Umgang mit Poolanlagen entwickelt und setzen dabei konsequent auf eine gelungene Kombination aus ansprechendem Design und hoher Nutzerfreundlichkeit.<\/p>\n<p>Im Jahr 2007 diente unsere langj\u00e4hrige Erfahrung in der Schaffung von Teichen und biologisch aufbereiteten Pools als Grundlage f\u00fcr die Entwicklung einer bahnbrechenden Neuerung: die BIO.design <a title=\"So funktioniert unsere Pool-Technologie\" href=\"https:\/\/bio.design\/de\/die-biodesign-technik\/\">Pool-Technologie<\/a>. Diese Innovation transferiert die \u00e4sthetischen und \u00f6kologischen Vorz\u00fcge von Teichen in die Welt der Pools. Sie erm\u00f6glicht eine personalisierte Produktgestaltung, reduziert \u00f6kologische Auswirkungen und revolutioniert das Badeerlebnis. In relativ kurzer Zeit avancierten die Biodesign Beach-Pools zu unserem Hauptgesch\u00e4ftsfeld. Wir halten internationale Patente und verf\u00fcgen \u00fcber tiefgehendes, fach\u00fcbergreifendes Wissen. Unsere Teams von Experten begleiten Sie von der Gestaltung f\u00fcr Ihr Innenpool-Design bis hin zum Indoor-Pool-Bau vor Ort \u2013 s\u00e4mtliche Schritte werden von uns abgedeckt.<\/p>\n<p>Gerne k\u00f6nnen Sie unseren <a title=\"Nutzen Sie unseren Pool-Konfigurator!\" href=\"https:\/\/bio.design\/de\/kostenloses-preis-angebot-an-fordern\/\">Poolkonfigurator<\/a> nutzen, um eine unverbindliche Kostensch\u00e4tzung f\u00fcr Ihr Projekt zu erhalten. Wir erwarten Ihre Anfrage mit Freude![\/vc_column_text][\/vc_column_inner][\/vc_row_inner][\/vc_column][\/vc_row]<\/p>\n","protected":false},"excerpt":{"rendered":"<p>[vc_row][vc_column][vc_column_text][\/vc_column_text][\/vc_column][\/vc_row][vc_row css=&#8221;.vc_custom_1559743558732{padding-top: 0px !important;}&#8221;][vc_column][vc_column_text] Mit BIO.design Indoor-Pool bauen [\/vc_column_text][vc_row_inner][vc_column_inner][vc_column_text]Sie wollen Ihrem Wintergarten oder alten Hallenbad den richtigen Touch geben? Mit einem einzigartigen Innenpool von BIO.design verwandeln Sie das Innere Ihres Geb\u00e4udes in Ihre ganz pers\u00f6nliche Wellness-Oase. Dank unserer einzigartigen Technik erh\u00e4lt jeder Innenpool den unverkennbaren Beach-Look, der die Erholung am Strand auch im Haus erm\u00f6glicht. [&hellip;]<\/p>\n","protected":false},"author":627,"featured_media":0,"parent":0,"menu_order":0,"comment_status":"closed","ping_status":"closed","template":"","meta":{"footnotes":""},"class_list":["post-9921224","page","type-page","status-publish","hentry"],"yoast_head":"<!-- This site is optimized with the Yoast SEO plugin v27.4 - https:\/\/yoast.com\/product\/yoast-seo-wordpress\/ -->\n<title>Innenpools: Ihr Indoor-Schwimmbad Zuhause | Biodesign Pools<\/title>\n<meta name=\"description\" content=\"Erschaffen Sie sich mit einem Innenpool einen au\u00dfergew\u00f6hnlichen Ort zu Hause: Ob im Wintergarten oder als Schwimmbad: Mit BIO.design Indoor-Pool bauen!\" \/>\n<meta name=\"robots\" content=\"index, follow, max-snippet:-1, max-image-preview:large, max-video-preview:-1\" \/>\n<link rel=\"canonical\" href=\"https:\/\/bio.design\/de\/innenpool\/\" \/>\n<meta property=\"og:locale\" content=\"de_DE\" \/>\n<meta property=\"og:type\" content=\"article\" \/>\n<meta property=\"og:title\" content=\"Innenpools: Ihr Indoor-Schwimmbad Zuhause | Biodesign Pools\" \/>\n<meta property=\"og:description\" content=\"Erschaffen Sie sich mit einem Innenpool einen au\u00dfergew\u00f6hnlichen Ort zu Hause: Ob im Wintergarten oder als Schwimmbad: Mit BIO.design Indoor-Pool bauen!\" \/>\n<meta property=\"og:url\" content=\"https:\/\/bio.design\/de\/innenpool\/\" \/>\n<meta property=\"og:site_name\" content=\"Biodesign Pools\" \/>\n<meta property=\"article:publisher\" content=\"https:\/\/www.facebook.com\/PiscineBiodesign\/\" \/>\n<meta property=\"article:modified_time\" content=\"2023-10-26T06:47:59+00:00\" \/>\n<meta name=\"twitter:card\" content=\"summary_large_image\" \/>\n<meta name=\"twitter:site\" content=\"@BIODESIGNPOOLS\" \/>\n<meta name=\"twitter:label1\" content=\"Gesch\u00e4tzte Lesezeit\" \/>\n\t<meta name=\"twitter:data1\" content=\"10\u00a0Minuten\" \/>\n<script type=\"application\/ld+json\" class=\"yoast-schema-graph\">{\"@context\":\"https:\\\/\\\/schema.org\",\"@graph\":[{\"@type\":\"WebPage\",\"@id\":\"https:\\\/\\\/bio.design\\\/de\\\/innenpool\\\/\",\"url\":\"https:\\\/\\\/bio.design\\\/de\\\/innenpool\\\/\",\"name\":\"Innenpools: Ihr Indoor-Schwimmbad Zuhause | Biodesign Pools\",\"isPartOf\":{\"@id\":\"https:\\\/\\\/bio.design\\\/#website\"},\"datePublished\":\"2023-09-20T09:39:22+00:00\",\"dateModified\":\"2023-10-26T06:47:59+00:00\",\"description\":\"Erschaffen Sie sich mit einem Innenpool einen au\u00dfergew\u00f6hnlichen Ort zu Hause: Ob im Wintergarten oder als Schwimmbad: Mit BIO.design Indoor-Pool bauen!\",\"breadcrumb\":{\"@id\":\"https:\\\/\\\/bio.design\\\/de\\\/innenpool\\\/#breadcrumb\"},\"inLanguage\":\"de\",\"potentialAction\":[{\"@type\":\"ReadAction\",\"target\":[\"https:\\\/\\\/bio.design\\\/de\\\/innenpool\\\/\"]}]},{\"@type\":\"BreadcrumbList\",\"@id\":\"https:\\\/\\\/bio.design\\\/de\\\/innenpool\\\/#breadcrumb\",\"itemListElement\":[{\"@type\":\"ListItem\",\"position\":1,\"name\":\"Home\",\"item\":\"https:\\\/\\\/bio.design\\\/de\\\/biodesign-pools\\\/\"},{\"@type\":\"ListItem\",\"position\":2,\"name\":\"Luxuri\u00f6se Innenpools: F\u00fcr das Beach-Gef\u00fchl Indoor\"}]},{\"@type\":\"WebSite\",\"@id\":\"https:\\\/\\\/bio.design\\\/#website\",\"url\":\"https:\\\/\\\/bio.design\\\/\",\"name\":\"Biodesign Pools\",\"description\":\"The Living Pool - Natural Pools\",\"publisher\":{\"@id\":\"https:\\\/\\\/bio.design\\\/#organization\"},\"potentialAction\":[{\"@type\":\"SearchAction\",\"target\":{\"@type\":\"EntryPoint\",\"urlTemplate\":\"https:\\\/\\\/bio.design\\\/?s={search_term_string}\"},\"query-input\":{\"@type\":\"PropertyValueSpecification\",\"valueRequired\":true,\"valueName\":\"search_term_string\"}}],\"inLanguage\":\"de\"},{\"@type\":\"Organization\",\"@id\":\"https:\\\/\\\/bio.design\\\/#organization\",\"name\":\"Biodesign Pools\",\"url\":\"https:\\\/\\\/bio.design\\\/\",\"logo\":{\"@type\":\"ImageObject\",\"inLanguage\":\"de\",\"@id\":\"https:\\\/\\\/bio.design\\\/#\\\/schema\\\/logo\\\/image\\\/\",\"url\":\"https:\\\/\\\/bio.design\\\/wp-content\\\/uploads\\\/2021\\\/02\\\/Bio.design-New-Logo-Fb.jpg\",\"contentUrl\":\"https:\\\/\\\/bio.design\\\/wp-content\\\/uploads\\\/2021\\\/02\\\/Bio.design-New-Logo-Fb.jpg\",\"width\":2048,\"height\":1042,\"caption\":\"Biodesign Pools\"},\"image\":{\"@id\":\"https:\\\/\\\/bio.design\\\/#\\\/schema\\\/logo\\\/image\\\/\"},\"sameAs\":[\"https:\\\/\\\/www.facebook.com\\\/PiscineBiodesign\\\/\",\"https:\\\/\\\/x.com\\\/BIODESIGNPOOLS\",\"https:\\\/\\\/www.linkedin.com\\\/company\\\/biodesignpools\\\/\",\"https:\\\/\\\/www.youtube.com\\\/user\\\/BiodesignpoolsIT\"]}]}<\/script>\n<!-- \/ Yoast SEO plugin. -->","yoast_head_json":{"title":"Innenpools: Ihr Indoor-Schwimmbad Zuhause | Biodesign Pools","description":"Erschaffen Sie sich mit einem Innenpool einen au\u00dfergew\u00f6hnlichen Ort zu Hause: Ob im Wintergarten oder als Schwimmbad: Mit BIO.design Indoor-Pool bauen!","robots":{"index":"index","follow":"follow","max-snippet":"max-snippet:-1","max-image-preview":"max-image-preview:large","max-video-preview":"max-video-preview:-1"},"canonical":"https:\/\/bio.design\/de\/innenpool\/","og_locale":"de_DE","og_type":"article","og_title":"Innenpools: Ihr Indoor-Schwimmbad Zuhause | Biodesign Pools","og_description":"Erschaffen Sie sich mit einem Innenpool einen au\u00dfergew\u00f6hnlichen Ort zu Hause: Ob im Wintergarten oder als Schwimmbad: Mit BIO.design Indoor-Pool bauen!","og_url":"https:\/\/bio.design\/de\/innenpool\/","og_site_name":"Biodesign Pools","article_publisher":"https:\/\/www.facebook.com\/PiscineBiodesign\/","article_modified_time":"2023-10-26T06:47:59+00:00","twitter_card":"summary_large_image","twitter_site":"@BIODESIGNPOOLS","twitter_misc":{"Gesch\u00e4tzte Lesezeit":"10\u00a0Minuten"},"schema":{"@context":"https:\/\/schema.org","@graph":[{"@type":"WebPage","@id":"https:\/\/bio.design\/de\/innenpool\/","url":"https:\/\/bio.design\/de\/innenpool\/","name":"Innenpools: Ihr Indoor-Schwimmbad Zuhause | Biodesign Pools","isPartOf":{"@id":"https:\/\/bio.design\/#website"},"datePublished":"2023-09-20T09:39:22+00:00","dateModified":"2023-10-26T06:47:59+00:00","description":"Erschaffen Sie sich mit einem Innenpool einen au\u00dfergew\u00f6hnlichen Ort zu Hause: Ob im Wintergarten oder als Schwimmbad: Mit BIO.design Indoor-Pool bauen!","breadcrumb":{"@id":"https:\/\/bio.design\/de\/innenpool\/#breadcrumb"},"inLanguage":"de","potentialAction":[{"@type":"ReadAction","target":["https:\/\/bio.design\/de\/innenpool\/"]}]},{"@type":"BreadcrumbList","@id":"https:\/\/bio.design\/de\/innenpool\/#breadcrumb","itemListElement":[{"@type":"ListItem","position":1,"name":"Home","item":"https:\/\/bio.design\/de\/biodesign-pools\/"},{"@type":"ListItem","position":2,"name":"Luxuri\u00f6se Innenpools: F\u00fcr das Beach-Gef\u00fchl Indoor"}]},{"@type":"WebSite","@id":"https:\/\/bio.design\/#website","url":"https:\/\/bio.design\/","name":"Biodesign Pools","description":"The Living Pool - Natural Pools","publisher":{"@id":"https:\/\/bio.design\/#organization"},"potentialAction":[{"@type":"SearchAction","target":{"@type":"EntryPoint","urlTemplate":"https:\/\/bio.design\/?s={search_term_string}"},"query-input":{"@type":"PropertyValueSpecification","valueRequired":true,"valueName":"search_term_string"}}],"inLanguage":"de"},{"@type":"Organization","@id":"https:\/\/bio.design\/#organization","name":"Biodesign Pools","url":"https:\/\/bio.design\/","logo":{"@type":"ImageObject","inLanguage":"de","@id":"https:\/\/bio.design\/#\/schema\/logo\/image\/","url":"https:\/\/bio.design\/wp-content\/uploads\/2021\/02\/Bio.design-New-Logo-Fb.jpg","contentUrl":"https:\/\/bio.design\/wp-content\/uploads\/2021\/02\/Bio.design-New-Logo-Fb.jpg","width":2048,"height":1042,"caption":"Biodesign Pools"},"image":{"@id":"https:\/\/bio.design\/#\/schema\/logo\/image\/"},"sameAs":["https:\/\/www.facebook.com\/PiscineBiodesign\/","https:\/\/x.com\/BIODESIGNPOOLS","https:\/\/www.linkedin.com\/company\/biodesignpools\/","https:\/\/www.youtube.com\/user\/BiodesignpoolsIT"]}]}},"_links":{"self":[{"href":"https:\/\/bio.design\/de\/wp-json\/wp\/v2\/pages\/9921224","targetHints":{"allow":["GET"]}}],"collection":[{"href":"https:\/\/bio.design\/de\/wp-json\/wp\/v2\/pages"}],"about":[{"href":"https:\/\/bio.design\/de\/wp-json\/wp\/v2\/types\/page"}],"author":[{"embeddable":true,"href":"https:\/\/bio.design\/de\/wp-json\/wp\/v2\/users\/627"}],"replies":[{"embeddable":true,"href":"https:\/\/bio.design\/de\/wp-json\/wp\/v2\/comments?post=9921224"}],"version-history":[{"count":6,"href":"https:\/\/bio.design\/de\/wp-json\/wp\/v2\/pages\/9921224\/revisions"}],"predecessor-version":[{"id":9921369,"href":"https:\/\/bio.design\/de\/wp-json\/wp\/v2\/pages\/9921224\/revisions\/9921369"}],"wp:attachment":[{"href":"https:\/\/bio.design\/de\/wp-json\/wp\/v2\/media?parent=9921224"}],"curies":[{"name":"wp","href":"https:\/\/api.w.org\/{rel}","templated":true}]}}