{"id":9920168,"date":"2022-12-15T15:40:49","date_gmt":"2022-12-15T14:40:49","guid":{"rendered":"https:\/\/bio.design\/biodesign-news-copy\/"},"modified":"2022-12-15T17:19:51","modified_gmt":"2022-12-15T16:19:51","slug":"biodesign-news","status":"publish","type":"page","link":"https:\/\/bio.design\/de\/biodesign-news\/","title":{"rendered":"Biodesign News"},"content":{"rendered":"<p>[vc_row full_width=&#8221;stretch_row&#8221; video_bg=&#8221;yes&#8221; video_bg_url=&#8221;https:\/\/www.youtube.com\/watch?v=5IbMAuMGWTg&#8221;][vc_column width=&#8221;1\/2&#8243;][vc_single_image image=&#8221;9920147&#8243; img_size=&#8221;large&#8221; alignment=&#8221;right&#8221; css=&#8221;.vc_custom_1671117417180{margin-top: 30px !important;}&#8221;][\/vc_column][vc_column width=&#8221;1\/2&#8243;][vc_row_inner equal_height=&#8221;yes&#8221; el_class=&#8221;overlap-left&#8221;][vc_column_inner][vc_cta h2=&#8221;Die letzten News aus der Welt von Biodesign!&#8221; h4=&#8221;#thelivingpool&#8221; shape=&#8221;round&#8221; style=&#8221;custom&#8221; el_class=&#8221;overlap-left&#8221; custom_background=&#8221;#f2f2f2&#8243; custom_text=&#8221;#cec2ab&#8221;]<\/p>\n<h3>Bleiben Sie in Bezug auf die letzten Neuheiten aus der Welt von Biodesign auf dem neuesten Stand!<\/h3>\n<p>Im Bereich <strong>Biodesign News<\/strong> stehen viele neue Inhalte f\u00fcr Sie bereit:<\/p>\n<ul>\n<li>Neue Einrichtungen.<\/li>\n<li>Neuheiten zu den Biodesign-Produkten<\/li>\n<li>Erreichte und zu erreichende Ziele.<\/li>\n<li>Neuheiten im Unternehmen.<\/li>\n<li>Und viele andere Neuigkeiten!<\/li>\n<\/ul>\n<p>[\/vc_cta][\/vc_column_inner][\/vc_row_inner][\/vc_column][\/vc_row][vc_row][vc_column][vc_empty_space height=&#8221;120px&#8221;][\/vc_column][\/vc_row][vc_row full_width=&#8221;stretch_row_content&#8221;][vc_column width=&#8221;1\/4&#8243;][vc_single_image image=&#8221;9920115&#8243; alignment=&#8221;center&#8221; style=&#8221;vc_box_rounded&#8221; css=&#8221;.vc_custom_1667472578755{border-radius: 15px !important;}&#8221;][\/vc_column][vc_column width=&#8221;1\/4&#8243;][vc_row_inner el_class=&#8221;overlap-left&#8221;][vc_column_inner][vc_cta h2=&#8221;Biodesign &#8211; Piscine Global 2022&#8243; h4=&#8221;Kommen Sie uns besuchen!&#8221; shape=&#8221;round&#8221; color=&#8221;chino&#8221; add_button=&#8221;bottom&#8221; btn_title=&#8221;Zugang anfragen&#8221; btn_shape=&#8221;round&#8221; btn_color=&#8221;chino&#8221; btn_i_icon_fontawesome=&#8221;fas fa-chevron-circle-right&#8221; btn_add_icon=&#8221;true&#8221; btn_link=&#8221;url:https%3A%2F%2Fpass.piscine-global-europe.com%2Fvisiteur%2Fprofessionnel%2Fvos_informations.htm%3Futm_source%3Dsendinblue%26utm_medium%3Demail%26utm_campaign%3DCampagna%2BInviti%2BPiscine%2BGlobal%2B2022|target:_blank&#8221;]<strong>Piscine Global<\/strong> ist die richtungsweisende Veranstaltung, bei der die Akteure im Sektor Swimmingpools und Wellness zusammentreffen.<\/p>\n<p>Eine internationale Veranstaltung, die es nicht zu verpassen gilt, auf dem neuesten Stand der Innovation und dazu gedacht, den Trends vorzugreifen, die Entwicklungen zu f\u00f6rdern, das Netzwerk auszubauen und das Business zu st\u00e4rken.<\/p>\n<h3><span class=\"Y2IQFc\" lang=\"it\">Wann?<\/span><\/h3>\n<p><span class=\"Y2IQFc\" lang=\"it\"><strong>15. bis 18. November 2022<\/strong><\/span><\/p>\n<h3>Wo?<\/h3>\n<p><strong><span class=\"Y2IQFc\" lang=\"it\">Euroexpo, Lyon<\/span><\/strong><\/p>\n<p><span class=\"Y2IQFc\" lang=\"it\">Anschrift: Boulevard de l&#8217;Europe, 69686 Chassieu <\/span><\/p>\n<p><strong><span class=\"Y2IQFc\" lang=\"it\">PAVILLON 6, STAND A52<\/span><\/strong>[\/vc_cta][\/vc_column_inner][\/vc_row_inner][\/vc_column][vc_column width=&#8221;1\/4&#8243;][vc_single_image image=&#8221;9920129&#8243; style=&#8221;vc_box_rounded&#8221; css=&#8221;.vc_custom_1667474594653{border-radius: 15px !important;}&#8221;][\/vc_column][vc_column width=&#8221;1\/4&#8243;][vc_row_inner el_class=&#8221;overlap-left&#8221;][vc_column_inner][vc_cta h2=&#8221;Biodesign USA &#8211; PSP Deck Expo 2022&#8243; h4=&#8221;Las Vegas&#8221; shape=&#8221;round&#8221; color=&#8221;chino&#8221; add_button=&#8221;bottom&#8221; btn_title=&#8221;Jetzt registrieren&#8221; btn_shape=&#8221;round&#8221; btn_color=&#8221;chino&#8221; btn_i_icon_fontawesome=&#8221;fas fa-chevron-circle-right&#8221; btn_add_icon=&#8221;true&#8221; btn_link=&#8221;url:https%3A%2F%2Fwww.compusystems.com%2Fservlet%2Far%3Fevt_uid%3D303%26site%3D|target:_blank&#8221;]Die <strong>International Pool | Spa | Patio Expo&#x2122;<\/strong>, die zusammen mit der Deck Expo (PSP\/Deck Expo) stattfindet, ist die Fachmesse, bei der alle Akteure des Sektors (Swimmingpools, Spa, Patio, Bohlenbel\u00e4ge und Outdoor Living) zusammentreffen, um sich hinsichtlich Trends, Marktentwicklung und neuer Entwicklungen auszutauschen.<\/p>\n<p>Die Veranstaltung bietet den Fachleuten der Branche eine umfassende Auswahl an Informationsveranstaltungen, einen Ausstellungspavillon und verschiedene Networking-Gelegenheiten.<\/p>\n<h3>Wann?<\/h3>\n<p><strong>15-17 November<\/strong><\/p>\n<h3>Wo?<\/h3>\n<p>Las Vegas Convention Center<\/p>\n<p><strong>STAND 7960<\/strong>[\/vc_cta][\/vc_column_inner][\/vc_row_inner][\/vc_column][\/vc_row][vc_row full_width=&#8221;stretch_row_content&#8221;][vc_column width=&#8221;1\/4&#8243;][vc_single_image image=&#8221;9919744&#8243; style=&#8221;vc_box_rounded&#8221; css=&#8221;.vc_custom_1663684349259{border-radius: 15px !important;}&#8221;][\/vc_column][vc_column width=&#8221;1\/4&#8243;][vc_row_inner el_class=&#8221;overlap-left&#8221;][vc_column_inner][vc_cta h2=&#8221;Die neue Biodesign-Karte ist online&#8221; h4=&#8221;Suchen Sie Ihren Vertragsh\u00e4ndler&#8221; shape=&#8221;round&#8221; color=&#8221;chino&#8221; add_button=&#8221;bottom&#8221; btn_title=&#8221;Biodesign-H\u00e4ndler&#8221; btn_shape=&#8221;round&#8221; btn_color=&#8221;chino&#8221; btn_i_icon_fontawesome=&#8221;fas fa-chevron-circle-right&#8221; btn_add_icon=&#8221;true&#8221; btn_link=&#8221;url:https%3A%2F%2Fbio.design%2Fmappa-biodesign%2F|target:_blank&#8221;]Biodesign hat die <strong>Karte der anerkannten Vertragsh\u00e4ndler<\/strong> f\u00fcr Italien ver\u00f6ffentlicht.<\/p>\n<p>Finden Sie den <strong>Swimmingpool-Fachmann<\/strong> in Ihrer N\u00e4he![\/vc_cta][\/vc_column_inner][\/vc_row_inner][\/vc_column][vc_column width=&#8221;1\/4&#8243;][vc_single_image image=&#8221;9919670&#8243; style=&#8221;vc_box_rounded&#8221; css=&#8221;.vc_custom_1663157942451{border-radius: 15px !important;}&#8221;][\/vc_column][vc_column width=&#8221;1\/4&#8243;][vc_row_inner el_class=&#8221;overlap-left&#8221;][vc_column_inner][vc_cta h2=&#8221;Biodesign &#8211; GaLaBau 2022 Exhibition&#8221; h4=&#8221;N\u00fcrnberg&#8221; shape=&#8221;round&#8221; color=&#8221;chino&#8221; add_button=&#8221;bottom&#8221; btn_title=&#8221;Zugang kaufen&#8221; btn_shape=&#8221;round&#8221; btn_color=&#8221;chino&#8221; btn_i_icon_fontawesome=&#8221;fas fa-chevron-circle-right&#8221; btn_add_icon=&#8221;true&#8221; btn_link=&#8221;url:https%3A%2F%2Fwww.galabau-messe.com%2F|target:_blank&#8221;]Kommen Sie uns bei der <strong>GaLaBau Exhibition<\/strong> in N\u00fcrnberg (Deutschland) vom <strong>14. bis 17. September<\/strong> besuchen&#8230;Sie k\u00f6nnen uns im <strong>Pavillon 3A, Stand 619 finden<\/strong>.<\/p>\n<p>Biodesign erwartet Sie![\/vc_cta][\/vc_column_inner][\/vc_row_inner][\/vc_column][\/vc_row][vc_row full_width=&#8221;stretch_row_content&#8221;][vc_column width=&#8221;1\/4&#8243;][vc_single_image image=&#8221;9919768&#8243; img_size=&#8221;medium&#8221; alignment=&#8221;right&#8221;][\/vc_column][vc_column width=&#8221;1\/4&#8243;][vc_row_inner el_class=&#8221;overlap-left&#8221;][vc_column_inner][vc_cta h2=&#8221;Antonio Filippi &#8211; Zum CEO von Biodesign S.p.A. ernannt&#8221; h4=&#8221;Wir stellen Ihnen den neuen Gesch\u00e4ftsf\u00fchrer von Biodesign S.p.A. vor.&#8221; shape=&#8221;round&#8221; color=&#8221;chino&#8221; add_button=&#8221;bottom&#8221; btn_title=&#8221;Mehr entdecken&#8221; btn_shape=&#8221;round&#8221; btn_color=&#8221;chino&#8221; btn_i_icon_fontawesome=&#8221;fas fa-chevron-circle-right&#8221; btn_add_icon=&#8221;true&#8221; btn_link=&#8221;url:http%3A%2F%2Flinkedin.com%2Fin%2Fantonio-filippi-3b39a81a|target:_blank&#8221; btn_el_class=&#8221;blu&#8221;]Im Juli 2022 wurde der <strong>Ingenieur Antonio Filippi<\/strong> als <strong>CEO<\/strong> Teil von Biodesign. Nach ca. 15 Jahren Erfahrung bei DAB beschloss er, eine neue Herausforderung anzunehmen und in die Welt der Swimmingpools \u201eeinzutauchen\u201c, indem er die Leitung eines der innovativsten Unternehmen der Branche \u00fcbernahm.<\/p>\n<p>Der CEO Antonio Filippi hat erkl\u00e4rt, diesem neuen pers\u00f6nlichen und beruflichen Abenteuer voller Aufregung entgegenzusehen. Er sieht in Biodesign ein junges Unternehmen mit schnellen Wachstumsperspektiven, das eine innovative <strong>Pool experience<\/strong> vermittelt.<\/p>\n<p>Abschlie\u00dfend erkl\u00e4rte Ingenieur Filippi, dass Biodesign optimistisch in die Zukunft blickt und sich zum Ziel gesetzt hat, in \u00dcbersee zu wachsen und seine neue Vision von Swimmingpools zu exportieren.[\/vc_cta][\/vc_column_inner][\/vc_row_inner][\/vc_column][vc_column width=&#8221;1\/4&#8243;][vc_single_image image=&#8221;9919759&#8243; style=&#8221;vc_box_rounded&#8221; css=&#8221;.vc_custom_1663689147127{border-radius: 15px !important;}&#8221;][\/vc_column][vc_column width=&#8221;1\/4&#8243;][vc_row_inner el_class=&#8221;overlap-left&#8221;][vc_column_inner][vc_cta h2=&#8221;Biodesign expandiert!&#8221; h4=&#8221;Star Capital, ein Private-Equity-Fonds, wird Teil des Unternehmenskapitals&#8221; shape=&#8221;round&#8221; color=&#8221;chino&#8221; add_button=&#8221;bottom&#8221; btn_title=&#8221;Mehr entdecken&#8221; btn_shape=&#8221;round&#8221; btn_color=&#8221;chino&#8221; btn_i_icon_fontawesome=&#8221;fas fa-chevron-circle-right&#8221; btn_add_icon=&#8221;true&#8221; btn_link=&#8221;url:https%3A%2F%2Flegalcommunity.it%2Fstar-capital-api-italia-biodesign-studi%2F|target:_blank&#8221;]2021 beschloss <strong>Star Capital<\/strong>, ein Private-Equity-Fonds mit Sitz in Mailand, die Mehrheitsanteile des Konzerns A.p.i. Italia SRL zu erwerben: so entstand <strong>Biodesign S.p.A<\/strong>.<\/p>\n<p>Dank dieser \u00dcbernahme tritt Biodesign mit beachtlichen Investitionen in den globalen Markt ein und st\u00e4rkt so seine Stellung im Swimmingpoolsektor.[\/vc_cta][\/vc_column_inner][\/vc_row_inner][\/vc_column][\/vc_row][vc_row full_width=&#8221;stretch_row_content&#8221;][vc_column width=&#8221;1\/4&#8243;][vc_single_image image=&#8221;9914662&#8243; style=&#8221;vc_box_rounded&#8221; css=&#8221;.vc_custom_1663601039829{border-radius: 15px !important;}&#8221;][\/vc_column][vc_column width=&#8221;1\/4&#8243;][vc_row_inner el_class=&#8221;overlap-left&#8221;][vc_column_inner][vc_cta h2=&#8221;Ein Biodesign-Pool im Herzen der Euganeischen H\u00fcgel&#8221; h4=&#8221;Hotel Relilax &#8211; Montegrotto Terme&#8221; shape=&#8221;round&#8221; color=&#8221;chino&#8221; add_button=&#8221;bottom&#8221; btn_title=&#8221;Mehr entdecken&#8221; btn_shape=&#8221;round&#8221; btn_color=&#8221;chino&#8221; btn_i_icon_fontawesome=&#8221;fas fa-chevron-circle-right&#8221; btn_add_icon=&#8221;true&#8221; btn_link=&#8221;url:https%3A%2F%2Fwww.relilax.it%2Fp%2Fpiscina-allaperto-le-palme-unica-a-montegrotto-terme-ed-abano%2F|target:_blank&#8221; btn_el_class=&#8221;blu&#8221;]<strong>Relilax<\/strong> steht als Sch\u00f6nheitsfarm in Italien ihrer Geschichte und Gr\u00f6\u00dfe nach an erster Stelle. Seit 1982 hat sie ihren Sitz in einem der renommiertesten Thermalhotels, dem Hotel Terme Miramonti von Montegrotto in den Euganeischen H\u00fcgeln, 15 Kilometer von Padua entfernt, und wird von der alteingesessenen Hotelierfamilie Braggion geleitet.<\/p>\n<p>Dieses Hotel ist zum besten Ort geworden, um das aufregende Gef\u00fchl eines Bads in einem <strong>Biodesign-Pool zu erleben<\/strong>, <strong>der an 365 Tagen des Jahres zur Verf\u00fcgung steht<\/strong>![\/vc_cta][\/vc_column_inner][\/vc_row_inner][\/vc_column][vc_column width=&#8221;1\/4&#8243;][vc_single_image image=&#8221;9919049&#8243; style=&#8221;vc_box_rounded&#8221; css=&#8221;.vc_custom_1663343584820{border-radius: 15px !important;}&#8221;][\/vc_column][vc_column width=&#8221;1\/4&#8243;][vc_row_inner el_class=&#8221;overlap-left&#8221;][vc_column_inner][vc_cta h2=&#8221;Schwimmen Sie sicher und beruhigt mit Microban!&#8221; h4=&#8221;Biodesign und Microban\u00ae \u2013 Antibakterielle Kunststoff&#8221; shape=&#8221;round&#8221; color=&#8221;chino&#8221; add_button=&#8221;bottom&#8221; btn_title=&#8221;Mehr entdecken&#8221; btn_shape=&#8221;round&#8221; btn_color=&#8221;chino&#8221; btn_i_icon_fontawesome=&#8221;fas fa-chevron-circle-right&#8221; btn_add_icon=&#8221;true&#8221; btn_link=&#8221;url:https%3A%2F%2Fwww.microban.com%2Fit%2Fbiodesign-pools-antibacterial-resin-paving-system-swimming-pools|target:_blank&#8221;]Biodesign ist Partner von <strong>Microban International<\/strong> bei der Schaffung eines strukturellen Beschichtungssystem aus <strong>antibakteriellen Kunststoffen<\/strong>.<\/p>\n<p>Der Schutz <strong>Microban\u00ae SilverShield\u00ae<\/strong> wird zur Biodesign-Technologie bereits w\u00e4hrend der Herstellungsphase hinzugef\u00fcgt. Nach der Beschichtung des Pools bietet die spezielle Formulierung den Oberfl\u00e4chen einen anhaltenden <strong>Schutz gegen Bakterienbefall<\/strong> und die damit einhergehende Beeintr\u00e4chtigung der Materialien.[\/vc_cta][\/vc_column_inner][\/vc_row_inner][\/vc_column][\/vc_row]<\/p>\n","protected":false},"excerpt":{"rendered":"<p>[vc_row full_width=&#8221;stretch_row&#8221; video_bg=&#8221;yes&#8221; video_bg_url=&#8221;https:\/\/www.youtube.com\/watch?v=5IbMAuMGWTg&#8221;][vc_column width=&#8221;1\/2&#8243;][vc_single_image image=&#8221;9920147&#8243; img_size=&#8221;large&#8221; alignment=&#8221;right&#8221; css=&#8221;.vc_custom_1671117417180{margin-top: 30px !important;}&#8221;][\/vc_column][vc_column width=&#8221;1\/2&#8243;][vc_row_inner equal_height=&#8221;yes&#8221; el_class=&#8221;overlap-left&#8221;][vc_column_inner][vc_cta h2=&#8221;Die letzten News aus der Welt von Biodesign!&#8221; h4=&#8221;#thelivingpool&#8221; shape=&#8221;round&#8221; style=&#8221;custom&#8221; el_class=&#8221;overlap-left&#8221; custom_background=&#8221;#f2f2f2&#8243; custom_text=&#8221;#cec2ab&#8221;] Bleiben Sie in Bezug auf die letzten Neuheiten aus der Welt von Biodesign auf dem neuesten Stand! Im Bereich Biodesign News stehen viele neue Inhalte f\u00fcr Sie [&hellip;]<\/p>\n","protected":false},"author":3,"featured_media":0,"parent":0,"menu_order":0,"comment_status":"closed","ping_status":"closed","template":"","meta":{"footnotes":""},"class_list":["post-9920168","page","type-page","status-publish","hentry"],"yoast_head":"<!-- This site is optimized with the Yoast SEO plugin v27.4 - https:\/\/yoast.com\/product\/yoast-seo-wordpress\/ -->\n<title>Biodesign News | Biodesign Pools<\/title>\n<meta name=\"robots\" content=\"index, follow, max-snippet:-1, max-image-preview:large, max-video-preview:-1\" \/>\n<link rel=\"canonical\" href=\"https:\/\/bio.design\/de\/biodesign-news\/\" \/>\n<meta property=\"og:locale\" content=\"de_DE\" \/>\n<meta property=\"og:type\" content=\"article\" \/>\n<meta property=\"og:title\" content=\"Biodesign News | Biodesign Pools\" \/>\n<meta property=\"og:description\" content=\"[vc_row full_width=&#8221;stretch_row&#8221; video_bg=&#8221;yes&#8221; video_bg_url=&#8221;https:\/\/www.youtube.com\/watch?v=5IbMAuMGWTg&#8221;][vc_column width=&#8221;1\/2&#8243;][vc_single_image image=&#8221;9920147&#8243; img_size=&#8221;large&#8221; alignment=&#8221;right&#8221; css=&#8221;.vc_custom_1671117417180{margin-top: 30px !important;}&#8221;][\/vc_column][vc_column width=&#8221;1\/2&#8243;][vc_row_inner equal_height=&#8221;yes&#8221; el_class=&#8221;overlap-left&#8221;][vc_column_inner][vc_cta h2=&#8221;Die letzten News aus der Welt von Biodesign!&#8221; h4=&#8221;#thelivingpool&#8221; shape=&#8221;round&#8221; style=&#8221;custom&#8221; el_class=&#8221;overlap-left&#8221; custom_background=&#8221;#f2f2f2&#8243; custom_text=&#8221;#cec2ab&#8221;] Bleiben Sie in Bezug auf die letzten Neuheiten aus der Welt von Biodesign auf dem neuesten Stand! Im Bereich Biodesign News stehen viele neue Inhalte f\u00fcr Sie [&hellip;]\" \/>\n<meta property=\"og:url\" content=\"https:\/\/bio.design\/de\/biodesign-news\/\" \/>\n<meta property=\"og:site_name\" content=\"Biodesign Pools\" \/>\n<meta property=\"article:publisher\" content=\"https:\/\/www.facebook.com\/PiscineBiodesign\/\" \/>\n<meta property=\"article:modified_time\" content=\"2022-12-15T16:19:51+00:00\" \/>\n<meta name=\"twitter:card\" content=\"summary_large_image\" \/>\n<meta name=\"twitter:site\" content=\"@BIODESIGNPOOLS\" \/>\n<meta name=\"twitter:label1\" content=\"Gesch\u00e4tzte Lesezeit\" \/>\n\t<meta name=\"twitter:data1\" content=\"7\u00a0Minuten\" \/>\n<script type=\"application\/ld+json\" class=\"yoast-schema-graph\">{\"@context\":\"https:\\\/\\\/schema.org\",\"@graph\":[{\"@type\":\"WebPage\",\"@id\":\"https:\\\/\\\/bio.design\\\/de\\\/biodesign-news\\\/\",\"url\":\"https:\\\/\\\/bio.design\\\/de\\\/biodesign-news\\\/\",\"name\":\"Biodesign News | Biodesign Pools\",\"isPartOf\":{\"@id\":\"https:\\\/\\\/bio.design\\\/#website\"},\"datePublished\":\"2022-12-15T14:40:49+00:00\",\"dateModified\":\"2022-12-15T16:19:51+00:00\",\"breadcrumb\":{\"@id\":\"https:\\\/\\\/bio.design\\\/de\\\/biodesign-news\\\/#breadcrumb\"},\"inLanguage\":\"de\",\"potentialAction\":[{\"@type\":\"ReadAction\",\"target\":[\"https:\\\/\\\/bio.design\\\/de\\\/biodesign-news\\\/\"]}]},{\"@type\":\"BreadcrumbList\",\"@id\":\"https:\\\/\\\/bio.design\\\/de\\\/biodesign-news\\\/#breadcrumb\",\"itemListElement\":[{\"@type\":\"ListItem\",\"position\":1,\"name\":\"Home\",\"item\":\"https:\\\/\\\/bio.design\\\/de\\\/biodesign-pools\\\/\"},{\"@type\":\"ListItem\",\"position\":2,\"name\":\"Biodesign News\"}]},{\"@type\":\"WebSite\",\"@id\":\"https:\\\/\\\/bio.design\\\/#website\",\"url\":\"https:\\\/\\\/bio.design\\\/\",\"name\":\"Biodesign Pools\",\"description\":\"The Living Pool - Natural Pools\",\"publisher\":{\"@id\":\"https:\\\/\\\/bio.design\\\/#organization\"},\"potentialAction\":[{\"@type\":\"SearchAction\",\"target\":{\"@type\":\"EntryPoint\",\"urlTemplate\":\"https:\\\/\\\/bio.design\\\/?s={search_term_string}\"},\"query-input\":{\"@type\":\"PropertyValueSpecification\",\"valueRequired\":true,\"valueName\":\"search_term_string\"}}],\"inLanguage\":\"de\"},{\"@type\":\"Organization\",\"@id\":\"https:\\\/\\\/bio.design\\\/#organization\",\"name\":\"Biodesign Pools\",\"url\":\"https:\\\/\\\/bio.design\\\/\",\"logo\":{\"@type\":\"ImageObject\",\"inLanguage\":\"de\",\"@id\":\"https:\\\/\\\/bio.design\\\/#\\\/schema\\\/logo\\\/image\\\/\",\"url\":\"https:\\\/\\\/bio.design\\\/wp-content\\\/uploads\\\/2021\\\/02\\\/Bio.design-New-Logo-Fb.jpg\",\"contentUrl\":\"https:\\\/\\\/bio.design\\\/wp-content\\\/uploads\\\/2021\\\/02\\\/Bio.design-New-Logo-Fb.jpg\",\"width\":2048,\"height\":1042,\"caption\":\"Biodesign Pools\"},\"image\":{\"@id\":\"https:\\\/\\\/bio.design\\\/#\\\/schema\\\/logo\\\/image\\\/\"},\"sameAs\":[\"https:\\\/\\\/www.facebook.com\\\/PiscineBiodesign\\\/\",\"https:\\\/\\\/x.com\\\/BIODESIGNPOOLS\",\"https:\\\/\\\/www.linkedin.com\\\/company\\\/biodesignpools\\\/\",\"https:\\\/\\\/www.youtube.com\\\/user\\\/BiodesignpoolsIT\"]}]}<\/script>\n<!-- \/ Yoast SEO plugin. -->","yoast_head_json":{"title":"Biodesign News | Biodesign Pools","robots":{"index":"index","follow":"follow","max-snippet":"max-snippet:-1","max-image-preview":"max-image-preview:large","max-video-preview":"max-video-preview:-1"},"canonical":"https:\/\/bio.design\/de\/biodesign-news\/","og_locale":"de_DE","og_type":"article","og_title":"Biodesign News | Biodesign Pools","og_description":"[vc_row full_width=&#8221;stretch_row&#8221; video_bg=&#8221;yes&#8221; video_bg_url=&#8221;https:\/\/www.youtube.com\/watch?v=5IbMAuMGWTg&#8221;][vc_column width=&#8221;1\/2&#8243;][vc_single_image image=&#8221;9920147&#8243; img_size=&#8221;large&#8221; alignment=&#8221;right&#8221; css=&#8221;.vc_custom_1671117417180{margin-top: 30px !important;}&#8221;][\/vc_column][vc_column width=&#8221;1\/2&#8243;][vc_row_inner equal_height=&#8221;yes&#8221; el_class=&#8221;overlap-left&#8221;][vc_column_inner][vc_cta h2=&#8221;Die letzten News aus der Welt von Biodesign!&#8221; h4=&#8221;#thelivingpool&#8221; shape=&#8221;round&#8221; style=&#8221;custom&#8221; el_class=&#8221;overlap-left&#8221; custom_background=&#8221;#f2f2f2&#8243; custom_text=&#8221;#cec2ab&#8221;] Bleiben Sie in Bezug auf die letzten Neuheiten aus der Welt von Biodesign auf dem neuesten Stand! Im Bereich Biodesign News stehen viele neue Inhalte f\u00fcr Sie [&hellip;]","og_url":"https:\/\/bio.design\/de\/biodesign-news\/","og_site_name":"Biodesign Pools","article_publisher":"https:\/\/www.facebook.com\/PiscineBiodesign\/","article_modified_time":"2022-12-15T16:19:51+00:00","twitter_card":"summary_large_image","twitter_site":"@BIODESIGNPOOLS","twitter_misc":{"Gesch\u00e4tzte Lesezeit":"7\u00a0Minuten"},"schema":{"@context":"https:\/\/schema.org","@graph":[{"@type":"WebPage","@id":"https:\/\/bio.design\/de\/biodesign-news\/","url":"https:\/\/bio.design\/de\/biodesign-news\/","name":"Biodesign News | Biodesign Pools","isPartOf":{"@id":"https:\/\/bio.design\/#website"},"datePublished":"2022-12-15T14:40:49+00:00","dateModified":"2022-12-15T16:19:51+00:00","breadcrumb":{"@id":"https:\/\/bio.design\/de\/biodesign-news\/#breadcrumb"},"inLanguage":"de","potentialAction":[{"@type":"ReadAction","target":["https:\/\/bio.design\/de\/biodesign-news\/"]}]},{"@type":"BreadcrumbList","@id":"https:\/\/bio.design\/de\/biodesign-news\/#breadcrumb","itemListElement":[{"@type":"ListItem","position":1,"name":"Home","item":"https:\/\/bio.design\/de\/biodesign-pools\/"},{"@type":"ListItem","position":2,"name":"Biodesign News"}]},{"@type":"WebSite","@id":"https:\/\/bio.design\/#website","url":"https:\/\/bio.design\/","name":"Biodesign Pools","description":"The Living Pool - Natural Pools","publisher":{"@id":"https:\/\/bio.design\/#organization"},"potentialAction":[{"@type":"SearchAction","target":{"@type":"EntryPoint","urlTemplate":"https:\/\/bio.design\/?s={search_term_string}"},"query-input":{"@type":"PropertyValueSpecification","valueRequired":true,"valueName":"search_term_string"}}],"inLanguage":"de"},{"@type":"Organization","@id":"https:\/\/bio.design\/#organization","name":"Biodesign Pools","url":"https:\/\/bio.design\/","logo":{"@type":"ImageObject","inLanguage":"de","@id":"https:\/\/bio.design\/#\/schema\/logo\/image\/","url":"https:\/\/bio.design\/wp-content\/uploads\/2021\/02\/Bio.design-New-Logo-Fb.jpg","contentUrl":"https:\/\/bio.design\/wp-content\/uploads\/2021\/02\/Bio.design-New-Logo-Fb.jpg","width":2048,"height":1042,"caption":"Biodesign Pools"},"image":{"@id":"https:\/\/bio.design\/#\/schema\/logo\/image\/"},"sameAs":["https:\/\/www.facebook.com\/PiscineBiodesign\/","https:\/\/x.com\/BIODESIGNPOOLS","https:\/\/www.linkedin.com\/company\/biodesignpools\/","https:\/\/www.youtube.com\/user\/BiodesignpoolsIT"]}]}},"_links":{"self":[{"href":"https:\/\/bio.design\/de\/wp-json\/wp\/v2\/pages\/9920168","targetHints":{"allow":["GET"]}}],"collection":[{"href":"https:\/\/bio.design\/de\/wp-json\/wp\/v2\/pages"}],"about":[{"href":"https:\/\/bio.design\/de\/wp-json\/wp\/v2\/types\/page"}],"author":[{"embeddable":true,"href":"https:\/\/bio.design\/de\/wp-json\/wp\/v2\/users\/3"}],"replies":[{"embeddable":true,"href":"https:\/\/bio.design\/de\/wp-json\/wp\/v2\/comments?post=9920168"}],"version-history":[{"count":5,"href":"https:\/\/bio.design\/de\/wp-json\/wp\/v2\/pages\/9920168\/revisions"}],"predecessor-version":[{"id":9920179,"href":"https:\/\/bio.design\/de\/wp-json\/wp\/v2\/pages\/9920168\/revisions\/9920179"}],"wp:attachment":[{"href":"https:\/\/bio.design\/de\/wp-json\/wp\/v2\/media?parent=9920168"}],"curies":[{"name":"wp","href":"https:\/\/api.w.org\/{rel}","templated":true}]}}