{"id":9916101,"date":"2020-06-10T10:36:07","date_gmt":"2020-06-10T09:36:07","guid":{"rendered":"https:\/\/bio.design\/?page_id=9916101"},"modified":"2026-03-26T10:38:13","modified_gmt":"2026-03-26T09:38:13","slug":"biodesign-pools-video","status":"publish","type":"page","link":"https:\/\/bio.design\/de\/biodesign-pools-video\/","title":{"rendered":"Bio.design Pools Video"},"content":{"rendered":"<p>[vc_section][vc_row][vc_column][vc_empty_space height=&#8221;80px&#8221;][vc_column_text]<\/p>\n<h1 style=\"text-align: center;\">BIO.DESIGN VIDEO GALERIE<\/h1>\n<p>[\/vc_column_text][vc_column_text]<\/p>\n<h3 style=\"text-align: center;\">Entdecken Sie die Welt von Bio.design durch unsere Videogalerie.<\/h3>\n<p style=\"text-align: center;\">In diesem Bereich k\u00f6nnen Sie unsere Projekte, die Konstruktionsdetails und die einzigartige Wirkung unserer Beach Pools entdecken.<\/p>\n<p style=\"text-align: center;\">Jedes Video erz\u00e4hlt ein Projekt und zeigt die Freiheit der Formen, die Materialit\u00e4t der Oberfl\u00e4chen sowie die Harmonie zwischen Wasser, Sand und Landschaft.<\/p>\n<p style=\"text-align: center;\">Lassen Sie sich inspirieren und stellen Sie sich Ihre eigene Bio.design Oase vor.<\/p>\n<p>[\/vc_column_text]<p class=\"text-center\"><a href=\"https:\/\/www.youtube.com\/@BiodesignpoolsIT\" target=\"_blank\" class=\"btn btn-primary arrow-right\"><span>Besuchen Sie unsere YouTube-Seite<\/span><\/a><\/p>[vc_empty_space height=&#8221;50px&#8221;][\/vc_column][\/vc_row][vc_row][vc_column width=&#8221;1\/2&#8243;][vc_raw_html]JTNDdmlkZW8lMjBjb250cm9scyUyMGF1dG9wbGF5JTIwbXV0ZWQlMjBsb29wJTIwcGxheXNpbmxpbmUlMjBzdHlsZSUzRCUyMndpZHRoJTNBMTAwJTI1JTNCJTIwaGVpZ2h0JTNBYXV0byUzQiUyMiUzRSUwQSUyMCUyMCUzQ3NvdXJjZSUyMHNyYyUzRCUyMmh0dHBzJTNBJTJGJTJGYmlvLmRlc2lnbiUyRndwLWNvbnRlbnQlMkZ1cGxvYWRzJTJGMjAyNiUyRjAzJTJGcmVlbC1ob3RlbG1pbGFubzEubXA0JTIyJTIwdHlwZSUzRCUyMnZpZGVvJTJGbXA0JTIyJTNFJTBBJTIwJTIwSWwlMjB0dW8lMjBicm93c2VyJTIwbm9uJTIwc3VwcG9ydGElMjBpbCUyMHRhZyUyMHZpZGVvLiUwQSUzQyUyRnZpZGVvJTNF[\/vc_raw_html][\/vc_column][vc_column width=&#8221;1\/2&#8243;][vc_raw_html]JTNDdmlkZW8lMjBhdXRvcGxheSUyMG11dGVkJTIwbG9vcCUyMHBsYXlzaW5saW5lJTIwc3R5bGUlM0QlMjJ3aWR0aCUzQTEwMCUyNSUzQiUyMGhlaWdodCUzQWF1dG8lM0IlMjBvYmplY3QtZml0JTNBY292ZXIlM0IlMjIlM0UlMEElMjAlMjAlM0Nzb3VyY2UlMjBzcmMlM0QlMjJodHRwcyUzQSUyRiUyRmJpby5kZXNpZ24lMkZ3cC1jb250ZW50JTJGdXBsb2FkcyUyRjIwMjYlMkYwMyUyRjE2LTlfQ0VSVl9TSVRPLm1wNCUyMiUyMHR5cGUlM0QlMjJ2aWRlbyUyRm1wNCUyMiUzRSUwQSUzQyUyRnZpZGVvJTNF[\/vc_raw_html][vc_raw_html]JTNDdmlkZW8lMjBhdXRvcGxheSUyMG11dGVkJTIwbG9vcCUyMHBsYXlzaW5saW5lJTIwc3R5bGUlM0QlMjJ3aWR0aCUzQTEwMCUyNSUzQiUyMGhlaWdodCUzQWF1dG8lM0IlMjBvYmplY3QtZml0JTNBY292ZXIlM0IlMjIlM0UlMEElMjAlMjAlM0Nzb3VyY2UlMjBzcmMlM0QlMjJodHRwcyUzQSUyRiUyRmJpby5kZXNpZ24lMkZ3cC1jb250ZW50JTJGdXBsb2FkcyUyRjIwMjYlMkYwMyUyRnZpZGVvLW90dG9uZS1zaXRvLTE2XzkubXA0JTIyJTIwdHlwZSUzRCUyMnZpZGVvJTJGbXA0JTIyJTNFJTBBJTNDJTJGdmlkZW8lM0U=[\/vc_raw_html][vc_raw_html]JTNDdmlkZW8lMjBhdXRvcGxheSUyMG11dGVkJTIwbG9vcCUyMHBsYXlzaW5saW5lJTIwc3R5bGUlM0QlMjJ3aWR0aCUzQTEwMCUyNSUzQiUyMGhlaWdodCUzQWF1dG8lM0IlMjBvYmplY3QtZml0JTNBY292ZXIlM0IlMjIlM0UlMEElMjAlMjAlM0Nzb3VyY2UlMjBzcmMlM0QlMjJodHRwcyUzQSUyRiUyRmJpby5kZXNpZ24lMkZ3cC1jb250ZW50JTJGdXBsb2FkcyUyRjIwMjYlMkYwMyUyRnZpZGVvLWplc29sby1zaXRvLTE2XzkubXA0JTIyJTIwdHlwZSUzRCUyMnZpZGVvJTJGbXA0JTIyJTNFJTBBJTNDJTJGdmlkZW8lM0U=[\/vc_raw_html][\/vc_column][\/vc_row][\/vc_section][vc_row full_width=&#8221;stretch_row&#8221; equal_height=&#8221;yes&#8221; content_placement=&#8221;middle&#8221; el_class=&#8221;mobile-full&#8221; css=&#8221;.vc_custom_1592386136315{padding-top: 100px !important;padding-bottom: 100px !important;background-color: #f5f5f5 !important;}&#8221;][vc_column width=&#8221;1\/2&#8243;][vc_column_text]<\/p>\n<h2><span style=\"font-weight: 200;\">Sind Sie an einem <strong>Bio.design <\/strong>interessiert?<\/span><\/h2>\n<h2><span style=\"font-weight: 200;\">Warten Sie nicht <\/span><span style=\"font-weight: 200;\">l\u00e4nger<\/span><span style=\"font-weight: 200;\">. Kontaktieren Sie uns sofort!<\/span><\/h2>\n<p>[\/vc_column_text][\/vc_column][vc_column width=&#8221;1\/2&#8243;]<p class=\"text-center\"><a href=\"https:\/\/bio.design\/de\/kostenloses-preis-angebot-an-fordern\/\" target=\"_blank\" class=\"btn btn-primary arrow-right purple\"><span>KONTAKTIEREN SIE UNS<\/span><\/a><\/p>[\/vc_column][\/vc_row]<\/p>\n","protected":false},"excerpt":{"rendered":"<p>[vc_section][vc_row][vc_column][vc_empty_space height=&#8221;80px&#8221;][vc_column_text] BIO.DESIGN VIDEO GALERIE [\/vc_column_text][vc_column_text] Entdecken Sie die Welt von Bio.design durch unsere Videogalerie. In diesem Bereich k\u00f6nnen Sie unsere Projekte, die Konstruktionsdetails und die einzigartige Wirkung unserer Beach Pools entdecken. Jedes Video erz\u00e4hlt ein Projekt und zeigt die Freiheit der Formen, die Materialit\u00e4t der Oberfl\u00e4chen sowie die Harmonie zwischen Wasser, Sand und Landschaft. [&hellip;]<\/p>\n","protected":false},"author":3,"featured_media":0,"parent":0,"menu_order":0,"comment_status":"closed","ping_status":"closed","template":"page-slider.php","meta":{"footnotes":""},"class_list":["post-9916101","page","type-page","status-publish","hentry"],"yoast_head":"<!-- This site is optimized with the Yoast SEO plugin v27.4 - https:\/\/yoast.com\/product\/yoast-seo-wordpress\/ -->\n<title>Bio.design Pools Video | Biodesign Pools<\/title>\n<meta name=\"description\" content=\"Entdecken Sie die Bio.design Videogalerie mit einzigartigen Strandpools, innovativen Designs und inspirierenden Projekten.\" \/>\n<meta name=\"robots\" content=\"index, follow, max-snippet:-1, max-image-preview:large, max-video-preview:-1\" \/>\n<link rel=\"canonical\" href=\"https:\/\/bio.design\/de\/biodesign-pools-video\/\" \/>\n<meta property=\"og:locale\" content=\"de_DE\" \/>\n<meta property=\"og:type\" content=\"article\" \/>\n<meta property=\"og:title\" content=\"Bio.design Pools Video | Biodesign Pools\" \/>\n<meta property=\"og:description\" content=\"Entdecken Sie die Bio.design Videogalerie mit einzigartigen Strandpools, innovativen Designs und inspirierenden Projekten.\" \/>\n<meta property=\"og:url\" content=\"https:\/\/bio.design\/de\/biodesign-pools-video\/\" \/>\n<meta property=\"og:site_name\" content=\"Biodesign Pools\" \/>\n<meta property=\"article:publisher\" content=\"https:\/\/www.facebook.com\/PiscineBiodesign\/\" \/>\n<meta property=\"article:modified_time\" content=\"2026-03-26T09:38:13+00:00\" \/>\n<meta name=\"twitter:card\" content=\"summary_large_image\" \/>\n<meta name=\"twitter:site\" content=\"@BIODESIGNPOOLS\" \/>\n<meta name=\"twitter:label1\" content=\"Gesch\u00e4tzte Lesezeit\" \/>\n\t<meta name=\"twitter:data1\" content=\"2\u00a0Minuten\" \/>\n<script type=\"application\/ld+json\" class=\"yoast-schema-graph\">{\"@context\":\"https:\\\/\\\/schema.org\",\"@graph\":[{\"@type\":\"WebPage\",\"@id\":\"https:\\\/\\\/bio.design\\\/de\\\/biodesign-pools-video\\\/\",\"url\":\"https:\\\/\\\/bio.design\\\/de\\\/biodesign-pools-video\\\/\",\"name\":\"Bio.design Pools Video | Biodesign Pools\",\"isPartOf\":{\"@id\":\"https:\\\/\\\/bio.design\\\/#website\"},\"datePublished\":\"2020-06-10T09:36:07+00:00\",\"dateModified\":\"2026-03-26T09:38:13+00:00\",\"description\":\"Entdecken Sie die Bio.design Videogalerie mit einzigartigen Strandpools, innovativen Designs und inspirierenden Projekten.\",\"breadcrumb\":{\"@id\":\"https:\\\/\\\/bio.design\\\/de\\\/biodesign-pools-video\\\/#breadcrumb\"},\"inLanguage\":\"de\",\"potentialAction\":[{\"@type\":\"ReadAction\",\"target\":[\"https:\\\/\\\/bio.design\\\/de\\\/biodesign-pools-video\\\/\"]}]},{\"@type\":\"BreadcrumbList\",\"@id\":\"https:\\\/\\\/bio.design\\\/de\\\/biodesign-pools-video\\\/#breadcrumb\",\"itemListElement\":[{\"@type\":\"ListItem\",\"position\":1,\"name\":\"Home\",\"item\":\"https:\\\/\\\/bio.design\\\/de\\\/biodesign-pools\\\/\"},{\"@type\":\"ListItem\",\"position\":2,\"name\":\"Bio.design Pools Video\"}]},{\"@type\":\"WebSite\",\"@id\":\"https:\\\/\\\/bio.design\\\/#website\",\"url\":\"https:\\\/\\\/bio.design\\\/\",\"name\":\"Biodesign Pools\",\"description\":\"The Living Pool - Natural Pools\",\"publisher\":{\"@id\":\"https:\\\/\\\/bio.design\\\/#organization\"},\"potentialAction\":[{\"@type\":\"SearchAction\",\"target\":{\"@type\":\"EntryPoint\",\"urlTemplate\":\"https:\\\/\\\/bio.design\\\/?s={search_term_string}\"},\"query-input\":{\"@type\":\"PropertyValueSpecification\",\"valueRequired\":true,\"valueName\":\"search_term_string\"}}],\"inLanguage\":\"de\"},{\"@type\":\"Organization\",\"@id\":\"https:\\\/\\\/bio.design\\\/#organization\",\"name\":\"Biodesign Pools\",\"url\":\"https:\\\/\\\/bio.design\\\/\",\"logo\":{\"@type\":\"ImageObject\",\"inLanguage\":\"de\",\"@id\":\"https:\\\/\\\/bio.design\\\/#\\\/schema\\\/logo\\\/image\\\/\",\"url\":\"https:\\\/\\\/bio.design\\\/wp-content\\\/uploads\\\/2021\\\/02\\\/Bio.design-New-Logo-Fb.jpg\",\"contentUrl\":\"https:\\\/\\\/bio.design\\\/wp-content\\\/uploads\\\/2021\\\/02\\\/Bio.design-New-Logo-Fb.jpg\",\"width\":2048,\"height\":1042,\"caption\":\"Biodesign Pools\"},\"image\":{\"@id\":\"https:\\\/\\\/bio.design\\\/#\\\/schema\\\/logo\\\/image\\\/\"},\"sameAs\":[\"https:\\\/\\\/www.facebook.com\\\/PiscineBiodesign\\\/\",\"https:\\\/\\\/x.com\\\/BIODESIGNPOOLS\",\"https:\\\/\\\/www.linkedin.com\\\/company\\\/biodesignpools\\\/\",\"https:\\\/\\\/www.youtube.com\\\/user\\\/BiodesignpoolsIT\"]}]}<\/script>\n<!-- \/ Yoast SEO plugin. -->","yoast_head_json":{"title":"Bio.design Pools Video | Biodesign Pools","description":"Entdecken Sie die Bio.design Videogalerie mit einzigartigen Strandpools, innovativen Designs und inspirierenden Projekten.","robots":{"index":"index","follow":"follow","max-snippet":"max-snippet:-1","max-image-preview":"max-image-preview:large","max-video-preview":"max-video-preview:-1"},"canonical":"https:\/\/bio.design\/de\/biodesign-pools-video\/","og_locale":"de_DE","og_type":"article","og_title":"Bio.design Pools Video | Biodesign Pools","og_description":"Entdecken Sie die Bio.design Videogalerie mit einzigartigen Strandpools, innovativen Designs und inspirierenden Projekten.","og_url":"https:\/\/bio.design\/de\/biodesign-pools-video\/","og_site_name":"Biodesign Pools","article_publisher":"https:\/\/www.facebook.com\/PiscineBiodesign\/","article_modified_time":"2026-03-26T09:38:13+00:00","twitter_card":"summary_large_image","twitter_site":"@BIODESIGNPOOLS","twitter_misc":{"Gesch\u00e4tzte Lesezeit":"2\u00a0Minuten"},"schema":{"@context":"https:\/\/schema.org","@graph":[{"@type":"WebPage","@id":"https:\/\/bio.design\/de\/biodesign-pools-video\/","url":"https:\/\/bio.design\/de\/biodesign-pools-video\/","name":"Bio.design Pools Video | Biodesign Pools","isPartOf":{"@id":"https:\/\/bio.design\/#website"},"datePublished":"2020-06-10T09:36:07+00:00","dateModified":"2026-03-26T09:38:13+00:00","description":"Entdecken Sie die Bio.design Videogalerie mit einzigartigen Strandpools, innovativen Designs und inspirierenden Projekten.","breadcrumb":{"@id":"https:\/\/bio.design\/de\/biodesign-pools-video\/#breadcrumb"},"inLanguage":"de","potentialAction":[{"@type":"ReadAction","target":["https:\/\/bio.design\/de\/biodesign-pools-video\/"]}]},{"@type":"BreadcrumbList","@id":"https:\/\/bio.design\/de\/biodesign-pools-video\/#breadcrumb","itemListElement":[{"@type":"ListItem","position":1,"name":"Home","item":"https:\/\/bio.design\/de\/biodesign-pools\/"},{"@type":"ListItem","position":2,"name":"Bio.design Pools Video"}]},{"@type":"WebSite","@id":"https:\/\/bio.design\/#website","url":"https:\/\/bio.design\/","name":"Biodesign Pools","description":"The Living Pool - Natural Pools","publisher":{"@id":"https:\/\/bio.design\/#organization"},"potentialAction":[{"@type":"SearchAction","target":{"@type":"EntryPoint","urlTemplate":"https:\/\/bio.design\/?s={search_term_string}"},"query-input":{"@type":"PropertyValueSpecification","valueRequired":true,"valueName":"search_term_string"}}],"inLanguage":"de"},{"@type":"Organization","@id":"https:\/\/bio.design\/#organization","name":"Biodesign Pools","url":"https:\/\/bio.design\/","logo":{"@type":"ImageObject","inLanguage":"de","@id":"https:\/\/bio.design\/#\/schema\/logo\/image\/","url":"https:\/\/bio.design\/wp-content\/uploads\/2021\/02\/Bio.design-New-Logo-Fb.jpg","contentUrl":"https:\/\/bio.design\/wp-content\/uploads\/2021\/02\/Bio.design-New-Logo-Fb.jpg","width":2048,"height":1042,"caption":"Biodesign Pools"},"image":{"@id":"https:\/\/bio.design\/#\/schema\/logo\/image\/"},"sameAs":["https:\/\/www.facebook.com\/PiscineBiodesign\/","https:\/\/x.com\/BIODESIGNPOOLS","https:\/\/www.linkedin.com\/company\/biodesignpools\/","https:\/\/www.youtube.com\/user\/BiodesignpoolsIT"]}]}},"_links":{"self":[{"href":"https:\/\/bio.design\/de\/wp-json\/wp\/v2\/pages\/9916101","targetHints":{"allow":["GET"]}}],"collection":[{"href":"https:\/\/bio.design\/de\/wp-json\/wp\/v2\/pages"}],"about":[{"href":"https:\/\/bio.design\/de\/wp-json\/wp\/v2\/types\/page"}],"author":[{"embeddable":true,"href":"https:\/\/bio.design\/de\/wp-json\/wp\/v2\/users\/3"}],"replies":[{"embeddable":true,"href":"https:\/\/bio.design\/de\/wp-json\/wp\/v2\/comments?post=9916101"}],"version-history":[{"count":4,"href":"https:\/\/bio.design\/de\/wp-json\/wp\/v2\/pages\/9916101\/revisions"}],"predecessor-version":[{"id":9933624,"href":"https:\/\/bio.design\/de\/wp-json\/wp\/v2\/pages\/9916101\/revisions\/9933624"}],"wp:attachment":[{"href":"https:\/\/bio.design\/de\/wp-json\/wp\/v2\/media?parent=9916101"}],"curies":[{"name":"wp","href":"https:\/\/api.w.org\/{rel}","templated":true}]}}