{"id":9915140,"date":"2019-04-09T12:47:56","date_gmt":"2019-04-09T11:47:56","guid":{"rendered":"https:\/\/bio.design\/?page_id=9915140"},"modified":"2025-05-19T12:03:53","modified_gmt":"2025-05-19T11:03:53","slug":"datenschutzrichtlinie","status":"publish","type":"page","link":"https:\/\/bio.design\/de\/datenschutzrichtlinie\/","title":{"rendered":"Datenschutzrichtlinie"},"content":{"rendered":"<p>[vc_row][vc_column][vc_column_text]<\/p>\n<h2 data-start=\"343\" data-end=\"372\">Datenschutzerkl\u00e4rung<\/h2>\n<h3 data-start=\"374\" data-end=\"432\"><strong data-start=\"374\" data-end=\"432\">Informationen zur Verarbeitung personenbezogener Daten<\/strong><\/h3>\n<p class=\"\" data-start=\"434\" data-end=\"949\">Auf dieser Seite werden die Verfahrensweisen zur Verwaltung dieser Website in Bezug auf die Verarbeitung personenbezogener Daten der Besucher beschrieben. Es handelt sich um eine Information, die in \u00dcbereinstimmung mit den geltenden Vorschriften zum Datenschutz f\u00fcr Benutzer bereitgestellt wird, die mit den Diensten dieser Website im Rahmen der EU-Verordnung 2016\/679 interagieren. Die Information gilt nur f\u00fcr diese Website und nicht f\u00fcr andere Websites, die der Benutzer m\u00f6glicherweise \u00fcber unsere Links aufruft.<\/p>\n<p class=\"\" data-start=\"951\" data-end=\"1271\">Innerhalb dieser Information erl\u00e4utern wir, auf welche Weise Biodesign S.p.A. pers\u00f6nliche und nicht-pers\u00f6nliche Informationen erhebt und verarbeitet, die beim Besuch der Website Bio.design gesammelt werden, und welche Sicherheitsma\u00dfnahmen Biodesign S.p.A. ergreift, um die Daten seiner Nutzer zu sch\u00fctzen und zu sichern.<\/p>\n<h3 data-start=\"1273\" data-end=\"1313\"><strong data-start=\"1273\" data-end=\"1313\">1. Verantwortlicher der Verarbeitung<\/strong><\/h3>\n<p class=\"\" data-start=\"1315\" data-end=\"1883\">Im Anschluss an die Nutzung der Website k\u00f6nnen Daten verarbeitet werden, die sich auf identifizierte oder identifizierbare Personen beziehen. Verantwortlicher der Verarbeitung ist die Gesellschaft Biodesign S.p.A. (C.F.: 05842170150 \u2013 USt-IdNr.: 05842170150 \u2013 Stammkapital \u20ac\u202f140.000,00 i.\u202fA. \u2013 Handelsregister BS Nr.\u202f05842170150 \u2013 Tel. +39.049.88.62.961 \/ Tel. +39.88.63.067 \u2013 Fax +39.049.88.69.414) mit Sitz in Galleria San Babila\u202f4\/B \u2013 20122 \u2013 Mailand (MI). Der Verantwortliche ist per E\u2011Mail unter <a class=\"cursor-pointer\" rel=\"noopener\" data-start=\"1816\" data-end=\"1831\">info@bio.design<\/a> und telefonisch unter +39.049.88.62.961 erreichbar.<\/p>\n<h3 data-start=\"1885\" data-end=\"1917\"><strong data-start=\"1885\" data-end=\"1917\">2. Ort der Datenverarbeitung<\/strong><\/h3>\n<p class=\"\" data-start=\"1919\" data-end=\"2281\">Die mit den Webdiensten verbundenen Verarbeitungen werden ausschlie\u00dflich von technischem Personal der zust\u00e4ndigen Abteilung oder von etwaigen Beauftragten f\u00fcr gelegentliche Wartungsarbeiten durchgef\u00fchrt. Keine Daten, die durch die Interaktion auf der Website Bio.design entstehen, werden an andere als im Punkt\u202f8 genannte Empf\u00e4nger weitergegeben oder verbreitet.<\/p>\n<h3 data-start=\"2283\" data-end=\"2332\"><strong data-start=\"2283\" data-end=\"2332\">3. Zweck der Verarbeitung und Rechtsgrundlage<\/strong><\/h3>\n<p class=\"\" data-start=\"2334\" data-end=\"2911\">Die von den Nutzern auf freiwilliger Basis \u00fcbermittelten personenbezogenen Daten, etwa im Rahmen von Anfragen oder zur Nutzung von auf der Website angebotenen Diensten oder Produkten, werden ausschlie\u00dflich zum Zweck der Bearbeitung der Anfragen oder zur Erbringung der angeforderten Dienstleistung bzw. Leistung verwendet und nur dann an Dritte weitergegeben, wenn dies zur Erreichung dieses Zwecks erforderlich ist. Rechtsgrundlage ist die Erforderlichkeit zur Beantwortung der Anfragen oder zur Durchf\u00fchrung der im Einvernehmen mit den Betroffenen getroffenen Vereinbarungen.<\/p>\n<p class=\"\" data-start=\"2913\" data-end=\"3185\">Mit ausdr\u00fccklicher Zustimmung des Nutzers d\u00fcrfen die Daten f\u00fcr werbliche Zwecke im Zusammenhang mit Angeboten zus\u00e4tzlicher Produkte oder Dienstleistungen des Verantwortlichen verwendet werden. Rechtsgrundlage daf\u00fcr ist die freiwillig erteilte Einwilligung des Betroffenen.<\/p>\n<p class=\"\" data-start=\"3187\" data-end=\"3365\">Au\u00dferhalb dieser F\u00e4lle werden Nutzungsdaten nur so lange gespeichert, wie dies f\u00fcr die Verwaltung der Verarbeitungsaktivit\u00e4ten im gesetzlich vorgesehenen Rahmen erforderlich ist.<\/p>\n<p class=\"\" data-start=\"3367\" data-end=\"3575\">Biodesign S.p.A. verwendet die personenbezogenen Daten des Nutzers, um die vom Nutzer \u00fcber das Webformular angeforderte Leistung zu erbringen. Die genannten Daten werden auch zu folgenden Zwecken verarbeitet:<\/p>\n<ul data-start=\"3577\" data-end=\"3821\">\n<li class=\"\" data-start=\"3577\" data-end=\"3754\">\n<p class=\"\" data-start=\"3579\" data-end=\"3754\"><strong data-start=\"3579\" data-end=\"3616\">Kommerzielle und Marketing-Zwecke<\/strong> durch Versand von Post, E\u2011Mails oder Nachrichten \u00fcber Veranstaltungen, Aktionen und Angebote im Zusammenhang mit Naturpools Bio.design.<\/p>\n<\/li>\n<li class=\"\" data-start=\"3755\" data-end=\"3821\">\n<p class=\"\" data-start=\"3757\" data-end=\"3821\"><strong data-start=\"3757\" data-end=\"3821\">Erf\u00fcllung steuerlicher und buchhalterischer Verpflichtungen.<\/strong><\/p>\n<\/li>\n<\/ul>\n<h3 data-start=\"3823\" data-end=\"3860\"><strong data-start=\"3823\" data-end=\"3860\">4. Ma\u00dfnahmen zum Schutz der Daten<\/strong><\/h3>\n<p class=\"\" data-start=\"3862\" data-end=\"4463\">Biodesign S.p.A. sch\u00fctzt alle online erhaltenen Informationen mit dedizierten und geeigneten Sicherheitssystemen. Pers\u00f6nliche Informationen werden mit technischen Mitteln nur so lange verarbeitet, wie es zur Erreichung des Verarbeitungszwecks notwendig ist. Dennoch ist das Internet per se kein vollst\u00e4ndig sicheres Medium, und Biodesign S.p.A. kann trotz aller Schutzma\u00dfnahmen Ziel von Cyberangriffen Dritter werden. In einem solchen Fall verpflichtet sich Biodesign S.p.A., gem\u00e4\u00df der EU-Verordnung 2016\/679 (DSGVO), die betroffenen Nutzer \u00fcber Sicherheitsverletzungen (Data Breaches) zu informieren.<\/p>\n<h3 data-start=\"4465\" data-end=\"4501\"><strong data-start=\"4465\" data-end=\"4501\">5. Arten der verarbeiteten Daten<\/strong><\/h3>\n<h4 data-start=\"4503\" data-end=\"5413\"><strong data-start=\"4503\" data-end=\"4525\">5.1. Nutzungsdaten<\/strong><\/h4>\n<p class=\"\" data-start=\"4503\" data-end=\"5413\">Die IT-Systeme und Software-Verfahren, die den Betrieb der Website sicherstellen, erfassen im normalen Betrieb bestimmte Daten, deren \u00dcbermittlung durch die Internetkommunikationsprotokolle impliziert ist. Dabei handelt es sich um Informationen, die nicht erhoben wurden, um sie bestimmten Personen zuzuordnen, die aber durch Verkn\u00fcpfung mit Daten Dritter eine Identifizierung erm\u00f6glichen k\u00f6nnten. Zu diesen Daten geh\u00f6ren IP-Adressen oder Domainnamen der anfragenden Rechner, URI-Adressen der angeforderten Ressourcen, Zeitstempel, HTTP-Anfragemethode, Dateigr\u00f6\u00dfe, numerischer Statuscode der Serverantwort und weitere Parameter zum Betriebssystem und der IT-Umgebung. Diese Daten werden ausschlie\u00dflich zur anonymen Statistik und zur Gew\u00e4hrleistung des einwandfreien Betriebs der Website verwendet und anschlie\u00dfend gel\u00f6scht. Sie k\u00f6nnen zur Kl\u00e4rung von IT-Straftaten herangezogen werden.<\/p>\n<p class=\"\" data-start=\"5415\" data-end=\"5547\">Daten, die f\u00fcr personalisierte Werbung und Cookies genutzt werden, k\u00f6nnen f\u00fcr gezielte und nicht-gezielte Werbung eingesetzt werden.<\/p>\n<h4 data-start=\"5549\" data-end=\"5979\"><strong data-start=\"5549\" data-end=\"5601\">5.2. Vom Nutzer freiwillig bereitgestellte Daten<\/strong><\/h4>\n<p class=\"\" data-start=\"5549\" data-end=\"5979\">Die freiwillige, ausdr\u00fcckliche und eigenst\u00e4ndige \u00dcbermittlung von E\u2011Mails an die auf der Website angegebenen Adressen oder das Ausf\u00fcllen von Formularen (z.\u202fB. Kontaktanfragen) f\u00fchrt zur Speicherung der Absenderadresse und aller weiteren im Formular angegebenen pers\u00f6nlichen Daten. Spezifische Kurzinformationen werden schrittweise auf den daf\u00fcr vorgesehenen Seiten angezeigt.<\/p>\n<h4 data-start=\"5981\" data-end=\"6478\"><strong data-start=\"5981\" data-end=\"5997\">5.3. Cookies<\/strong><\/h4>\n<p class=\"\" data-start=\"5981\" data-end=\"6478\">Cookies sind Textdateien, die mit Zustimmung des Nutzers auf dessen Endger\u00e4t gespeichert werden. Sie dienen der Optimierung der Webanalyse und markieren wiederkehrende Besuche. Es werden keine personenbezogenen Daten \u00fcber Cookies erhoben, keine persistente Tracking-Cookies eingesetzt. Session-Cookies dienen ausschlie\u00dflich der \u00dcbertragung zuf\u00e4llig generierter Sitzungskennungen zum sicheren und effizienten Surfen. Sie erm\u00f6glichen keinen R\u00fcckschluss auf personenbezogene Daten.<\/p>\n<p class=\"\" data-start=\"6480\" data-end=\"6667\">Mit der Zustimmung zur Cookie-Nutzung erkl\u00e4rt der Nutzer sein Einverst\u00e4ndnis zur Verarbeitung personenbezogener Daten f\u00fcr personalisierte Werbung und zur Verbesserung der Nutzererfahrung.<\/p>\n<h4 data-start=\"6669\" data-end=\"6936\"><strong data-start=\"6669\" data-end=\"6708\">6. Freiwilligkeit der Datenerhebung<\/strong><\/h4>\n<p class=\"\" data-start=\"6669\" data-end=\"6936\">Abgesehen von den festgelegten Nutzungsdaten ist die Preisgabe personenbezogener Daten f\u00fcr die Inanspruchnahme der angebotenen Dienste freiwillig. Die Nichtbereitstellung kann zur Unm\u00f6glichkeit der Leistungserbringung f\u00fchren.<\/p>\n<h4 data-start=\"6938\" data-end=\"7375\"><strong data-start=\"6938\" data-end=\"6987\">7. Verarbeitungsmodalit\u00e4ten und Speicherdauer<\/strong><\/h4>\n<p class=\"\" data-start=\"6938\" data-end=\"7375\">Personenbezogene Daten werden automatisiert so lange gespeichert, wie es f\u00fcr die Erreichung der jeweils verfolgten Zwecke erforderlich ist. Es werden Schutzma\u00dfnahmen ergriffen, um Datenverlust, unbefugte Verarbeitung oder Zugriff zu verhindern. Nach Wegfall des Zwecks werden Daten gel\u00f6scht, sofern keine gesetzlichen Aufbewahrungsfristen bestehen oder Rechte verteidigt werden m\u00fcssen.<\/p>\n<h4 data-start=\"7377\" data-end=\"7462\"><strong data-start=\"7377\" data-end=\"7401\">8. Daten\u00fcbermittlung<\/strong><\/h4>\n<p class=\"\" data-start=\"7377\" data-end=\"7462\">Ihre personenbezogenen Daten k\u00f6nnen \u00fcbermittelt werden an:<\/p>\n<ul data-start=\"7464\" data-end=\"8259\">\n<li class=\"\" data-start=\"7464\" data-end=\"7501\">\n<p class=\"\" data-start=\"7466\" data-end=\"7501\">Mitarbeiter von Biodesign S.p.A.;<\/p>\n<\/li>\n<li class=\"\" data-start=\"7502\" data-end=\"7524\">\n<p class=\"\" data-start=\"7504\" data-end=\"7524\">Zeitarbeitskr\u00e4fte;<\/p>\n<\/li>\n<li class=\"\" data-start=\"7525\" data-end=\"7537\">\n<p class=\"\" data-start=\"7527\" data-end=\"7537\">Berater;<\/p>\n<\/li>\n<li class=\"\" data-start=\"7538\" data-end=\"7559\">\n<p class=\"\" data-start=\"7540\" data-end=\"7559\">Handelsvertreter;<\/p>\n<\/li>\n<li class=\"\" data-start=\"7560\" data-end=\"7616\">\n<p class=\"\" data-start=\"7562\" data-end=\"7616\">Autorisierte H\u00e4ndler von Biodesign Pools und Mylago;<\/p>\n<\/li>\n<li class=\"\" data-start=\"7617\" data-end=\"7642\">\n<p class=\"\" data-start=\"7619\" data-end=\"7642\">Transportunternehmen;<\/p>\n<\/li>\n<li class=\"\" data-start=\"7643\" data-end=\"7659\">\n<p class=\"\" data-start=\"7645\" data-end=\"7659\">Postdienste;<\/p>\n<\/li>\n<li class=\"\" data-start=\"7660\" data-end=\"7728\">\n<p class=\"\" data-start=\"7662\" data-end=\"7728\">Stellen, die Daten im Rahmen gesetzlicher Pflichten verarbeiten;<\/p>\n<\/li>\n<li class=\"\" data-start=\"7729\" data-end=\"7814\">\n<p class=\"\" data-start=\"7731\" data-end=\"7814\">nat\u00fcrliche oder juristische Personen mit kommerziellen oder IT-bezogenen Zwecken;<\/p>\n<\/li>\n<li class=\"\" data-start=\"7815\" data-end=\"7852\">\n<p class=\"\" data-start=\"7817\" data-end=\"7852\">externe Dienstleister im Auftrag;<\/p>\n<\/li>\n<li class=\"\" data-start=\"7853\" data-end=\"8000\">\n<p class=\"\" data-start=\"7855\" data-end=\"8000\">Webplattformen zur Umsetzung von Marketing- und Social-Media-Strategien wie Google, Facebook, Instagram, Twitter, Pinterest, LinkedIn, YouTube;<\/p>\n<\/li>\n<li class=\"\" data-start=\"8001\" data-end=\"8155\">\n<p class=\"\" data-start=\"8003\" data-end=\"8155\">Die Google-Plattform nutzt Daten nur bei ausdr\u00fccklicher Zustimmung des Nutzers. Details unter: <a class=\"\" href=\"https:\/\/policies.google.com\/technologies\/partner-sites\" target=\"_new\" rel=\"noopener\" data-start=\"8098\" data-end=\"8152\">https:\/\/policies.google.com\/technologies\/partner-sites<\/a>.<\/p>\n<\/li>\n<li class=\"\" data-start=\"8156\" data-end=\"8186\">\n<p class=\"\" data-start=\"8158\" data-end=\"8186\">CRM-Software \u201eTeamleader\u201c.<\/p>\n<\/li>\n<li class=\"\" data-start=\"8187\" data-end=\"8259\">\n<p class=\"\" data-start=\"8189\" data-end=\"8259\">Justiz- oder Verwaltungsbeh\u00f6rden zur Erf\u00fcllung gesetzlicher Pflichten.<\/p>\n<\/li>\n<\/ul>\n<h4 data-start=\"8261\" data-end=\"8453\"><strong data-start=\"8261\" data-end=\"8297\">9. Profiling und Datenweitergabe<\/strong><\/h4>\n<p class=\"\" data-start=\"8261\" data-end=\"8453\">Ihre Daten k\u00f6nnen manuell oder automatisiert f\u00fcr Marketing- und Werbezwecke verarbeitet werden, um Ihre Web-Erfahrung anhand Ihrer Interessen anzupassen.<\/p>\n<h4 data-start=\"8455\" data-end=\"8633\"><strong data-start=\"8455\" data-end=\"8485\">10. Rechte der Betroffenen<\/strong><\/h4>\n<p class=\"\" data-start=\"8455\" data-end=\"8633\">Im gesetzlich vorgesehenen Rahmen hat der Betroffene das Recht, vom Verantwortlichen Auskunft \u00fcber seine personenbezogenen Daten zu erhalten und:<\/p>\n<ol data-start=\"8635\" data-end=\"9394\">\n<li class=\"\" data-start=\"8635\" data-end=\"9094\">\n<p class=\"\" data-start=\"8638\" data-end=\"8697\">Best\u00e4tigung, ob Daten verarbeitet werden, und Zugriff auf<\/p>\n<ul data-start=\"8701\" data-end=\"9094\">\n<li class=\"\" data-start=\"8701\" data-end=\"8724\">\n<p class=\"\" data-start=\"8703\" data-end=\"8724\">Verarbeitungszwecke<\/p>\n<\/li>\n<li class=\"\" data-start=\"8728\" data-end=\"8758\">\n<p class=\"\" data-start=\"8730\" data-end=\"8758\">betroffene Datenkategorien<\/p>\n<\/li>\n<li class=\"\" data-start=\"8762\" data-end=\"8800\">\n<p class=\"\" data-start=\"8764\" data-end=\"8800\">Empf\u00e4nger bzw. Empf\u00e4ngerkategorien<\/p>\n<\/li>\n<li class=\"\" data-start=\"8804\" data-end=\"8836\">\n<p class=\"\" data-start=\"8806\" data-end=\"8836\">Speicherdauer oder Kriterien<\/p>\n<\/li>\n<li class=\"\" data-start=\"8840\" data-end=\"8904\">\n<p class=\"\" data-start=\"8842\" data-end=\"8904\">Recht auf Berichtigung, L\u00f6schung, Einschr\u00e4nkung, Widerspruch<\/p>\n<\/li>\n<li class=\"\" data-start=\"8908\" data-end=\"8959\">\n<p class=\"\" data-start=\"8910\" data-end=\"8959\">Recht auf Beschwerde bei einer Aufsichtsbeh\u00f6rde<\/p>\n<\/li>\n<li class=\"\" data-start=\"8963\" data-end=\"9023\">\n<p class=\"\" data-start=\"8965\" data-end=\"9023\">Herkunft der Daten, falls nicht beim Betroffenen erhoben<\/p>\n<\/li>\n<li class=\"\" data-start=\"9027\" data-end=\"9094\">\n<p class=\"\" data-start=\"9029\" data-end=\"9094\">Einsatz automatisierter Entscheidungen einschlie\u00dflich Profiling<\/p>\n<\/li>\n<\/ul>\n<\/li>\n<li class=\"\" data-start=\"9096\" data-end=\"9163\">\n<p class=\"\" data-start=\"9099\" data-end=\"9163\">Berichtigung unrichtiger Daten ohne unangemessene Verz\u00f6gerung.<\/p>\n<\/li>\n<li class=\"\" data-start=\"9164\" data-end=\"9252\">\n<p class=\"\" data-start=\"9167\" data-end=\"9252\">L\u00f6schung personenbezogener Daten (\u201eRecht auf Vergessenwerden\u201c) gem\u00e4\u00df Art.\u202f17 DSGVO.<\/p>\n<\/li>\n<li class=\"\" data-start=\"9253\" data-end=\"9309\">\n<p class=\"\" data-start=\"9256\" data-end=\"9309\">Einschr\u00e4nkung der Verarbeitung gem\u00e4\u00df Art.\u202f18 DSGVO.<\/p>\n<\/li>\n<li class=\"\" data-start=\"9310\" data-end=\"9394\">\n<p class=\"\" data-start=\"9313\" data-end=\"9394\">Daten\u00fcbertragbarkeit in g\u00e4ngigen, maschinenlesbaren Formaten gem\u00e4\u00df Art.\u202f20 DSGVO.<\/p>\n<\/li>\n<\/ol>\n<p class=\"\" data-start=\"9396\" data-end=\"9441\">Anfragen sind zu richten an: <a class=\"cursor-pointer\" rel=\"noopener\" data-start=\"9425\" data-end=\"9440\">info@bio.design<\/a>.<\/p>\n<p class=\"\" data-start=\"9443\" data-end=\"9539\">Die vorliegende Version dieser Datenschutzerkl\u00e4rung wurde am <strong data-start=\"9504\" data-end=\"9525\">30. Dezember 2023<\/strong> aktualisiert.<\/p>\n<p>[\/vc_column_text][\/vc_column][\/vc_row]<\/p>\n","protected":false},"excerpt":{"rendered":"<p>[vc_row][vc_column][vc_column_text] Datenschutzerkl\u00e4rung Informationen zur Verarbeitung personenbezogener Daten Auf dieser Seite werden die Verfahrensweisen zur Verwaltung dieser Website in Bezug auf die Verarbeitung personenbezogener Daten der Besucher beschrieben. Es handelt sich um eine Information, die in \u00dcbereinstimmung mit den geltenden Vorschriften zum Datenschutz f\u00fcr Benutzer bereitgestellt wird, die mit den Diensten dieser Website im Rahmen der [&hellip;]<\/p>\n","protected":false},"author":3,"featured_media":0,"parent":0,"menu_order":0,"comment_status":"closed","ping_status":"open","template":"","meta":{"footnotes":""},"class_list":["post-9915140","page","type-page","status-publish","hentry"],"yoast_head":"<!-- This site is optimized with the Yoast SEO plugin v27.3 - https:\/\/yoast.com\/product\/yoast-seo-wordpress\/ -->\n<title>Datenschutzrichtlinie | Biodesign Pools<\/title>\n<meta name=\"robots\" content=\"index, follow, max-snippet:-1, max-image-preview:large, max-video-preview:-1\" \/>\n<link rel=\"canonical\" href=\"https:\/\/bio.design\/de\/datenschutzrichtlinie\/\" \/>\n<meta property=\"og:locale\" content=\"de_DE\" \/>\n<meta property=\"og:type\" content=\"article\" \/>\n<meta property=\"og:title\" content=\"Datenschutzrichtlinie | Biodesign Pools\" \/>\n<meta property=\"og:description\" content=\"[vc_row][vc_column][vc_column_text] Datenschutzerkl\u00e4rung Informationen zur Verarbeitung personenbezogener Daten Auf dieser Seite werden die Verfahrensweisen zur Verwaltung dieser Website in Bezug auf die Verarbeitung personenbezogener Daten der Besucher beschrieben. Es handelt sich um eine Information, die in \u00dcbereinstimmung mit den geltenden Vorschriften zum Datenschutz f\u00fcr Benutzer bereitgestellt wird, die mit den Diensten dieser Website im Rahmen der [&hellip;]\" \/>\n<meta property=\"og:url\" content=\"https:\/\/bio.design\/de\/datenschutzrichtlinie\/\" \/>\n<meta property=\"og:site_name\" content=\"Biodesign Pools\" \/>\n<meta property=\"article:publisher\" content=\"https:\/\/www.facebook.com\/PiscineBiodesign\/\" \/>\n<meta property=\"article:modified_time\" content=\"2025-05-19T11:03:53+00:00\" \/>\n<meta name=\"twitter:card\" content=\"summary_large_image\" \/>\n<meta name=\"twitter:site\" content=\"@BIODESIGNPOOLS\" \/>\n<meta name=\"twitter:label1\" content=\"Gesch\u00e4tzte Lesezeit\" \/>\n\t<meta name=\"twitter:data1\" content=\"6\u00a0Minuten\" \/>\n<script type=\"application\/ld+json\" class=\"yoast-schema-graph\">{\"@context\":\"https:\\\/\\\/schema.org\",\"@graph\":[{\"@type\":\"WebPage\",\"@id\":\"https:\\\/\\\/bio.design\\\/de\\\/datenschutzrichtlinie\\\/\",\"url\":\"https:\\\/\\\/bio.design\\\/de\\\/datenschutzrichtlinie\\\/\",\"name\":\"Datenschutzrichtlinie | Biodesign Pools\",\"isPartOf\":{\"@id\":\"https:\\\/\\\/bio.design\\\/#website\"},\"datePublished\":\"2019-04-09T11:47:56+00:00\",\"dateModified\":\"2025-05-19T11:03:53+00:00\",\"breadcrumb\":{\"@id\":\"https:\\\/\\\/bio.design\\\/de\\\/datenschutzrichtlinie\\\/#breadcrumb\"},\"inLanguage\":\"de\",\"potentialAction\":[{\"@type\":\"ReadAction\",\"target\":[\"https:\\\/\\\/bio.design\\\/de\\\/datenschutzrichtlinie\\\/\"]}]},{\"@type\":\"BreadcrumbList\",\"@id\":\"https:\\\/\\\/bio.design\\\/de\\\/datenschutzrichtlinie\\\/#breadcrumb\",\"itemListElement\":[{\"@type\":\"ListItem\",\"position\":1,\"name\":\"Home\",\"item\":\"https:\\\/\\\/bio.design\\\/de\\\/biodesign-pools\\\/\"},{\"@type\":\"ListItem\",\"position\":2,\"name\":\"Datenschutzrichtlinie\"}]},{\"@type\":\"WebSite\",\"@id\":\"https:\\\/\\\/bio.design\\\/#website\",\"url\":\"https:\\\/\\\/bio.design\\\/\",\"name\":\"Biodesign Pools\",\"description\":\"The Living Pool - Natural Pools\",\"publisher\":{\"@id\":\"https:\\\/\\\/bio.design\\\/#organization\"},\"potentialAction\":[{\"@type\":\"SearchAction\",\"target\":{\"@type\":\"EntryPoint\",\"urlTemplate\":\"https:\\\/\\\/bio.design\\\/?s={search_term_string}\"},\"query-input\":{\"@type\":\"PropertyValueSpecification\",\"valueRequired\":true,\"valueName\":\"search_term_string\"}}],\"inLanguage\":\"de\"},{\"@type\":\"Organization\",\"@id\":\"https:\\\/\\\/bio.design\\\/#organization\",\"name\":\"Biodesign Pools\",\"url\":\"https:\\\/\\\/bio.design\\\/\",\"logo\":{\"@type\":\"ImageObject\",\"inLanguage\":\"de\",\"@id\":\"https:\\\/\\\/bio.design\\\/#\\\/schema\\\/logo\\\/image\\\/\",\"url\":\"https:\\\/\\\/bio.design\\\/wp-content\\\/uploads\\\/2021\\\/02\\\/Bio.design-New-Logo-Fb.jpg\",\"contentUrl\":\"https:\\\/\\\/bio.design\\\/wp-content\\\/uploads\\\/2021\\\/02\\\/Bio.design-New-Logo-Fb.jpg\",\"width\":2048,\"height\":1042,\"caption\":\"Biodesign Pools\"},\"image\":{\"@id\":\"https:\\\/\\\/bio.design\\\/#\\\/schema\\\/logo\\\/image\\\/\"},\"sameAs\":[\"https:\\\/\\\/www.facebook.com\\\/PiscineBiodesign\\\/\",\"https:\\\/\\\/x.com\\\/BIODESIGNPOOLS\",\"https:\\\/\\\/www.linkedin.com\\\/company\\\/biodesignpools\\\/\",\"https:\\\/\\\/www.youtube.com\\\/user\\\/BiodesignpoolsIT\"]}]}<\/script>\n<!-- \/ Yoast SEO plugin. -->","yoast_head_json":{"title":"Datenschutzrichtlinie | Biodesign Pools","robots":{"index":"index","follow":"follow","max-snippet":"max-snippet:-1","max-image-preview":"max-image-preview:large","max-video-preview":"max-video-preview:-1"},"canonical":"https:\/\/bio.design\/de\/datenschutzrichtlinie\/","og_locale":"de_DE","og_type":"article","og_title":"Datenschutzrichtlinie | Biodesign Pools","og_description":"[vc_row][vc_column][vc_column_text] Datenschutzerkl\u00e4rung Informationen zur Verarbeitung personenbezogener Daten Auf dieser Seite werden die Verfahrensweisen zur Verwaltung dieser Website in Bezug auf die Verarbeitung personenbezogener Daten der Besucher beschrieben. Es handelt sich um eine Information, die in \u00dcbereinstimmung mit den geltenden Vorschriften zum Datenschutz f\u00fcr Benutzer bereitgestellt wird, die mit den Diensten dieser Website im Rahmen der [&hellip;]","og_url":"https:\/\/bio.design\/de\/datenschutzrichtlinie\/","og_site_name":"Biodesign Pools","article_publisher":"https:\/\/www.facebook.com\/PiscineBiodesign\/","article_modified_time":"2025-05-19T11:03:53+00:00","twitter_card":"summary_large_image","twitter_site":"@BIODESIGNPOOLS","twitter_misc":{"Gesch\u00e4tzte Lesezeit":"6\u00a0Minuten"},"schema":{"@context":"https:\/\/schema.org","@graph":[{"@type":"WebPage","@id":"https:\/\/bio.design\/de\/datenschutzrichtlinie\/","url":"https:\/\/bio.design\/de\/datenschutzrichtlinie\/","name":"Datenschutzrichtlinie | Biodesign Pools","isPartOf":{"@id":"https:\/\/bio.design\/#website"},"datePublished":"2019-04-09T11:47:56+00:00","dateModified":"2025-05-19T11:03:53+00:00","breadcrumb":{"@id":"https:\/\/bio.design\/de\/datenschutzrichtlinie\/#breadcrumb"},"inLanguage":"de","potentialAction":[{"@type":"ReadAction","target":["https:\/\/bio.design\/de\/datenschutzrichtlinie\/"]}]},{"@type":"BreadcrumbList","@id":"https:\/\/bio.design\/de\/datenschutzrichtlinie\/#breadcrumb","itemListElement":[{"@type":"ListItem","position":1,"name":"Home","item":"https:\/\/bio.design\/de\/biodesign-pools\/"},{"@type":"ListItem","position":2,"name":"Datenschutzrichtlinie"}]},{"@type":"WebSite","@id":"https:\/\/bio.design\/#website","url":"https:\/\/bio.design\/","name":"Biodesign Pools","description":"The Living Pool - Natural Pools","publisher":{"@id":"https:\/\/bio.design\/#organization"},"potentialAction":[{"@type":"SearchAction","target":{"@type":"EntryPoint","urlTemplate":"https:\/\/bio.design\/?s={search_term_string}"},"query-input":{"@type":"PropertyValueSpecification","valueRequired":true,"valueName":"search_term_string"}}],"inLanguage":"de"},{"@type":"Organization","@id":"https:\/\/bio.design\/#organization","name":"Biodesign Pools","url":"https:\/\/bio.design\/","logo":{"@type":"ImageObject","inLanguage":"de","@id":"https:\/\/bio.design\/#\/schema\/logo\/image\/","url":"https:\/\/bio.design\/wp-content\/uploads\/2021\/02\/Bio.design-New-Logo-Fb.jpg","contentUrl":"https:\/\/bio.design\/wp-content\/uploads\/2021\/02\/Bio.design-New-Logo-Fb.jpg","width":2048,"height":1042,"caption":"Biodesign Pools"},"image":{"@id":"https:\/\/bio.design\/#\/schema\/logo\/image\/"},"sameAs":["https:\/\/www.facebook.com\/PiscineBiodesign\/","https:\/\/x.com\/BIODESIGNPOOLS","https:\/\/www.linkedin.com\/company\/biodesignpools\/","https:\/\/www.youtube.com\/user\/BiodesignpoolsIT"]}]}},"_links":{"self":[{"href":"https:\/\/bio.design\/de\/wp-json\/wp\/v2\/pages\/9915140","targetHints":{"allow":["GET"]}}],"collection":[{"href":"https:\/\/bio.design\/de\/wp-json\/wp\/v2\/pages"}],"about":[{"href":"https:\/\/bio.design\/de\/wp-json\/wp\/v2\/types\/page"}],"author":[{"embeddable":true,"href":"https:\/\/bio.design\/de\/wp-json\/wp\/v2\/users\/3"}],"replies":[{"embeddable":true,"href":"https:\/\/bio.design\/de\/wp-json\/wp\/v2\/comments?post=9915140"}],"version-history":[{"count":2,"href":"https:\/\/bio.design\/de\/wp-json\/wp\/v2\/pages\/9915140\/revisions"}],"predecessor-version":[{"id":9930409,"href":"https:\/\/bio.design\/de\/wp-json\/wp\/v2\/pages\/9915140\/revisions\/9930409"}],"wp:attachment":[{"href":"https:\/\/bio.design\/de\/wp-json\/wp\/v2\/media?parent=9915140"}],"curies":[{"name":"wp","href":"https:\/\/api.w.org\/{rel}","templated":true}]}}