{"id":9914354,"date":"2019-03-12T15:24:38","date_gmt":"2019-03-12T15:24:38","guid":{"rendered":"https:\/\/bio.design\/diventa-rivenditore-biodesign\/"},"modified":"2019-11-14T09:29:43","modified_gmt":"2019-11-14T08:29:43","slug":"werden-sie-ein-biodesign-haendler","status":"publish","type":"page","link":"https:\/\/bio.design\/de\/werden-sie-ein-biodesign-haendler\/","title":{"rendered":"Werden Sie Biodesign-H\u00e4ndler"},"content":{"rendered":"<p>[vc_row][vc_column]<span class=\"subtitle dash-false style-dark text-left\">F\u00fcr H\u00e4ndler<\/span>[vc_column_text]<\/p>\n<h2>Das Biodesign-Projekt<\/h2>\n<p>[\/vc_column_text]<div class=\"dash style-dark centered\"><\/div>[vc_row_inner css=&#8221;.vc_custom_1568381245319{padding-bottom: 40px !important;}&#8221;][vc_column_inner width=&#8221;1\/3&#8243;][vc_column_text]Ziel des Biodesign-Projekts ist die industrielle Entwicklung in gro\u00dfem Ma\u00dfstab, um die Biodesign-Technologie und Marke weltweit zu verbreiten. Dank seiner Eigenschaften ist Biodesign die einzige Technologie, die die \u00e4sthetischen Grenzen der traditionellen Pools \u00fcberwinden und in <strong>jedem Garten<\/strong> realisiert werden kann.<\/p>\n<p>Biodesign schafft ein neues Wasserambiente, der auf die Bed\u00fcrfnisse der Badenden modelliert wird und in perfekter Harmonie mit der umliegenden Landschaft ist. Jedes Haus, jeder Garten oder Terrasse kann sich zu einem neuen Lebensraum entwickeln, indem der Immobilienwert gesteigert wird, indem die umliegende Landschaft aufgewertet und das Wohlbefinden des Kunden verbessert wird.[\/vc_column_text][\/vc_column_inner][vc_column_inner width=&#8221;1\/3&#8243;][vc_column_text]Der Wettbewerbsvorteil von der Biodesign-Technologie zeigt sich in einzigartigen Pools, die sehr attraktiv und somit einfach anzubieten sind. Die Handelsstrategie besteht darin, dem Markt die Vorteile von Biodesign zu zeigen. Wir haben begonnen, ein strukturiertes Netzwerk von Unternehmen zu entwickeln und auszubilden, das sich um den ganzen Prozess k\u00fcmmert &#8211; von der Verteilung bis zur Installation und Wartung mit Effizienz.<\/p>\n<p>Das Netz wird verschiedene Formen haben: BD Professional Einheit und BD Basic Einheit. Die BD (Professional oder Basic) Einheiten pflegen den direkten Kontakt mit dem Endkunden.[\/vc_column_text][\/vc_column_inner][vc_column_inner width=&#8221;1\/3&#8243;][vc_column_text]Beide Zusammenarbeitsmodelle erm\u00f6glichen die Verbreitung, Bef\u00f6rderung, Vertrieb und Verkauf von Biodesign mit einer fl\u00e4chendeckenden Pr\u00e4senz der Marke. Dies sichert, durch das lokale Management der Bauarbeiten und Realisierung, die Qualit\u00e4t der Biodesign-Pools und die Zufriedenheit des Endkunden.<\/p>\n<p>Das Management hat zudem ein Modell zusammengestellt und entwickelt dank dem die Verluste aufgrund von Transporte und Produktlagerung beseitigt werden \u2013 das Resultat ist ein solider und nachhaltiger<br \/>\nProduktions- und Vertriebsprozess.[\/vc_column_text][\/vc_column_inner][\/vc_row_inner][\/vc_column][\/vc_row][vc_row gap=&#8221;15&#8243; css=&#8221;.vc_custom_1573720165022{margin-bottom: 80px !important;}&#8221;][vc_column][vc_empty_space height=&#8221;80px&#8221;][vc_column_text]<\/p>\n<h2 style=\"text-align: center;\">EVALUIERUNG DES BIODESIGN-GESCH\u00c4FTSMODELL<\/h2>\n<p>[\/vc_column_text][vc_column_text]Es ist wichtig, dass die <strong>Biodesign-Einheit die drei Hauptt\u00e4tigkeiten<\/strong> kennt und versucht, die Marginalit\u00e4t zu steigern, in dem der gleiche Wert beibehalten wird.[\/vc_column_text][vc_row_inner][vc_column_inner width=&#8221;1\/3&#8243;]<div class=\"feature-box icon-top-centered box-default spacing-30 spacing-mob-30\"><i class=\"fa fa-bullhorn\"><\/i><div class=\"content-wrapper\"><h3 class=\"feature-title\">Marketing<\/h3><p class=\"feature-text\">Das Marketing hat eine ausschlaggebende Rolle und muss bestm\u00f6glich geplant werden - als Anteil der Verk\u00e4ufe, damit die entsprechenden Kosten auf dem Umsatz unter Kontrolle gehalten werden.<\/p><\/div><\/div>[\/vc_column_inner][vc_column_inner width=&#8221;1\/3&#8243;]<div class=\"feature-box icon-top-centered box-default spacing-30 spacing-mob-30\"><i class=\"fa fa-line-chart\"><\/i><div class=\"content-wrapper\"><h3 class=\"feature-title\">Kauf \/ Verkauf<\/h3><p class=\"feature-text\">Der Erwerb und Weiterverkauf der Kits f\u00fcr traditionelle Pools gibt keinen gro\u00dfen Mehrwert und erm\u00f6glicht so keine hohe Aufschl\u00e4ge. Biodesign versichert hingegen hohe Margen mit einem gezielten Businessprojekt.<\/p><\/div><\/div>[\/vc_column_inner][vc_column_inner width=&#8221;1\/3&#8243;]<div class=\"feature-box icon-top-centered box-default spacing-30 spacing-mob-30\"><i class=\"fa fa-wrench\"><\/i><div class=\"content-wrapper\"><h3 class=\"feature-title\">Installation<\/h3><p class=\"feature-text\">Die Installation eines Biodesign-Pools ist hingegen eine T\u00e4tigkeit, die dem Produkt Kompetenzen und Wert \u00fcbermittelt und so eine Steigerung der Margen f\u00fcr das Unternehmen sichert.<\/p><\/div><\/div>[\/vc_column_inner][\/vc_row_inner][\/vc_column][\/vc_row][vc_row][vc_column width=&#8221;1\/2&#8243;][vc_column_text]<\/p>\n<h2 class=\"articolo-title\" style=\"text-align: center;\">BD BASIC EINHEIT<\/h2>\n<p>Die BD Basic Einheit ist zust\u00e4ndig f\u00fcr die Bef\u00f6rderung, Vertrieb, Verkauf, Installation (nur unter Aufsicht von API Italia) und Wartung der Biodesign-Pools. Es handelt sich dabei um den Vorl\u00e4ufer der BD Professional Einheit, die dem Unternehmen einen leichteren Einstieg in der Zusammenarbeit mit Biodesign erm\u00f6glicht.[\/vc_column_text]<p class=\"text-center\"><a href=\"https:\/\/bio.design\/de\/kontakte\/\" target=\"_blank\" class=\"btn btn-primary arrow-right\"><span>Kontaktieren Sie uns<\/span><\/a><\/p>[\/vc_column][vc_column width=&#8221;1\/2&#8243;][vc_column_text]<\/p>\n<h2 class=\"articolo-title\" style=\"text-align: center;\">BD PROFESSIONAL EINHEIT<\/h2>\n<p>Die BD Professional Unit k\u00fcmmert sich um die Bef\u00f6rderung, Vertrieb, Verkauf, Installation und Wartung der Biodesign-Pools. Es handelt sich um einen spezialisierten H\u00e4ndler. Der daf\u00fcr vorgesehene Vertrag gibt der BD Professional Einheit die n\u00f6tige Zeit, die Sicherheit im Investment und die gr\u00fcndliche Kenntnis der Technologie.[\/vc_column_text]<p class=\"text-center\"><a href=\"https:\/\/bio.design\/de\/kontakte\/\" target=\"_blank\" class=\"btn btn-primary arrow-right\"><span>Kontaktieren Sie Uns<\/span><\/a><\/p>[\/vc_column][\/vc_row]<\/p>\n","protected":false},"excerpt":{"rendered":"<p>[vc_row][vc_column][vc_column_text] Das Biodesign-Projekt [\/vc_column_text][vc_row_inner css=&#8221;.vc_custom_1568381245319{padding-bottom: 40px !important;}&#8221;][vc_column_inner width=&#8221;1\/3&#8243;][vc_column_text]Ziel des Biodesign-Projekts ist die industrielle Entwicklung in gro\u00dfem Ma\u00dfstab, um die Biodesign-Technologie und Marke weltweit zu verbreiten. Dank seiner Eigenschaften ist Biodesign die einzige Technologie, die die \u00e4sthetischen Grenzen der traditionellen Pools \u00fcberwinden und in jedem Garten realisiert werden kann. Biodesign schafft ein neues Wasserambiente, der auf [&hellip;]<\/p>\n","protected":false},"author":3,"featured_media":0,"parent":0,"menu_order":0,"comment_status":"closed","ping_status":"closed","template":"","meta":{"footnotes":""},"class_list":["post-9914354","page","type-page","status-publish","hentry"],"yoast_head":"<!-- This site is optimized with the Yoast SEO plugin v27.3 - https:\/\/yoast.com\/product\/yoast-seo-wordpress\/ -->\n<title>Werden Sie Biodesign-H\u00e4ndler | Biodesign Pools<\/title>\n<meta name=\"description\" content=\"Il progetto Biodesign ha come obiettivo lo sviluppo industriale su larga scala per diffondere nel mondo\u00a0la tecnologia ed il brand Biodesign.\u00a0\" \/>\n<meta name=\"robots\" content=\"index, follow, max-snippet:-1, max-image-preview:large, max-video-preview:-1\" \/>\n<link rel=\"canonical\" href=\"https:\/\/bio.design\/de\/werden-sie-ein-biodesign-haendler\/\" \/>\n<meta property=\"og:locale\" content=\"de_DE\" \/>\n<meta property=\"og:type\" content=\"article\" \/>\n<meta property=\"og:title\" content=\"Werden Sie Biodesign-H\u00e4ndler | Biodesign Pools\" \/>\n<meta property=\"og:description\" content=\"Il progetto Biodesign ha come obiettivo lo sviluppo industriale su larga scala per diffondere nel mondo\u00a0la tecnologia ed il brand Biodesign.\u00a0\" \/>\n<meta property=\"og:url\" content=\"https:\/\/bio.design\/de\/werden-sie-ein-biodesign-haendler\/\" \/>\n<meta property=\"og:site_name\" content=\"Biodesign Pools\" \/>\n<meta property=\"article:publisher\" content=\"https:\/\/www.facebook.com\/PiscineBiodesign\/\" \/>\n<meta property=\"article:modified_time\" content=\"2019-11-14T08:29:43+00:00\" \/>\n<meta name=\"twitter:card\" content=\"summary_large_image\" \/>\n<meta name=\"twitter:site\" content=\"@BIODESIGNPOOLS\" \/>\n<meta name=\"twitter:label1\" content=\"Gesch\u00e4tzte Lesezeit\" \/>\n\t<meta name=\"twitter:data1\" content=\"4\u00a0Minuten\" \/>\n<script type=\"application\/ld+json\" class=\"yoast-schema-graph\">{\"@context\":\"https:\\\/\\\/schema.org\",\"@graph\":[{\"@type\":\"WebPage\",\"@id\":\"https:\\\/\\\/bio.design\\\/de\\\/werden-sie-ein-biodesign-haendler\\\/\",\"url\":\"https:\\\/\\\/bio.design\\\/de\\\/werden-sie-ein-biodesign-haendler\\\/\",\"name\":\"Werden Sie Biodesign-H\u00e4ndler | Biodesign Pools\",\"isPartOf\":{\"@id\":\"https:\\\/\\\/bio.design\\\/#website\"},\"datePublished\":\"2019-03-12T15:24:38+00:00\",\"dateModified\":\"2019-11-14T08:29:43+00:00\",\"description\":\"Il progetto Biodesign ha come obiettivo lo sviluppo industriale su larga scala per diffondere nel mondo\u00a0la tecnologia ed il brand Biodesign.\u00a0\",\"breadcrumb\":{\"@id\":\"https:\\\/\\\/bio.design\\\/de\\\/werden-sie-ein-biodesign-haendler\\\/#breadcrumb\"},\"inLanguage\":\"de\",\"potentialAction\":[{\"@type\":\"ReadAction\",\"target\":[\"https:\\\/\\\/bio.design\\\/de\\\/werden-sie-ein-biodesign-haendler\\\/\"]}]},{\"@type\":\"BreadcrumbList\",\"@id\":\"https:\\\/\\\/bio.design\\\/de\\\/werden-sie-ein-biodesign-haendler\\\/#breadcrumb\",\"itemListElement\":[{\"@type\":\"ListItem\",\"position\":1,\"name\":\"Home\",\"item\":\"https:\\\/\\\/bio.design\\\/de\\\/biodesign-pools\\\/\"},{\"@type\":\"ListItem\",\"position\":2,\"name\":\"Werden Sie Biodesign-H\u00e4ndler\"}]},{\"@type\":\"WebSite\",\"@id\":\"https:\\\/\\\/bio.design\\\/#website\",\"url\":\"https:\\\/\\\/bio.design\\\/\",\"name\":\"Biodesign Pools\",\"description\":\"The Living Pool - Natural Pools\",\"publisher\":{\"@id\":\"https:\\\/\\\/bio.design\\\/#organization\"},\"potentialAction\":[{\"@type\":\"SearchAction\",\"target\":{\"@type\":\"EntryPoint\",\"urlTemplate\":\"https:\\\/\\\/bio.design\\\/?s={search_term_string}\"},\"query-input\":{\"@type\":\"PropertyValueSpecification\",\"valueRequired\":true,\"valueName\":\"search_term_string\"}}],\"inLanguage\":\"de\"},{\"@type\":\"Organization\",\"@id\":\"https:\\\/\\\/bio.design\\\/#organization\",\"name\":\"Biodesign Pools\",\"url\":\"https:\\\/\\\/bio.design\\\/\",\"logo\":{\"@type\":\"ImageObject\",\"inLanguage\":\"de\",\"@id\":\"https:\\\/\\\/bio.design\\\/#\\\/schema\\\/logo\\\/image\\\/\",\"url\":\"https:\\\/\\\/bio.design\\\/wp-content\\\/uploads\\\/2021\\\/02\\\/Bio.design-New-Logo-Fb.jpg\",\"contentUrl\":\"https:\\\/\\\/bio.design\\\/wp-content\\\/uploads\\\/2021\\\/02\\\/Bio.design-New-Logo-Fb.jpg\",\"width\":2048,\"height\":1042,\"caption\":\"Biodesign Pools\"},\"image\":{\"@id\":\"https:\\\/\\\/bio.design\\\/#\\\/schema\\\/logo\\\/image\\\/\"},\"sameAs\":[\"https:\\\/\\\/www.facebook.com\\\/PiscineBiodesign\\\/\",\"https:\\\/\\\/x.com\\\/BIODESIGNPOOLS\",\"https:\\\/\\\/www.linkedin.com\\\/company\\\/biodesignpools\\\/\",\"https:\\\/\\\/www.youtube.com\\\/user\\\/BiodesignpoolsIT\"]}]}<\/script>\n<!-- \/ Yoast SEO plugin. -->","yoast_head_json":{"title":"Werden Sie Biodesign-H\u00e4ndler | Biodesign Pools","description":"Il progetto Biodesign ha come obiettivo lo sviluppo industriale su larga scala per diffondere nel mondo\u00a0la tecnologia ed il brand Biodesign.\u00a0","robots":{"index":"index","follow":"follow","max-snippet":"max-snippet:-1","max-image-preview":"max-image-preview:large","max-video-preview":"max-video-preview:-1"},"canonical":"https:\/\/bio.design\/de\/werden-sie-ein-biodesign-haendler\/","og_locale":"de_DE","og_type":"article","og_title":"Werden Sie Biodesign-H\u00e4ndler | Biodesign Pools","og_description":"Il progetto Biodesign ha come obiettivo lo sviluppo industriale su larga scala per diffondere nel mondo\u00a0la tecnologia ed il brand Biodesign.\u00a0","og_url":"https:\/\/bio.design\/de\/werden-sie-ein-biodesign-haendler\/","og_site_name":"Biodesign Pools","article_publisher":"https:\/\/www.facebook.com\/PiscineBiodesign\/","article_modified_time":"2019-11-14T08:29:43+00:00","twitter_card":"summary_large_image","twitter_site":"@BIODESIGNPOOLS","twitter_misc":{"Gesch\u00e4tzte Lesezeit":"4\u00a0Minuten"},"schema":{"@context":"https:\/\/schema.org","@graph":[{"@type":"WebPage","@id":"https:\/\/bio.design\/de\/werden-sie-ein-biodesign-haendler\/","url":"https:\/\/bio.design\/de\/werden-sie-ein-biodesign-haendler\/","name":"Werden Sie Biodesign-H\u00e4ndler | Biodesign Pools","isPartOf":{"@id":"https:\/\/bio.design\/#website"},"datePublished":"2019-03-12T15:24:38+00:00","dateModified":"2019-11-14T08:29:43+00:00","description":"Il progetto Biodesign ha come obiettivo lo sviluppo industriale su larga scala per diffondere nel mondo\u00a0la tecnologia ed il brand Biodesign.\u00a0","breadcrumb":{"@id":"https:\/\/bio.design\/de\/werden-sie-ein-biodesign-haendler\/#breadcrumb"},"inLanguage":"de","potentialAction":[{"@type":"ReadAction","target":["https:\/\/bio.design\/de\/werden-sie-ein-biodesign-haendler\/"]}]},{"@type":"BreadcrumbList","@id":"https:\/\/bio.design\/de\/werden-sie-ein-biodesign-haendler\/#breadcrumb","itemListElement":[{"@type":"ListItem","position":1,"name":"Home","item":"https:\/\/bio.design\/de\/biodesign-pools\/"},{"@type":"ListItem","position":2,"name":"Werden Sie Biodesign-H\u00e4ndler"}]},{"@type":"WebSite","@id":"https:\/\/bio.design\/#website","url":"https:\/\/bio.design\/","name":"Biodesign Pools","description":"The Living Pool - Natural Pools","publisher":{"@id":"https:\/\/bio.design\/#organization"},"potentialAction":[{"@type":"SearchAction","target":{"@type":"EntryPoint","urlTemplate":"https:\/\/bio.design\/?s={search_term_string}"},"query-input":{"@type":"PropertyValueSpecification","valueRequired":true,"valueName":"search_term_string"}}],"inLanguage":"de"},{"@type":"Organization","@id":"https:\/\/bio.design\/#organization","name":"Biodesign Pools","url":"https:\/\/bio.design\/","logo":{"@type":"ImageObject","inLanguage":"de","@id":"https:\/\/bio.design\/#\/schema\/logo\/image\/","url":"https:\/\/bio.design\/wp-content\/uploads\/2021\/02\/Bio.design-New-Logo-Fb.jpg","contentUrl":"https:\/\/bio.design\/wp-content\/uploads\/2021\/02\/Bio.design-New-Logo-Fb.jpg","width":2048,"height":1042,"caption":"Biodesign Pools"},"image":{"@id":"https:\/\/bio.design\/#\/schema\/logo\/image\/"},"sameAs":["https:\/\/www.facebook.com\/PiscineBiodesign\/","https:\/\/x.com\/BIODESIGNPOOLS","https:\/\/www.linkedin.com\/company\/biodesignpools\/","https:\/\/www.youtube.com\/user\/BiodesignpoolsIT"]}]}},"_links":{"self":[{"href":"https:\/\/bio.design\/de\/wp-json\/wp\/v2\/pages\/9914354","targetHints":{"allow":["GET"]}}],"collection":[{"href":"https:\/\/bio.design\/de\/wp-json\/wp\/v2\/pages"}],"about":[{"href":"https:\/\/bio.design\/de\/wp-json\/wp\/v2\/types\/page"}],"author":[{"embeddable":true,"href":"https:\/\/bio.design\/de\/wp-json\/wp\/v2\/users\/3"}],"replies":[{"embeddable":true,"href":"https:\/\/bio.design\/de\/wp-json\/wp\/v2\/comments?post=9914354"}],"version-history":[{"count":0,"href":"https:\/\/bio.design\/de\/wp-json\/wp\/v2\/pages\/9914354\/revisions"}],"wp:attachment":[{"href":"https:\/\/bio.design\/de\/wp-json\/wp\/v2\/media?parent=9914354"}],"curies":[{"name":"wp","href":"https:\/\/api.w.org\/{rel}","templated":true}]}}