{"id":9914337,"date":"2019-03-06T13:53:28","date_gmt":"2019-03-06T13:53:28","guid":{"rendered":"https:\/\/bio.design\/perche-scegliere-una-piscina-naturale-biodesign\/"},"modified":"2026-03-17T11:24:34","modified_gmt":"2026-03-17T10:24:34","slug":"warum-einen-biodesign-naturpool-waehlen","status":"publish","type":"page","link":"https:\/\/bio.design\/de\/warum-einen-biodesign-naturpool-waehlen\/","title":{"rendered":"Warum ein Beach Pool von Bio.design?"},"content":{"rendered":"<p>[vc_row][vc_column][vc_column_text][\/vc_column_text][\/vc_column][\/vc_row][vc_row css=&#8221;.vc_custom_1559743558732{padding-top: 0px !important;}&#8221;][vc_column]<span class=\"subtitle dash-false style-dark text-center\">Die Vorteile<\/span>[vc_column_text]<\/p>\n<h2 style=\"text-align: center;\">Der Bio.design Strand Pool<\/h2>\n<p>[\/vc_column_text]<div class=\"dash style-dark centered\"><\/div>[vc_row_inner][vc_column_inner][vc_column_text]Im eigenen Garten f\u00fchlen wie am Strand: Dieser Traum wird wahr mit einem Strandpool von Bio.design! Bei einem <strong>Bio.design Beach Pool<\/strong>\u00a0k\u00f6nnen Sie von Beginn weg Gr\u00f6\u00dfe und individuelle Form mitgestalten, so dass im Zusammenspiel mit unserem Planungsteam Ihr Pool harmonisch in Ihre Gartenanlage eingebettet wird. Das Ergebnis: Eine idyllische Augenweide, die Sie und Ihre G\u00e4ste zum Staunen bringt!<\/p>\n<p>Im Design Ihres <a title=\"Biodesign Pools entdecken\" href=\"https:\/\/bio.design\/de\">Bio.design Pools<\/a> sind Ihnen keine Grenzen gesetzt: Jeder Pool besitzt eine individuelle Form, die unsere Poolbauer mit Ihnen zusammen entwerfen. Ein <strong>Strand Pool<\/strong> zum Baden an warmen Tagen, eine Spa-Landschaft zum Entspannen oder ein Schwimmpool zur sportlichen Bet\u00e4tigung \u2013 w\u00e4hlen Sie nicht nur eine dieser Optionen, sondern alle! Unser Beachpool Design ist so vielf\u00e4ltig wie seine Personalisierungs- und Nutzungsm\u00f6glichkeiten.[\/vc_column_text][\/vc_column_inner][\/vc_row_inner][\/vc_column][\/vc_row][vc_row css=&#8221;.vc_custom_1559743598692{padding-top: 60px !important;padding-bottom: 60px !important;}&#8221;][vc_column width=&#8221;1\/2&#8243;]<div class=\"content-box service-item alignment-centered service-box-default spacing-30\"><a href=\"https:\/\/bio.design\/de\/warum-einen-biodesign-naturpool-waehlen\/\"><div class=\"image-container\"><div class=\"vertical-number-box\"><span class=\"vertical-number\">Sicher relaxen<\/span><\/div><div class=\"arrow-box\"><span class=\"icon-arrow-right\"><\/span><\/div><img decoding=\"async\" data-src=\"https:\/\/bio.design\/wp-content\/uploads\/2019\/07\/Particolari_Pagina_1.jpg\" alt=\"Sicher relaxen\" src=\"data:image\/svg+xml;base64,PHN2ZyB3aWR0aD0iMSIgaGVpZ2h0PSIxIiB4bWxucz0iaHR0cDovL3d3dy53My5vcmcvMjAwMC9zdmciPjwvc3ZnPg==\" class=\"lazyload\" style=\"--smush-placeholder-width: 500px; --smush-placeholder-aspect-ratio: 500\/173;\"><\/div><div class=\"content-box-info\"><h4 class=\"box-heading\">Sicher relaxen<\/h4><p>Entspannen Sie sich im Strand Pool von Bio.design und sonnen Sie sich im flachen Wasser. Hier ist auch die beste Stelle f\u00fcr die Positionierung der Hydrositze und Geysire. Dank einer kleinen 30\u201335cm tiefen Terrassierung ist ein gradueller Eingang in den Pool m\u00f6glich.<\/p><\/div><\/a><\/div>[\/vc_column][vc_column width=&#8221;1\/2&#8243;]<div class=\"content-box service-item alignment-centered service-box-default spacing-0\"><a href=\"https:\/\/bio.design\/de\/warum-einen-biodesign-naturpool-waehlen\/\"><div class=\"image-container\"><div class=\"vertical-number-box\"><span class=\"vertical-number\">Schwimmen und Spr\u00fcnge<\/span><\/div><div class=\"arrow-box\"><span class=\"icon-arrow-right\"><\/span><\/div><img decoding=\"async\" data-src=\"https:\/\/bio.design\/wp-content\/uploads\/2019\/07\/Particolari_Pagina_2-1.jpg\" alt=\"Schwimmen und Spr\u00fcnge\" src=\"data:image\/svg+xml;base64,PHN2ZyB3aWR0aD0iMSIgaGVpZ2h0PSIxIiB4bWxucz0iaHR0cDovL3d3dy53My5vcmcvMjAwMC9zdmciPjwvc3ZnPg==\" class=\"lazyload\" style=\"--smush-placeholder-width: 500px; --smush-placeholder-aspect-ratio: 500\/173;\"><\/div><div class=\"content-box-info\"><h4 class=\"box-heading\">Schwimmen und Spr\u00fcnge<\/h4><p>W\u00e4hlen Sie das Beachpool Design ganz nach Ihren Vorstellungen! Dank der freien Form des Strand Pools haben Sie mehr M\u00f6glichkeiten, um sicher in das Wasser zu springen und zu schwimmen. Ziehen Sie Ihre Bahnen durch das klare Wasser Ihres Strandpools und relaxen Sie anschlie\u00dfend in den Flachzonen.<\/p><\/div><\/a><\/div>[\/vc_column][\/vc_row][vc_row full_width=&#8221;stretch_row&#8221; equal_height=&#8221;yes&#8221; content_placement=&#8221;middle&#8221; css=&#8221;.vc_custom_1559740243966{padding-top: 100px !important;padding-bottom: 100px !important;background-color: #f5f5f5 !important;}&#8221; el_class=&#8221;mobile-full&#8221;][vc_column width=&#8221;2\/3&#8243; css=&#8221;.vc_custom_1559740035747{margin-bottom: 0px !important;padding-top: 0px !important;padding-right: 0px !important;}&#8221; el_class=&#8221;min-height-100&#8243;][vc_column_text css=&#8221;.vc_custom_1773738430511{margin-bottom: 0px !important;}&#8221;]<\/p>\n<h2><span style=\"font-weight: 200;\">Sind Sie an einem <strong>Bio.design Beach Pool <\/strong>interessiert? <\/span><span style=\"font-weight: 200;\">Warten Sie nicht <\/span><span style=\"font-weight: 200;\">l\u00e4nger<\/span><span style=\"font-weight: 200;\">. Kontaktieren Sie uns direkt!<\/span><\/h2>\n<p>[\/vc_column_text][\/vc_column][vc_column width=&#8221;1\/3&#8243;]<a href=\"https:\/\/bio.design\/de\/kostenloses-preis-angebot-an-fordern\/\" class=\"btn btn-primary arrow-right purple\"><span>KONTAKTIEREN SIE UNS<\/span><\/a>[\/vc_column][\/vc_row][vc_row full_width=&#8221;stretch_row&#8221; css=&#8221;.vc_custom_1559743611395{padding-top: 60px !important;padding-bottom: 60px !important;background-color: #0f3c63 !important;}&#8221;][vc_column width=&#8221;1\/3&#8243;]<span class=\"subtitle dash-true style-light text-default\">Installationszeiten<\/span>[vc_column_text]<span style=\"color: #ffffff;\">Gesch\u00e4tzte Bau- und Installationszeit f\u00fcr einen 60m\u00b2-Pool durch vier professionelle Handwerker<\/span>[\/vc_column_text][\/vc_column][vc_column width=&#8221;2\/3&#8243;][vc_row_inner][vc_column_inner width=&#8221;1\/2&#8243;]<div class=\"number-box style-dark spacing-30\"><div class=\"number-box-number\">23 Tage<\/div><div class=\"content-box\"><div class=\"content-box-info\"><h3>Traditioneller Pool<\/h3><\/div><\/div><\/div>[\/vc_column_inner][vc_column_inner width=&#8221;1\/2&#8243;]<div class=\"number-box style-dark spacing-30\"><div class=\"number-box-number\">10 Tage<\/div><div class=\"content-box\"><div class=\"content-box-info\"><h3>Bio.design-Pool<\/h3><\/div><\/div><\/div>[\/vc_column_inner][\/vc_row_inner][\/vc_column][\/vc_row][vc_row full_width=&#8221;stretch_row&#8221; equal_height=&#8221;yes&#8221; content_placement=&#8221;middle&#8221; css=&#8221;.vc_custom_1552388316934{margin-top: 0px !important;padding-bottom: 60px !important;}&#8221; el_id=&#8221;tasse&#8221;][vc_column width=&#8221;2\/3&#8243;][vc_single_image image=&#8221;9933329&#8243; onclick=&#8221;img_link_large&#8221; css=&#8221;.vc_custom_1773742631690{margin-bottom: 0px !important;}&#8221;][\/vc_column][vc_column width=&#8221;1\/3&#8243;][vc_row_inner el_class=&#8221;overlap-left&#8221;][vc_column_inner el_class=&#8221;shadow-box&#8221;]<span class=\"subtitle dash-true style-dark text-default\">Finanzielle und steuerliche Vorteile<\/span>[vc_column_text]<\/p>\n<h2>Einfachere Zulassungen und weniger Steuern<\/h2>\n<p>Die\u00a0<a title=\"Unsere Pool-Technologie: Erfahren Sie mehr \u00fcber die Biodesign Technik\" href=\"https:\/\/bio.design\/de\/die-biodesign-technik\/\">Pool-Technologie<\/a> von Bio.design ist nicht invasiv und erzeugt keine Umweltbelastung. Wir setzen auf einen nat\u00fcrlichen <a title=\"Pool ohne Beton - unsere umweltvertr\u00e4glichen Swimming Pools\" href=\"https:\/\/bio.design\/de\/ein-umweltvertraeglicher-swimming-pool\/\">Pool ohne Beton<\/a>. Aus diesem Grund ist es einfacher, die Bauzulassungen zu erhalten und es besteht nicht das Risiko einer Steuererh\u00f6hung auf Ihr Haus.[\/vc_column_text][\/vc_column_inner][\/vc_row_inner][\/vc_column][\/vc_row][vc_row full_width=&#8221;stretch_row&#8221; equal_height=&#8221;yes&#8221; content_placement=&#8221;middle&#8221; el_class=&#8221;spaced&#8221; css=&#8221;.vc_custom_1687182284560{margin-top: 0px !important;padding-top: 40px !important;padding-bottom: 60px !important;}&#8221;][vc_column width=&#8221;4\/12&#8243;][vc_row_inner el_class=&#8221;overlap-right&#8221;][vc_column_inner el_class=&#8221;shadow-box&#8221;]<span class=\"subtitle dash-true style-dark text-default\">Ein Eye-Catcher in allen Jahreszeiten<\/span>[vc_column_text]<\/p>\n<h2>Individuellen Pool auch im Winter nutzen<\/h2>\n<p>Ihr individueller Pool ist im Sommer eine traumhafte Bade-Oase und wandelt sich im Winter zu einem einzigartigen Designelement im Garten. Mit zus\u00e4tzlich installierter Heizung l\u00e4sst sich Ihr Beach Pool sogar im Winter zum Baden nutzen. Aber auch ohne Heizung ist Ihr Pool im Winter als dekorative Wasserlandschaft ein echter Hingucker.[\/vc_column_text][\/vc_column_inner][\/vc_row_inner][\/vc_column][vc_column width=&#8221;8\/12&#8243;][vc_single_image image=&#8221;9933322&#8243; onclick=&#8221;img_link_large&#8221; css=&#8221;.vc_custom_1773742656709{margin-bottom: 0px !important;}&#8221;][\/vc_column][\/vc_row][vc_row full_width=&#8221;stretch_row&#8221; equal_height=&#8221;yes&#8221; content_placement=&#8221;middle&#8221; css=&#8221;.vc_custom_1552389304306{margin-top: 0px !important;padding-bottom: 60px !important;}&#8221; el_id=&#8221;look&#8221;][vc_column width=&#8221;2\/3&#8243;][vc_single_image image=&#8221;9933336&#8243; onclick=&#8221;img_link_large&#8221; css=&#8221;.vc_custom_1773742697477{margin-bottom: 0px !important;}&#8221;][\/vc_column][vc_column width=&#8221;1\/3&#8243;][vc_row_inner el_class=&#8221;overlap-left&#8221;][vc_column_inner el_class=&#8221;shadow-box&#8221;]<span class=\"subtitle dash-true style-dark text-default\">EINZIGARTIGE \u00c4STHETIK<\/span>[vc_column_text]<\/p>\n<h2>Perfekt in die Umgebung integriert<\/h2>\n<p>Bio.design schafft mit den wundersch\u00f6nen Au\u00dfenpools ein neues Ambiente, welches harmonisch mit der Landschaft verschmilzt und sich nahtlos in den Garten integriert. Ein Bio.design <strong>Strand Pool<\/strong> wertet das Gesamtbild Ihrer Gartenanlage nachhaltig auf.[\/vc_column_text][\/vc_column_inner][\/vc_row_inner][\/vc_column][\/vc_row][vc_row full_width=&#8221;stretch_row&#8221; equal_height=&#8221;yes&#8221; content_placement=&#8221;middle&#8221; el_class=&#8221;spaced&#8221; css=&#8221;.vc_custom_1552388328649{margin-top: 0px !important;padding-top: 0px !important;padding-bottom: 60px !important;}&#8221; el_id=&#8221;installazione&#8221;][vc_column width=&#8221;4\/12&#8243;][vc_row_inner el_class=&#8221;overlap-right&#8221;][vc_column_inner el_class=&#8221;shadow-box&#8221;]<span class=\"subtitle dash-true style-dark text-default\">Schnelle Einbauzeiten<\/span>[vc_column_text]<\/p>\n<h2>Schnell zu Ihrem Traumpool \u2013 mit reduzierten Kosten<\/h2>\n<p>Die durchdachte, nachhaltige Technologie unserer Beach Pools erm\u00f6glicht k\u00fcrzere Zeiten f\u00fcr die Installation des Beckens und eine h\u00f6here Umweltfreundlichkeit im Vergleich zu regul\u00e4ren Poolsystemen. Vergessen Sie komplexe und invasive Einbau-Arbeiten! Dar\u00fcber hinaus l\u00e4sst sich jedes Projekt mit einer einzigen Ansprechperson realisieren. Die Kosten f\u00fcr Planung, Baumanagement und den eigentlichen Bau halten sich so in engen Grenzen.[\/vc_column_text][\/vc_column_inner][\/vc_row_inner][\/vc_column][vc_column width=&#8221;8\/12&#8243;][vc_single_image image=&#8221;9933343&#8243; onclick=&#8221;img_link_large&#8221; css=&#8221;.vc_custom_1773742730093{margin-bottom: 0px !important;}&#8221;][\/vc_column][\/vc_row][vc_row full_width=&#8221;stretch_row&#8221; equal_height=&#8221;yes&#8221; content_placement=&#8221;middle&#8221; css=&#8221;.vc_custom_1552389325677{margin-top: 0px !important;padding-bottom: 60px !important;}&#8221; el_id=&#8221;vivibilita&#8221;][vc_column width=&#8221;2\/3&#8243;][vc_single_image image=&#8221;9933350&#8243; onclick=&#8221;img_link_large&#8221; css=&#8221;.vc_custom_1773742779203{margin-bottom: 0px !important;}&#8221;][\/vc_column][vc_column width=&#8221;1\/3&#8243;][vc_row_inner el_class=&#8221;overlap-left&#8221;][vc_column_inner el_class=&#8221;shadow-box&#8221;]<span class=\"subtitle dash-true style-dark text-default\">GRENZENLOSE M\u00d6GLICHKEITEN<\/span>[vc_column_text]<\/p>\n<h2>Ein Beach Pool ganz nach Ihren W\u00fcnschen<\/h2>\n<p>Was Sie sich vorstellen k\u00f6nnen, k\u00f6nnen wir bauen! Ob als Au\u00dfen- oder Innenpool: Die Bio.design <strong>Beach Pools<\/strong> k\u00f6nnen genau wie ein Wohnzimmer bis in das kleinste Detail eingerichtet werden und garantieren so das beste Badeerlebnis. Die individuell gestalteten Sitze, Liege- und Wellnesszonen geben Ihnen das Gef\u00fchl eines ganz eigenen SPA in Ihrem Garten oder in Ihrem Haus.[\/vc_column_text][\/vc_column_inner][\/vc_row_inner][\/vc_column][\/vc_row][vc_row full_width=&#8221;stretch_row&#8221; equal_height=&#8221;yes&#8221; content_placement=&#8221;middle&#8221; el_class=&#8221;spaced&#8221; css=&#8221;.vc_custom_1687182298100{margin-top: 0px !important;padding-top: 40px !important;padding-bottom: 60px !important;}&#8221; el_id=&#8221;basso&#8221;][vc_column width=&#8221;4\/12&#8243;][vc_row_inner el_class=&#8221;overlap-right&#8221;][vc_column_inner el_class=&#8221;shadow-box&#8221;]<span class=\"subtitle dash-true style-dark text-default\">Niedrige Unterhaltskosten<\/span>[vc_column_text]<\/p>\n<h2>Unterhaltskosten senken f\u00fcr Ihren individuell gestalteten Pool<\/h2>\n<p>Die gr\u00f6\u00dfte Unannehmlichkeit f\u00fcr die Besitzer eines herk\u00f6mmlichen Pools ist die Wartung w\u00e4hrend der Zeit des Nichtgebrauchs. Die Strand Pools mit ihrer individuellen Form werten Ihre Gartenanlage das ganze Jahr \u00fcber auf. Im Sommer nutzen Sie ihn zum Baden und im Winter wird der Pool zum Teich \u2013 ein Blickfang in jeder Jahreszeit.[\/vc_column_text][\/vc_column_inner][\/vc_row_inner][\/vc_column][vc_column width=&#8221;8\/12&#8243;][vc_single_image image=&#8221;9933357&#8243; onclick=&#8221;img_link_large&#8221; css=&#8221;.vc_custom_1773742912421{margin-bottom: 0px !important;}&#8221;][\/vc_column][\/vc_row][vc_row full_width=&#8221;stretch_row&#8221; equal_height=&#8221;yes&#8221; content_placement=&#8221;middle&#8221; css=&#8221;.vc_custom_1559740243966{padding-top: 100px !important;padding-bottom: 100px !important;background-color: #f5f5f5 !important;}&#8221; el_class=&#8221;mobile-full&#8221;][vc_column width=&#8221;2\/3&#8243; css=&#8221;.vc_custom_1559740035747{margin-bottom: 0px !important;padding-top: 0px !important;padding-right: 0px !important;}&#8221; el_class=&#8221;min-height-100&#8243;][vc_column_text css=&#8221;.vc_custom_1773738539903{margin-bottom: 0px !important;}&#8221;]<\/p>\n<h2><span style=\"font-weight: 200;\">Sind Sie an einem <strong>Strand Pool von Bio.design <\/strong>interessiert? <\/span><span style=\"font-weight: 200;\">Warten Sie nicht <\/span><span style=\"font-weight: 200;\">l\u00e4nger<\/span><span style=\"font-weight: 200;\">. Kontaktieren Sie uns direkt!<\/span><\/h2>\n<p>[\/vc_column_text][\/vc_column][vc_column width=&#8221;1\/3&#8243;]<a href=\"https:\/\/bio.design\/de\/kostenloses-preis-angebot-an-fordern\/\" class=\"btn btn-primary arrow-right purple\"><span>KONTAKTIEREN SIE UNS<\/span><\/a>[\/vc_column][\/vc_row][vc_row css=&#8221;.vc_custom_1687182343865{padding-top: 60px !important;padding-bottom: 60px !important;}&#8221;][vc_column]<span class=\"subtitle dash-false style-dark text-center\">Erfahrene Wassertechnik-Profis und Poolbauer realisieren Ihr Projekt<\/span>[vc_column_text]<\/p>\n<h2 style=\"text-align: center;\">Ihr Partner f\u00fcr naturnahe Pools mit individueller Form<\/h2>\n<p>[\/vc_column_text]<div class=\"dash style-dark centered\"><\/div>[vc_row_inner][vc_column_inner][vc_column_text]Unser Unternehmen wurde 1980 in Mailand gegr\u00fcndet und ist heute Marktf\u00fchrer im Bereich Wassertechnik. Wir verf\u00fcgen \u00fcber eine drei\u00dfigj\u00e4hrige Erfahrung rund um den Einsatz von Wasser. Dabei verbinden wir stets Design und Nutzerfreundlichkeit.<\/p>\n<p>Im Jahr 2007 wurde die gesammelte Erfahrung in der Realisierung von Teichen und biologisch aufbereiteten Pools die Grundlage f\u00fcr eine neue Technologie: Bio.design. Diese f\u00fchrt die \u00e4sthetischen und \u00f6kologischen Vorteile der Teiche in die Poolwelt ein, indem sie die Personalisierung des Produktes aufwertet, die Umweltbelastung verringert und das Badeerlebnis revolutioniert. Schon kurze Zeit sp\u00e4ter wurden die <strong>Bio.design Beach Pools unser Kerngesch\u00e4ft.<\/strong> Wir besitzen internationale Patente und bereichs\u00fcbergreifendes Know-How. Unsere Expertenteams \u00fcbernehmen von der Konzipierung Ihres Beachpool Designs bis zur Installation des Strand Pools vor Ort alle T\u00e4tigkeiten.<\/p>\n<p>Nutzen Sie gern unseren <a title=\"Nutzen Sie unseren Poolkonfigurator!\" href=\"https:\/\/bio.design\/de\/kostenloses-preis-angebot-an-fordern\/\">Poolkonfigurator<\/a>, um einen Kostenvoranschlag f\u00fcr Ihr Projekt zu erhalten. Wir freuen uns auf Ihre Anfrage![\/vc_column_text][\/vc_column_inner][\/vc_row_inner][\/vc_column][\/vc_row]<\/p>\n","protected":false},"excerpt":{"rendered":"<p>[vc_row][vc_column][vc_column_text][\/vc_column_text][\/vc_column][\/vc_row][vc_row css=&#8221;.vc_custom_1559743558732{padding-top: 0px !important;}&#8221;][vc_column][vc_column_text] Der Bio.design Strand Pool [\/vc_column_text][vc_row_inner][vc_column_inner][vc_column_text]Im eigenen Garten f\u00fchlen wie am Strand: Dieser Traum wird wahr mit einem Strandpool von Bio.design! Bei einem Bio.design Beach Pool\u00a0k\u00f6nnen Sie von Beginn weg Gr\u00f6\u00dfe und individuelle Form mitgestalten, so dass im Zusammenspiel mit unserem Planungsteam Ihr Pool harmonisch in Ihre Gartenanlage eingebettet wird. Das Ergebnis: [&hellip;]<\/p>\n","protected":false},"author":3,"featured_media":0,"parent":0,"menu_order":0,"comment_status":"closed","ping_status":"closed","template":"","meta":{"footnotes":""},"class_list":["post-9914337","page","type-page","status-publish","hentry"],"yoast_head":"<!-- This site is optimized with the Yoast SEO plugin v27.3 - https:\/\/yoast.com\/product\/yoast-seo-wordpress\/ -->\n<title>Premium Beach Pool: Ihr eigener Strandpool | Biodesign Pools<\/title>\n<meta name=\"description\" content=\"Entspannen wie im Luxushotel am Strand \u2013 aber im eigenen Garten! Mit einem ma\u00dfgefertigten Bio.design Beach Pool wird dieser Traum wahr. Lesen Sie mehr!\" \/>\n<meta name=\"robots\" content=\"index, follow, max-snippet:-1, max-image-preview:large, max-video-preview:-1\" \/>\n<link rel=\"canonical\" href=\"https:\/\/bio.design\/de\/warum-einen-biodesign-naturpool-waehlen\/\" \/>\n<meta property=\"og:locale\" content=\"de_DE\" \/>\n<meta property=\"og:type\" content=\"article\" \/>\n<meta property=\"og:title\" content=\"Premium Beach Pool: Ihr eigener Strandpool | Biodesign Pools\" \/>\n<meta property=\"og:description\" content=\"Entspannen wie im Luxushotel am Strand \u2013 aber im eigenen Garten! Mit einem ma\u00dfgefertigten Bio.design Beach Pool wird dieser Traum wahr. Lesen Sie mehr!\" \/>\n<meta property=\"og:url\" content=\"https:\/\/bio.design\/de\/warum-einen-biodesign-naturpool-waehlen\/\" \/>\n<meta property=\"og:site_name\" content=\"Biodesign Pools\" \/>\n<meta property=\"article:publisher\" content=\"https:\/\/www.facebook.com\/PiscineBiodesign\/\" \/>\n<meta property=\"article:modified_time\" content=\"2026-03-17T10:24:34+00:00\" \/>\n<meta name=\"twitter:card\" content=\"summary_large_image\" \/>\n<meta name=\"twitter:site\" content=\"@BIODESIGNPOOLS\" \/>\n<meta name=\"twitter:label1\" content=\"Gesch\u00e4tzte Lesezeit\" \/>\n\t<meta name=\"twitter:data1\" content=\"9\u00a0Minuten\" \/>\n<script type=\"application\/ld+json\" class=\"yoast-schema-graph\">{\"@context\":\"https:\\\/\\\/schema.org\",\"@graph\":[{\"@type\":\"WebPage\",\"@id\":\"https:\\\/\\\/bio.design\\\/de\\\/warum-einen-biodesign-naturpool-waehlen\\\/\",\"url\":\"https:\\\/\\\/bio.design\\\/de\\\/warum-einen-biodesign-naturpool-waehlen\\\/\",\"name\":\"Premium Beach Pool: Ihr eigener Strandpool | Biodesign Pools\",\"isPartOf\":{\"@id\":\"https:\\\/\\\/bio.design\\\/#website\"},\"datePublished\":\"2019-03-06T13:53:28+00:00\",\"dateModified\":\"2026-03-17T10:24:34+00:00\",\"description\":\"Entspannen wie im Luxushotel am Strand \u2013 aber im eigenen Garten! Mit einem ma\u00dfgefertigten Bio.design Beach Pool wird dieser Traum wahr. Lesen Sie mehr!\",\"breadcrumb\":{\"@id\":\"https:\\\/\\\/bio.design\\\/de\\\/warum-einen-biodesign-naturpool-waehlen\\\/#breadcrumb\"},\"inLanguage\":\"de\",\"potentialAction\":[{\"@type\":\"ReadAction\",\"target\":[\"https:\\\/\\\/bio.design\\\/de\\\/warum-einen-biodesign-naturpool-waehlen\\\/\"]}]},{\"@type\":\"BreadcrumbList\",\"@id\":\"https:\\\/\\\/bio.design\\\/de\\\/warum-einen-biodesign-naturpool-waehlen\\\/#breadcrumb\",\"itemListElement\":[{\"@type\":\"ListItem\",\"position\":1,\"name\":\"Home\",\"item\":\"https:\\\/\\\/bio.design\\\/de\\\/biodesign-pools\\\/\"},{\"@type\":\"ListItem\",\"position\":2,\"name\":\"Warum ein Beach Pool von Bio.design?\"}]},{\"@type\":\"WebSite\",\"@id\":\"https:\\\/\\\/bio.design\\\/#website\",\"url\":\"https:\\\/\\\/bio.design\\\/\",\"name\":\"Biodesign Pools\",\"description\":\"The Living Pool - Natural Pools\",\"publisher\":{\"@id\":\"https:\\\/\\\/bio.design\\\/#organization\"},\"potentialAction\":[{\"@type\":\"SearchAction\",\"target\":{\"@type\":\"EntryPoint\",\"urlTemplate\":\"https:\\\/\\\/bio.design\\\/?s={search_term_string}\"},\"query-input\":{\"@type\":\"PropertyValueSpecification\",\"valueRequired\":true,\"valueName\":\"search_term_string\"}}],\"inLanguage\":\"de\"},{\"@type\":\"Organization\",\"@id\":\"https:\\\/\\\/bio.design\\\/#organization\",\"name\":\"Biodesign Pools\",\"url\":\"https:\\\/\\\/bio.design\\\/\",\"logo\":{\"@type\":\"ImageObject\",\"inLanguage\":\"de\",\"@id\":\"https:\\\/\\\/bio.design\\\/#\\\/schema\\\/logo\\\/image\\\/\",\"url\":\"https:\\\/\\\/bio.design\\\/wp-content\\\/uploads\\\/2021\\\/02\\\/Bio.design-New-Logo-Fb.jpg\",\"contentUrl\":\"https:\\\/\\\/bio.design\\\/wp-content\\\/uploads\\\/2021\\\/02\\\/Bio.design-New-Logo-Fb.jpg\",\"width\":2048,\"height\":1042,\"caption\":\"Biodesign Pools\"},\"image\":{\"@id\":\"https:\\\/\\\/bio.design\\\/#\\\/schema\\\/logo\\\/image\\\/\"},\"sameAs\":[\"https:\\\/\\\/www.facebook.com\\\/PiscineBiodesign\\\/\",\"https:\\\/\\\/x.com\\\/BIODESIGNPOOLS\",\"https:\\\/\\\/www.linkedin.com\\\/company\\\/biodesignpools\\\/\",\"https:\\\/\\\/www.youtube.com\\\/user\\\/BiodesignpoolsIT\"]}]}<\/script>\n<!-- \/ Yoast SEO plugin. -->","yoast_head_json":{"title":"Premium Beach Pool: Ihr eigener Strandpool | Biodesign Pools","description":"Entspannen wie im Luxushotel am Strand \u2013 aber im eigenen Garten! Mit einem ma\u00dfgefertigten Bio.design Beach Pool wird dieser Traum wahr. Lesen Sie mehr!","robots":{"index":"index","follow":"follow","max-snippet":"max-snippet:-1","max-image-preview":"max-image-preview:large","max-video-preview":"max-video-preview:-1"},"canonical":"https:\/\/bio.design\/de\/warum-einen-biodesign-naturpool-waehlen\/","og_locale":"de_DE","og_type":"article","og_title":"Premium Beach Pool: Ihr eigener Strandpool | Biodesign Pools","og_description":"Entspannen wie im Luxushotel am Strand \u2013 aber im eigenen Garten! Mit einem ma\u00dfgefertigten Bio.design Beach Pool wird dieser Traum wahr. Lesen Sie mehr!","og_url":"https:\/\/bio.design\/de\/warum-einen-biodesign-naturpool-waehlen\/","og_site_name":"Biodesign Pools","article_publisher":"https:\/\/www.facebook.com\/PiscineBiodesign\/","article_modified_time":"2026-03-17T10:24:34+00:00","twitter_card":"summary_large_image","twitter_site":"@BIODESIGNPOOLS","twitter_misc":{"Gesch\u00e4tzte Lesezeit":"9\u00a0Minuten"},"schema":{"@context":"https:\/\/schema.org","@graph":[{"@type":"WebPage","@id":"https:\/\/bio.design\/de\/warum-einen-biodesign-naturpool-waehlen\/","url":"https:\/\/bio.design\/de\/warum-einen-biodesign-naturpool-waehlen\/","name":"Premium Beach Pool: Ihr eigener Strandpool | Biodesign Pools","isPartOf":{"@id":"https:\/\/bio.design\/#website"},"datePublished":"2019-03-06T13:53:28+00:00","dateModified":"2026-03-17T10:24:34+00:00","description":"Entspannen wie im Luxushotel am Strand \u2013 aber im eigenen Garten! Mit einem ma\u00dfgefertigten Bio.design Beach Pool wird dieser Traum wahr. Lesen Sie mehr!","breadcrumb":{"@id":"https:\/\/bio.design\/de\/warum-einen-biodesign-naturpool-waehlen\/#breadcrumb"},"inLanguage":"de","potentialAction":[{"@type":"ReadAction","target":["https:\/\/bio.design\/de\/warum-einen-biodesign-naturpool-waehlen\/"]}]},{"@type":"BreadcrumbList","@id":"https:\/\/bio.design\/de\/warum-einen-biodesign-naturpool-waehlen\/#breadcrumb","itemListElement":[{"@type":"ListItem","position":1,"name":"Home","item":"https:\/\/bio.design\/de\/biodesign-pools\/"},{"@type":"ListItem","position":2,"name":"Warum ein Beach Pool von Bio.design?"}]},{"@type":"WebSite","@id":"https:\/\/bio.design\/#website","url":"https:\/\/bio.design\/","name":"Biodesign Pools","description":"The Living Pool - Natural Pools","publisher":{"@id":"https:\/\/bio.design\/#organization"},"potentialAction":[{"@type":"SearchAction","target":{"@type":"EntryPoint","urlTemplate":"https:\/\/bio.design\/?s={search_term_string}"},"query-input":{"@type":"PropertyValueSpecification","valueRequired":true,"valueName":"search_term_string"}}],"inLanguage":"de"},{"@type":"Organization","@id":"https:\/\/bio.design\/#organization","name":"Biodesign Pools","url":"https:\/\/bio.design\/","logo":{"@type":"ImageObject","inLanguage":"de","@id":"https:\/\/bio.design\/#\/schema\/logo\/image\/","url":"https:\/\/bio.design\/wp-content\/uploads\/2021\/02\/Bio.design-New-Logo-Fb.jpg","contentUrl":"https:\/\/bio.design\/wp-content\/uploads\/2021\/02\/Bio.design-New-Logo-Fb.jpg","width":2048,"height":1042,"caption":"Biodesign Pools"},"image":{"@id":"https:\/\/bio.design\/#\/schema\/logo\/image\/"},"sameAs":["https:\/\/www.facebook.com\/PiscineBiodesign\/","https:\/\/x.com\/BIODESIGNPOOLS","https:\/\/www.linkedin.com\/company\/biodesignpools\/","https:\/\/www.youtube.com\/user\/BiodesignpoolsIT"]}]}},"_links":{"self":[{"href":"https:\/\/bio.design\/de\/wp-json\/wp\/v2\/pages\/9914337","targetHints":{"allow":["GET"]}}],"collection":[{"href":"https:\/\/bio.design\/de\/wp-json\/wp\/v2\/pages"}],"about":[{"href":"https:\/\/bio.design\/de\/wp-json\/wp\/v2\/types\/page"}],"author":[{"embeddable":true,"href":"https:\/\/bio.design\/de\/wp-json\/wp\/v2\/users\/3"}],"replies":[{"embeddable":true,"href":"https:\/\/bio.design\/de\/wp-json\/wp\/v2\/comments?post=9914337"}],"version-history":[{"count":19,"href":"https:\/\/bio.design\/de\/wp-json\/wp\/v2\/pages\/9914337\/revisions"}],"predecessor-version":[{"id":9933365,"href":"https:\/\/bio.design\/de\/wp-json\/wp\/v2\/pages\/9914337\/revisions\/9933365"}],"wp:attachment":[{"href":"https:\/\/bio.design\/de\/wp-json\/wp\/v2\/media?parent=9914337"}],"curies":[{"name":"wp","href":"https:\/\/api.w.org\/{rel}","templated":true}]}}