{"id":9914334,"date":"2019-03-12T10:28:52","date_gmt":"2019-03-12T10:28:52","guid":{"rendered":"https:\/\/bio.design\/piscina-eco-compatibile\/"},"modified":"2026-03-18T14:58:20","modified_gmt":"2026-03-18T13:58:20","slug":"ein-umweltvertraeglicher-swimming-pool","status":"publish","type":"page","link":"https:\/\/bio.design\/de\/ein-umweltvertraeglicher-swimming-pool\/","title":{"rendered":"Umweltfreundlicher Pool ohne Beton"},"content":{"rendered":"<p>[vc_row css=&#8221;.vc_custom_1687787823821{padding-bottom: 50px !important;}&#8221;][vc_column][vc_column_text]<\/p>\n<p style=\"text-align: center;\">Einzigartige Technologie<\/p>\n<h2 style=\"text-align: center;\">Der Natur Design Pool<\/h2>\n<p>&nbsp;<\/p>\n<p>Mit einem Bio.design-Pool wird der Traum vom eigenen Strand wahr: Die einzigartige Technologie unserer <strong>Pools ohne Beton<\/strong> \u00fcberzeugt nicht nur durch die \u00c4sthetik und das ideale Zusammenspiel von Garten und Becken, sondern ist hierzu umweltfreundlicher als Betonbecken. Mit der patentierten Bio.design-Beschichtung erhalten Sie einen Natur-Design Pool mit authentischer Haptik. Zum Einsatz kommt dabei Sand, der dank des eigens entwickelten Harz-Quarzgemisch fixiert wird.<\/p>\n<p>Wellness-Landschaft, Sportbecken, kinderfreundlicher Pool oder alles in einem: Die umweltfreundlichen Pools von Bio.design erm\u00f6glichen Ihnen eine Vielfalt an m\u00f6glichen Formen, Nutzungsm\u00f6glichkeiten und anderen individuellen Eigenschaften, die Sie mit unseren erfahrenen Poolbauern gemeinsam und ganz nach Ihren W\u00fcnschen entwerfen. Dabei sind Ihnen bei der Personalisierung des umweltfreundlichen Pools ohne Beton keine Grenzen gesetzt.[\/vc_column_text][vc_column_text]<\/p>\n<p>[\/vc_column_text][\/vc_column][\/vc_row][vc_row full_width=&#8221;stretch_row&#8221; equal_height=&#8221;yes&#8221; content_placement=&#8221;middle&#8221; css=&#8221;.vc_custom_1559740243966{padding-top: 100px !important;padding-bottom: 100px !important;background-color: #f5f5f5 !important;}&#8221; el_class=&#8221;mobile-full&#8221;][vc_column width=&#8221;2\/3&#8243; css=&#8221;.vc_custom_1559740035747{margin-bottom: 0px !important;padding-top: 0px !important;padding-right: 0px !important;}&#8221; el_class=&#8221;min-height-100&#8243;][vc_column_text css=&#8221;.vc_custom_1773842227587{margin-bottom: 0px !important;}&#8221;]<\/p>\n<h2>Sie haben Interesse an einem umweltfreundlichen Pool von Bio.design?<\/h2>\n<h2>Warten Sie nicht l\u00e4nger und kontaktieren Sie uns noch heute.<\/h2>\n<p>[\/vc_column_text][\/vc_column][vc_column width=&#8221;1\/3&#8243;]<a href=\"https:\/\/bio.design\/de\/kostenloses-preis-angebot-an-fordern\/\" class=\"btn btn-primary arrow-right purple\"><span>KONTAKTIEREN SIE UNS<\/span><\/a>[\/vc_column][\/vc_row][vc_row css=&#8221;.vc_custom_1687788125199{padding-top: 40px !important;}&#8221;][vc_column width=&#8221;1\/4&#8243;][vc_column_text]<\/p>\n<p>Nachhaltiger Einbau<\/p>\n<h2>Pool einbauen ohne Beton<\/h2>\n<p>[\/vc_column_text]<div class=\"dash style-dark default\"><\/div>[\/vc_column][vc_column width=&#8221;3\/4&#8243;][vc_row_inner][vc_column_inner width=&#8221;1\/2&#8243;][vc_column_text]Die Bio.design-<a title=\"Biodesign Pool-Technologie\" href=\"https:\/\/bio.design\/de\/die-biodesign-technik\/\">Pool-Technologie<\/a> erinnert an die Bautechnologie der traditionellen Schwimmteiche, denn sie verzichtet auf Beton. Die Neigung des Beckens befolgt den nat\u00fcrlichen Haftwinkel des Bodens, was den <strong>umweltfreundlichen<\/strong><strong>Pool ohne Beton<\/strong> \u00e4sthetisch ideal in die Umgebung integriert.<\/p>\n<p>Sobald der Aushub fertig ist, wird eine wasserdichte und flexible EPDM-Folie dar\u00fcbergelegt. Dadurch bleibt das Wasser im Becken vollkommen unabh\u00e4ngig vom Grundwasser. Eventuelle Erdbewegungen k\u00f6nnen die Wasserabdichtung nicht besch\u00e4digen oder Wasserverluste verursachen.[\/vc_column_text][\/vc_column_inner][vc_column_inner width=&#8221;1\/2&#8243;][vc_column_text]<\/p>\n<p>\u00dcber die Folie wird eine Beschichtung in Naturstein gezogen, die im vollkommenen Einklang mit den umliegenden Farben der Landschaft ist. Es handelt sich um Sand in verschiedenen K\u00f6rnungen, die auf einer Schutzfolie \u00fcber die Wasserabdichtung gelegt werden.<\/p>\n<p>Der Sand wird mit kleinen Harzmengen fixiert, damit der Beckenboden stabil bleibt. Dank dieser Bautechnologie ohne Tragekonstruktion ist keine Baustatik notwendig. Die Elastizit\u00e4t der Folie gibt dem Boden die M\u00f6glichkeit, sich frei und ohne Wasserverluste zu bewegen \u2013 dies bedeutet, dass hydrogeologische Ver\u00e4nderungen verhindert werden.<\/p>\n<p>[\/vc_column_text][\/vc_column_inner][\/vc_row_inner][\/vc_column][\/vc_row][vc_row full_width=&#8221;stretch_row&#8221; equal_height=&#8221;yes&#8221; content_placement=&#8221;middle&#8221; css=&#8221;.vc_custom_1687791858319{margin-top: 0px !important;padding-top: 40px !important;padding-bottom: 60px !important;}&#8221; el_class=&#8221;spaced&#8221;][vc_column width=&#8221;4\/12&#8243;][vc_row_inner el_class=&#8221;overlap-right&#8221;][vc_column_inner el_class=&#8221;shadow-box&#8221;]<span class=\"subtitle dash-true style-dark text-default\">Verzicht auf Betonplatten und PVC<\/span>[vc_column_text]<\/p>\n<h3><strong>Das innovative Poolsystem<\/strong><\/h3>\n<p>Bio.design-Abdichtungen bestehen aus EPDM, welches von Greenpeace als Alternative zu PVC empfohlen wird.<br \/>\nIst das Bio.design-Pool-Becken fertig und vollst\u00e4ndig mit Wasser gef\u00fcllt, wiegt es weniger als der Boden, der f\u00fcr den Aufbau abgetragen wurde.<br \/>\nDank der einzigartigen Umweltvertr\u00e4glichkeit von Bio.design kommt diese patentierte Technologie bereits bei zahlreichen Str\u00e4nden, Parks und Gebieten zum Einsatz, die unter strengen Umweltauflagen stehen.[\/vc_column_text][\/vc_column_inner][\/vc_row_inner][\/vc_column][vc_column width=&#8221;8\/12&#8243;][vc_single_image image=&#8221;9931243&#8243; onclick=&#8221;img_link_large&#8221; css=&#8221;.vc_custom_1756808132138{margin-bottom: 0px !important;}&#8221;][\/vc_column][\/vc_row][vc_row full_width=&#8221;stretch_row&#8221; equal_height=&#8221;yes&#8221; content_placement=&#8221;middle&#8221; css=&#8221;.vc_custom_1687791858319{margin-top: 0px !important;padding-top: 40px !important;padding-bottom: 60px !important;}&#8221; el_class=&#8221;spaced&#8221;][vc_column width=&#8221;8\/12&#8243;][vc_single_image image=&#8221;9931251&#8243; onclick=&#8221;img_link_large&#8221; css=&#8221;.vc_custom_1756808223095{margin-bottom: 0px !important;}&#8221;][\/vc_column][vc_column width=&#8221;4\/12&#8243;][vc_row_inner el_class=&#8221;overlap-left&#8221;][vc_column_inner el_class=&#8221;shadow-box&#8221;]<span class=\"subtitle dash-true style-dark text-default\">Kristallklar &amp; tiefblau<\/span>[vc_column_text]<\/p>\n<h3>Aufbereitung im Natur Design Pool<\/h3>\n<p>Das Wasser im <b>Pool ohne Beton<\/b> wird gefiltert und hygienisiert, indem die Wasserdesinfektion durch traditionelle Pooltechnologien erfolgt.<\/p>\n<p>Der Umwelt zuliebe empfehlen wir das Aufbereiten des Poolwassers mit Hydrolysen oder Elektrolysen. Dabei handelt es sich um L\u00f6sungen, die mit einem sehr niedrigen Salzgehalt arbeiten. So eignet sich das Wasser auch f\u00fcr die Bew\u00e4sserung von Pflanzen oder Rasen. Der gro\u00dfe Vorteil: ein kristallklares Wasser![\/vc_column_text][\/vc_column_inner][\/vc_row_inner][\/vc_column][\/vc_row][vc_row full_width=&#8221;stretch_row&#8221; equal_height=&#8221;yes&#8221; content_placement=&#8221;middle&#8221; css=&#8221;.vc_custom_1687791858319{margin-top: 0px !important;padding-top: 40px !important;padding-bottom: 60px !important;}&#8221; el_class=&#8221;spaced&#8221;][vc_column width=&#8221;4\/12&#8243;][vc_row_inner el_class=&#8221;overlap-right&#8221;][vc_column_inner el_class=&#8221;shadow-box&#8221;]<span class=\"subtitle dash-true style-dark text-default\">Individuelles Bade-Paradies<\/span>[vc_column_text]<\/p>\n<h3>Das Schwimmbecken Ihrer Tr\u00e4ume<\/h3>\n<p>Der Aufbau des <strong>Pools ohne Beton<\/strong> wird gem\u00e4\u00df einer komplett personalisierten Planung realisiert und garantiert maximale Nutzerfreundlichkeit. Str\u00e4nde, Sitze und Chaiselongues unter Wasser garantieren den Badenden Entspannung in ihrem pers\u00f6nlichen Wellness-Paradies. Durch nat\u00fcrliche Neigungswinkel ist hohe Sicherheit gew\u00e4hrleistet \u2013 auch f\u00fcr Haustiere ist es m\u00f6glich, das Becken problemlos zu verlassen. Hinzu kommt, dass Bio.design-Pools als Au\u00dfenpool sowie als Installation als Innenpool m\u00f6glich sind.[\/vc_column_text][\/vc_column_inner][\/vc_row_inner][\/vc_column][vc_column width=&#8221;8\/12&#8243;][vc_single_image image=&#8221;9931265&#8243; onclick=&#8221;img_link_large&#8221; css=&#8221;.vc_custom_1756808550837{margin-bottom: 0px !important;}&#8221;][\/vc_column][\/vc_row][vc_row full_width=&#8221;stretch_row&#8221; equal_height=&#8221;yes&#8221; content_placement=&#8221;middle&#8221; css=&#8221;.vc_custom_1687791858319{margin-top: 0px !important;padding-top: 40px !important;padding-bottom: 60px !important;}&#8221; el_class=&#8221;spaced&#8221;][vc_column width=&#8221;8\/12&#8243;][vc_single_image image=&#8221;9931258&#8243; onclick=&#8221;img_link_large&#8221; css=&#8221;.vc_custom_1756808566520{margin-bottom: 0px !important;}&#8221;][\/vc_column][vc_column width=&#8221;4\/12&#8243;][vc_row_inner el_class=&#8221;overlap-left&#8221;][vc_column_inner el_class=&#8221;shadow-box&#8221;]<span class=\"subtitle dash-true style-dark text-default\">Ausgezeichneter Poolbau<\/span>[vc_column_text]<\/p>\n<h3>Unsere Pools sind umweltfreundlich, nachhaltig und preisgekr\u00f6nt<\/h3>\n<p>Bio.design hat mit seinen <strong>Pools ohne Beton<\/strong> bei der internationalen Messe Piscina &amp; Wellness BCN in Barcelona den 1. Preis f\u00fcr das umweltfreundlichste und nachhaltigste Produkt in der Poolbranche gewonnen! Erhalten Sie mit Ihrem <a title=\"Ihr Biodesign-Pool\" href=\"https:\/\/bio.design\/de\">Bio.design-Pool<\/a> ein ausgezeichnetes Becken ohne Betonplatte mit nat\u00fcrlichen Materialien und Strand-Look. Lassen Sie sich \u00e4sthetisch als auch durch eine realistische und angenehme Haptik beeindrucken.[\/vc_column_text][\/vc_column_inner][\/vc_row_inner][\/vc_column][\/vc_row][vc_row full_width=&#8221;stretch_row&#8221; equal_height=&#8221;yes&#8221; content_placement=&#8221;middle&#8221; css=&#8221;.vc_custom_1559740243966{padding-top: 100px !important;padding-bottom: 100px !important;background-color: #f5f5f5 !important;}&#8221; el_class=&#8221;mobile-full&#8221;][vc_column width=&#8221;2\/3&#8243; css=&#8221;.vc_custom_1559740035747{margin-bottom: 0px !important;padding-top: 0px !important;padding-right: 0px !important;}&#8221; el_class=&#8221;min-height-100&#8243;][vc_column_text css=&#8221;.vc_custom_1773842068559{margin-bottom: 0px !important;}&#8221;]<\/p>\n<h2>Sind Sie an einem Bio.design-Pool ohne Beton interessiert?<br \/>\nWarten Sie nicht l\u00e4nger. Kontaktieren Sie uns!<\/h2>\n<p>[\/vc_column_text][\/vc_column][vc_column width=&#8221;1\/3&#8243;]<a href=\"https:\/\/bio.design\/de\/kostenloses-preis-angebot-an-fordern\/\" class=\"btn btn-primary arrow-right purple\"><span>KONTAKTIEREN SIE UNS<\/span><\/a>[\/vc_column][\/vc_row][vc_row css=&#8221;.vc_custom_1687788710406{padding-top: 50px !important;padding-bottom: 50px !important;}&#8221;][vc_column][vc_column_text]<\/p>\n<h3 style=\"text-align: center;\">Alle Vorteile auf einen Blick<\/h3>\n<p>&nbsp;<\/p>\n<p>Der umweltfreundliche Pool von Bio.design \u00fcberzeugt durch folgende Vorteile:<\/p>\n<ul>\n<li>Freie Form: Andere Hersteller verbauen traditionelle Ovalbecken, Rundbecken oder Rechteckbecken \u2013 Mit einem Bio.design-Pool hingegen sind Ihnen keine Grenzen gesetzt und das Design l\u00e4sst sich individuell an alle G\u00e4rten oder Innenfl\u00e4chen anpassen.<\/li>\n<li>Relaxen oder sportlich nutzen: Bei der Planung Ihres <strong>umweltfreundlichen Pools ohne Beton<\/strong> lassen sich flache Wasserstellen ebenso einplanen wie tiefere Stellen zum Schwimmen und Springen.<\/li>\n<li>Unz\u00e4hlige M\u00f6glichkeiten: Sitzgelegenheiten, Kinderbereiche, Gegenstromanlage, Geysir, Wasserbeheizung und vieles mehr sind bei einem Poolsystem von Bio.design m\u00f6glich. Mit unserem Konfigurator k\u00f6nnen Sie sich Ihren Traumpool zusammenstellen.<\/li>\n<li>Nutzung im ganzen Jahr: Ob im Sommer als erholsamer Strand im Garten oder im Winter als dekorative Seelandschaft oder Abk\u00fchlung nach dem Saunieren \u2013 der Pool, der weder betoniert ist noch eine statische Bodenplatte besitzt, ist das ganze Jahr nutzbar. Dadurch muss das Wasser im Becken nicht abgelassen oder abgedeckt werden.<\/li>\n<li>Schneller Bau aus einer Hand: Im Vergleich zu klassischen Pools, bei denen betoniert wird, ist das umweltfreundliche Becken von Bio.design deutlich schneller installiert.<\/li>\n<\/ul>\n<p>[\/vc_column_text][vc_column_text]<\/p>\n<p>[\/vc_column_text][\/vc_column][\/vc_row][vc_row full_width=&#8221;stretch_row&#8221; css=&#8221;.vc_custom_1687792857558{padding-top: 60px !important;padding-bottom: 60px !important;background-color: #0f3c63 !important;}&#8221;][vc_column width=&#8221;1\/3&#8243;]<span class=\"subtitle dash-true style-light text-default\">Installationszeiten<\/span>[vc_column_text]<span style=\"color: #ffffff;\">Gesch\u00e4tzte Bau- und Installationszeit f\u00fcr einen 60m\u00b2-Pool durch vier professionelle Handwerker<\/span>[\/vc_column_text][\/vc_column][vc_column width=&#8221;2\/3&#8243;][vc_row_inner][vc_column_inner width=&#8221;1\/2&#8243;]<div class=\"number-box style-dark spacing-30\"><div class=\"number-box-number\">23 Tage<\/div><div class=\"content-box\"><div class=\"content-box-info\"><h3>Traditioneller Pool mit Beton<\/h3><\/div><\/div><\/div>[\/vc_column_inner][vc_column_inner width=&#8221;1\/2&#8243;]<div class=\"number-box style-dark spacing-30\"><div class=\"number-box-number\">10 Tage<\/div><div class=\"content-box\"><div class=\"content-box-info\"><h3>Bio.design-Pool ohne Beton<\/h3><\/div><\/div><\/div>[\/vc_column_inner][\/vc_row_inner][\/vc_column][\/vc_row][vc_row css=&#8221;.vc_custom_1687788800025{padding-top: 60px !important;padding-bottom: 60px !important;}&#8221;][vc_column][vc_column_text]<\/p>\n<p style=\"text-align: center;\">Erfahrene Poolbauer und Wassertechnik-Profis<\/p>\n<h2 style=\"text-align: center;\">Bio.design ist Ihr Partner f\u00fcr den umweltfreundlichen Pool ohne Beton<\/h2>\n<p style=\"text-align: center;\">1980 in Mailand gegr\u00fcndet, w\u00e4chst das Know-How unseres Unternehmens stetig: Mit \u00fcber drei\u00dfigj\u00e4hriger Erfahrung ist Bio.design heute Marktf\u00fchrer im Bereich Wassertechnik. Dank kontinuierlicher Forschung konnten wir mit unseren umweltfreundlichen Pools ohne Beton-Nutzung den Poolmarkt revolutionieren. Unseren Kunden stehen bei der Planung und Realisierung somit erfahrene Poolbauer und echte Profis rund um die Wassertechnik.<\/p>\n<p style=\"text-align: center;\">Der innovative und vielseitige <a title=\"Beach Pool von Biodesign\" href=\"https:\/\/bio.design\/de\/warum-einen-biodesign-naturpool-waehlen\/\">Beach Pool<\/a> von Bio.design besticht durch seine \u00c4sthetik in den unterschiedlichsten G\u00e4rten und l\u00e4dt zu erholsamen Stunden am oder im Becken ein. Dabei werden die Becken begrenzt invasiv installiert und schonen dabei Umwelt und Grundwasser.<\/p>\n<p style=\"text-align: center;\">Nutzen Sie gern unseren <a title=\"Ihr Poolkonfigurator von Biodesign\" href=\"https:\/\/bio.design\/de\/kostenloses-preis-angebot-an-fordern\/\">Poolkonfigurator<\/a>, um einen Kostenvoranschlag f\u00fcr Ihr Projekt zu erhalten. Wir freuen uns auf Ihre Anfrage!<\/p>\n<p>[\/vc_column_text][vc_column_text]<\/p>\n<p>[\/vc_column_text][\/vc_column][\/vc_row][vc_row disable_element=&#8221;yes&#8221; css=&#8221;.vc_custom_1562151791500{border-bottom-width: 60px !important;padding-top: 60px !important;}&#8221;][vc_column][vc_row_inner][vc_column_inner width=&#8221;2\/3&#8243;][vc_column_text]Von Mobilit\u00e4t der Biodesign-Technik zu sprechen mag auch von unserem Standpunkt aus gesehen ein wenig \u00fcbertrieben erscheinen, aber wir sind weiterhin davon \u00fcberzeugt, dass eine Technik, die eine wasserdichte, umweltschonende Folie und eine Schicht von F\u00fcllmaterial einsetzt, viel eher mit einer Bautechnik f\u00fcr Wasserspeicher, Teiche, nat\u00fcrliche Becken als f\u00fcr Swimming Pools zu tun hat.<\/p>\n<p>Insbesondere, wenn die in der Konstruktion verwendeten Monolithen, so wie die Farben der F\u00fcllmaterialien des Pools, nat\u00fcrlichen Ursprungs und autochthon sind und die Aufbereitungssysteme die Umwelt nicht beeintr\u00e4chtigen. Dies wird auch durch mehrere Biodesign-Installationen bezeugt, die an Standorten realisiert wurden, die unter Landschaftsschutz stehen und an denen die Baubewilligungen viel unkomplizierter werden. Im Luxus- Wellnessbereich mit einem umweltfreundlichen Produkt zu arbeiten, ist langfristig eine Chance f\u00fcr Ihre Unternehmen und eine Prestigefrage, gleicherma\u00dfen f\u00fcr die Baufirma und den K\u00e4ufer.<\/p>\n<p>Neben verschiedenen Bescheinigungen und Berichten hat die Internationale Swimming Pool Fachmesse in Barcelona die Biodesign-Technik als nachhaltigstes und umweltfreundlichstes Produkt in diesem Bereich ausgezeichnet. An der Messe waren Firmen aus \u00fcber 30 L\u00e4ndern der Welt vertreten, darunter einige sehr gro\u00dfe und sogar b\u00f6rsennotierte Unternehmen. API Italia war dank Biodesign-Technik das einzige italienische Unternehmen unter den Finalisten und gewann zwei sehr wichtige Auszeichnungen.[\/vc_column_text][\/vc_column_inner][vc_column_inner width=&#8221;1\/3&#8243;][\/vc_column_inner][\/vc_row_inner][\/vc_column][\/vc_row]<\/p>\n","protected":false},"excerpt":{"rendered":"<p>[vc_row css=&#8221;.vc_custom_1687787823821{padding-bottom: 50px !important;}&#8221;][vc_column][vc_column_text] Einzigartige Technologie Der Natur Design Pool &nbsp; Mit einem Bio.design-Pool wird der Traum vom eigenen Strand wahr: Die einzigartige Technologie unserer Pools ohne Beton \u00fcberzeugt nicht nur durch die \u00c4sthetik und das ideale Zusammenspiel von Garten und Becken, sondern ist hierzu umweltfreundlicher als Betonbecken. Mit der patentierten Bio.design-Beschichtung erhalten Sie einen [&hellip;]<\/p>\n","protected":false},"author":3,"featured_media":0,"parent":0,"menu_order":0,"comment_status":"closed","ping_status":"closed","template":"","meta":{"footnotes":""},"class_list":["post-9914334","page","type-page","status-publish","hentry"],"yoast_head":"<!-- This site is optimized with the Yoast SEO plugin v27.3 - https:\/\/yoast.com\/product\/yoast-seo-wordpress\/ -->\n<title>Pool ohne Beton | umweltfreundlich | Biodesign-Pools<\/title>\n<meta name=\"description\" content=\"Umweltfreundlicher Strandpool ohne Beton. Entdecken Sie Bio.design und konfigurieren Sie Ihren Strandpool!\" \/>\n<meta name=\"robots\" content=\"index, follow, max-snippet:-1, max-image-preview:large, max-video-preview:-1\" \/>\n<link rel=\"canonical\" href=\"https:\/\/bio.design\/de\/ein-umweltvertraeglicher-swimming-pool\/\" \/>\n<meta property=\"og:locale\" content=\"de_DE\" \/>\n<meta property=\"og:type\" content=\"article\" \/>\n<meta property=\"og:title\" content=\"Pool ohne Beton | umweltfreundlich | Biodesign-Pools\" \/>\n<meta property=\"og:description\" content=\"Umweltfreundlicher Strandpool ohne Beton. Entdecken Sie Bio.design und konfigurieren Sie Ihren Strandpool!\" \/>\n<meta property=\"og:url\" content=\"https:\/\/bio.design\/de\/ein-umweltvertraeglicher-swimming-pool\/\" \/>\n<meta property=\"og:site_name\" content=\"Biodesign Pools\" \/>\n<meta property=\"article:publisher\" content=\"https:\/\/www.facebook.com\/PiscineBiodesign\/\" \/>\n<meta property=\"article:modified_time\" content=\"2026-03-18T13:58:20+00:00\" \/>\n<meta name=\"twitter:card\" content=\"summary_large_image\" \/>\n<meta name=\"twitter:site\" content=\"@BIODESIGNPOOLS\" \/>\n<meta name=\"twitter:label1\" content=\"Gesch\u00e4tzte Lesezeit\" \/>\n\t<meta name=\"twitter:data1\" content=\"10\u00a0Minuten\" \/>\n<script type=\"application\/ld+json\" class=\"yoast-schema-graph\">{\"@context\":\"https:\\\/\\\/schema.org\",\"@graph\":[{\"@type\":\"WebPage\",\"@id\":\"https:\\\/\\\/bio.design\\\/de\\\/ein-umweltvertraeglicher-swimming-pool\\\/\",\"url\":\"https:\\\/\\\/bio.design\\\/de\\\/ein-umweltvertraeglicher-swimming-pool\\\/\",\"name\":\"Pool ohne Beton | umweltfreundlich | Biodesign-Pools\",\"isPartOf\":{\"@id\":\"https:\\\/\\\/bio.design\\\/#website\"},\"datePublished\":\"2019-03-12T10:28:52+00:00\",\"dateModified\":\"2026-03-18T13:58:20+00:00\",\"description\":\"Umweltfreundlicher Strandpool ohne Beton. Entdecken Sie Bio.design und konfigurieren Sie Ihren Strandpool!\",\"breadcrumb\":{\"@id\":\"https:\\\/\\\/bio.design\\\/de\\\/ein-umweltvertraeglicher-swimming-pool\\\/#breadcrumb\"},\"inLanguage\":\"de\",\"potentialAction\":[{\"@type\":\"ReadAction\",\"target\":[\"https:\\\/\\\/bio.design\\\/de\\\/ein-umweltvertraeglicher-swimming-pool\\\/\"]}]},{\"@type\":\"BreadcrumbList\",\"@id\":\"https:\\\/\\\/bio.design\\\/de\\\/ein-umweltvertraeglicher-swimming-pool\\\/#breadcrumb\",\"itemListElement\":[{\"@type\":\"ListItem\",\"position\":1,\"name\":\"Home\",\"item\":\"https:\\\/\\\/bio.design\\\/de\\\/biodesign-pools\\\/\"},{\"@type\":\"ListItem\",\"position\":2,\"name\":\"Umweltfreundlicher Pool ohne Beton\"}]},{\"@type\":\"WebSite\",\"@id\":\"https:\\\/\\\/bio.design\\\/#website\",\"url\":\"https:\\\/\\\/bio.design\\\/\",\"name\":\"Biodesign Pools\",\"description\":\"The Living Pool - Natural Pools\",\"publisher\":{\"@id\":\"https:\\\/\\\/bio.design\\\/#organization\"},\"potentialAction\":[{\"@type\":\"SearchAction\",\"target\":{\"@type\":\"EntryPoint\",\"urlTemplate\":\"https:\\\/\\\/bio.design\\\/?s={search_term_string}\"},\"query-input\":{\"@type\":\"PropertyValueSpecification\",\"valueRequired\":true,\"valueName\":\"search_term_string\"}}],\"inLanguage\":\"de\"},{\"@type\":\"Organization\",\"@id\":\"https:\\\/\\\/bio.design\\\/#organization\",\"name\":\"Biodesign Pools\",\"url\":\"https:\\\/\\\/bio.design\\\/\",\"logo\":{\"@type\":\"ImageObject\",\"inLanguage\":\"de\",\"@id\":\"https:\\\/\\\/bio.design\\\/#\\\/schema\\\/logo\\\/image\\\/\",\"url\":\"https:\\\/\\\/bio.design\\\/wp-content\\\/uploads\\\/2021\\\/02\\\/Bio.design-New-Logo-Fb.jpg\",\"contentUrl\":\"https:\\\/\\\/bio.design\\\/wp-content\\\/uploads\\\/2021\\\/02\\\/Bio.design-New-Logo-Fb.jpg\",\"width\":2048,\"height\":1042,\"caption\":\"Biodesign Pools\"},\"image\":{\"@id\":\"https:\\\/\\\/bio.design\\\/#\\\/schema\\\/logo\\\/image\\\/\"},\"sameAs\":[\"https:\\\/\\\/www.facebook.com\\\/PiscineBiodesign\\\/\",\"https:\\\/\\\/x.com\\\/BIODESIGNPOOLS\",\"https:\\\/\\\/www.linkedin.com\\\/company\\\/biodesignpools\\\/\",\"https:\\\/\\\/www.youtube.com\\\/user\\\/BiodesignpoolsIT\"]}]}<\/script>\n<!-- \/ Yoast SEO plugin. -->","yoast_head_json":{"title":"Pool ohne Beton | umweltfreundlich | Biodesign-Pools","description":"Umweltfreundlicher Strandpool ohne Beton. Entdecken Sie Bio.design und konfigurieren Sie Ihren Strandpool!","robots":{"index":"index","follow":"follow","max-snippet":"max-snippet:-1","max-image-preview":"max-image-preview:large","max-video-preview":"max-video-preview:-1"},"canonical":"https:\/\/bio.design\/de\/ein-umweltvertraeglicher-swimming-pool\/","og_locale":"de_DE","og_type":"article","og_title":"Pool ohne Beton | umweltfreundlich | Biodesign-Pools","og_description":"Umweltfreundlicher Strandpool ohne Beton. Entdecken Sie Bio.design und konfigurieren Sie Ihren Strandpool!","og_url":"https:\/\/bio.design\/de\/ein-umweltvertraeglicher-swimming-pool\/","og_site_name":"Biodesign Pools","article_publisher":"https:\/\/www.facebook.com\/PiscineBiodesign\/","article_modified_time":"2026-03-18T13:58:20+00:00","twitter_card":"summary_large_image","twitter_site":"@BIODESIGNPOOLS","twitter_misc":{"Gesch\u00e4tzte Lesezeit":"10\u00a0Minuten"},"schema":{"@context":"https:\/\/schema.org","@graph":[{"@type":"WebPage","@id":"https:\/\/bio.design\/de\/ein-umweltvertraeglicher-swimming-pool\/","url":"https:\/\/bio.design\/de\/ein-umweltvertraeglicher-swimming-pool\/","name":"Pool ohne Beton | umweltfreundlich | Biodesign-Pools","isPartOf":{"@id":"https:\/\/bio.design\/#website"},"datePublished":"2019-03-12T10:28:52+00:00","dateModified":"2026-03-18T13:58:20+00:00","description":"Umweltfreundlicher Strandpool ohne Beton. Entdecken Sie Bio.design und konfigurieren Sie Ihren Strandpool!","breadcrumb":{"@id":"https:\/\/bio.design\/de\/ein-umweltvertraeglicher-swimming-pool\/#breadcrumb"},"inLanguage":"de","potentialAction":[{"@type":"ReadAction","target":["https:\/\/bio.design\/de\/ein-umweltvertraeglicher-swimming-pool\/"]}]},{"@type":"BreadcrumbList","@id":"https:\/\/bio.design\/de\/ein-umweltvertraeglicher-swimming-pool\/#breadcrumb","itemListElement":[{"@type":"ListItem","position":1,"name":"Home","item":"https:\/\/bio.design\/de\/biodesign-pools\/"},{"@type":"ListItem","position":2,"name":"Umweltfreundlicher Pool ohne Beton"}]},{"@type":"WebSite","@id":"https:\/\/bio.design\/#website","url":"https:\/\/bio.design\/","name":"Biodesign Pools","description":"The Living Pool - Natural Pools","publisher":{"@id":"https:\/\/bio.design\/#organization"},"potentialAction":[{"@type":"SearchAction","target":{"@type":"EntryPoint","urlTemplate":"https:\/\/bio.design\/?s={search_term_string}"},"query-input":{"@type":"PropertyValueSpecification","valueRequired":true,"valueName":"search_term_string"}}],"inLanguage":"de"},{"@type":"Organization","@id":"https:\/\/bio.design\/#organization","name":"Biodesign Pools","url":"https:\/\/bio.design\/","logo":{"@type":"ImageObject","inLanguage":"de","@id":"https:\/\/bio.design\/#\/schema\/logo\/image\/","url":"https:\/\/bio.design\/wp-content\/uploads\/2021\/02\/Bio.design-New-Logo-Fb.jpg","contentUrl":"https:\/\/bio.design\/wp-content\/uploads\/2021\/02\/Bio.design-New-Logo-Fb.jpg","width":2048,"height":1042,"caption":"Biodesign Pools"},"image":{"@id":"https:\/\/bio.design\/#\/schema\/logo\/image\/"},"sameAs":["https:\/\/www.facebook.com\/PiscineBiodesign\/","https:\/\/x.com\/BIODESIGNPOOLS","https:\/\/www.linkedin.com\/company\/biodesignpools\/","https:\/\/www.youtube.com\/user\/BiodesignpoolsIT"]}]}},"_links":{"self":[{"href":"https:\/\/bio.design\/de\/wp-json\/wp\/v2\/pages\/9914334","targetHints":{"allow":["GET"]}}],"collection":[{"href":"https:\/\/bio.design\/de\/wp-json\/wp\/v2\/pages"}],"about":[{"href":"https:\/\/bio.design\/de\/wp-json\/wp\/v2\/types\/page"}],"author":[{"embeddable":true,"href":"https:\/\/bio.design\/de\/wp-json\/wp\/v2\/users\/3"}],"replies":[{"embeddable":true,"href":"https:\/\/bio.design\/de\/wp-json\/wp\/v2\/comments?post=9914334"}],"version-history":[{"count":12,"href":"https:\/\/bio.design\/de\/wp-json\/wp\/v2\/pages\/9914334\/revisions"}],"predecessor-version":[{"id":9933475,"href":"https:\/\/bio.design\/de\/wp-json\/wp\/v2\/pages\/9914334\/revisions\/9933475"}],"wp:attachment":[{"href":"https:\/\/bio.design\/de\/wp-json\/wp\/v2\/media?parent=9914334"}],"curies":[{"name":"wp","href":"https:\/\/api.w.org\/{rel}","templated":true}]}}