{"id":9914324,"date":"2018-10-03T06:44:29","date_gmt":"2018-10-03T06:44:29","guid":{"rendered":"https:\/\/bio.design\/chi-siamo\/"},"modified":"2026-03-19T12:46:14","modified_gmt":"2026-03-19T11:46:14","slug":"ueeber-uns","status":"publish","type":"page","link":"https:\/\/bio.design\/de\/ueeber-uns\/","title":{"rendered":"\u00dcber uns"},"content":{"rendered":"<p>[vc_row full_width=&#8221;stretch_row&#8221; gap=&#8221;15&#8243; css=&#8221;.vc_custom_1559744338414{padding-top: 80px !important;padding-bottom: 80px !important;background-color: #ffffff !important;background-position: 0 0 !important;background-repeat: repeat !important;}&#8221;][vc_column width=&#8221;1\/4&#8243;][vc_column_text]<\/p>\n<h2><strong data-start=\"0\" data-end=\"33\">Bio.design | More Than A Pool<\/strong><\/h2>\n<p>[\/vc_column_text][\/vc_column][vc_column width=&#8221;3\/4&#8243;][vc_row_inner][vc_column_inner width=&#8221;1\/3&#8243;][vc_column_text]<\/p>\n<h2 data-start=\"0\" data-end=\"173\"><strong data-start=\"36\" data-end=\"52\">KURZ GESAGT\u2026<\/strong><\/h2>\n<p data-start=\"0\" data-end=\"173\">Biodesign S.p.A. geh\u00f6rt zu den innovativsten Unternehmen im internationalen Panorama der Pools und Outdoor-Gestaltung.<\/p>\n<p data-start=\"175\" data-end=\"444\">Das Unternehmen wurde in Italien mit dem Ziel gegr\u00fcndet, das traditionelle Poolkonzept zu revolutionieren, und plant sowie realisiert nat\u00fcrliche Strandpools, die perfekt in die Landschaft integriert sind \u2013 ganz ohne den Einsatz von Beton oder vorgefertigten Strukturen.<\/p>\n<p data-start=\"446\" data-end=\"620\">Jedes Projekt basiert auf einer klaren Vision: Au\u00dfenbereiche neu zu definieren und sie in Oasen der Sch\u00f6nheit, des Wohlbefindens und der Harmonie mit der Natur zu verwandeln.<\/p>\n<p>[\/vc_column_text][\/vc_column_inner][vc_column_inner width=&#8221;1\/3&#8243;][vc_column_text]<\/p>\n<h2 data-start=\"622\" data-end=\"780\"><strong data-start=\"622\" data-end=\"639\">UNSERE VISION<\/strong><\/h2>\n<p data-start=\"622\" data-end=\"780\">Wir stellen uns eine neue Art vor, Wasser und Outdoor-Bereiche zu erleben, bei der jedes Element im Dialog mit der umgebenden Natur steht.<\/p>\n<p data-start=\"782\" data-end=\"1076\">Bio.design Strandpools sind nicht einfach nur Wasserfl\u00e4chen, sondern echte immersive Lebensr\u00e4ume, in denen Design und Natur harmonisch verschmelzen. Visuelle Grenzen werden aufgehoben, wodurch flie\u00dfende, zusammenh\u00e4ngende R\u00e4ume entstehen, die jeden Tag in v\u00f6lliger Freiheit erlebt werden k\u00f6nnen.<\/p>\n<p data-start=\"1078\" data-end=\"1251\">Ein perfektes Gleichgewicht zwischen \u00c4sthetik, Funktionalit\u00e4t und Nachhaltigkeit, das darauf ausgelegt ist, jeden architektonischen und landschaftlichen Kontext aufzuwerten.<\/p>\n<p>[\/vc_column_text][\/vc_column_inner][vc_column_inner width=&#8221;1\/3&#8243;][vc_column_text]<\/p>\n<h2 data-start=\"1253\" data-end=\"1517\"><strong data-start=\"1253\" data-end=\"1283\">DIE BIO.DESIGN TECHNOLOGIE<\/strong><\/h2>\n<p data-start=\"1253\" data-end=\"1517\">Bio.design Strandpools vereinen Architektur und Nachhaltigkeit dank einer patentierten Technologie, die freie und geschwungene Formen erm\u00f6glicht \u2013 auch in anspruchsvollen Umgebungen \u2013 mit schnellen und wenig invasiven Bauprozessen.<\/p>\n<p data-start=\"1519\" data-end=\"1684\">Das System basiert auf:<br data-start=\"1542\" data-end=\"1545\" \/>\u2013 einer EPDM-Abdichtungsmembran, inert und frei von sch\u00e4dlichen Zusatzstoffen<br data-start=\"1622\" data-end=\"1625\" \/>\u2013 Quarzsand und Harz<br data-start=\"1645\" data-end=\"1648\" \/>\u2013 strukturellen Verst\u00e4rkungsnetzen<\/p>\n<p data-start=\"1686\" data-end=\"1794\" data-is-last-node=\"\" data-is-only-node=\"\">Das Ergebnis ist eine widerstandsf\u00e4hige und nat\u00fcrliche Oberfl\u00e4che, die sich perfekt in die Umgebung einf\u00fcgt.<\/p>\n<p>[\/vc_column_text][\/vc_column_inner][\/vc_row_inner][\/vc_column][\/vc_row][vc_row full_width=&#8221;stretch_row&#8221; equal_height=&#8221;yes&#8221; content_placement=&#8221;middle&#8221; css=&#8221;.vc_custom_1559740243966{padding-top: 100px !important;padding-bottom: 100px !important;background-color: #f5f5f5 !important;}&#8221; el_class=&#8221;mobile-full&#8221;][vc_column width=&#8221;2\/3&#8243; css=&#8221;.vc_custom_1559740035747{margin-bottom: 0px !important;padding-top: 0px !important;padding-right: 0px !important;}&#8221; el_class=&#8221;min-height-100&#8243;][vc_column_text css=&#8221;.vc_custom_1773918643102{margin-bottom: 0px !important;}&#8221;]<\/p>\n<h2><span style=\"font-weight: 200;\">Sind Sie an einem <strong>Bio.design-Pool interessiert<\/strong>?<\/span><\/h2>\n<h2><span style=\"font-weight: 200;\">Warten Sie nicht l\u00e4nger.<\/span><\/h2>\n<h2><span style=\"font-weight: 200;\">Kontaktieren Sie uns gerne!<\/span><\/h2>\n<p>[\/vc_column_text][\/vc_column][vc_column width=&#8221;1\/3&#8243;]<a href=\"https:\/\/bio.design\/configuratore-piscina\/\" class=\"btn btn-primary arrow-right purple\"><span>KONTAKTIEREN SIE UNS<\/span><\/a>[\/vc_column][\/vc_row][vc_row full_width=&#8221;stretch_row&#8221; equal_height=&#8221;yes&#8221; content_placement=&#8221;middle&#8221; css=&#8221;.vc_custom_1711555608482{margin-top: 60px !important;margin-bottom: 60px !important;background-color: #ffffff !important;background-position: center !important;background-repeat: no-repeat !important;background-size: cover !important;}&#8221;][vc_column width=&#8221;2\/3&#8243;][vc_single_image image=&#8221;9932234&#8243;][\/vc_column][vc_column width=&#8221;1\/3&#8243; css=&#8221;.vc_custom_1711445978833{padding-right: 0px !important;padding-left: 0px !important;}&#8221;][vc_row_inner el_class=&#8221;overlap-left&#8221;][vc_column_inner el_class=&#8221;shadow-box&#8221;][vc_column_text]<\/p>\n<h2 data-start=\"0\" data-end=\"287\"><strong data-start=\"0\" data-end=\"30\">GESCHICHTE UND UNTERNEHMEN<\/strong><\/h2>\n<p data-start=\"0\" data-end=\"287\">Bio.design entsteht in Italien innerhalb von API Italia, einem Unternehmen, das 1980 in Mailand von Franco Milani gegr\u00fcndet wurde und seit \u00fcber 30 Jahren im Bereich Wassermanagement f\u00fcr \u00e4sthetische, freizeitbezogene und Bew\u00e4sserungsanwendungen t\u00e4tig ist.<\/p>\n<p data-start=\"289\" data-end=\"608\">Von Anfang an zeichnet sich API Italia durch die Planung von Bew\u00e4sserungsanlagen f\u00fcr \u00fcber 30 Golfpl\u00e4tze sowie f\u00fcr die wichtigsten \u00f6ffentlichen Parks Italiens aus und entwickelt im Laufe der Zeit fortschrittliche Kompetenzen in der Realisierung von k\u00fcnstlichen Seen, monumentalen Brunnen und Wasseraufbereitungssystemen.<\/p>\n<p data-start=\"610\" data-end=\"999\" data-is-last-node=\"\" data-is-only-node=\"\">In den 1990er Jahren f\u00fchrt das Unternehmen in Italien zentralisierte Fernsteuerungssysteme f\u00fcr das Management urbaner Gr\u00fcnfl\u00e4chen ein und entwickelt intelligente Steuerger\u00e4te, die Bew\u00e4sserung, Beleuchtung, Brunnen und Pools integrieren k\u00f6nnen. Im Jahr 1995 erh\u00e4lt es zudem die exklusive Lizenz f\u00fcr die Produkte von OASE, einem f\u00fchrenden Unternehmen im Bereich Springbrunnen und Zierteiche.<\/p>\n<p>[\/vc_column_text][\/vc_column_inner][\/vc_row_inner][\/vc_column][\/vc_row][vc_row content_placement=&#8221;middle&#8221; css=&#8221;.vc_custom_1773918785011{margin-top: 20px !important;margin-bottom: 40px !important;}&#8221;][vc_column width=&#8221;5\/12&#8243;][vc_row_inner el_class=&#8221;overlap-right&#8221;][vc_column_inner el_class=&#8221;shadow-box&#8221;][vc_column_text]<\/p>\n<h2 data-start=\"0\" data-end=\"302\"><strong data-start=\"0\" data-end=\"43\">DER URSPRUNG DER BIO.DESIGN TECHNOLOGIE<\/strong><\/h2>\n<p data-start=\"0\" data-end=\"302\">Die Erfahrung, die in der Realisierung von Seen und Phytoreinigungssystemen gesammelt wurde, f\u00fchrte im Jahr 2007 zur Entwicklung einer innovativen Technologie: die \u00f6kologischen und \u00e4sthetischen Vorteile nat\u00fcrlicher Seen in die Welt der Pools zu \u00fcbertragen.<\/p>\n<p data-start=\"304\" data-end=\"458\">So entstand das Konzept Bio.design: eine neue Art, Pools zu gestalten, mit Fokus auf Individualisierung, Nachhaltigkeit und ein verbessertes Badeerlebnis.<\/p>\n<p data-start=\"460\" data-end=\"715\" data-is-last-node=\"\" data-is-only-node=\"\">Im Jahr 2010 werden Bio.design Pools dank zweier internationaler Patente zum Kerngesch\u00e4ft von API Italia und bringen L\u00f6sungen auf den Markt, die die Umweltauswirkungen der Bauweise reduzieren und sowohl technische als auch wirtschaftliche Vorteile bieten.<\/p>\n<p>[\/vc_column_text][\/vc_column_inner][\/vc_row_inner][\/vc_column][vc_column width=&#8221;7\/12&#8243;][vc_single_image image=&#8221;9933484&#8243;][\/vc_column][\/vc_row][vc_row full_width=&#8221;stretch_row&#8221; equal_height=&#8221;yes&#8221; content_placement=&#8221;middle&#8221; css=&#8221;.vc_custom_1711555608482{margin-top: 60px !important;margin-bottom: 60px !important;background-color: #ffffff !important;background-position: center !important;background-repeat: no-repeat !important;background-size: cover !important;}&#8221;][vc_column width=&#8221;2\/3&#8243;][vc_single_image image=&#8221;9933491&#8243;][\/vc_column][vc_column width=&#8221;1\/3&#8243; css=&#8221;.vc_custom_1711445978833{padding-right: 0px !important;padding-left: 0px !important;}&#8221;][vc_row_inner el_class=&#8221;overlap-left&#8221;][vc_column_inner el_class=&#8221;shadow-box&#8221;][vc_column_text]<\/p>\n<h2>ENTWICKLUNG UND INNOVATION<\/h2>\n<p>Dank seines internen Know-hows, kontinuierlicher Forschung und der Entwicklung eigener Technologien hat API Italia einen echten Wendepunkt im Poolmarkt herbeigef\u00fchrt, der bis dahin von starren Betonstrukturen und standardisierten Formen dominiert wurde.<\/p>\n<p>Die Bio.design Technologie wird international anerkannt: Auf der Internationalen Schwimmbadmesse in Barcelona wird sie als das nachhaltigste und innovativste Produkt der Branche ausgezeichnet.<\/p>\n<p>Parallel dazu entwickelt das Unternehmen fortschrittliche Kompetenzen in der Wasseraufbereitung und f\u00fchrt innovative Sterilisationssysteme ein, die das Wohlbefinden der Nutzer verbessern und den Einsatz sowie die Entsorgung von industriellem Chlor drastisch reduzieren.[\/vc_column_text][\/vc_column_inner][\/vc_row_inner][\/vc_column][\/vc_row][vc_row content_placement=&#8221;middle&#8221; css=&#8221;.vc_custom_1773918785011{margin-top: 20px !important;margin-bottom: 40px !important;}&#8221;][vc_column width=&#8221;5\/12&#8243;][vc_row_inner el_class=&#8221;overlap-right&#8221;][vc_column_inner el_class=&#8221;shadow-box&#8221;][vc_column_text]<\/p>\n<h2>BIO.DESIGN HEUTE<\/h2>\n<p>Heute ist Bio.design ein international t\u00e4tiges Unternehmen mit starkem Wachstum.<\/p>\n<p>Das Unternehmen besch\u00e4ftigt rund 40 Mitarbeitende, verf\u00fcgt \u00fcber ein globales Netzwerk von Agenten und Vertriebspartnern und ist weltweit in verschiedenen M\u00e4rkten pr\u00e4sent.<\/p>\n<p>Im Jahr 2022 wurde Bio.design von einem Investmentfonds \u00fcbernommen \u2013 ein Schritt, der den Beginn einer neuen Phase der internationalen Expansion und Konsolidierung markiert.<\/p>\n<p>Seit Juli 2022 steht das Unternehmen unter der Leitung von CEO Antonio Filippi.[\/vc_column_text][\/vc_column_inner][\/vc_row_inner][\/vc_column][vc_column width=&#8221;7\/12&#8243;][vc_single_image image=&#8221;9933498&#8243;][\/vc_column][\/vc_row][vc_row full_width=&#8221;stretch_row&#8221; equal_height=&#8221;yes&#8221; content_placement=&#8221;middle&#8221; css=&#8221;.vc_custom_1711555608482{margin-top: 60px !important;margin-bottom: 60px !important;background-color: #ffffff !important;background-position: center !important;background-repeat: no-repeat !important;background-size: cover !important;}&#8221;][vc_column width=&#8221;2\/3&#8243;][vc_single_image image=&#8221;9931258&#8243;][\/vc_column][vc_column width=&#8221;1\/3&#8243; css=&#8221;.vc_custom_1711445978833{padding-right: 0px !important;padding-left: 0px !important;}&#8221;][vc_row_inner el_class=&#8221;overlap-left&#8221;][vc_column_inner el_class=&#8221;shadow-box&#8221;][vc_column_text]<\/p>\n<h2>EIN FORTSCHRITTLICHES INDUSTRIELLES MODELL<\/h2>\n<p>Biodesign S.p.A. steuert heute intern alle Phasen der Entwicklung eines Strandpools durch einen \u201eGlobal-Project\u201c-Ansatz:<\/p>\n<p>\u2013 grafische und technische Planung des Pools<br \/>\n\u2013 Entwicklung von Ausf\u00fchrungspl\u00e4nen<br \/>\n\u2013 Unterst\u00fctzung bei der Umsetzung durch zertifizierte Unternehmen<\/p>\n<p>Jeder Strandpool wird bis ins kleinste Detail ausgearbeitet \u2013 von den Aushubabschnitten \u00fcber die technischen Anlagen bis hin zur Beleuchtung. Die Komponenten werden in vormontierten Kits organisiert, wodurch Bauzeiten, operative Komplexit\u00e4t und Wertverluste reduziert werden.[\/vc_column_text][\/vc_column_inner][\/vc_row_inner][\/vc_column][\/vc_row][vc_row content_placement=&#8221;middle&#8221; css=&#8221;.vc_custom_1773918785011{margin-top: 20px !important;margin-bottom: 40px !important;}&#8221;][vc_column width=&#8221;5\/12&#8243;][vc_row_inner el_class=&#8221;overlap-right&#8221;][vc_column_inner el_class=&#8221;shadow-box&#8221;][vc_column_text]<\/p>\n<h2>EINE NEUE IDEE VOM POOL<\/h2>\n<p>Dank der Bio.design Technologie ver\u00e4ndert sich das Konzept des Pools grundlegend: von einer starren Struktur zu einem flie\u00dfenden, nat\u00fcrlichen Raum, der so konzipiert ist, dass er sich an den Kontext und die Bed\u00fcrfnisse des Kunden anpasst.<\/p>\n<p>Jedes Projekt wird zu einer ma\u00dfgeschneiderten Umgebung, einem Erlebnisraum, der Design, Natur und Wohlbefinden vereint.<\/p>\n<p>Dar\u00fcber hinaus ist Bio.design stark in Forschung und Entwicklung engagiert.<\/p>\n<p>Dank eines hochqualifizierten Teams und bedeutender Investitionen entwickelt das Unternehmen kontinuierlich neue technologische L\u00f6sungen, um die M\u00f6glichkeiten des Systems zu erweitern und die Zukunft der Branche weiter neu zu definieren.[\/vc_column_text][\/vc_column_inner][\/vc_row_inner][\/vc_column][vc_column width=&#8221;7\/12&#8243;][vc_single_image image=&#8221;9933343&#8243;][\/vc_column][\/vc_row][vc_row full_width=&#8221;stretch_row&#8221; disable_element=&#8221;yes&#8221; css=&#8221;.vc_custom_1649233905355{background: #0f3f5a url(https:\/\/bio.design\/wp-content\/uploads\/2018\/03\/vertical-lines-3-1.png?id=9229) !important;background-position: 0 0 !important;background-repeat: repeat !important;}&#8221; el_class=&#8221;spaced&#8221;][vc_column]<span class=\"subtitle dash-false style-light text-center\">ERFOLGE<\/span>[vc_column_text]<\/p>\n<h2 style=\"text-align: center;\"><span style=\"color: #ffffff;\">Was wir zusammen realisiert haben<\/span><\/h2>\n<p>[\/vc_column_text]<div class=\"dash style-light centered\"><\/div>[vc_row_inner css=&#8221;.vc_custom_1538562399018{margin-top: 45px !important;}&#8221;][vc_column_inner width=&#8221;1\/4&#8243;]<div class=\"number-box style-dark spacing-0\"><div class=\"number-box-number\">64700<\/div><div class=\"content-box\"><div class=\"content-box-info\"><h3>Heading<\/h3><p class=\"number-box-content\">M\u00b2 REALISIERTE WASSERSPIEGEL<\/p><\/div><\/div><\/div>[\/vc_column_inner][vc_column_inner width=&#8221;1\/4&#8243;]<div class=\"number-box style-dark spacing-0\"><div class=\"number-box-number\">22<\/div><div class=\"content-box\"><div class=\"content-box-info\"><h3>Heading<\/h3><p class=\"number-box-content\">INTERNE MITARBEITER<\/p><\/div><\/div><\/div>[\/vc_column_inner][vc_column_inner width=&#8221;1\/4&#8243;]<div class=\"number-box style-dark spacing-0\"><div class=\"number-box-number\">410<\/div><div class=\"content-box\"><div class=\"content-box-info\"><h3>Heading<\/h3><p class=\"number-box-content\">EXTERNE MITARBEITER<\/p><\/div><\/div><\/div>[\/vc_column_inner][vc_column_inner width=&#8221;1\/4&#8243;]<div class=\"number-box style-dark spacing-0\"><div class=\"number-box-number\">31<\/div><div class=\"content-box\"><div class=\"content-box-info\"><h3>Heading<\/h3><p class=\"number-box-content\">VERTRETENE L\u00c4NDER<\/p><\/div><\/div><\/div>[\/vc_column_inner][\/vc_row_inner][\/vc_column][\/vc_row][vc_row full_width=&#8221;stretch_row&#8221; equal_height=&#8221;yes&#8221; content_placement=&#8221;middle&#8221; el_class=&#8221;mobile-full&#8221; css=&#8221;.vc_custom_1773920163941{padding-top: 80px !important;padding-bottom: 80px !important;}&#8221;][vc_column width=&#8221;2\/3&#8243; el_class=&#8221;min-height-100&#8243; css=&#8221;.vc_custom_1593690068262{margin-bottom: 0px !important;padding-top: 0px !important;padding-right: 0px !important;}&#8221;][vc_column_text css=&#8221;.vc_custom_1773920403398{margin-bottom: 0px !important;}&#8221;]<\/p>\n<h2 style=\"text-align: left;\"><span style=\"font-weight: 200;\">Besuchen Sie den Bio.design <strong>Blog<\/strong> und erfahren Sie mehr \u00fcber unsere <strong>Strandpools<\/strong>\u2026\u00a0\u00a0<\/span><\/h2>\n<p>[\/vc_column_text][\/vc_column][vc_column width=&#8221;1\/3&#8243;]<a href=\"https:\/\/bio.design\/de\/biodesign-magazine\/\" target=\"_blank\" class=\"btn btn-primary arrow-right blu\"><span>BLOG BESUCHEN<\/span><\/a>[\/vc_column][\/vc_row]<\/p>\n","protected":false},"excerpt":{"rendered":"<p>[vc_row full_width=&#8221;stretch_row&#8221; gap=&#8221;15&#8243; css=&#8221;.vc_custom_1559744338414{padding-top: 80px !important;padding-bottom: 80px !important;background-color: #ffffff !important;background-position: 0 0 !important;background-repeat: repeat !important;}&#8221;][vc_column width=&#8221;1\/4&#8243;][vc_column_text] Bio.design | More Than A Pool [\/vc_column_text][\/vc_column][vc_column width=&#8221;3\/4&#8243;][vc_row_inner][vc_column_inner width=&#8221;1\/3&#8243;][vc_column_text] KURZ GESAGT\u2026 Biodesign S.p.A. geh\u00f6rt zu den innovativsten Unternehmen im internationalen Panorama der Pools und Outdoor-Gestaltung. Das Unternehmen wurde in Italien mit dem Ziel gegr\u00fcndet, das traditionelle Poolkonzept zu revolutionieren, [&hellip;]<\/p>\n","protected":false},"author":3,"featured_media":0,"parent":0,"menu_order":0,"comment_status":"closed","ping_status":"closed","template":"","meta":{"footnotes":""},"class_list":["post-9914324","page","type-page","status-publish","hentry"],"yoast_head":"<!-- This site is optimized with the Yoast SEO plugin v27.3 - https:\/\/yoast.com\/product\/yoast-seo-wordpress\/ -->\n<title>Ihre exklusiven Pool Designer | \u00dcber uns | Bio.design-Pools<\/title>\n<meta name=\"description\" content=\"Entdecken Sie Bio.design: f\u00fchrend in nachhaltigen Strandpools. Patentierte Technologie und nat\u00fcrliches Design f\u00fcr innovative Poolkonzepte.\" \/>\n<meta name=\"robots\" content=\"index, follow, max-snippet:-1, max-image-preview:large, max-video-preview:-1\" \/>\n<link rel=\"canonical\" href=\"https:\/\/bio.design\/de\/ueeber-uns\/\" \/>\n<meta property=\"og:locale\" content=\"de_DE\" \/>\n<meta property=\"og:type\" content=\"article\" \/>\n<meta property=\"og:title\" content=\"Ihre exklusiven Pool Designer | \u00dcber uns | Bio.design-Pools\" \/>\n<meta property=\"og:description\" content=\"Entdecken Sie Bio.design: f\u00fchrend in nachhaltigen Strandpools. Patentierte Technologie und nat\u00fcrliches Design f\u00fcr innovative Poolkonzepte.\" \/>\n<meta property=\"og:url\" content=\"https:\/\/bio.design\/de\/ueeber-uns\/\" \/>\n<meta property=\"og:site_name\" content=\"Biodesign Pools\" \/>\n<meta property=\"article:publisher\" content=\"https:\/\/www.facebook.com\/PiscineBiodesign\/\" \/>\n<meta property=\"article:modified_time\" content=\"2026-03-19T11:46:14+00:00\" \/>\n<meta name=\"twitter:card\" content=\"summary_large_image\" \/>\n<meta name=\"twitter:site\" content=\"@BIODESIGNPOOLS\" \/>\n<meta name=\"twitter:label1\" content=\"Gesch\u00e4tzte Lesezeit\" \/>\n\t<meta name=\"twitter:data1\" content=\"5\u00a0Minuten\" \/>\n<script type=\"application\/ld+json\" class=\"yoast-schema-graph\">{\"@context\":\"https:\\\/\\\/schema.org\",\"@graph\":[{\"@type\":\"WebPage\",\"@id\":\"https:\\\/\\\/bio.design\\\/de\\\/ueeber-uns\\\/\",\"url\":\"https:\\\/\\\/bio.design\\\/de\\\/ueeber-uns\\\/\",\"name\":\"Ihre exklusiven Pool Designer | \u00dcber uns | Bio.design-Pools\",\"isPartOf\":{\"@id\":\"https:\\\/\\\/bio.design\\\/#website\"},\"datePublished\":\"2018-10-03T06:44:29+00:00\",\"dateModified\":\"2026-03-19T11:46:14+00:00\",\"description\":\"Entdecken Sie Bio.design: f\u00fchrend in nachhaltigen Strandpools. Patentierte Technologie und nat\u00fcrliches Design f\u00fcr innovative Poolkonzepte.\",\"breadcrumb\":{\"@id\":\"https:\\\/\\\/bio.design\\\/de\\\/ueeber-uns\\\/#breadcrumb\"},\"inLanguage\":\"de\",\"potentialAction\":[{\"@type\":\"ReadAction\",\"target\":[\"https:\\\/\\\/bio.design\\\/de\\\/ueeber-uns\\\/\"]}]},{\"@type\":\"BreadcrumbList\",\"@id\":\"https:\\\/\\\/bio.design\\\/de\\\/ueeber-uns\\\/#breadcrumb\",\"itemListElement\":[{\"@type\":\"ListItem\",\"position\":1,\"name\":\"Home\",\"item\":\"https:\\\/\\\/bio.design\\\/de\\\/biodesign-pools\\\/\"},{\"@type\":\"ListItem\",\"position\":2,\"name\":\"\u00dcber uns\"}]},{\"@type\":\"WebSite\",\"@id\":\"https:\\\/\\\/bio.design\\\/#website\",\"url\":\"https:\\\/\\\/bio.design\\\/\",\"name\":\"Biodesign Pools\",\"description\":\"The Living Pool - Natural Pools\",\"publisher\":{\"@id\":\"https:\\\/\\\/bio.design\\\/#organization\"},\"potentialAction\":[{\"@type\":\"SearchAction\",\"target\":{\"@type\":\"EntryPoint\",\"urlTemplate\":\"https:\\\/\\\/bio.design\\\/?s={search_term_string}\"},\"query-input\":{\"@type\":\"PropertyValueSpecification\",\"valueRequired\":true,\"valueName\":\"search_term_string\"}}],\"inLanguage\":\"de\"},{\"@type\":\"Organization\",\"@id\":\"https:\\\/\\\/bio.design\\\/#organization\",\"name\":\"Biodesign Pools\",\"url\":\"https:\\\/\\\/bio.design\\\/\",\"logo\":{\"@type\":\"ImageObject\",\"inLanguage\":\"de\",\"@id\":\"https:\\\/\\\/bio.design\\\/#\\\/schema\\\/logo\\\/image\\\/\",\"url\":\"https:\\\/\\\/bio.design\\\/wp-content\\\/uploads\\\/2021\\\/02\\\/Bio.design-New-Logo-Fb.jpg\",\"contentUrl\":\"https:\\\/\\\/bio.design\\\/wp-content\\\/uploads\\\/2021\\\/02\\\/Bio.design-New-Logo-Fb.jpg\",\"width\":2048,\"height\":1042,\"caption\":\"Biodesign Pools\"},\"image\":{\"@id\":\"https:\\\/\\\/bio.design\\\/#\\\/schema\\\/logo\\\/image\\\/\"},\"sameAs\":[\"https:\\\/\\\/www.facebook.com\\\/PiscineBiodesign\\\/\",\"https:\\\/\\\/x.com\\\/BIODESIGNPOOLS\",\"https:\\\/\\\/www.linkedin.com\\\/company\\\/biodesignpools\\\/\",\"https:\\\/\\\/www.youtube.com\\\/user\\\/BiodesignpoolsIT\"]}]}<\/script>\n<!-- \/ Yoast SEO plugin. -->","yoast_head_json":{"title":"Ihre exklusiven Pool Designer | \u00dcber uns | Bio.design-Pools","description":"Entdecken Sie Bio.design: f\u00fchrend in nachhaltigen Strandpools. Patentierte Technologie und nat\u00fcrliches Design f\u00fcr innovative Poolkonzepte.","robots":{"index":"index","follow":"follow","max-snippet":"max-snippet:-1","max-image-preview":"max-image-preview:large","max-video-preview":"max-video-preview:-1"},"canonical":"https:\/\/bio.design\/de\/ueeber-uns\/","og_locale":"de_DE","og_type":"article","og_title":"Ihre exklusiven Pool Designer | \u00dcber uns | Bio.design-Pools","og_description":"Entdecken Sie Bio.design: f\u00fchrend in nachhaltigen Strandpools. Patentierte Technologie und nat\u00fcrliches Design f\u00fcr innovative Poolkonzepte.","og_url":"https:\/\/bio.design\/de\/ueeber-uns\/","og_site_name":"Biodesign Pools","article_publisher":"https:\/\/www.facebook.com\/PiscineBiodesign\/","article_modified_time":"2026-03-19T11:46:14+00:00","twitter_card":"summary_large_image","twitter_site":"@BIODESIGNPOOLS","twitter_misc":{"Gesch\u00e4tzte Lesezeit":"5\u00a0Minuten"},"schema":{"@context":"https:\/\/schema.org","@graph":[{"@type":"WebPage","@id":"https:\/\/bio.design\/de\/ueeber-uns\/","url":"https:\/\/bio.design\/de\/ueeber-uns\/","name":"Ihre exklusiven Pool Designer | \u00dcber uns | Bio.design-Pools","isPartOf":{"@id":"https:\/\/bio.design\/#website"},"datePublished":"2018-10-03T06:44:29+00:00","dateModified":"2026-03-19T11:46:14+00:00","description":"Entdecken Sie Bio.design: f\u00fchrend in nachhaltigen Strandpools. Patentierte Technologie und nat\u00fcrliches Design f\u00fcr innovative Poolkonzepte.","breadcrumb":{"@id":"https:\/\/bio.design\/de\/ueeber-uns\/#breadcrumb"},"inLanguage":"de","potentialAction":[{"@type":"ReadAction","target":["https:\/\/bio.design\/de\/ueeber-uns\/"]}]},{"@type":"BreadcrumbList","@id":"https:\/\/bio.design\/de\/ueeber-uns\/#breadcrumb","itemListElement":[{"@type":"ListItem","position":1,"name":"Home","item":"https:\/\/bio.design\/de\/biodesign-pools\/"},{"@type":"ListItem","position":2,"name":"\u00dcber uns"}]},{"@type":"WebSite","@id":"https:\/\/bio.design\/#website","url":"https:\/\/bio.design\/","name":"Biodesign Pools","description":"The Living Pool - Natural Pools","publisher":{"@id":"https:\/\/bio.design\/#organization"},"potentialAction":[{"@type":"SearchAction","target":{"@type":"EntryPoint","urlTemplate":"https:\/\/bio.design\/?s={search_term_string}"},"query-input":{"@type":"PropertyValueSpecification","valueRequired":true,"valueName":"search_term_string"}}],"inLanguage":"de"},{"@type":"Organization","@id":"https:\/\/bio.design\/#organization","name":"Biodesign Pools","url":"https:\/\/bio.design\/","logo":{"@type":"ImageObject","inLanguage":"de","@id":"https:\/\/bio.design\/#\/schema\/logo\/image\/","url":"https:\/\/bio.design\/wp-content\/uploads\/2021\/02\/Bio.design-New-Logo-Fb.jpg","contentUrl":"https:\/\/bio.design\/wp-content\/uploads\/2021\/02\/Bio.design-New-Logo-Fb.jpg","width":2048,"height":1042,"caption":"Biodesign Pools"},"image":{"@id":"https:\/\/bio.design\/#\/schema\/logo\/image\/"},"sameAs":["https:\/\/www.facebook.com\/PiscineBiodesign\/","https:\/\/x.com\/BIODESIGNPOOLS","https:\/\/www.linkedin.com\/company\/biodesignpools\/","https:\/\/www.youtube.com\/user\/BiodesignpoolsIT"]}]}},"_links":{"self":[{"href":"https:\/\/bio.design\/de\/wp-json\/wp\/v2\/pages\/9914324","targetHints":{"allow":["GET"]}}],"collection":[{"href":"https:\/\/bio.design\/de\/wp-json\/wp\/v2\/pages"}],"about":[{"href":"https:\/\/bio.design\/de\/wp-json\/wp\/v2\/types\/page"}],"author":[{"embeddable":true,"href":"https:\/\/bio.design\/de\/wp-json\/wp\/v2\/users\/3"}],"replies":[{"embeddable":true,"href":"https:\/\/bio.design\/de\/wp-json\/wp\/v2\/comments?post=9914324"}],"version-history":[{"count":26,"href":"https:\/\/bio.design\/de\/wp-json\/wp\/v2\/pages\/9914324\/revisions"}],"predecessor-version":[{"id":9933510,"href":"https:\/\/bio.design\/de\/wp-json\/wp\/v2\/pages\/9914324\/revisions\/9933510"}],"wp:attachment":[{"href":"https:\/\/bio.design\/de\/wp-json\/wp\/v2\/media?parent=9914324"}],"curies":[{"name":"wp","href":"https:\/\/api.w.org\/{rel}","templated":true}]}}